{"id":1454,"date":"2014-12-17T17:54:40","date_gmt":"2014-12-17T16:54:40","guid":{"rendered":"https:\/\/www.saphy.com\/healthcare-cosmetique\/my-account-2\/"},"modified":"2019-03-18T17:22:05","modified_gmt":"2019-03-18T16:22:05","slug":"mon-compte-saphy-healthcare","status":"publish","type":"page","link":"https:\/\/www.saphy.com\/healthcare-cosmetique\/mon-compte-saphy-healthcare\/","title":{"rendered":"Mon compte cosmetiques saphy healthcare"},"content":{"rendered":"<p>[vc_row][vc_column][vc_column_text]<\/p>\n<p style=\"text-align: left;\">Mon compte cosmetiques saphy healthcare<\/p>\n<p style=\"text-align: left;\">Himalaya Herbals Compl\u00e9ments alimentaires &amp; cosm\u00e9tiques<\/p>\n<p style=\"text-align: left;\">La Sultane de Saba<\/p>\n<p style=\"text-align: left;\">Yellow Rose cosmetics<\/p>\n<p style=\"text-align: left;\">Alba Botanica<\/p>\n<p style=\"text-align: left;\">La boutique en ligne Saphy Healthcare vous propose des produits de beaut\u00e9 et de bien \u00eatre au meilleur prix .<\/p>\n<p style=\"text-align: left;\">Sur notre site de E commerce en ligne vous d\u00e9couvrirez les produits ayurv\u00e9diques de la fameuse marque indienne Himalaya Herbals , bien s\u00fbr leur best seller la cr\u00e8me nourrissante universelle (nourishing skin cream )des compl\u00e9ments alimentaires comme le <a title=\"LIV52 HIMALAYA HERBALS \" href=\"https:\/\/www.saphy.com\/healthcare-cosmetique\/produit\/liv-52himalaya-herbals\/\">Liv52<\/a> ou l&rsquo;<a title=\"ASHVAGANDHA HIMALAYA HERBALS\" href=\"https:\/\/www.saphy.com\/healthcare-cosmetique\/produit\/ashvagandhahimalaya-herbals\/\">ashvagandha<\/a> , en passant par les <a title=\"DENTIFRICES AYURVEDIQUES HIMALAYA HERBALS\" href=\"https:\/\/www.saphy.com\/healthcare-cosmetique\/categorie-produit\/himalaya-herbals\/soin-dentaire\/\">dentifrices<\/a>,les shampooings ,<a title=\"savon ayurvedique himalaya herbals\" href=\"https:\/\/www.saphy.com\/healthcare-cosmetique\/categorie-produit\/himalaya-herbals\/savon-himalaya-herbals\/\">savons\u00a0ayurv\u00e9diques ,\u00a0<\/a>les <a title=\"SOIN BEBE VEGAN HIMALAYA HERBALS\" href=\"https:\/\/www.saphy.com\/healthcare-cosmetique\/categorie-produit\/himalaya-herbals\/soin-bebe\/\">produits vegan pour b\u00e9b\u00e9 \u00a0\u00a0 .<\/a> Le laboratoire <a title=\"PRODUITS ANTIRIDES SANS PARABENES YELLOW ROSE COSMETIQUES\" href=\"https:\/\/www.saphy.com\/healthcare-cosmetique\/categorie-produit\/yellowrose\/\">Yellow rose cosm\u00e9tiques<\/a> vous propose sa gamme de soins visage et corps inspir\u00e9s de l&rsquo;oligoth\u00e9rapie \u00e9labor\u00e9e avec des actifs brevet\u00e9s notamment de l&rsquo;acide hyaluronique fragment\u00e9 de trois poids mol\u00e9culaires diff\u00e9rents qui permet de lisser les rides ,de repeupler la peau et d el &lsquo;hydrater efficacement .Vous succomberez \u00e0 ses soins complets ,d\u00e9licieusement parfum\u00e9s et sans parab\u00e8nes. Vous trouverez \u00e9galement les produits orientaux de la <a title=\"sultane de saba pas cher\" href=\"https:\/\/www.saphy.com\/healthcare-cosmetique\/categorie-produit\/la-sultane-de-saba\/\">sultane de saba<\/a> au meilleurs prix .Tentez l&rsquo;experience des lentilles de couleur de la fameuse marque br\u00e9silienne <a title=\"LENTILLES DE COULEUR SOLOTICA PAS CHER\" href=\"https:\/\/www.saphy.com\/healthcare-cosmetique\/categorie-produit\/lentilles-solotica\/\">Solotica<\/a>.<\/p>\n<p>On our website of E Commerce online you will discover the Ayurvedic products of the famous Indian brand Himalaya Herbals, food supplements such as Liv52 or Ashvagandha, by way of toothpaste, shampoos, ayurvedic soaps and vegan baby products. The Yellow Rose Cosmetics Laboratory offers you its range of facial and body treatments inspired by the Oligotherapy elaborated with patented assets including the fragmented hyaluronic acid of three different molecular weights that allows smoothing the wrinkles, To repopulate the skin and to hydrate efficiently. You will succumb to her complete, delightfully scented and parabens-free care. You will also find the Oriental products of the Sultane of Saba at the best prices. Try the experience of the color lenses of the famous Brazilian brand Solotica.[\/vc_column_text][\/vc_column][\/vc_row][vc_row][vc_column]<div class=\"woocommerce\">\n\n\t<div class=\"woocommerce-message\" role=\"alert\"><a href=\"https:\/\/www.saphy.com\/healthcare-cosmetique\/panier\/\" class=\"button wc-forward\">Voir le panier<\/a> &laquo;Masque anti-\u00e2ge r\u00e9g\u00e9n\u00e9rant Perle et Diamant Yellow Rose Cosmetiques&raquo; a \u00e9t\u00e9 ajout\u00e9 \u00e0 votre panier.<\/div>\n\n\n\n<div class=\"u-columns col2-set\" id=\"customer_login\">\n\n\t<div class=\"u-column1 col-1\">\n\n\n\t\t<h2>Connexion<\/h2>\n\n\t\t<form class=\"woocommerce-form woocommerce-form-login login\" method=\"post\">\n\n\t\t\t<h2>Je poss\u00e8de d\u00e9j\u00e0 un compte<\/h2>\n\t\t\t<p class=\"woocommerce-form-row woocommerce-form-row--wide form-row form-row-wide\">\n\t\t\t\t<label for=\"username\">Identifiant ou adresse de messagerie&nbsp;<span class=\"required\">*<\/span><\/label>\n\t\t\t\t<input type=\"text\" class=\"woocommerce-Input woocommerce-Input--text input-text\" name=\"username\" id=\"username\" autocomplete=\"username\" value=\"\" \/>\t\t\t<\/p>\n\t\t\t<p class=\"woocommerce-form-row woocommerce-form-row--wide form-row form-row-wide\">\n\t\t\t\t<label for=\"password\">Mot de passe&nbsp;<span class=\"required\">*<\/span><\/label>\n\t\t\t\t<input class=\"woocommerce-Input woocommerce-Input--text input-text\" type=\"password\" name=\"password\" id=\"password\" autocomplete=\"current-password\" \/>\n\t\t\t<\/p>\n\n\t\t\t\n\t\t\t<p class=\"form-row\">\n\t\t\t\t<input type=\"hidden\" id=\"woocommerce-login-nonce\" name=\"woocommerce-login-nonce\" value=\"52118685c0\" \/><input type=\"hidden\" name=\"_wp_http_referer\" value=\"\/healthcare-cosmetique\/wp-json\/wp\/v2\/pages\/1454\" \/>\t\t\t\t<button type=\"submit\" class=\"woocommerce-Button button\" name=\"login\" value=\"Identification\">Identification<\/button>\n\t\t\t\t<label class=\"woocommerce-form__label woocommerce-form__label-for-checkbox inline\">\n\t\t\t\t\t<input class=\"woocommerce-form__input woocommerce-form__input-checkbox\" name=\"rememberme\" type=\"checkbox\" id=\"rememberme\" value=\"forever\" \/> <span>Se souvenir de moi<\/span>\n\t\t\t\t<\/label>\n\t\t\t<\/p>\n\t\t\t<p class=\"woocommerce-LostPassword lost_password\">\n\t\t\t\t<a href=\"https:\/\/www.saphy.com\/healthcare-cosmetique\/mon-compte-saphy-healthcare\/motdepasseperdu\/\">Mot de passe perdu\u00a0?<\/a>\n\t\t\t<\/p>\n\n\t\t\t\n\t\t<\/form>\n\n\n\t<\/div>\n\n\t<div class=\"u-column2 col-2\">\n\n\t\t<h2>S&rsquo;enregistrer<\/h2>\n\n\t\t<form method=\"post\" class=\"woocommerce-form woocommerce-form-register register\">\n\n\t\t\t<h2>I'm new here!<\/h2>\n\t\t\t\n\t\t\t<p class=\"woocommerce-form-row woocommerce-form-row--wide form-row form-row-wide\">\n\t\t\t\t<label for=\"reg_email\">Adresse de messagerie&nbsp;<span class=\"required\">*<\/span><\/label>\n\t\t\t\t<input type=\"email\" class=\"woocommerce-Input woocommerce-Input--text input-text\" name=\"email\" id=\"reg_email\" autocomplete=\"email\" value=\"\" \/>\t\t\t<\/p>\n\n\t\t\t\n\t\t\t\t<p class=\"woocommerce-form-row woocommerce-form-row--wide form-row form-row-wide\">\n\t\t\t\t\t<label for=\"reg_password\">Mot de passe&nbsp;<span class=\"required\">*<\/span><\/label>\n\t\t\t\t\t<input type=\"password\" class=\"woocommerce-Input woocommerce-Input--text input-text\" name=\"password\" id=\"reg_password\" autocomplete=\"new-password\" \/>\n\t\t\t\t<\/p>\n\n\t\t\t\n\t\t\t<div class=\"woocommerce-privacy-policy-text\"><p>Vos donn\u00e9es personnelles seront utilis\u00e9es pour vous accompagner au cours de votre visite du site web, g\u00e9rer l\u2019acc\u00e8s \u00e0 votre compte, et pour d\u2019autres raisons d\u00e9crites dans notre <a href=\"https:\/\/www.saphy.com\/healthcare-cosmetique\/mentions-legales\/\" class=\"woocommerce-privacy-policy-link\" target=\"_blank\">politique de confidentialit\u00e9<\/a>.<\/p>\n<\/div>\n\t\t\t<p class=\"woocommerce-FormRow form-row\">\n\t\t\t\t<input type=\"hidden\" id=\"woocommerce-register-nonce\" name=\"woocommerce-register-nonce\" value=\"4020d4a0da\" \/><input type=\"hidden\" name=\"_wp_http_referer\" value=\"\/healthcare-cosmetique\/wp-json\/wp\/v2\/pages\/1454\" \/>\t\t\t\t<button type=\"submit\" class=\"woocommerce-Button button\" name=\"register\" value=\"S&rsquo;enregistrer\">S&rsquo;enregistrer<\/button>\n\t\t\t<\/p>\n\n\t\t\t\n\t\t<\/form>\n\n\t<\/div>\n\n<\/div>\n\n<\/div>[\/vc_column][\/vc_row]<\/p>\n","protected":false},"excerpt":{"rendered":"<p>[vc_row][vc_column][vc_column_text] Mon compte cosmetiques saphy healthcare Himalaya Herbals Compl\u00e9ments alimentaires &amp; cosm\u00e9tiques La Sultane de Saba Yellow Rose cosmetics Alba Botanica La boutique en ligne Saphy Healthcare vous propose des produits de beaut\u00e9 et de bien \u00eatre au meilleur prix . Sur notre site de E commerce en ligne vous d\u00e9couvrirez les produits ayurv\u00e9diques de [&hellip;]<\/p>\n","protected":false},"author":1,"featured_media":0,"parent":0,"menu_order":0,"comment_status":"closed","ping_status":"closed","template":"my-account.php","meta":[],"yst_prominent_words":[321,314,316,317,323,322,310,309,308,318,307,296,315,313,312,319,293,306,320,311],"_links":{"self":[{"href":"https:\/\/www.saphy.com\/healthcare-cosmetique\/wp-json\/wp\/v2\/pages\/1454"}],"collection":[{"href":"https:\/\/www.saphy.com\/healthcare-cosmetique\/wp-json\/wp\/v2\/pages"}],"about":[{"href":"https:\/\/www.saphy.com\/healthcare-cosmetique\/wp-json\/wp\/v2\/types\/page"}],"author":[{"embeddable":true,"href":"https:\/\/www.saphy.com\/healthcare-cosmetique\/wp-json\/wp\/v2\/users\/1"}],"replies":[{"embeddable":true,"href":"https:\/\/www.saphy.com\/healthcare-cosmetique\/wp-json\/wp\/v2\/comments?post=1454"}],"version-history":[{"count":0,"href":"https:\/\/www.saphy.com\/healthcare-cosmetique\/wp-json\/wp\/v2\/pages\/1454\/revisions"}],"wp:attachment":[{"href":"https:\/\/www.saphy.com\/healthcare-cosmetique\/wp-json\/wp\/v2\/media?parent=1454"}],"wp:term":[{"taxonomy":"yst_prominent_words","embeddable":true,"href":"https:\/\/www.saphy.com\/healthcare-cosmetique\/wp-json\/wp\/v2\/yst_prominent_words?post=1454"}],"curies":[{"name":"wp","href":"https:\/\/api.w.org\/{rel}","templated":true}]}}