{"id":1571,"date":"2015-01-23T10:00:21","date_gmt":"2015-01-23T09:00:21","guid":{"rendered":"https:\/\/www.saphy.com\/healthcare-cosmetique\/?page_id=1571"},"modified":"2015-01-29T09:07:00","modified_gmt":"2015-01-29T08:07:00","slug":"mentions-legales","status":"publish","type":"page","link":"https:\/\/www.saphy.com\/healthcare-cosmetique\/mentions-legales\/","title":{"rendered":"Mentions l\u00e9gales"},"content":{"rendered":"<h3 class=\"spip\">La consultation de ce site internet suppose l&rsquo;acceptation sans r\u00e9serve des pr\u00e9sentes conditions d&rsquo;utilisation.<\/h3>\n<h3 class=\"spip\">Mentions l\u00e9gales obligatoires<\/h3>\n<h2>Identification de l&rsquo;\u00e9diteur du site :<\/h2>\n<p><strong>Saphy International<\/strong><\/p>\n<p>SAS au capital de 50.106 euros<\/p>\n<p>76\/78 rue Marc SANGNIER<\/p>\n<p>BP 80321<\/p>\n<p>94700 MAISONS ALFORT<\/p>\n<p>01.43.96.38.66<\/p>\n<p>N\u00b0 iNTRACOMMUNAUTAIRE\u00a0 FR5031417489700095<\/p>\n<p>&nbsp;<\/p>\n<h2>Le site est d\u00e9velopp\u00e9 et maintenu par :\u00a0Diving in web<\/h2>\n<p><strong>Adresse web :<\/strong><a title=\"Acc\u00e9der au site de l'agence Multimedia Data Projekt\" href=\"http:\/\/www.data-projekt.fr\/\" target=\"_blank\">\u00a0<\/a><a href=\"http:\/\/www.divinginweb.com\" target=\"_blank\">http:\/\/www.divinginweb.com<\/a><br \/>\n<strong>Adresse \u00e9lectronique (E-Mail) :<\/strong>\u00a0contact[at]divinginweb.com<\/p>\n<h2>Le site est h\u00e9berg\u00e9 en France sur les serveurs de la soci\u00e9t\u00e9\u00a0:<\/h2>\n<p><strong>H\u00e9bergeur :<\/strong>\u00a0OVH<br \/>\n<strong>Soci\u00e9t\u00e9 :<\/strong>\u00a0OVH<br \/>\n<strong>Adresse web :<\/strong>\u00a0<a title=\"Acc\u00e9der au site d'ovh\" href=\"http:\/\/www.ovh.com\/\" target=\"_blank\">www.ovh.com<\/a><br \/>\n<strong>Adresse Postale :<\/strong>\u00a02 rue kellermann<br \/>\nBP 80157<br \/>\n59053 ROUBAIX Cedex 1<br \/>\n<strong>T\u00e9l\u00e9phone :<\/strong>\u00a0+33 (0)8 203 203 63<br \/>\n<strong>Adresse \u00e9lectronique (E-Mail) :<\/strong>\u00a0<a href=\"mailto:support@ovh.com\">support@ovh.com<\/a><br \/>\nformulaire de communication \u00e0 suivre sur le site de \u00ab\u00a0OVH\u00a0\u00bb<\/p>\n<h2>D\u00e9charge de responsabilit\u00e9<\/h2>\n<p>Saphy International\u00a0s&rsquo;est efforc\u00e9e d&rsquo;assurer l&rsquo;exactitude de l&rsquo;ensemble des informations fournies sur son site et de tout autre site de ses filiales qui y est directement reli\u00e9. La responsabilit\u00e9 de \u00ab\u00a0Saphy International\u00a0\u00bb ne pourra en aucun cas \u00eatre engag\u00e9e quant \u00e0 d&rsquo;\u00e9ventuelles erreurs ponctuelles et inopin\u00e9es pouvant survenir sur le site.\u00a0Saphy International\u00a0d\u00e9cline toute responsabilit\u00e9 concernant les informations disponibles sur son site. De plus, aucune garantie n&rsquo;est donn\u00e9e quant \u00e0 l&rsquo;exactitude, la pr\u00e9cision ou l&rsquo;exhaustivit\u00e9 des informations mises \u00e0 disposition sur le site.\u00a0Saphy International\u00a0ne garantit pas le fait que le serveur accueillant le site soit exempt de virus ou qu&rsquo;il puisse survenir un probl\u00e8me technique qui pourrait endommager les composants de l&rsquo;ordinateur de l&rsquo;utilisateur ou des donn\u00e9es qui pourraient y \u00eatre stock\u00e9es. En tout \u00e9tat de cause,\u00a0Saphy International\u00a0ou un de ses sous-traitants ne pourra \u00eatre responsable d&rsquo;un dommage quelconque pouvant se produire lors de la connexion sur le site. Copyright Aucune licence, ni aucun autre droit que celui de consulter le \u00ab\u00a0site\u00a0\u00bb n&rsquo;est conf\u00e9r\u00e9 \u00e0 quiconque au regard des droits de propri\u00e9t\u00e9 intellectuelle. La reproduction des documents du \u00ab\u00a0site\u00a0\u00bb est autoris\u00e9e aux fins exclusives d&rsquo;information pour un usage personnel et priv\u00e9. Toute reproduction ou toute utilisation de copies r\u00e9alis\u00e9es \u00e0 d&rsquo;autres fins est express\u00e9ment interdite.<\/p>\n<h2>Donn\u00e9es personnelles<\/h2>\n<p>Conform\u00e9ment \u00e0 la loi Informatique et Libert\u00e9s du 6 Janvier 1978 modifi\u00e9e par la Loi du 6 ao\u00fbt 2004, vous disposez d&rsquo;un droit d&rsquo;acc\u00e8s, de rectification, de modification et de suppression des donn\u00e9es personnelles que vous nous avez communiqu\u00e9es. Vous pouvez exercer ce droit en envoyant un courrier au Responsable du traitement :<br \/>\nSaphy International<br \/>\nService consommateur<br \/>\n<strong>Adresse :<\/strong><\/p>\n<p>76\/78 rue Marc SANGNIER<\/p>\n<p>BP 80321<\/p>\n<p>94700 MAISONS ALFORT<br \/>\n<strong>Mail :<\/strong>\u00a0info AT saphy.com<\/p>\n<p>Si vous \u00eates abonn\u00e9 \u00e0 des services d&rsquo;information par courrier \u00e9lectronique (\u00ab\u00a0newsletter\u00a0\u00bb), vous pouvez demander \u00e0 ne plus recevoir ces courriers soit comme indiqu\u00e9 ci-dessus, soit en suivant les instructions figurant en fin de chacun de ces courriers, lorsque vous les recevez.<\/p>\n<h2>Cookies<\/h2>\n<p>Le site\u00a0Saphy International\u00a0n&rsquo;utilise pas de cookies.<\/p>\n<h2>Lien vers d&rsquo;autres sites<\/h2>\n<p>Saphy International\u00a0propose sur son site des liens vers des sites tiers. Ces liens sont \u00e9tablis en accord avec les sites concern\u00e9s \u00e0 un moment o\u00f9 Saphy International\u00a0a pu juger opportun de le faire, compte tenu des contenus et services de ces sites.\u00a0Saphy International\u00a0ne pourra \u00eatre tenue pour responsable du contenu de ces sites et de l&rsquo;usage qui pourra en \u00eatre fait par les utilisateurs.<\/p>\n<h2>Propri\u00e9t\u00e9 intellectuelle<\/h2>\n<p>L&rsquo;acc\u00e8s aux sites\u00a0Saphy International\u00a0vous conf\u00e8re un droit d&rsquo;usage priv\u00e9 et non exclusif de ce site.<\/p>\n<p>Tous les articles, photographies et autres documents pr\u00e9sent\u00e9s sur ce site sont la propri\u00e9t\u00e9 de\u00a0Saphy International, ou sont reproduits avec l&rsquo;autorisation de leurs propri\u00e9taires, et sont soumis au droit d&rsquo;auteur et autres droits de propri\u00e9t\u00e9 intellectuelle ou industrielle.<\/p>\n<p>L&rsquo;utilisation frauduleuse de tout contenu du site Internet est totalement interdite.\u00a0Saphy International\u00a0vous informe qu&rsquo;elle usera largement de ses droits de propri\u00e9t\u00e9 intellectuelle pour engager des poursuites, m\u00eame p\u00e9nale, si n\u00e9cessaire.<\/p>\n<h2>Indisponibilit\u00e9 du site<\/h2>\n<p>Saphy International\u00a0s&rsquo;engage \u00e0 faire ses meilleurs efforts pour assurer aux utilisateurs une accessibilit\u00e9 du site \u00e0 tout moment.\u00a0Saphy International\u00a0ne pourra \u00eatre tenue pour responsable, en cas d&rsquo;indisponibilit\u00e9 du site, pour quelque cause que ce soit.<\/p>\n","protected":false},"excerpt":{"rendered":"<p>La consultation de ce site internet suppose l&rsquo;acceptation sans r\u00e9serve des pr\u00e9sentes conditions d&rsquo;utilisation. Mentions l\u00e9gales obligatoires Identification de l&rsquo;\u00e9diteur du site : Saphy International SAS au capital de 50.106 euros 76\/78 rue Marc SANGNIER BP 80321 94700 MAISONS ALFORT 01.43.96.38.66 N\u00b0 iNTRACOMMUNAUTAIRE\u00a0 FR5031417489700095 &nbsp; Le site est d\u00e9velopp\u00e9 et maintenu par :\u00a0Diving in web [&hellip;]<\/p>\n","protected":false},"author":1,"featured_media":0,"parent":0,"menu_order":0,"comment_status":"open","ping_status":"open","template":"","meta":[],"yst_prominent_words":[],"_links":{"self":[{"href":"https:\/\/www.saphy.com\/healthcare-cosmetique\/wp-json\/wp\/v2\/pages\/1571"}],"collection":[{"href":"https:\/\/www.saphy.com\/healthcare-cosmetique\/wp-json\/wp\/v2\/pages"}],"about":[{"href":"https:\/\/www.saphy.com\/healthcare-cosmetique\/wp-json\/wp\/v2\/types\/page"}],"author":[{"embeddable":true,"href":"https:\/\/www.saphy.com\/healthcare-cosmetique\/wp-json\/wp\/v2\/users\/1"}],"replies":[{"embeddable":true,"href":"https:\/\/www.saphy.com\/healthcare-cosmetique\/wp-json\/wp\/v2\/comments?post=1571"}],"version-history":[{"count":0,"href":"https:\/\/www.saphy.com\/healthcare-cosmetique\/wp-json\/wp\/v2\/pages\/1571\/revisions"}],"wp:attachment":[{"href":"https:\/\/www.saphy.com\/healthcare-cosmetique\/wp-json\/wp\/v2\/media?parent=1571"}],"wp:term":[{"taxonomy":"yst_prominent_words","embeddable":true,"href":"https:\/\/www.saphy.com\/healthcare-cosmetique\/wp-json\/wp\/v2\/yst_prominent_words?post=1571"}],"curies":[{"name":"wp","href":"https:\/\/api.w.org\/{rel}","templated":true}]}}