{"id":1992,"date":"2015-11-27T10:37:58","date_gmt":"2015-11-27T09:37:58","guid":{"rendered":"https:\/\/www.saphy.com\/healthcare-cosmetique\/?page_id=1992"},"modified":"2018-02-08T09:42:50","modified_gmt":"2018-02-08T08:42:50","slug":"espace-pour-les-professionnels","status":"publish","type":"page","link":"https:\/\/www.saphy.com\/healthcare-cosmetique\/accueil\/espace-pour-les-professionnels\/","title":{"rendered":"Espace pro"},"content":{"rendered":"<p>Vous \u00eates dans l&rsquo;espace pro Himalaya herbals et yellow rose .Vous pouvez consulter en ligne les diff\u00e9rents catalogues de nos produits et les protocoles de soin.<\/p>\n<p>&nbsp;<\/p>\n<p>Yellow Rose<\/p>\n<p>Catalogue 2017<\/p>\n<p><a href=\"https:\/\/www.saphy.com\/healthcare-cosmetique\/wp-content\/uploads\/2015\/11\/CATALOGUE-YELLOW-ROSE-2017-EN.pdf\">CATALOGUE YELLOW ROSE 2017 EN<\/a><\/p>\n<p>&nbsp;<\/p>\n<div id=\"attachment_2281\" style=\"width: 310px\" class=\"wp-caption alignnone\"><a href=\"https:\/\/www.saphy.com\/healthcare-cosmetique\/wp-content\/uploads\/2016\/04\/banner-hya.jpg\"><img aria-describedby=\"caption-attachment-2281\" decoding=\"async\" loading=\"lazy\" class=\"size-medium wp-image-2281\" src=\"https:\/\/www.saphy.com\/healthcare-cosmetique\/wp-content\/uploads\/2016\/04\/banner-hya-300x225.jpg\" alt=\"saphy\" width=\"300\" height=\"225\" srcset=\"https:\/\/www.saphy.com\/healthcare-cosmetique\/wp-content\/uploads\/2016\/04\/banner-hya-300x225.jpg 300w, https:\/\/www.saphy.com\/healthcare-cosmetique\/wp-content\/uploads\/2016\/04\/banner-hya.jpg 960w\" sizes=\"(max-width: 300px) 100vw, 300px\" \/><\/a><p id=\"caption-attachment-2281\" class=\"wp-caption-text\">saphy<\/p><\/div>\n<p>Entrez dans un univers d\u2019excellence o\u00f9 la science fusionne avec les actifs les plus pr\u00e9cieux\u2026<br \/>\nFond\u00e9e en 1965 Yellow rose est une entreprise familiale passionn\u00e9e par la recherche en cosm\u00e9tologie de pointe elle innove ,teste et fabrique des soins cosm\u00e9tiques haut de gamme. Le laboratoire\u00a0 offre une gamme compl\u00e8te de produits de soins experts pour le visage et le corps inspir\u00e9s de l&rsquo;oligoth\u00e9rapie et de la m\u00e9decine esth\u00e9tique.<br \/>\nNos produits sont formul\u00e9s avec des mati\u00e8res premi\u00e8res naturelles rigoureusement s\u00e9lectionn\u00e9es, combin\u00e9es \u00e0 des actifs pr\u00e9cieux ancestraux fusionn\u00e9s avec les derni\u00e8res recherches scientifiques en mati\u00e8re de cosm\u00e9tologie .<br \/>\nNotre volont\u00e9 est d\u2019int\u00e9grer les derni\u00e8res d\u00e9couvertes scientifiques afin de cr\u00e9er des produits performants formul\u00e9s avec un maximum d\u2019ingr\u00e9dients actifs tr\u00e8s dos\u00e9s pour en en faire de v\u00e9ritables concentr\u00e9s de soins.<\/p>\n<div style=\"width: 640px;\" class=\"wp-video\"><!--[if lt IE 9]><script>document.createElement('video');<\/script><![endif]-->\n<video class=\"wp-video-shortcode\" id=\"video-1992-1\" width=\"640\" height=\"360\" preload=\"metadata\" controls=\"controls\"><source type=\"video\/mp4\" src=\"https:\/\/www.saphy.com\/healthcare-cosmetique\/wp-content\/uploads\/2015\/11\/soin-extraordinaire-visage-\u00e0-lor-et-gingembre-yellow-rose-cosmetique.mp4?_=1\" \/><a href=\"https:\/\/www.saphy.com\/healthcare-cosmetique\/wp-content\/uploads\/2015\/11\/soin-extraordinaire-visage-\u00e0-lor-et-gingembre-yellow-rose-cosmetique.mp4\">https:\/\/www.saphy.com\/healthcare-cosmetique\/wp-content\/uploads\/2015\/11\/soin-extraordinaire-visage-\u00e0-lor-et-gingembre-yellow-rose-cosmetique.mp4<\/a><\/video><\/div>\n<p>&nbsp;<\/p>\n<p>D\u00e9couvrez nos protocoles de soin visage Yellow Rose<\/p>\n<p><a href=\"https:\/\/www.saphy.com\/healthcare-cosmetique\/wp-content\/uploads\/2015\/11\/Ligne-de-soin-a-lacide-hyaluronique-et-aux-extraits-de-fleurs.pdf\">Ligne de soin a l&rsquo;acide hyaluronique et aux extraits de fleurs<\/a>\u00a0Yellow rose<\/p>\n<p><a href=\"https:\/\/www.saphy.com\/healthcare-cosmetique\/wp-content\/uploads\/2015\/11\/1-Soin-extraORdinaire-visage-Yellow-Rose.pdf\"> Soin extraORdinaire visage Yellow Rose<\/a><\/p>\n<p><a href=\"https:\/\/www.saphy.com\/healthcare-cosmetique\/wp-content\/uploads\/2015\/11\/2-Soin-extraORdinaire-visage-nos-produits.pdf\">Soin extraORdinaire visage\u00a0 yellow rose nos produits<\/a><\/p>\n<p><a href=\"https:\/\/www.saphy.com\/healthcare-cosmetique\/wp-content\/uploads\/2015\/11\/5-Soin-visage-Perle-et-Diamant.pdf\">Soin visage\u00a0Luminance \u00a0Perle et Diamant<\/a>\u00a0yellow rose<\/p>\n<p><a href=\"https:\/\/www.saphy.com\/healthcare-cosmetique\/wp-content\/uploads\/2015\/11\/6-Soin-visage-Perle-et-Diamant-nos-produits.pdf\">Soin visage Perle et Diamant nos produits<\/a><\/p>\n<p><a href=\"https:\/\/www.saphy.com\/healthcare-cosmetique\/wp-content\/uploads\/2015\/11\/7-Soin-visage-\u00e0-lacide-hyaluronique-et-aux-extraits-de-fleurs.pdf\">Soin visage \u00e0 l&rsquo;acide hyaluronique et aux extraits de fleurs<\/a><\/p>\n<p><a href=\"https:\/\/www.saphy.com\/healthcare-cosmetique\/wp-content\/uploads\/2015\/11\/8-Soin-visage-\u00e0-lacide-hyaluronique-et-aux-extraits-de-fleurs-nos-produits.pdf\">\u00a0Soin visage \u00e0 l&rsquo;acide hyaluronique et aux extraits de fleurs nos produits<\/a><\/p>\n<p><a href=\"https:\/\/www.saphy.com\/healthcare-cosmetique\/wp-content\/uploads\/2015\/11\/Soin-OliveHerbes.pdf\">soin du visage olive &amp; herbes<\/a>\u00a0yellow rose cosmetics<\/p>\n<p>D\u00e9couvrez nos protocoles de soin corps Yellow Rose<\/p>\n<p><a href=\"https:\/\/www.saphy.com\/healthcare-cosmetique\/wp-content\/uploads\/2015\/11\/Soin-corps-aux-herbes-antiques.pdf\">Soin corps aux herbes antiques<\/a><\/p>\n<p><a href=\"https:\/\/www.saphy.com\/healthcare-cosmetique\/wp-content\/uploads\/2015\/11\/3-Soin-extraORdinaire-corps.pdf\">Soin extraORdinaire corps<\/a><\/p>\n<p><a href=\"https:\/\/www.saphy.com\/healthcare-cosmetique\/wp-content\/uploads\/2015\/11\/4-Soin-extraOrdinaire-corps-nos-produits.pdf\"> Soin extraOrdinaire corps nos produits<\/a><\/p>\n<p><a href=\"https:\/\/www.saphy.com\/healthcare-cosmetique\/wp-content\/uploads\/2015\/11\/huile-de-massage.pdf\">huile de massage<\/a><\/p>\n<p>Himalaya Herbals<\/p>\n<p>Depuis 1930, Himalaya puise et exploite pour vous les tr\u00e9sors de la m\u00e9decine ayurv\u00e9dique vieille de 5000 ans ! Des recherches approfondies sur les plantes du monde entier ont \u00e9t\u00e9 men\u00e9es par ses experts. Celles-ci ont abouti \u00e0 une s\u00e9lection d\u2019ingr\u00e9dients enti\u00e8rement naturels dont les bienfaits sont av\u00e9r\u00e9s sur la sant\u00e9 et la beaut\u00e9 Himalaya a su combiner cet immense savoir traditionnel avec les techniques modernes afin de cr\u00e9er les combinaisons parfaitement adapt\u00e9es aux besoins de l\u2019homme contemporain. Gr\u00e2ce \u00e0 l&rsquo;engagement de plus de 2000 collaborateurs, dont une \u00e9quipe de 100 chercheurs, Himalaya Herbals est une soci\u00e9t\u00e9 pl\u00e9biscit\u00e9e dans plus de 90 pays \u00e0 travers le monde et de plus de 100.000 m\u00e9decins y prescrivent nos produits<\/p>\n<p>&nbsp;<\/p>\n<p><a href=\"https:\/\/www.saphy.com\/healthcare-cosmetique\/wp-content\/uploads\/2016\/06\/Dentifrice-ayurvedique-neem-et-grenade-Himalaya-Herbals-en-vente-chez-Naturalia.png\"><img decoding=\"async\" loading=\"lazy\" class=\"alignnone size-medium wp-image-2856\" src=\"https:\/\/www.saphy.com\/healthcare-cosmetique\/wp-content\/uploads\/2016\/06\/Dentifrice-ayurvedique-neem-et-grenade-Himalaya-Herbals-en-vente-chez-Naturalia-300x225.png\" alt=\"dentifrice-ayurvedique-neem-et-grenade-himalaya-herbals-en-vente-chez-naturalia\" width=\"300\" height=\"225\" srcset=\"https:\/\/www.saphy.com\/healthcare-cosmetique\/wp-content\/uploads\/2016\/06\/Dentifrice-ayurvedique-neem-et-grenade-Himalaya-Herbals-en-vente-chez-Naturalia-300x225.png 300w, https:\/\/www.saphy.com\/healthcare-cosmetique\/wp-content\/uploads\/2016\/06\/Dentifrice-ayurvedique-neem-et-grenade-Himalaya-Herbals-en-vente-chez-Naturalia.png 960w\" sizes=\"(max-width: 300px) 100vw, 300px\" \/><\/a><\/p>\n<p><a href=\"https:\/\/www.saphy.com\/healthcare-cosmetique\/wp-content\/uploads\/2015\/11\/Catalogue-Himalaya-2018.pdf\">Catalogue Himalaya 2018<\/a><\/p>\n<p>&nbsp;<\/p>\n<p>&nbsp;<\/p>\n<p>ALBA BOTANICA\u00a0 HAWAIIAN<\/p>\n<p>&nbsp;<\/p>\n<p>Nous fabriquons des produits naturels, 100% v\u00e9gans .<\/p>\n<p>Nous n&rsquo;utilisons pas de parab\u00e8nes , de sulfates ou de phtalates .<\/p>\n<p>Nos produits contiennent des ingr\u00e9dients biologiques et ne sont pas test\u00e9s sur les animaux . Nous nous effor\u00e7ons avec passion d\u2019offrir les meilleures formulations possibles qui apportent des bienfaits \u00e0 votre peau et vos cheveux. Nous faisons une utilisation maximale des merveilleuses sources v\u00e9g\u00e9tales de notre plan\u00e8te&#8230; de riches huiles v\u00e9g\u00e9tales , des noix\u00a0 ,des cires v\u00e9g\u00e9tales pures ,des extraits de plantes et des huiles essentielles pures .<\/p>\n<p>Ensemble, nous pouvons aider \u00e0 pr\u00e9server et \u00e0 gu\u00e9rir la plan\u00e8te, maintenant et pour les g\u00e9n\u00e9rations futures.<\/p>\n<p><a href=\"https:\/\/www.saphy.com\/healthcare-cosmetique\/wp-content\/uploads\/2015\/11\/Alba-Botanica-catalogue-2016.pdf\">Alba Botanica catalogue 2016<\/a><\/p>\n<p><a href=\"https:\/\/www.saphy.com\/healthcare-cosmetique\/wp-content\/uploads\/2017\/03\/saphy-alba-botanica-hawaiian-cosmetics.jpg\"><img decoding=\"async\" loading=\"lazy\" class=\"alignnone size-medium wp-image-2897\" src=\"https:\/\/www.saphy.com\/healthcare-cosmetique\/wp-content\/uploads\/2017\/03\/saphy-alba-botanica-hawaiian-cosmetics-300x84.jpg\" alt=\"saphy alba botanica hawaiian cosmetics\" width=\"300\" height=\"84\" srcset=\"https:\/\/www.saphy.com\/healthcare-cosmetique\/wp-content\/uploads\/2017\/03\/saphy-alba-botanica-hawaiian-cosmetics-300x84.jpg 300w, https:\/\/www.saphy.com\/healthcare-cosmetique\/wp-content\/uploads\/2017\/03\/saphy-alba-botanica-hawaiian-cosmetics-1024x288.jpg 1024w\" sizes=\"(max-width: 300px) 100vw, 300px\" \/><\/a><\/p>\n","protected":false},"excerpt":{"rendered":"<p>Vous \u00eates dans l&rsquo;espace pro Himalaya herbals et yellow rose .Vous pouvez consulter en ligne les diff\u00e9rents catalogues de nos produits et les protocoles de soin. &nbsp; Yellow Rose Catalogue 2017 CATALOGUE YELLOW ROSE 2017 EN &nbsp; Entrez dans un univers d\u2019excellence o\u00f9 la science fusionne avec les actifs les plus pr\u00e9cieux\u2026 Fond\u00e9e en 1965 [&hellip;]<\/p>\n","protected":false},"author":4,"featured_media":0,"parent":666,"menu_order":0,"comment_status":"open","ping_status":"closed","template":"","meta":[],"yst_prominent_words":[],"_links":{"self":[{"href":"https:\/\/www.saphy.com\/healthcare-cosmetique\/wp-json\/wp\/v2\/pages\/1992"}],"collection":[{"href":"https:\/\/www.saphy.com\/healthcare-cosmetique\/wp-json\/wp\/v2\/pages"}],"about":[{"href":"https:\/\/www.saphy.com\/healthcare-cosmetique\/wp-json\/wp\/v2\/types\/page"}],"author":[{"embeddable":true,"href":"https:\/\/www.saphy.com\/healthcare-cosmetique\/wp-json\/wp\/v2\/users\/4"}],"replies":[{"embeddable":true,"href":"https:\/\/www.saphy.com\/healthcare-cosmetique\/wp-json\/wp\/v2\/comments?post=1992"}],"version-history":[{"count":0,"href":"https:\/\/www.saphy.com\/healthcare-cosmetique\/wp-json\/wp\/v2\/pages\/1992\/revisions"}],"up":[{"embeddable":true,"href":"https:\/\/www.saphy.com\/healthcare-cosmetique\/wp-json\/wp\/v2\/pages\/666"}],"wp:attachment":[{"href":"https:\/\/www.saphy.com\/healthcare-cosmetique\/wp-json\/wp\/v2\/media?parent=1992"}],"wp:term":[{"taxonomy":"yst_prominent_words","embeddable":true,"href":"https:\/\/www.saphy.com\/healthcare-cosmetique\/wp-json\/wp\/v2\/yst_prominent_words?post=1992"}],"curies":[{"name":"wp","href":"https:\/\/api.w.org\/{rel}","templated":true}]}}