{"id":666,"date":"2014-10-17T11:46:06","date_gmt":"2014-10-17T10:46:06","guid":{"rendered":"https:\/\/www.saphy.com\/healthcare-cosmetique\/?page_id=666"},"modified":"2018-08-22T16:07:47","modified_gmt":"2018-08-22T15:07:47","slug":"accueil","status":"publish","type":"page","link":"https:\/\/www.saphy.com\/healthcare-cosmetique\/","title":{"rendered":"Accueil"},"content":{"rendered":"<p>[vc_row][vc_column width=\u00a0\u00bb1\/1&Prime;]<div class=\"clear space\" style=\"height: 30px\"><\/div>[\/vc_column][\/vc_row][vc_row bg_type=\u00a0\u00bbno_bg\u00a0\u00bb bg_grad=\u00a0\u00bbbackground: -webkit-gradient(linear, left top, left bottom, color-stop(0%, #FBFBFB), color-stop(50%, #E3E3E3), color-stop(100%, #C2C2C2));background: -moz-linear-gradient(top,#FBFBFB 0%,#E3E3E3 50%,#C2C2C2 100%);background: -webkit-linear-gradient(top,#FBFBFB 0%,#E3E3E3 50%,#C2C2C2 100%);background: -o-linear-gradient(top,#FBFBFB 0%,#E3E3E3 50%,#C2C2C2 100%);background: -ms-linear-gradient(top,#FBFBFB 0%,#E3E3E3 50%,#C2C2C2 100%);background: linear-gradient(top,#FBFBFB 0%,#E3E3E3 50%,#C2C2C2 100%);\u00a0\u00bb parallax_style=\u00a0\u00bbvcpb-default\u00a0\u00bb bg_image_repeat=\u00a0\u00bbno-repeat\u00a0\u00bb bg_image_size=\u00a0\u00bbcover\u00a0\u00bb bg_img_attach=\u00a0\u00bbfixed\u00a0\u00bb parallax_sense=\u00a0\u00bb30&Prime; animation_direction=\u00a0\u00bbleft-animation\u00a0\u00bb animation_repeat=\u00a0\u00bbrepeat\u00a0\u00bb bg_override=\u00a0\u00bb0&Prime; parallax_content_sense=\u00a0\u00bb30&Prime; fadeout_start_effect=\u00a0\u00bb30&Prime; overlay_pattern_opacity=\u00a0\u00bb80&Prime; seperator_type=\u00a0\u00bbnone_seperator\u00a0\u00bb seperator_position=\u00a0\u00bbtop_seperator\u00a0\u00bb seperator_shape_size=\u00a0\u00bb40&Prime; seperator_svg_height=\u00a0\u00bb60&Prime; seperator_shape_background=\u00a0\u00bb#ffffff\u00a0\u00bb seperator_shape_border=\u00a0\u00bbnone\u00a0\u00bb seperator_shape_border_width=\u00a0\u00bb1&Prime; icon_type=\u00a0\u00bbno_icon\u00a0\u00bb icon_size=\u00a0\u00bb32&Prime; icon_style=\u00a0\u00bbnone\u00a0\u00bb icon_color_border=\u00a0\u00bb#333333&Prime; icon_border_size=\u00a0\u00bb1&Prime; icon_border_radius=\u00a0\u00bb500&Prime; icon_border_spacing=\u00a0\u00bb50&Prime; img_width=\u00a0\u00bb48&Prime; css=\u00a0\u00bb.vc_custom_1418640270125{background-position: center !important;background-repeat: no-repeat !important;background-size: cover !important;}\u00a0\u00bb][vc_column width=\u00a0\u00bb1\/2&Prime;][\/vc_column][vc_column width=\u00a0\u00bb1\/2&Prime;]    <div class=\"woocommerce \"  data-delay=\"0\">\n        <div class=\"row\">\n            <ul class=\"products\">\n\n                \n                    <li class=\"post-1566 product type-product status-publish has-post-thumbnail product_cat-yellowrose product_cat-cremes-et-serums-eshop-saphy-cosmetiques product_cat-gommage-et-masque-visage-eshop-saphy-cosmetiques product_cat-soin-antirides product_cat-soin-depigmentant-antitaches product_cat-soin-du-visage product_cat-soin-luminance-perle-diamant first instock featured taxable shipping-taxable purchasable product-type-simple grid col-sm-4\">\n\n    <div class=\"clearfix product-wrapper elegant\">\n\n        <a href=\"https:\/\/www.saphy.com\/healthcare-cosmetique\/produit\/masque-anti-age-regenerant-perle-et-diamantyellow-rose-cosmetique\/\" class=\"woocommerce-LoopProduct-link woocommerce-loop-product__link\">\n        <div class=\"thumb-wrapper elegant\">\n\n            <a href=\"https:\/\/www.saphy.com\/healthcare-cosmetique\/produit\/masque-anti-age-regenerant-perle-et-diamantyellow-rose-cosmetique\/\" class=\"thumb\"><span class=\"face\"><img width=\"500\" height=\"400\" src=\"https:\/\/www.saphy.com\/healthcare-cosmetique\/wp-content\/uploads\/2015\/01\/yellow-rose-cosmetics-masque-perle-et-diamant-saphy-1-500x400.jpg\" class=\"attachment-woocommerce_thumbnail size-woocommerce_thumbnail wp-post-image\" alt=\"\" decoding=\"async\" loading=\"lazy\" \/><\/span><\/a>\n        <\/div>\n\n        <div class=\"product-meta-wrapper\">\n            <div class=\"product-meta\">\n\n                <h3 class=\"product-name\"><a href=\"https:\/\/www.saphy.com\/healthcare-cosmetique\/produit\/masque-anti-age-regenerant-perle-et-diamantyellow-rose-cosmetique\/\">Masque anti-\u00e2ge r\u00e9g\u00e9n\u00e9rant Perle et Diamant Yellow Rose Cosmetiques<\/a><\/h3>\n                \n\t<span class=\"price\"><span class=\"woocommerce-Price-amount amount\">35.90&nbsp;<span class=\"woocommerce-Price-currencySymbol\">&euro;<\/span><\/span><\/span>\n<div class=\"woocommerce-product-rating\"><div class=\"star-rating\"><span style=\"width:0%\"><\/span><\/div><\/div>\n<div class=\"product-action-button\">\n\n    <a href=\"\/healthcare-cosmetique\/wp-json\/wp\/v2\/pages\/666?add-to-cart=1566\" data-quantity=\"1\" data-product_id=\"1566\" data-product_sku=\"\" class=\"button product_type_simple add_to_cart_button ajax_add_to_cart btn btn-ghost\">Ajouter au panier<\/a><a id=\"quick-view-trigger-1566-3\" href=\"#\" class=\"trigger-quick-view btn-ghost\" data-item_id=\"1566\"><span class=\"fa fa-search\"><\/span><\/a>\n<\/div>\n<div class=\"product-description\"><p>Masque anti-\u00e2ge r\u00e9g\u00e9n\u00e9rant Perle et Diamant Yellow Rose Cosmetiques Le gel masque visage \u00e0 la poudre de diamant pur et aux extraits\u00a0 actifs de perles est un soin intense \u00e9claircissant et r\u00e9g\u00e9n\u00e9rant qui illumine toutes les\u00a0 peaux. Ce concentr\u00e9 d\u2019actifs recherch\u00e9s offre une action anti-\u00e2ge et antitaches globale \u00e0 votre peau. Votre teint est uniforme\u2026<\/p><\/div>\n            <\/div>\n        <\/div>\n\n        <\/a>        \n    <\/div>\n\n<\/li>\n\n                \n                    <li class=\"post-109 product type-product status-publish has-post-thumbnail product_cat-yellowrose product_cat-cremes-et-serums-eshop-saphy-cosmetiques product_cat-gommage-et-masque-visage-eshop-saphy-cosmetiques product_cat-soin-antirides product_cat-soin-depigmentant-antitaches product_cat-soin-du-visage product_cat-soin-visage-yellow-rose instock featured taxable shipping-taxable purchasable product-type-simple grid col-sm-4\">\n\n    <div class=\"clearfix product-wrapper elegant\">\n\n        <a href=\"https:\/\/www.saphy.com\/healthcare-cosmetique\/produit\/serum-raffermissant-anti-rides-visage-yellow-rose-cosmetique\/\" class=\"woocommerce-LoopProduct-link woocommerce-loop-product__link\">\n        <div class=\"thumb-wrapper elegant\">\n\n            <a href=\"https:\/\/www.saphy.com\/healthcare-cosmetique\/produit\/serum-raffermissant-anti-rides-visage-yellow-rose-cosmetique\/\" class=\"thumb\"><span class=\"face\"><img width=\"500\" height=\"400\" src=\"https:\/\/www.saphy.com\/healthcare-cosmetique\/wp-content\/uploads\/2014\/10\/Yellow-rose-cosmetics-Ligne-dor-serum-raffermissant-visage-saphy-500x400.jpg\" class=\"attachment-woocommerce_thumbnail size-woocommerce_thumbnail wp-post-image\" alt=\"\" decoding=\"async\" loading=\"lazy\" \/><\/span><\/a>\n        <\/div>\n\n        <div class=\"product-meta-wrapper\">\n            <div class=\"product-meta\">\n\n                <h3 class=\"product-name\"><a href=\"https:\/\/www.saphy.com\/healthcare-cosmetique\/produit\/serum-raffermissant-anti-rides-visage-yellow-rose-cosmetique\/\">S\u00e9rum raffermissant anti-rides visage Ligne d&rsquo;or Yellow Rose cosmetiques<\/a><\/h3>\n                \n\t<span class=\"price\"><span class=\"woocommerce-Price-amount amount\">54.90&nbsp;<span class=\"woocommerce-Price-currencySymbol\">&euro;<\/span><\/span><\/span>\n<div class=\"woocommerce-product-rating\"><div class=\"star-rating\"><span style=\"width:0%\"><\/span><\/div><\/div>\n<div class=\"product-action-button\">\n\n    <a href=\"\/healthcare-cosmetique\/wp-json\/wp\/v2\/pages\/666?add-to-cart=109\" data-quantity=\"1\" data-product_id=\"109\" data-product_sku=\"\" class=\"button product_type_simple add_to_cart_button ajax_add_to_cart btn btn-ghost\">Ajouter au panier<\/a><a id=\"quick-view-trigger-109-3\" href=\"#\" class=\"trigger-quick-view btn-ghost\" data-item_id=\"109\"><span class=\"fa fa-search\"><\/span><\/a>\n<\/div>\n<div class=\"product-description\"><p>S\u00e9rum raffermissant\u00a0 anti-rides visage Ligne d'or Yellow Rose cosmetiques Parez vous d\u2019or 23 carats! Un S\u00e9rum r\u00e9parateur\u00a0 ultra-raffermissant qui lisse, comble et repulpe les rides. Ce soin ultra concentr\u00e9 en prot\u00e9ines de soie contient des oligopeptides bioactifs, du collag\u00e8ne marin, de puissants antioxydants et des agents hydratants qui offrent au quotidien une v\u00e9ritable cure de\u2026<\/p><\/div>\n            <\/div>\n        <\/div>\n\n        <\/a>        \n    <\/div>\n\n<\/li>\n\n                \n                    <li class=\"post-3339 product type-product status-publish has-post-thumbnail product_cat-yellowrose product_cat-gommage-et-masque-visage-eshop-saphy-cosmetiques product_cat-soin-antirides product_cat-soin-du-visage product_tag-lifting product_tag-masque product_tag-naturel last outofstock sale taxable shipping-taxable purchasable product-type-simple grid col-sm-4\">\n\n    <div class=\"clearfix product-wrapper elegant\">\n\n        <a href=\"https:\/\/www.saphy.com\/healthcare-cosmetique\/produit\/masque-liftant-yellow-rose-cosmetics\/\" class=\"woocommerce-LoopProduct-link woocommerce-loop-product__link\">\n        <div class=\"thumb-wrapper elegant\">\n\n            <a href=\"https:\/\/www.saphy.com\/healthcare-cosmetique\/produit\/masque-liftant-yellow-rose-cosmetics\/\" class=\"thumb\"><span class=\"face\"><img width=\"500\" height=\"400\" src=\"https:\/\/www.saphy.com\/healthcare-cosmetique\/wp-content\/uploads\/2017\/11\/masqe-liftant-yellow-rose-cosmetics-500x400.jpg\" class=\"attachment-woocommerce_thumbnail size-woocommerce_thumbnail wp-post-image\" alt=\"masqe liftant yellow rose cosmetics\" decoding=\"async\" loading=\"lazy\" \/><\/span><\/a>            <div class=\"out-of-stock-icon\">\n                <div class=\"out-of-stock\">\n                    <div class=\"out-of-stock-text\">\n                        <span>Rupture de stock<\/span>\n                    <\/div>\n                <\/div>\n            <\/div>\n        \n        <\/div>\n\n        <div class=\"product-meta-wrapper\">\n            <div class=\"product-meta\">\n\n                <h3 class=\"product-name\"><a href=\"https:\/\/www.saphy.com\/healthcare-cosmetique\/produit\/masque-liftant-yellow-rose-cosmetics\/\">Masque Liftant Yellow rose cosmetics<\/a><\/h3>\n                \n\t<span class=\"price\"><del><span class=\"woocommerce-Price-amount amount\">33.50&nbsp;<span class=\"woocommerce-Price-currencySymbol\">&euro;<\/span><\/span><\/del> <ins><span class=\"woocommerce-Price-amount amount\">26.80&nbsp;<span class=\"woocommerce-Price-currencySymbol\">&euro;<\/span><\/span><\/ins><\/span>\n<div class=\"woocommerce-product-rating\"><div class=\"star-rating\"><span style=\"width:0%\"><\/span><\/div><\/div>\n<div class=\"product-action-button\">\n\n    \n    <a href=\"https:\/\/www.saphy.com\/healthcare-cosmetique\/produit\/masque-liftant-yellow-rose-cosmetics\/\" class=\"view-details btn btn-ghost\">\n        Voir les infos    <\/a>\n\n    <a id=\"quick-view-trigger-3339-3\" href=\"#\" class=\"trigger-quick-view btn-ghost\" data-item_id=\"3339\"><span class=\"fa fa-search\"><\/span><\/a>\n<\/div>\n<div class=\"product-description\"><p>Masque Liftant Yellow rose cosmetics Un masque raffermissant et\u00a0liftant sp\u00e9cialement formul\u00e9 \u00a0pour les peaux\u00a0en\u00a0manque de fermet\u00e9 \u00a0et fatigu\u00e9es. Ses ingr\u00e9dients actifs naturels marins et ses actifs de plantes\u00a0ont \u00a0un effet tenseur imm\u00e9diat (effet Lifting Flash). Il aide la peau \u00e0 para\u00eetre plus ferme et plus jeune. Peut \u00eatre appliqu\u00e9 sur le visage, le cou et\u2026<\/p><\/div>\n            <\/div>\n        <\/div>\n\n        <\/a>        \n    <\/div>\n\n<\/li>\n\n                \n            <\/ul>\n        <\/div>\n    <\/div>\n    <div class=\"clear\"><\/div>\n\n[\/vc_column][\/vc_row][vc_row][vc_column width=\u00a0\u00bb1\/1&Prime;][vc_separator color=\u00a0\u00bbgrey\u00a0\u00bb][\/vc_column][\/vc_row][vc_row][vc_column width=\u00a0\u00bb1\/2&Prime;][vc_column_text css_animation=\u00a0\u00bbleft-to-right\u00a0\u00bb]<img decoding=\"async\" loading=\"lazy\" class=\"aligncenter size-full wp-image-924\" src=\"https:\/\/www.saphy.com\/healthcare-cosmetique\/wp-content\/uploads\/2014\/10\/logo_himalayaherbals_hori1.png\" alt=\"logo_himalayaherbals_hori\" width=\"358\" height=\"155\" srcset=\"https:\/\/www.saphy.com\/healthcare-cosmetique\/wp-content\/uploads\/2014\/10\/logo_himalayaherbals_hori1.png 358w, https:\/\/www.saphy.com\/healthcare-cosmetique\/wp-content\/uploads\/2014\/10\/logo_himalayaherbals_hori1-300x129.png 300w\" sizes=\"(max-width: 358px) 100vw, 358px\" \/> <style>\n    #bxtitle_734701653.box-title.box-title-line-middle .title-bar:after,\n    #bxtitle_734701653.box-title.box-title-line-middle .title-bar:before,\n    #bxtitle_734701653.box-title.box-title-line-around .title-bar:after,\n    #bxtitle_734701653.box-title.bottom-little-line h2:after,\n    #bxtitle_734701653.box-title.box-title-line-around .title-bar:before,\n    #bxtitle_734701653.box-title.box-title-line-around h2{\n        border-color: #e1e1e1    }\n<\/style>\n        <div id=\"bxtitle_734701653\" class=\"box-title box-title-text-left bottom-little-line box-title-line-none \"  data-delay=\"0\">\n            <h2 style=\"font-size: 18px;\">\n                SUBLIMEZ LA BEAUTE ORIGINELLE DE VOTRE PEAU            <\/h2>\n                    <\/div>\n<p>L&rsquo;herbalessence de la m\u00e9decine ayurv\u00e9dique<\/p>\n<p>Himalaya Herbals vous propose sa gamme de\u00a0 cosm\u00e9tiques et de compl\u00e9ments alimentaires ayurv\u00e9diques a \u00e0 base d\u2019herbes soigneusement s\u00e9lectionn\u00e9es dans la nature. Combinant le meilleur de la m\u00e9decine mill\u00e9naire ayurv\u00e9dique aux ann\u00e9es de recherche scientifique moderne, les produits Himalaya redonnent \u00e0 votre peau sa vitalit\u00e9 et sa beaut\u00e9 originelle.\u2028\u2028\u2028Il y a 80 ans lors d\u2019une visite en Birmanie le fondateur d\u2019Himalaya Mr M. Manal vit une troupe d\u2019\u00e9l\u00e9phants agit\u00e9s ,on parvint \u00e0 les calmer en leur faisant manger la racine d\u2019une plante. Cette plante est connue sous le nom de rauwolfia serpentina en fran\u00e7ais la r\u00e9serpine. Fascin\u00e9 par les effets de cette plante il d\u00e9cida de l\u2019\u00e9tudier d\u2019un point de vue scientifique. Apr\u00e8s des ann\u00e9es d\u2019\u00e9tude en 1934 il lan\u00e7a sur le march\u00e9 le premier m\u00e9dicament au monde contre l\u2019hypertension qu\u2019il appela Serpina.\u00a0\u2028Convaincu que les herbes provenant de l\u2019Himalaya poss\u00e9daient des vertus incroyables il d\u00e9cida d\u2019y consacrer ses recherches. De ces herbes sont n\u00e9es une famille de m\u00e9dicament ainsi qu\u2019une ligne de produits cosm\u00e9tiques.\u2028La marque Himalaya a \u00e9t\u00e9 profond\u00e9ment inspir\u00e9 par la cha\u00eene de montagnes d\u2019o\u00f9 elle tire son nom. Depuis des si\u00e8cles, l\u2019Himalaya a toujours \u00e9t\u00e9 le symbole de la communion de l\u2019homme avec la nature. Elle a fait naitre en lui une qu\u00eate perp\u00e9tuelle visant \u00e0 percer les prodigieux secrets de la Nature. Elle repr\u00e9sente la puret\u00e9 et de nobles id\u00e9aux. Choisir le nom Himalaya fut pour nous une \u00e9vidence, la majorit\u00e9 des herbes que nous utilisons proviennent de cette fameuse chaine de montagnes.<br \/>\nGr\u00e2ce \u00e0 l\u2019engagement de plus de 2000 collaborateurs, dont une \u00e9quipe de 100 chercheurs, Himalaya Herbals est une soci\u00e9t\u00e9 pl\u00e9biscit\u00e9e dans plus de 90 pays \u00e0 travers le monde o\u00f9 plus de 100.000 m\u00e9decins y prescrivent nos produits.[\/vc_column_text][\/vc_column][vc_column width=\u00a0\u00bb1\/2&Prime;][vc_column_text css_animation=\u00a0\u00bbbottom-to-top\u00a0\u00bb]<img decoding=\"async\" loading=\"lazy\" class=\"aligncenter size-full wp-image-925\" src=\"https:\/\/www.saphy.com\/healthcare-cosmetique\/wp-content\/uploads\/2014\/10\/logo_yellowrose_hori1.png\" alt=\"logo_yellowrose_hori\" width=\"358\" height=\"155\" srcset=\"https:\/\/www.saphy.com\/healthcare-cosmetique\/wp-content\/uploads\/2014\/10\/logo_yellowrose_hori1.png 358w, https:\/\/www.saphy.com\/healthcare-cosmetique\/wp-content\/uploads\/2014\/10\/logo_yellowrose_hori1-300x129.png 300w\" sizes=\"(max-width: 358px) 100vw, 358px\" \/> <style>\n    #bxtitle_853656958.box-title.box-title-line-middle .title-bar:after,\n    #bxtitle_853656958.box-title.box-title-line-middle .title-bar:before,\n    #bxtitle_853656958.box-title.box-title-line-around .title-bar:after,\n    #bxtitle_853656958.box-title.bottom-little-line h2:after,\n    #bxtitle_853656958.box-title.box-title-line-around .title-bar:before,\n    #bxtitle_853656958.box-title.box-title-line-around h2{\n        border-color: #e1e1e1    }\n<\/style>\n        <div id=\"bxtitle_853656958\" class=\"box-title box-title-text-left bottom-little-line box-title-line-none \"  data-delay=\"0\">\n            <h2 style=\"font-size: 18px;\">\n                            <\/h2>\n                    <\/div>\n        Inspir\u00e9s de l&rsquo;oligoth\u00e9rapie<\/p>\n<div class=\"term-description\">\n<p>Entrez dans un univers de soin d\u2019excellence o\u00f9 la science fusionne avec les actifs les plus pr\u00e9cieux\u2026<\/p>\n<p>Fond\u00e9e en 1965 Yellow rose est une entreprise familiale passionn\u00e9e par la recherche en cosm\u00e9tologie de pointe, elle innove, teste et fabrique des soins cosm\u00e9tiques haut de gamme. L\u2019entreprise offre une gamme compl\u00e8te de produits de soins experts pour le visage et le corps pour un usage professionnel et priv\u00e9.<br \/>\nNos produits sont formul\u00e9s avec des mati\u00e8res premi\u00e8res naturelles rigoureusement s\u00e9lectionn\u00e9es, combin\u00e9es \u00e0 des actifs pr\u00e9cieux ancestraux fusionn\u00e9s avec les derni\u00e8res recherches scientifiques en mati\u00e8re de cosm\u00e9tologie .<br \/>\nNotre volont\u00e9 est d\u2019int\u00e9grer les derni\u00e8res d\u00e9couvertes scientifiques afin de cr\u00e9er des produits performants formul\u00e9s avec un maximum d\u2019\u2019ingr\u00e9dients actifs tr\u00e8s dos\u00e9s pour en en faire de v\u00e9ritables concentr\u00e9s de soins.<\/p>\n<\/div>\n<p>[\/vc_column_text][\/vc_column][\/vc_row][vc_row][vc_column width=\u00a0\u00bb1\/1&Prime;][vc_column_text]<a href=\"https:\/\/www.saphy.com\/healthcare-cosmetique\/wp-content\/uploads\/2014\/10\/alba-botanica-saphy-healthcare-beaute-sans-frontieres.jpeg\"><img decoding=\"async\" loading=\"lazy\" class=\"alignnone size-medium wp-image-2420\" src=\"https:\/\/www.saphy.com\/healthcare-cosmetique\/wp-content\/uploads\/2014\/10\/alba-botanica-saphy-healthcare-beaute-sans-frontieres-300x116.jpeg\" alt=\"alba botanica saphy healthcare beaute sans frontieres\" width=\"300\" height=\"116\" srcset=\"https:\/\/www.saphy.com\/healthcare-cosmetique\/wp-content\/uploads\/2014\/10\/alba-botanica-saphy-healthcare-beaute-sans-frontieres-300x116.jpeg 300w, https:\/\/www.saphy.com\/healthcare-cosmetique\/wp-content\/uploads\/2014\/10\/alba-botanica-saphy-healthcare-beaute-sans-frontieres.jpeg 500w\" sizes=\"(max-width: 300px) 100vw, 300px\" \/><\/a><\/p>\n<p>Nous fabriquons des produits naturels, 100% v\u00e9gans .Nous n&rsquo;utilisons pas de parab\u00e8nes , de sulfates ou de phtalates .Nos produits contiennent des ingr\u00e9dients biologiques et ne sont pas test\u00e9s sur les animaux . Nous nous effor\u00e7ons avec passion d\u2019offrir les meilleures formulations possibles qui apportent des bienfaits \u00e0 votre peau et vos cheveux. Nous faisons une utilisation maximale des merveilleuses sources v\u00e9g\u00e9tales de notre plan\u00e8te&#8230; de riches huiles v\u00e9g\u00e9tales , des noix\u00a0 ,des cires v\u00e9g\u00e9tales pures,des extraits de plantes et des huiles essentielles pures .Ensemble, nous pouvons aider \u00e0 pr\u00e9server et \u00e0 gu\u00e9rir la plan\u00e8te, maintenant et pour les g\u00e9n\u00e9rations futures.[\/vc_column_text][\/vc_column][\/vc_row][vc_row][vc_column width=\u00a0\u00bb1\/1&Prime;][vc_column_text]La Sultane de Saba<\/p>\n<p><a href=\"https:\/\/www.saphy.com\/healthcare-cosmetique\/wp-content\/uploads\/2014\/10\/sultane-de-saba-saphy.png\"><img decoding=\"async\" loading=\"lazy\" class=\"alignnone size-medium wp-image-2625\" src=\"https:\/\/www.saphy.com\/healthcare-cosmetique\/wp-content\/uploads\/2014\/10\/sultane-de-saba-saphy-300x291.png\" alt=\"sultane-de-saba-saphy\" width=\"300\" height=\"291\" srcset=\"https:\/\/www.saphy.com\/healthcare-cosmetique\/wp-content\/uploads\/2014\/10\/sultane-de-saba-saphy-300x291.png 300w, https:\/\/www.saphy.com\/healthcare-cosmetique\/wp-content\/uploads\/2014\/10\/sultane-de-saba-saphy.png 315w\" sizes=\"(max-width: 300px) 100vw, 300px\" \/><\/a><\/p>\n<p>A travers ses produits authentiques et originaux, \u00e0 travers ses soins aux mille saveurs et couleurs, La Sultane de Saba se donne pour vocation de faire r\u00eaver, de partir en voyage, \u00e0 la d\u00e9couverte d\u2019horizons lointains, vers les pays du soleil, o\u00f9 le corps et l\u2019esprit reviennent \u00e0 la source de la d\u00e9tente et du repos.[\/vc_column_text][\/vc_column][\/vc_row]<\/p>\n","protected":false},"excerpt":{"rendered":"<p>[vc_row][vc_column width=\u00a0\u00bb1\/1&Prime;][\/vc_column][\/vc_row][vc_row bg_type=\u00a0\u00bbno_bg\u00a0\u00bb bg_grad=\u00a0\u00bbbackground: -webkit-gradient(linear, left top, left bottom, color-stop(0%, #FBFBFB), color-stop(50%, #E3E3E3), color-stop(100%, #C2C2C2));background: -moz-linear-gradient(top,#FBFBFB 0%,#E3E3E3 50%,#C2C2C2 100%);background: -webkit-linear-gradient(top,#FBFBFB 0%,#E3E3E3 50%,#C2C2C2 100%);background: -o-linear-gradient(top,#FBFBFB 0%,#E3E3E3 50%,#C2C2C2 100%);background: -ms-linear-gradient(top,#FBFBFB 0%,#E3E3E3 50%,#C2C2C2 100%);background: linear-gradient(top,#FBFBFB 0%,#E3E3E3 50%,#C2C2C2 100%);\u00a0\u00bb parallax_style=\u00a0\u00bbvcpb-default\u00a0\u00bb bg_image_repeat=\u00a0\u00bbno-repeat\u00a0\u00bb bg_image_size=\u00a0\u00bbcover\u00a0\u00bb bg_img_attach=\u00a0\u00bbfixed\u00a0\u00bb parallax_sense=\u00a0\u00bb30&Prime; animation_direction=\u00a0\u00bbleft-animation\u00a0\u00bb animation_repeat=\u00a0\u00bbrepeat\u00a0\u00bb bg_override=\u00a0\u00bb0&Prime; parallax_content_sense=\u00a0\u00bb30&Prime; fadeout_start_effect=\u00a0\u00bb30&Prime; overlay_pattern_opacity=\u00a0\u00bb80&Prime; seperator_type=\u00a0\u00bbnone_seperator\u00a0\u00bb seperator_position=\u00a0\u00bbtop_seperator\u00a0\u00bb seperator_shape_size=\u00a0\u00bb40&Prime; seperator_svg_height=\u00a0\u00bb60&Prime; seperator_shape_background=\u00a0\u00bb#ffffff\u00a0\u00bb seperator_shape_border=\u00a0\u00bbnone\u00a0\u00bb seperator_shape_border_width=\u00a0\u00bb1&Prime; icon_type=\u00a0\u00bbno_icon\u00a0\u00bb icon_size=\u00a0\u00bb32&Prime; [&hellip;]<\/p>\n","protected":false},"author":1,"featured_media":0,"parent":0,"menu_order":0,"comment_status":"closed","ping_status":"closed","template":"","meta":[],"yst_prominent_words":[373,5901,4959,376,323,5897,322,310,5900,5895,5896,5899,328,351,296,5903,5902,374,312,5898],"_links":{"self":[{"href":"https:\/\/www.saphy.com\/healthcare-cosmetique\/wp-json\/wp\/v2\/pages\/666"}],"collection":[{"href":"https:\/\/www.saphy.com\/healthcare-cosmetique\/wp-json\/wp\/v2\/pages"}],"about":[{"href":"https:\/\/www.saphy.com\/healthcare-cosmetique\/wp-json\/wp\/v2\/types\/page"}],"author":[{"embeddable":true,"href":"https:\/\/www.saphy.com\/healthcare-cosmetique\/wp-json\/wp\/v2\/users\/1"}],"replies":[{"embeddable":true,"href":"https:\/\/www.saphy.com\/healthcare-cosmetique\/wp-json\/wp\/v2\/comments?post=666"}],"version-history":[{"count":0,"href":"https:\/\/www.saphy.com\/healthcare-cosmetique\/wp-json\/wp\/v2\/pages\/666\/revisions"}],"wp:attachment":[{"href":"https:\/\/www.saphy.com\/healthcare-cosmetique\/wp-json\/wp\/v2\/media?parent=666"}],"wp:term":[{"taxonomy":"yst_prominent_words","embeddable":true,"href":"https:\/\/www.saphy.com\/healthcare-cosmetique\/wp-json\/wp\/v2\/yst_prominent_words?post=666"}],"curies":[{"name":"wp","href":"https:\/\/api.w.org\/{rel}","templated":true}]}}