{"id":1003,"date":"2014-12-15T17:09:41","date_gmt":"2014-12-15T16:09:41","guid":{"rendered":"https:\/\/www.saphy.com\/healthcare-cosmetique\/produit\/masque-purifiant-visage-neem-75ml\/"},"modified":"2024-04-02T10:43:48","modified_gmt":"2024-04-02T09:43:48","slug":"masque-purifiant-visage-neemhimalaya-herbals","status":"publish","type":"product","link":"https:\/\/www.saphy.com\/healthcare-cosmetique\/produit\/masque-purifiant-visage-neemhimalaya-herbals\/","title":{"rendered":"Masque purifiant visage Neem Himalaya Herbals"},"content":{"rendered":"<p>Masque purifiant visage Neem Himalaya Herbals<\/p>\n<p>Un masque purifiant qui r\u00e9gule l\u2019exc\u00e8s de s\u00e9bum, d\u00e9sobstrue les pores et lutte contre l\u2019acn\u00e9 et l\u2019apparition des boutons. La combinaison du Neem (Margousier) herbe reconnue pour ses propri\u00e9t\u00e9s purifiantes et antibact\u00e9riennes et du curcuma un antiseptique naturel lutte efficacement contre les boutons et les points noirs, pr\u00e9vient leurs apparitions et \u00e9limine les bact\u00e9ries responsables de l\u2019acn\u00e9. La\u00a0terre \u00e0 fuller rafra\u00eechit, apaise et am\u00e9liore la texture de la peau.<\/p>\n<p><strong>Principaux composants botaniques<\/strong><\/p>\n<p>Neem Purifiant et antibacterien<\/p>\n<p>Curcuma Anti inflammatoire naturel ,adoucit et clarifie le teint<\/p>\n<p>Terre de Fuller D\u00e9toxifie ,remin\u00e9ralise et r\u00e9g\u00e9n\u00e8re la peau.<\/p>\n<p><strong>Conseils d\u2019utilisation<\/strong><\/p>\n<p>Appliquer le masque de mani\u00e8re uniforme sur le visage et le cou . Eviter le contour des yeux. Laisser reposer pendant 10-15 minutes puis rincez soigneusement. Ce masque s\u2019utilise 1 \u00e0 2 fois par semaine. Ne pas appliquer sur une peau irrit\u00e9e.<\/p>\n<p>Peaux grasses<\/p>\n<p>Ingr\u00e9dients:\u00a0Aqua, Kaolin, Melia Azadirachta Leaf Extract, Propylene Glycol, Bentonite, Fuller\u2019s Earth, Curcuma Longa Root Extract, Fragrance, Sodium Methylparaben, Imidazolidinyl Urea, DMDM Hydantoin, Xanthan Gum, Disodium EDTA, Sodium Propylparaben, Citric Acid, Sodium Lauryl Sulfate.<\/p>\n<p>purifying neem face \u00a0mask \u00a0Himalaya Herbals<\/p>\n<p>A purifying mask that regulates the excess of sebum, unclogging pores and fight against acne and the appearance of pimples. The combination of the Neem (Margousier) herb recognized for its purifying and antibacterial properties and turmeric a natural antiseptic effectively fights pimples and blackheads, prevents their appearances and eliminates the bacteria responsible for acne. The fuller earth refreshes, soothes and improves the texture of the skin.<br \/>\nMain botanical components<br \/>\nPurifying and antibacterial Neem<br \/>\nTurmeric Anti inflammatory natural, softens and clarifies the complexion<br \/>\nFuller&rsquo;s Earth Detoxifies, remineralizes and regenerates the skin.<br \/>\nUsage tips<br \/>\nApply the mask evenly on the face and neck. Avoid the eye area. Let stand for 10-15 minutes then rinse thoroughly. This mask is used once or twice a week. Do not apply on irritated skin.<br \/>\nOily skin<\/p>\n<p>Ingr\u00e9dients:\u00a0Aqua, Kaolin, Melia Azadirachta Leaf Extract, Propylene Glycol, Bentonite, Fuller\u2019s Earth, Curcuma Longa Root Extract, Fragrance, Sodium Methylparaben, Imidazolidinyl Urea, DMDM Hydantoin, Xanthan Gum, Disodium EDTA, Sodium Propylparaben, Citric Acid, Sodium Lauryl Sulfate.<\/p>\n<p>&nbsp;<\/p>\n<p>&nbsp;<\/p>\n","protected":false},"excerpt":{"rendered":"<p>Masque purifiant visage Neem Himalaya Herbals<\/p>\n<p>Un masque purifiant qui r\u00e9gule l\u2019exc\u00e8s de s\u00e9bum, d\u00e9sobstrue les pores et lutte contre l\u2019acn\u00e9 et l\u2019apparition des boutons. La combinaison du Neem (Margousier) herbe reconnue pour ses propri\u00e9t\u00e9s purifiantes et antibact\u00e9riennes et du curcuma un antiseptique naturel lutte efficacement contre les boutons et les points noirs, pr\u00e9vient leurs apparitions et \u00e9limine les bact\u00e9ries responsables de l\u2019acn\u00e9. La\u00a0terre \u00e0 fuller rafra\u00eechit, apaise et am\u00e9liore la texture de la peau.<\/p>\n<p><strong>Principaux composants botaniques<\/strong><\/p>\n<p>Neem Purifiant et antibacterien<\/p>\n<p>Curcuma Anti inflammatoire naturel ,adoucit et clarifie le teint<\/p>\n<p>Terre de Fuller D\u00e9toxifie ,remin\u00e9ralise et r\u00e9g\u00e9n\u00e8re la peau.<\/p>\n<p><strong>Conseils d\u2019utilisation<\/strong><\/p>\n<p>Appliquer le masque de mani\u00e8re uniforme sur le visage et le cou . Eviter le contour des yeux. Laisser reposer pendant 10-15 minutes puis rincez soigneusement. Ce masque s\u2019utilise 1 \u00e0 2 fois par semaine. Ne pas appliquer sur une peau irrit\u00e9e.<\/p>\n<p>Peaux grasses<\/p>\n<p>Ingr\u00e9dients:\u00a0Aqua, Kaolin, Melia Azadirachta Leaf Extract, Propylene Glycol, Bentonite, Fuller\u2019s Earth, Curcuma Longa Root Extract, Fragrance, Sodium Methylparaben, Imidazolidinyl Urea, DMDM Hydantoin, Xanthan Gum, Disodium EDTA, Sodium Propylparaben, Citric Acid, Sodium Lauryl Sulfate.<\/p>\n<p>purifying neem face \u00a0mask \u00a0Himalaya Herbals<\/p>\n<p>A purifying mask that regulates the excess of sebum, unclogging pores and fight against acne and the appearance of pimples. The combination of the Neem (Margousier) herb recognized for its purifying and antibacterial properties and turmeric a natural antiseptic effectively fights pimples and blackheads, prevents their appearances and eliminates the bacteria responsible for acne. The fuller earth refreshes, soothes and improves the texture of the skin.<br \/>\nMain botanical components<br \/>\nPurifying and antibacterial Neem<br \/>\nTurmeric Anti inflammatory natural, softens and clarifies the complexion<br \/>\nFuller&rsquo;s Earth Detoxifies, remineralizes and regenerates the skin.<br \/>\nUsage tips<br \/>\nApply the mask evenly on the face and neck. Avoid the eye area. Let stand for 10-15 minutes then rinse thoroughly. This mask is used once or twice a week. Do not apply on irritated skin.<br \/>\nOily skin<\/p>\n<p>Ingr\u00e9dients:\u00a0Aqua, Kaolin, Melia Azadirachta Leaf Extract, Propylene Glycol, Bentonite, Fuller\u2019s Earth, Curcuma Longa Root Extract, Fragrance, Sodium Methylparaben, Imidazolidinyl Urea, DMDM Hydantoin, Xanthan Gum, Disodium EDTA, Sodium Propylparaben, Citric Acid, Sodium Lauryl Sulfate.<\/p>\n<p>&nbsp;<\/p>\n<p>&nbsp;<\/p>\n","protected":false},"featured_media":3999,"comment_status":"open","ping_status":"closed","template":"","meta":[],"_links":{"self":[{"href":"https:\/\/www.saphy.com\/healthcare-cosmetique\/wp-json\/wp\/v2\/product\/1003"}],"collection":[{"href":"https:\/\/www.saphy.com\/healthcare-cosmetique\/wp-json\/wp\/v2\/product"}],"about":[{"href":"https:\/\/www.saphy.com\/healthcare-cosmetique\/wp-json\/wp\/v2\/types\/product"}],"replies":[{"embeddable":true,"href":"https:\/\/www.saphy.com\/healthcare-cosmetique\/wp-json\/wp\/v2\/comments?post=1003"}],"wp:featuredmedia":[{"embeddable":true,"href":"https:\/\/www.saphy.com\/healthcare-cosmetique\/wp-json\/wp\/v2\/media\/3999"}],"wp:attachment":[{"href":"https:\/\/www.saphy.com\/healthcare-cosmetique\/wp-json\/wp\/v2\/media?parent=1003"}],"curies":[{"name":"wp","href":"https:\/\/api.w.org\/{rel}","templated":true}]}}