{"id":1007,"date":"2014-12-15T17:27:44","date_gmt":"2014-12-15T16:27:44","guid":{"rendered":"https:\/\/www.saphy.com\/healthcare-cosmetique\/produit\/masque-regenerant-aux-fruits-75ml\/"},"modified":"2022-08-17T12:22:06","modified_gmt":"2022-08-17T11:22:06","slug":"masque-regenerant-aux-fruitshimalaya-herbals","status":"publish","type":"product","link":"https:\/\/www.saphy.com\/healthcare-cosmetique\/produit\/masque-regenerant-aux-fruitshimalaya-herbals\/","title":{"rendered":"Masque r\u00e9g\u00e9n\u00e9rant aux fruits Himalaya Herbals"},"content":{"rendered":"<p>Masque r\u00e9g\u00e9n\u00e9rant aux fruits Himalaya Herbals<\/p>\n<p>&nbsp;<\/p>\n<p>Un masque rajeunissant qui d\u00e9sobstrue les pores, les resserrent, d\u00e9sincruste les points noirs et \u00e9limine les impuret\u00e9s. La peau est raffermit et retrouve son \u00e9lasticit\u00e9 naturelle, le grain de peau est affin\u00e9 et les rides r\u00e9duites. La pomme naturellement riche en acides alpha hydroxyl\u00e9s (AHA) nourrit et prot\u00e8ge des radicaux libres. La figue et le concombre rafra\u00eechissent et hydratent. La papaye aide \u00e0 enlever les taches pigmentaires et autres imperfections cutan\u00e9es. La terre de Fuller apaise la peau. La peau est nette, ferme et radieuse.<\/p>\n<p><strong>Principaux composants botaniques<\/strong><\/p>\n<p>Pomme<\/p>\n<p>Detoxifie ,nourrit et prot\u00e8ge des radicaux libres<\/p>\n<p>Figue Lutte contre le vieillissement cutan\u00e9, hydrate<\/p>\n<p>Papaye Nettoie en profondeur et revitalise<\/p>\n<p><strong>Conseil d\u2019utilisation<\/strong><\/p>\n<p>Appliquer de mani\u00e8re uniforme le masque sur le visage et le cou. Eviter le contour des yeux. Laisser reposer pendant 10 \u00e0 15 minutes et rincer abondamment.<\/p>\n<p>Ce masque s\u2019utilise 1 \u00e0 2 fois par semaine. Ne pas appliquer sur une peau irrit\u00e9e.<\/p>\n<p>Ingr\u00e9dients: Aqua, clay minerals, bentonite, glycerin, carica papaya fruit extract, cetyl palmitate, cetyl alcohol, kaolin, caprylic\/capric triglyceride, dimethicone, cucumis sativus fruit extract, pyrus malus fruit extract, ficus carica fruit extract, xanthan gum, methylparaben, propylparaben, sodium lauryl sulfate, fragrance, 2-bromo-2-nitropropane-1, 3-diol, disodium EDTA, CI 19140, CI 14700.<\/p>\n<p>Regenerating mask with fruits Himalaya Herbals<\/p>\n<p>A rejuvenating mask that unclog pores, tighten them, unclogs blackheads and removes impurities. The skin is firmer and regains its natural elasticity, the skin texture is refined and the rides reduced. The naturally rich apple in alpha hydroxy acids (AHA) nourishes and protects free radicals. Fig and cucumber refresh and moisturize. Papaya helps to remove pigment spots and other skin imperfections. Fuller&rsquo;s earth soothes the skin. The skin is clean, firm and radiant.<\/p>\n<p><strong>Main botanical components<\/strong><\/p>\n<p>Apple Detoxifies, nourishes and protects free radicals Fig Fight against skin aging, moisturizes Papaya Cleans thoroughly and revitalizes<\/p>\n<p><strong>U<\/strong><strong>sing advice<\/strong><\/p>\n<p>Apply the mask evenly on the face and neck. Avoid the eye area. Let stand for 10 to 15 minutes and rinse thoroughly. This mask is used once or twice a week. Do not apply on irritated skin.<\/p>\n<p>Ingr\u00e9dients: Aqua, clay minerals, bentonite, glycerin, carica papaya fruit extract, cetyl palmitate, cetyl alcohol, kaolin, caprylic\/capric triglyceride, dimethicone, cucumis sativus fruit extract, pyrus malus fruit extract, ficus carica fruit extract, xanthan gum, methylparaben, propylparaben, sodium lauryl sulfate, fragrance, 2-bromo-2-nitropropane-1, 3-diol, disodium EDTA, CI 19140, CI 14700.<\/p>\n<p>&nbsp;<\/p>\n","protected":false},"excerpt":{"rendered":"<p>Masque r\u00e9g\u00e9n\u00e9rant aux fruits Himalaya Herbals<\/p>\n<p>&nbsp;<\/p>\n<p>Un masque rajeunissant qui d\u00e9sobstrue les pores, les resserrent, d\u00e9sincruste les points noirs et \u00e9limine les impuret\u00e9s. La peau est raffermit et retrouve son \u00e9lasticit\u00e9 naturelle, le grain de peau est affin\u00e9 et les rides r\u00e9duites. La pomme naturellement riche en acides alpha hydroxyl\u00e9s (AHA) nourrit et prot\u00e8ge des radicaux libres. La figue et le concombre rafra\u00eechissent et hydratent. La papaye aide \u00e0 enlever les taches pigmentaires et autres imperfections cutan\u00e9es. La terre de Fuller apaise la peau. La peau est nette, ferme et radieuse.<\/p>\n<p><strong>Principaux composants botaniques<\/strong><\/p>\n<p>Pomme<\/p>\n<p>Detoxifie ,nourrit et prot\u00e8ge des radicaux libres<\/p>\n<p>Figue Lutte contre le vieillissement cutan\u00e9, hydrate<\/p>\n<p>Papaye Nettoie en profondeur et revitalise<\/p>\n<p><strong>Conseil d\u2019utilisation<\/strong><\/p>\n<p>Appliquer de mani\u00e8re uniforme le masque sur le visage et le cou. Eviter le contour des yeux. Laisser reposer pendant 10 \u00e0 15 minutes et rincer abondamment.<\/p>\n<p>Ce masque s\u2019utilise 1 \u00e0 2 fois par semaine. Ne pas appliquer sur une peau irrit\u00e9e.<\/p>\n<p>Ingr\u00e9dients: Aqua, clay minerals, bentonite, glycerin, carica papaya fruit extract, cetyl palmitate, cetyl alcohol, kaolin, caprylic\/capric triglyceride, dimethicone, cucumis sativus fruit extract, pyrus malus fruit extract, ficus carica fruit extract, xanthan gum, methylparaben, propylparaben, sodium lauryl sulfate, fragrance, 2-bromo-2-nitropropane-1, 3-diol, disodium EDTA, CI 19140, CI 14700.<\/p>\n<p>Regenerating mask with fruits Himalaya Herbals<\/p>\n<p>A rejuvenating mask that unclog pores, tighten them, unclogs blackheads and removes impurities. The skin is firmer and regains its natural elasticity, the skin texture is refined and the rides reduced. The naturally rich apple in alpha hydroxy acids (AHA) nourishes and protects free radicals. Fig and cucumber refresh and moisturize. Papaya helps to remove pigment spots and other skin imperfections. Fuller&rsquo;s earth soothes the skin. The skin is clean, firm and radiant.<\/p>\n<p><strong>Main botanical components<\/strong><\/p>\n<p>Apple Detoxifies, nourishes and protects free radicals Fig Fight against skin aging, moisturizes Papaya Cleans thoroughly and revitalizes<\/p>\n<p><strong>U<\/strong><strong>sing advice<\/strong><\/p>\n<p>Apply the mask evenly on the face and neck. Avoid the eye area. Let stand for 10 to 15 minutes and rinse thoroughly. This mask is used once or twice a week. Do not apply on irritated skin.<\/p>\n<p>Ingr\u00e9dients: Aqua, clay minerals, bentonite, glycerin, carica papaya fruit extract, cetyl palmitate, cetyl alcohol, kaolin, caprylic\/capric triglyceride, dimethicone, cucumis sativus fruit extract, pyrus malus fruit extract, ficus carica fruit extract, xanthan gum, methylparaben, propylparaben, sodium lauryl sulfate, fragrance, 2-bromo-2-nitropropane-1, 3-diol, disodium EDTA, CI 19140, CI 14700.<\/p>\n<p>&nbsp;<\/p>\n","protected":false},"featured_media":4000,"comment_status":"open","ping_status":"closed","template":"","meta":[],"_links":{"self":[{"href":"https:\/\/www.saphy.com\/healthcare-cosmetique\/wp-json\/wp\/v2\/product\/1007"}],"collection":[{"href":"https:\/\/www.saphy.com\/healthcare-cosmetique\/wp-json\/wp\/v2\/product"}],"about":[{"href":"https:\/\/www.saphy.com\/healthcare-cosmetique\/wp-json\/wp\/v2\/types\/product"}],"replies":[{"embeddable":true,"href":"https:\/\/www.saphy.com\/healthcare-cosmetique\/wp-json\/wp\/v2\/comments?post=1007"}],"wp:featuredmedia":[{"embeddable":true,"href":"https:\/\/www.saphy.com\/healthcare-cosmetique\/wp-json\/wp\/v2\/media\/4000"}],"wp:attachment":[{"href":"https:\/\/www.saphy.com\/healthcare-cosmetique\/wp-json\/wp\/v2\/media?parent=1007"}],"curies":[{"name":"wp","href":"https:\/\/api.w.org\/{rel}","templated":true}]}}