{"id":1009,"date":"2014-12-15T17:41:29","date_gmt":"2014-12-15T16:41:29","guid":{"rendered":"https:\/\/www.saphy.com\/healthcare-cosmetique\/?post_type=product&#038;p=1009"},"modified":"2022-03-03T13:21:32","modified_gmt":"2022-03-03T12:21:32","slug":"creme-traitement-anti-acne-et-boutonshimalaya-herbals","status":"publish","type":"product","link":"https:\/\/www.saphy.com\/healthcare-cosmetique\/produit\/creme-traitement-anti-acne-et-boutonshimalaya-herbals\/","title":{"rendered":"soin acn\u00e9 et boutons Himalaya Herbals"},"content":{"rendered":"<p>Soin acn\u00e9 et boutons Himalaya Herbals<\/p>\n<p>Le soin acn\u00e9 et boutons Himalaya Herbals est traitement efficace contre l\u2019acn\u00e9 \u00e0 base de plantes qui r\u00e9duit l&rsquo;inflammation et lutte contre les boutons.<br \/>\nLe Vitex negundo ou muguet bleu poss\u00e8de des propri\u00e9t\u00e9s naturelles anti-inflammatoires et anti-bact\u00e9riennes, il lutte contre les bact\u00e9ries responsables de l\u2019acn\u00e9 et les boutons. Le Bombax et l&rsquo;Alun (Saurashtri) ont d&rsquo;excellentes propri\u00e9t\u00e9s astringentes, h\u00e9mostatiques et apaisantes pour traiter les \u00e9ruptions d&rsquo;acn\u00e9. L&rsquo;Aloe Vera poss\u00e8de des propri\u00e9t\u00e9s \u00e9mollientes et est b\u00e9n\u00e9fique dans la gu\u00e9rison des troubles cutan\u00e9s comme les boutons.<\/p>\n<p>Principaux ingr\u00e9dients botaniques<br \/>\nVitex negundo ou muguet bleu<br \/>\nBarbade Aloe vera (Aloe barbadensis)<br \/>\nBombax, arbre \u00e0 kapok ou bois coton<\/p>\n<p>Conseil d&rsquo;utilisation<br \/>\nNettoyer le visage et appliquer une petite quantit\u00e9\u00a0du \u00a0soin anti-acn\u00e9 et boutons Himalaya Herbals sur les zones affect\u00e9es, deux fois par jour. Pour plus d&rsquo;efficacit\u00e9 nettoyer votre visage au pr\u00e9alable avec le <a href=\"https:\/\/www.saphy.com\/healthcare-cosmetique\/produit\/gel-nettoyant-purifiant-visage-neemhimalaya-herbals\/\">gel nettoyant purifiant visage neem Himalaya Herbals<\/a> et effectuez deux fois par semaine un nettoyage profond avec le <a href=\"https:\/\/www.saphy.com\/healthcare-cosmetique\/produit\/gommage-purifiant-neemhimalaya-herbals\/\">gommage purifiant visage neem himalaya herbals<\/a> et le <a href=\"https:\/\/www.saphy.com\/healthcare-cosmetique\/produit\/masque-purifiant-visage-neemhimalaya-herbals\/\">masque purifiant visage neem himalaya herbals<\/a><\/p>\n<p>Ingr\u00e9dients:\u00a0Aqua, Aloe Barbadensis Leaf Extract, Stearic Acid, Cetyl Palmitate, Glyceryl Stearate SE, Glycerin, Propylene Glycol, Potassium Alum, Lens Culinaris Seed Extract, Sorbitan Oleate, Polysorbate 80, Bombax Malabaricum Flower Extract, Vitex Negundo Leaf Extract, Xanthan Gum, Methylparaben, Parfum, 2-Bromo-2-Nitropropane-1,3-Diol, Propylparaben, Limonene, Hydroxyisohexyl 3-Cyclohexene Carboxaldehyde, Linaloool, Alpha-Isomethyl Ionone, Butylphenyl Methylpropional, Hydroxycitronnellal, Eugenol.<\/p>\n<p>&nbsp;<\/p>\n<p>The acne care and pimples Himalaya Herbals<\/p>\n<p>The acne care and pimples Himalaya Herbals is effective treatment against acne herbal which reduces inflammation and fight against pimples. Vitex negundo or lily of the valley has natural properties anti-inflammatory and anti-bacterial, it fights against the bacteria responsible for acne and pimples. Bombax and Alum (Saurashtri) have excellent astringent, haemostatic and soothing properties to treat acne breakouts. Aloe Vera has emollient properties and is beneficial in healing skin disorders such as pimples. Main botanical ingredients Vitex negundo or blue lily of the valley Barbados Aloe vera (Aloe barbadensis) Bombax, kapok tree or cotton wood using advice Clean the face and apply a small amount of the anti-acne and Himalaya Herbals pimples to affected areas twice a day. For more efficiency cleanse your face beforehand with neem Himalaya Herbals Purifying Facial Cleansing Gel and perform a deep cleanse twice a week with Neem Himalaya Herbal Face Purifying Scrub and Neem Himalaya Herbal Face Purifying Mask.<\/p>\n<p>Ingr\u00e9dients:\u00a0Aqua, Aloe Barbadensis Leaf Extract, Stearic Acid, Cetyl Palmitate, Glyceryl Stearate SE, Glycerin, Propylene Glycol, Potassium Alum, Lens Culinaris Seed Extract, Sorbitan Oleate, Polysorbate 80, Bombax Malabaricum Flower Extract, Vitex Negundo Leaf Extract, Xanthan Gum, Methylparaben, Parfum, 2-Bromo-2-Nitropropane-1,3-Diol, Propylparaben, Limonene, Hydroxyisohexyl 3-Cyclohexene Carboxaldehyde, Linaloool, Alpha-Isomethyl Ionone, Butylphenyl Methylpropional, Hydroxycitronnellal, Eugenol.<\/p>\n<p>&nbsp;<\/p>\n","protected":false},"excerpt":{"rendered":"<p>Soin acn\u00e9 et boutons Himalaya Herbals<\/p>\n<p>Le soin acn\u00e9 et boutons Himalaya Herbals est traitement efficace contre l\u2019acn\u00e9 \u00e0 base de plantes qui r\u00e9duit l&rsquo;inflammation et lutte contre les boutons.<br \/>\nLe Vitex negundo ou muguet bleu poss\u00e8de des propri\u00e9t\u00e9s naturelles anti-inflammatoires et anti-bact\u00e9riennes, il lutte contre les bact\u00e9ries responsables de l\u2019acn\u00e9 et les boutons. Le Bombax et l&rsquo;Alun (Saurashtri) ont d&rsquo;excellentes propri\u00e9t\u00e9s astringentes, h\u00e9mostatiques et apaisantes pour traiter les \u00e9ruptions d&rsquo;acn\u00e9. L&rsquo;Aloe Vera poss\u00e8de des propri\u00e9t\u00e9s \u00e9mollientes et est b\u00e9n\u00e9fique dans la gu\u00e9rison des troubles cutan\u00e9s comme les boutons.<\/p>\n<p>Principaux ingr\u00e9dients botaniques<br \/>\nVitex negundo ou muguet bleu<br \/>\nBarbade Aloe vera (Aloe barbadensis)<br \/>\nBombax, arbre \u00e0 kapok ou bois coton<\/p>\n<p>Conseil d&rsquo;utilisation<br \/>\nNettoyer le visage et appliquer une petite quantit\u00e9\u00a0du \u00a0soin anti-acn\u00e9 et boutons Himalaya Herbals sur les zones affect\u00e9es, deux fois par jour. Pour plus d&rsquo;efficacit\u00e9 nettoyer votre visage au pr\u00e9alable avec le <a href=\"https:\/\/www.saphy.com\/healthcare-cosmetique\/produit\/gel-nettoyant-purifiant-visage-neemhimalaya-herbals\/\">gel nettoyant purifiant visage neem Himalaya Herbals<\/a> et effectuez deux fois par semaine un nettoyage profond avec le <a href=\"https:\/\/www.saphy.com\/healthcare-cosmetique\/produit\/gommage-purifiant-neemhimalaya-herbals\/\">gommage purifiant visage neem himalaya herbals<\/a> et le <a href=\"https:\/\/www.saphy.com\/healthcare-cosmetique\/produit\/masque-purifiant-visage-neemhimalaya-herbals\/\">masque purifiant visage neem himalaya herbals<\/a><\/p>\n<p>Ingr\u00e9dients:\u00a0Aqua, Aloe Barbadensis Leaf Extract, Stearic Acid, Cetyl Palmitate, Glyceryl Stearate SE, Glycerin, Propylene Glycol, Potassium Alum, Lens Culinaris Seed Extract, Sorbitan Oleate, Polysorbate 80, Bombax Malabaricum Flower Extract, Vitex Negundo Leaf Extract, Xanthan Gum, Methylparaben, Parfum, 2-Bromo-2-Nitropropane-1,3-Diol, Propylparaben, Limonene, Hydroxyisohexyl 3-Cyclohexene Carboxaldehyde, Linaloool, Alpha-Isomethyl Ionone, Butylphenyl Methylpropional, Hydroxycitronnellal, Eugenol.<\/p>\n<p>&nbsp;<\/p>\n<p>The acne care and pimples Himalaya Herbals<\/p>\n<p>The acne care and pimples Himalaya Herbals is effective treatment against acne herbal which reduces inflammation and fight against pimples. Vitex negundo or lily of the valley has natural properties anti-inflammatory and anti-bacterial, it fights against the bacteria responsible for acne and pimples. Bombax and Alum (Saurashtri) have excellent astringent, haemostatic and soothing properties to treat acne breakouts. Aloe Vera has emollient properties and is beneficial in healing skin disorders such as pimples. Main botanical ingredients Vitex negundo or blue lily of the valley Barbados Aloe vera (Aloe barbadensis) Bombax, kapok tree or cotton wood using advice Clean the face and apply a small amount of the anti-acne and Himalaya Herbals pimples to affected areas twice a day. For more efficiency cleanse your face beforehand with neem Himalaya Herbals Purifying Facial Cleansing Gel and perform a deep cleanse twice a week with Neem Himalaya Herbal Face Purifying Scrub and Neem Himalaya Herbal Face Purifying Mask.<\/p>\n<p>Ingr\u00e9dients:\u00a0Aqua, Aloe Barbadensis Leaf Extract, Stearic Acid, Cetyl Palmitate, Glyceryl Stearate SE, Glycerin, Propylene Glycol, Potassium Alum, Lens Culinaris Seed Extract, Sorbitan Oleate, Polysorbate 80, Bombax Malabaricum Flower Extract, Vitex Negundo Leaf Extract, Xanthan Gum, Methylparaben, Parfum, 2-Bromo-2-Nitropropane-1,3-Diol, Propylparaben, Limonene, Hydroxyisohexyl 3-Cyclohexene Carboxaldehyde, Linaloool, Alpha-Isomethyl Ionone, Butylphenyl Methylpropional, Hydroxycitronnellal, Eugenol.<\/p>\n<p>&nbsp;<\/p>\n","protected":false},"featured_media":3997,"comment_status":"open","ping_status":"closed","template":"","meta":[],"_links":{"self":[{"href":"https:\/\/www.saphy.com\/healthcare-cosmetique\/wp-json\/wp\/v2\/product\/1009"}],"collection":[{"href":"https:\/\/www.saphy.com\/healthcare-cosmetique\/wp-json\/wp\/v2\/product"}],"about":[{"href":"https:\/\/www.saphy.com\/healthcare-cosmetique\/wp-json\/wp\/v2\/types\/product"}],"replies":[{"embeddable":true,"href":"https:\/\/www.saphy.com\/healthcare-cosmetique\/wp-json\/wp\/v2\/comments?post=1009"}],"wp:featuredmedia":[{"embeddable":true,"href":"https:\/\/www.saphy.com\/healthcare-cosmetique\/wp-json\/wp\/v2\/media\/3997"}],"wp:attachment":[{"href":"https:\/\/www.saphy.com\/healthcare-cosmetique\/wp-json\/wp\/v2\/media?parent=1009"}],"curies":[{"name":"wp","href":"https:\/\/api.w.org\/{rel}","templated":true}]}}