{"id":1011,"date":"2014-12-15T17:41:42","date_gmt":"2014-12-15T16:41:42","guid":{"rendered":"https:\/\/www.saphy.com\/healthcare-cosmetique\/produit\/creme-anti-rides-50ml\/"},"modified":"2024-04-02T09:53:20","modified_gmt":"2024-04-02T08:53:20","slug":"creme-anti-rideshimalaya-herbals","status":"publish","type":"product","link":"https:\/\/www.saphy.com\/healthcare-cosmetique\/produit\/creme-anti-rideshimalaya-herbals\/","title":{"rendered":"Cr\u00e8me anti-rides Himalaya Herbals"},"content":{"rendered":"<p>Cr\u00e8me anti-rides Himalaya Herbals<\/p>\n<p>&nbsp;<\/p>\n<p>Pr\u00e9vient le vieillissement pr\u00e9matur\u00e9 de la peau, r\u00e9duit l&rsquo;apparence des rides et retarde l&rsquo;apparition de nouvelles rides.<\/p>\n<p>Une cr\u00e8me onctueuse enrichie en lentille rouge et en r\u00e9glisse aux puissants pouvoirs anti-oxydants qui prot\u00e8ge des radicaux libres et laisse la peau soyeuse. Le raisin naturellement riche en Acides Alpha Hydroxyl\u00e9s (AHA) booste la production naturelle de collag\u00e8ne et d&rsquo;\u00e9lastine qui aident \u00e0 lutter contre les rides d&rsquo;expression et les ridules. Les principes actifs anti-\u00e2ge du raisin p\u00e9n\u00e8trent dans l&rsquo;\u00e9piderme pour r\u00e9v\u00e9ler une peau ferme et redensifi\u00e9e. L&rsquo;Aloe V\u00e9ra nourrit, assouplit et laisse la peau douce.<\/p>\n<p>Votre peau est visiblement plus jeune.<\/p>\n<p>&nbsp;<\/p>\n<p><strong>Principaux composants botaniques<\/strong><\/p>\n<p>Aloe\u00a0vera:\u00a0nourrit, assouplit et laisse la peau douce.<\/p>\n<p>Vitis\u00a0viniferal\u00a0(raisin)\u00a0pr\u00e9vient les \u00e9ruption d&rsquo;acn\u00e9 et aide \u00e0 pr\u00e9server la jeunesse de la peau.<br \/>\nCitron et Tomate\u00a0(Solanum lycopersicum)<\/p>\n<p><strong>Conseils d&rsquo;utilisation<\/strong><\/p>\n<p>Appliquer et masser d\u00e9licatement le visage, le cou et le d\u00e9collet\u00e9.<\/p>\n<p>Ingr\u00e9dients:Water (aqua), caprylic\/capric, triglyceride, isopropyl myristate, aloe barbadensis leaf juice, lens esculenta (lentil) seed extract, glyceryl stearate SE, ricinus communis (castor) seed oil and hydrogenated castor oil, cetearyl alcohol, cetyl alcohol, sorbitan stearate and sucrose cocoate, glycerin, sodium cetearyl sulfate, phenoxyethanol, glycyrrhiza glabra (licorice) root extract, dimethicone, vitis vinifera (grape) fruit extract, fragrance, citrus limon (lemon) peel extract, sodium benzoate, carbomer, disodium edta, sodium hydroxide,butylphenyl methylproponial,Hexyl cinnamal,Limonene,Linalool,Alpha-isomethyl-inonone,Citronellol,Benzyl Salicylate.<\/p>\n","protected":false},"excerpt":{"rendered":"<p>Pr\u00e9vient le vieillissement pr\u00e9matur\u00e9 de la peau, r\u00e9duit l&rsquo;apparence des rides et retarde l&rsquo;apparition de nouvelles rides.<\/p>\n","protected":false},"featured_media":4007,"comment_status":"open","ping_status":"closed","template":"","meta":[],"_links":{"self":[{"href":"https:\/\/www.saphy.com\/healthcare-cosmetique\/wp-json\/wp\/v2\/product\/1011"}],"collection":[{"href":"https:\/\/www.saphy.com\/healthcare-cosmetique\/wp-json\/wp\/v2\/product"}],"about":[{"href":"https:\/\/www.saphy.com\/healthcare-cosmetique\/wp-json\/wp\/v2\/types\/product"}],"replies":[{"embeddable":true,"href":"https:\/\/www.saphy.com\/healthcare-cosmetique\/wp-json\/wp\/v2\/comments?post=1011"}],"wp:featuredmedia":[{"embeddable":true,"href":"https:\/\/www.saphy.com\/healthcare-cosmetique\/wp-json\/wp\/v2\/media\/4007"}],"wp:attachment":[{"href":"https:\/\/www.saphy.com\/healthcare-cosmetique\/wp-json\/wp\/v2\/media?parent=1011"}],"curies":[{"name":"wp","href":"https:\/\/api.w.org\/{rel}","templated":true}]}}