{"id":1013,"date":"2014-12-15T17:48:13","date_gmt":"2014-12-15T16:48:13","guid":{"rendered":"https:\/\/www.saphy.com\/healthcare-cosmetique\/produit\/creme-contour-des-yeux-15ml\/"},"modified":"2024-09-30T11:03:15","modified_gmt":"2024-09-30T10:03:15","slug":"creme-contour-des-yeuxhimalaya-herbals","status":"publish","type":"product","link":"https:\/\/www.saphy.com\/healthcare-cosmetique\/produit\/creme-contour-des-yeuxhimalaya-herbals\/","title":{"rendered":"Cr\u00e8me contour des yeux Himalaya Herbals"},"content":{"rendered":"<p>Cr\u00e8me contour des yeux Himalaya Herbals<\/p>\n<p>R\u00e9duit les cernes noires et pr\u00e9vient la formation des nouvelles rides.\u00a0D\u00e9toxifie et hydrate intens\u00e9ment le contour des yeux\u00a0; r\u00e9duit les rides et les ridules.\u00a0Prot\u00e8ge la zone sensible du contour des yeux des rayons du soleil.<\/p>\n<p>Aux plantes actives de cipadessa baccifera et de ligulata r\u00e9duit les cernes noires et prot\u00e8ge la zone sensible du contour des yeux des rayons du soleil. Ces herbes d\u00e9toxifie et hydrate intens\u00e9ment le contour des yeux, lisse les rides et les ridules. Une utilisation r\u00e9guli\u00e8re permet d\u2019\u00e9viter r\u00e9gulier il la formation des nouvelles rides.<\/p>\n<p><strong>R\u00e9sultats prouv\u00e9s<\/strong><\/p>\n<p>Les cernes sont r\u00e9duits de 80% en seulement 4 semaines. Les rides des yeux sont r\u00e9duites de 28% en 4 semaines.<br \/>\nLe contour des yeux est plus lisse et illumin\u00e9.<\/p>\n<p><strong>Principaux composants botaniques<\/strong><\/p>\n<p>Cipadessa baccifera : Nourrit et lisse sans alourdir<\/p>\n<p>Bergenia ligulata: D\u00e9congestionne et illumine le contour des yeux<\/p>\n<p><strong>Conseil d\u2019utilisation<\/strong><\/p>\n<p>Appliquer d\u00e9licatement sur le contour des yeux et proc\u00e9der \u00e0 de l\u00e9gers massages des ailes du nez vers les tempes.<br \/>\nA utiliser deux fois par jour.<\/p>\n<p>Ingr\u00e9dients:\u00a0Water (aqua), propylene glycol, mineral oil, caprylic\/capric triglyceride, paraffin, steareth 2, cetyl alcohol, steareth 21, glyceryl stearate se, cetearyl alcohol, petrolatum, carbomer, triethanolamine, xanthan gum, methylparaben, tocopheryl acetate, cipadessa baccifera flower\/leaf\/stem extract, bergenia ligulata (winter begonia) root extract, triticum vulgare (wheat) germ oil, propylparaben, disodium edta, imidazolidinyl urea.<\/p>\n<p>Himalaya Herbals eye cream<\/p>\n<p>Reduces dark circles and prevents the formation of new wrinkles. Intensively detoxifies and hydrates the eye area; reduces wrinkles and fine lines. Protects the sensitive area of \u200b\u200bthe eye area from the sun&rsquo;s rays. Active plants of cipadessa baccifera and ligulata reduces dark circles and protects the sensitive area of \u200b\u200bthe eye contour from the sun&rsquo;s rays. These herbs intensively detoxify and moisturize the eye area, smooth wrinkles and fine lines. Regular use helps prevent regular formation of new wrinkles. Proven results Dark circles are reduced by 80% in just 4 weeks. Eye wrinkles are reduced by 28% in 4 weeks. The eye contour is smoother and brighter. Main botanical components Cipadessa baccifera: Nourishes and smooth without weighing Bergenia ligulata: Decongests and illuminates the eye area Using advice Apply gently on the eye area and lightly massage the wings of the nose to the temples. To use twice a day.<\/p>\n<p>Ingr\u00e9dients:\u00a0Water (aqua), propylene glycol, mineral oil, caprylic\/capric triglyceride, paraffin, steareth 2, cetyl alcohol, steareth 21, glyceryl stearate se, cetearyl alcohol, petrolatum, carbomer, triethanolamine, xanthan gum, methylparaben, tocopheryl acetate, cipadessa baccifera flower\/leaf\/stem extract, bergenia ligulata (winter begonia) root extract, triticum vulgare (wheat) germ oil, propylparaben, disodium edta, imidazolidinyl urea.<\/p>\n<p>&nbsp;<\/p>\n","protected":false},"excerpt":{"rendered":"<p>Cr\u00e8me contour des yeux Himalaya Herbals<\/p>\n<p>R\u00e9duit les cernes noires et pr\u00e9vient la formation des nouvelles rides.\u00a0D\u00e9toxifie et hydrate intens\u00e9ment le contour des yeux\u00a0; r\u00e9duit les rides et les ridules.\u00a0Prot\u00e8ge la zone sensible du contour des yeux des rayons du soleil.<\/p>\n<p>Aux plantes actives de cipadessa baccifera et de ligulata r\u00e9duit les cernes noires et prot\u00e8ge la zone sensible du contour des yeux des rayons du soleil. Ces herbes d\u00e9toxifie et hydrate intens\u00e9ment le contour des yeux, lisse les rides et les ridules. Une utilisation r\u00e9guli\u00e8re permet d\u2019\u00e9viter r\u00e9gulier il la formation des nouvelles rides.<\/p>\n<p><strong>R\u00e9sultats prouv\u00e9s<\/strong><\/p>\n<p>Les cernes sont r\u00e9duits de 80% en seulement 4 semaines. Les rides des yeux sont r\u00e9duites de 28% en 4 semaines.<br \/>\nLe contour des yeux est plus lisse et illumin\u00e9.<\/p>\n<p><strong>Principaux composants botaniques<\/strong><\/p>\n<p>Cipadessa baccifera : Nourrit et lisse sans alourdir<\/p>\n<p>Bergenia ligulata: D\u00e9congestionne et illumine le contour des yeux<\/p>\n<p><strong>Conseil d\u2019utilisation<\/strong><\/p>\n<p>Appliquer d\u00e9licatement sur le contour des yeux et proc\u00e9der \u00e0 de l\u00e9gers massages des ailes du nez vers les tempes.<br \/>\nA utiliser deux fois par jour.<\/p>\n<p>Ingr\u00e9dients:\u00a0Water (aqua), propylene glycol, mineral oil, caprylic\/capric triglyceride, paraffin, steareth 2, cetyl alcohol, steareth 21, glyceryl stearate se, cetearyl alcohol, petrolatum, carbomer, triethanolamine, xanthan gum, methylparaben, tocopheryl acetate, cipadessa baccifera flower\/leaf\/stem extract, bergenia ligulata (winter begonia) root extract, triticum vulgare (wheat) germ oil, propylparaben, disodium edta, imidazolidinyl urea.<\/p>\n<p>Himalaya Herbals eye cream<\/p>\n<p>Reduces dark circles and prevents the formation of new wrinkles. Intensively detoxifies and hydrates the eye area; reduces wrinkles and fine lines. Protects the sensitive area of \u200b\u200bthe eye area from the sun&rsquo;s rays. Active plants of cipadessa baccifera and ligulata reduces dark circles and protects the sensitive area of \u200b\u200bthe eye contour from the sun&rsquo;s rays. These herbs intensively detoxify and moisturize the eye area, smooth wrinkles and fine lines. Regular use helps prevent regular formation of new wrinkles. Proven results Dark circles are reduced by 80% in just 4 weeks. Eye wrinkles are reduced by 28% in 4 weeks. The eye contour is smoother and brighter. Main botanical components Cipadessa baccifera: Nourishes and smooth without weighing Bergenia ligulata: Decongests and illuminates the eye area Using advice Apply gently on the eye area and lightly massage the wings of the nose to the temples. To use twice a day.<\/p>\n<p>Ingr\u00e9dients:\u00a0Water (aqua), propylene glycol, mineral oil, caprylic\/capric triglyceride, paraffin, steareth 2, cetyl alcohol, steareth 21, glyceryl stearate se, cetearyl alcohol, petrolatum, carbomer, triethanolamine, xanthan gum, methylparaben, tocopheryl acetate, cipadessa baccifera flower\/leaf\/stem extract, bergenia ligulata (winter begonia) root extract, triticum vulgare (wheat) germ oil, propylparaben, disodium edta, imidazolidinyl urea.<\/p>\n<p>&nbsp;<\/p>\n","protected":false},"featured_media":4008,"comment_status":"open","ping_status":"closed","template":"","meta":[],"_links":{"self":[{"href":"https:\/\/www.saphy.com\/healthcare-cosmetique\/wp-json\/wp\/v2\/product\/1013"}],"collection":[{"href":"https:\/\/www.saphy.com\/healthcare-cosmetique\/wp-json\/wp\/v2\/product"}],"about":[{"href":"https:\/\/www.saphy.com\/healthcare-cosmetique\/wp-json\/wp\/v2\/types\/product"}],"replies":[{"embeddable":true,"href":"https:\/\/www.saphy.com\/healthcare-cosmetique\/wp-json\/wp\/v2\/comments?post=1013"}],"wp:featuredmedia":[{"embeddable":true,"href":"https:\/\/www.saphy.com\/healthcare-cosmetique\/wp-json\/wp\/v2\/media\/4008"}],"wp:attachment":[{"href":"https:\/\/www.saphy.com\/healthcare-cosmetique\/wp-json\/wp\/v2\/media?parent=1013"}],"curies":[{"name":"wp","href":"https:\/\/api.w.org\/{rel}","templated":true}]}}