{"id":1014,"date":"2014-12-15T17:52:31","date_gmt":"2014-12-15T16:52:31","guid":{"rendered":"https:\/\/www.saphy.com\/healthcare-cosmetique\/produit\/creme-de-jour-energisante-50ml\/"},"modified":"2022-10-24T10:43:27","modified_gmt":"2022-10-24T09:43:27","slug":"creme-de-jour-energisantehimalaya-herbals","status":"publish","type":"product","link":"https:\/\/www.saphy.com\/healthcare-cosmetique\/produit\/creme-de-jour-energisantehimalaya-herbals\/","title":{"rendered":"Cr\u00e8me de jour \u00e9nergisante Himalaya Herbals"},"content":{"rendered":"<p>Cr\u00e8me de jour \u00e9nergisante Himalaya Herbals<\/p>\n<p>Hydrate et nourrit la peau. Protection contre les UV. Ralentit le vieillissement de la peau.<\/p>\n<p>Une cr\u00e8me ultra concentr\u00e9e, l\u00e9g\u00e8re et soyeuse enrichie en amande hydratante et nourrissante et en gingembre \u00e9nergisant , ce soin procure \u00e0 votre peau les nutriments essentiels dont elle a besoin tout au long de la journ\u00e9e . Notre \u00e9cran solaire brevet\u00e9 CINNABLOCTM \u00e9labor\u00e9 \u00e0 base de plantes prot\u00e8ge efficacement contre les agressions des UV et les effets nocifs de la lumi\u00e8re sur le vieillissement pr\u00e9matur\u00e9 de la peau.<\/p>\n<p><strong>Principaux composants botaniques:<\/strong><\/p>\n<p>Gingembre: tonifie et vivifie<\/p>\n<p>Amandes (Prunus amygdalus) Hydrate et nourrit<\/p>\n<p><strong>Conseil d\u2019utilisation<\/strong><\/p>\n<p>Massez d\u00e9licatement sur le visage et le cou, matin et soir.<\/p>\n<p>Ingr\u00e9dients:\u00a0Aqua,ethylhexyl salicylate, homosalate, ethylhexyl methoxycinnamate, butyl methoxydibenzoylmethane, octocrylehne, glyceryl stearate SE, cetearyl alcohol, cetyl alcohol, dimethicone, sorbitan stearate sucrose cocoate, glycerin, sodium cetearyl sulfate, phenoxyethanol, isopropyl myristate, parfum, sodium benzoate, carbomer, methylisothiazolinone, ethylhexylglycerin aqua, syzygium samarangense fruit extract, tocopheryl acetate, triticum aestivum leaf extract, sodium hydroxide, hedychium spicatum extract, alpinia galanga rhizome extract, disodium EDTA, limonene, hexyl cinnamal, alpha isomethyl ionone<\/p>\n<p>&nbsp;<\/p>\n<p>Moisturises and nourishes the skin. UV protection. Slows the aging of the skin.<br \/>\nAn ultra-concentrated, light and silky cream enriched with moisturizing and nourishing almond and energizing ginger, this treatment provides your skin with the essential nutrients it needs throughout the day. Our proprietary CINNABLOCTM patented sunscreen effectively protects against UV aggressions and the harmful effects of light on premature aging of the skin.<br \/>\n<strong>Main botanical components:<\/strong><br \/>\nGinger: invigorates and invigorates<br \/>\nAlmonds (Prunus amygdalus) Hydrates and nourishes<br \/>\n<strong>Using advice<\/strong><br \/>\nMassage gently on the face and neck, morning and evening.<\/p>\n<p>Ingr\u00e9dients:\u00a0Aqua,ethylhexyl salicylate, homosalate, ethylhexyl methoxycinnamate, butyl methoxydibenzoylmethane, octocrylehne, glyceryl stearate SE, cetearyl alcohol, cetyl alcohol, dimethicone, sorbitan stearate sucrose cocoate, glycerin, sodium cetearyl sulfate, phenoxyethanol, isopropyl myristate, parfum, sodium benzoate, carbomer, methylisothiazolinone, ethylhexylglycerin aqua, syzygium samarangense fruit extract, tocopheryl acetate, triticum aestivum leaf extract, sodium hydroxide, hedychium spicatum extract, alpinia galanga rhizome extract, disodium EDTA, limonene, hexyl cinnamal, alpha isomethyl ionone<\/p>\n<p>&nbsp;<\/p>\n","protected":false},"excerpt":{"rendered":"<p>Hydrate et nourrit la peau. Protection contre les UV. Ralentit le vieillissement de la peau.<\/p>\n<p>Une cr\u00e8me ultra concentr\u00e9e, l\u00e9g\u00e8re et soyeuse enrichie en amande hydratante et nourrissante et en gingembre \u00e9nergisant , ce soin procure \u00e0 votre peau les nutriments essentiels dont elle a besoin tout au long de la journ\u00e9e . Notre \u00e9cran solaire brevet\u00e9 CINNABLOCTM \u00e9labor\u00e9 \u00e0 base de plantes prot\u00e8ge efficacement contre les agressions des UV et les effets nocifs de la lumi\u00e8re sur le vieillissement pr\u00e9matur\u00e9 de la peau.<\/p>\n<p><strong>Principaux composants botaniques:<\/strong><\/p>\n<p>Gingembre: tonifie et vivifie<\/p>\n<p>Amandes (Prunus amygdalus) Hydrate et nourrit<\/p>\n<p><strong>Conseil d\u2019utilisation<\/strong><\/p>\n<p>Massez d\u00e9licatement sur le visage et le cou, matin et soir.<\/p>\n<p>Ingr\u00e9dients:\u00a0Aqua,ethylhexyl salicylate, homosalate, ethylhexyl methoxycinnamate, butyl methoxydibenzoylmethane, octocrylehne, glyceryl stearate SE, cetearyl alcohol, cetyl alcohol, dimethicone, sorbitan stearate sucrose cocoate, glycerin, sodium cetearyl sulfate, phenoxyethanol, isopropyl myristate, parfum, sodium benzoate, carbomer, methylisothiazolinone, ethylhexylglycerin aqua, syzygium samarangense fruit extract, tocopheryl acetate, triticum aestivum leaf extract, sodium hydroxide, hedychium spicatum extract, alpinia galanga rhizome extract, disodium EDTA, limonene, hexyl cinnamal, alpha isomethyl ionone<\/p>\n<p>&nbsp;<\/p>\n<p>Moisturises and nourishes the skin. UV protection. Slows the aging of the skin.<br \/>\nAn ultra-concentrated, light and silky cream enriched with moisturizing and nourishing almond and energizing ginger, this treatment provides your skin with the essential nutrients it needs throughout the day. Our proprietary CINNABLOCTM patented sunscreen effectively protects against UV aggressions and the harmful effects of light on premature aging of the skin.<br \/>\n<strong>Main botanical components:<\/strong><br \/>\nGinger: invigorates and invigorates<br \/>\nAlmonds (Prunus amygdalus) Hydrates and nourishes<br \/>\n<strong>Using advice<\/strong><br \/>\nMassage gently on the face and neck, morning and evening.<\/p>\n<p>Ingr\u00e9dients:\u00a0Aqua,ethylhexyl salicylate, homosalate, ethylhexyl methoxycinnamate, butyl methoxydibenzoylmethane, octocrylehne, glyceryl stearate SE, cetearyl alcohol, cetyl alcohol, dimethicone, sorbitan stearate sucrose cocoate, glycerin, sodium cetearyl sulfate, phenoxyethanol, isopropyl myristate, parfum, sodium benzoate, carbomer, methylisothiazolinone, ethylhexylglycerin aqua, syzygium samarangense fruit extract, tocopheryl acetate, triticum aestivum leaf extract, sodium hydroxide, hedychium spicatum extract, alpinia galanga rhizome extract, disodium EDTA, limonene, hexyl cinnamal, alpha isomethyl ionone<\/p>\n<p>&nbsp;<\/p>\n","protected":false},"featured_media":4006,"comment_status":"open","ping_status":"closed","template":"","meta":[],"_links":{"self":[{"href":"https:\/\/www.saphy.com\/healthcare-cosmetique\/wp-json\/wp\/v2\/product\/1014"}],"collection":[{"href":"https:\/\/www.saphy.com\/healthcare-cosmetique\/wp-json\/wp\/v2\/product"}],"about":[{"href":"https:\/\/www.saphy.com\/healthcare-cosmetique\/wp-json\/wp\/v2\/types\/product"}],"replies":[{"embeddable":true,"href":"https:\/\/www.saphy.com\/healthcare-cosmetique\/wp-json\/wp\/v2\/comments?post=1014"}],"wp:featuredmedia":[{"embeddable":true,"href":"https:\/\/www.saphy.com\/healthcare-cosmetique\/wp-json\/wp\/v2\/media\/4006"}],"wp:attachment":[{"href":"https:\/\/www.saphy.com\/healthcare-cosmetique\/wp-json\/wp\/v2\/media?parent=1014"}],"curies":[{"name":"wp","href":"https:\/\/api.w.org\/{rel}","templated":true}]}}