{"id":1016,"date":"2014-12-15T17:59:47","date_gmt":"2014-12-15T16:59:47","guid":{"rendered":"https:\/\/www.saphy.com\/healthcare-cosmetique\/produit\/creme-de-nuit-revitalisante-50ml\/"},"modified":"2025-01-16T13:10:43","modified_gmt":"2025-01-16T12:10:43","slug":"creme-de-nuit-revitalisantehimalaya-herbals","status":"publish","type":"product","link":"https:\/\/www.saphy.com\/healthcare-cosmetique\/produit\/creme-de-nuit-revitalisantehimalaya-herbals\/","title":{"rendered":"Cr\u00e8me de nuit revitalisante Himalaya Herbals"},"content":{"rendered":"<h1>Cr\u00e8me de nuit revitalisante Himalaya Herbals<\/h1>\n<p>Nourrit et r\u00e9pare votre peau pendant votre sommeil. R\u00e9tablit et maintient un niveau d\u2019hydratation optimal.<\/p>\n<p>Cette cr\u00e8me \u00e0 usage quotidien au fort pouvoir p\u00e9n\u00e9trant contient des extraits de pommes, citron et tomate naturellement riches en acides naturels alpha-hydroxyl\u00e9s (AHA) qui revitalisent votre peau. Le germe de bl\u00e9, antioxydant naturel riche en vitamine E prot\u00e8ge et hydrate votre peau. La Fleur de lys blanc contient des vitamines qui nourrissent et r\u00e9parent intens\u00e9ment la peau pendant la nuit. Retrouvez \u00e0 votre r\u00e9veil une peau douce, souple et revitalis\u00e9e.<\/p>\n<p><strong>Principaux composants botaniques<\/strong><\/p>\n<p>Germe de bl\u00e9 : Nourrit et revitalise<br \/>\nCitron : antirides et antioxydant ,illumine et lutte contre les imperfections<br \/>\nTomate : Antioxydante et anti rides naturelle tr\u00e8s hydratante ,booste le renouvellement cellulaire<br \/>\nFleur de lys blanc Adoucit et rafraichit<\/p>\n<p><strong>Conseil d\u2019utilisation<\/strong><\/p>\n<p>A appliquez sur le visage et le cou nettoy\u00e9s avant de se coucher.<\/p>\n<p>Ingr\u00e9dients:\u00a0aqua,Caprilic\/capric triglyc\u00e9ride,isopropyl myristate,Glyceryl stearate SE,Cetearyl Alcohol,cetyl\u00a0 alcohol,Glycerin,Sorbitan stearate,phenoxynethanol,Ricinus Communis Seed oil,Sodium Cetearyl sulfate,Hydrogenated castor oil,parfum,Dimethicone,Lilum candidum bulb extraxt,Sodium Benzoate,Carbomer,Pyrus Malus Fruit,Triticum vulgare Germ oil,Tocopherol Acetate,Sucrose cocoate,Ethylhexyglycerin,Citrus Grandis Fruit extract,Citrus Medica Limonum fruit extract,Solanum Lycopersicum Fruit leaf stem extract,Vaccinium myrtillus fruit leaf extract,disodium edta,sodium hydroxide,Lillial hexyl cinnamal,alpha isomethyl ionone,Benzyl salicylate,Citonellol,Limonene,Linalool,Geraniol<\/p>\n<p><strong>Himalaya Herbals Revitalizing Night Cream<\/strong><\/p>\n<p id=\"tw-target-text\" class=\"tw-data-text tw-ta tw-text-small\" dir=\"ltr\" data-placeholder=\"Traduction\"><span lang=\"en\">Nourishes and repairs your skin while you sleep. Restores and maintains an optimal level of hydration. This penetrating daily cream contains apple, lemon and tomato extracts that are naturally rich in natural alpha-hydroxy acids (AHAs) that revitalize your skin. Wheat germ, a natural antioxidant rich in vitamin E, protects and moisturizes your skin. Fleur de lys blanc contains vitamins that nourish and intensively repair the skin during the night. Find your awakening soft, supple and revitalized skin. <\/span><\/p>\n<p class=\"tw-data-text tw-ta tw-text-small\" dir=\"ltr\" data-placeholder=\"Traduction\"><span lang=\"en\">Main botanical components Wheat germ: Nourishes and revitalizes Lemon: anti-wrinkle and antioxidant, illuminates and fights against imperfections Tomato: Antioxidant and anti wrinkle very moisturizing natural, boosts cell renewal White lily flower Softens and refreshes <\/span><\/p>\n<p class=\"tw-data-text tw-ta tw-text-small\" dir=\"ltr\" data-placeholder=\"Traduction\"><span lang=\"en\">Using advice Apply to cleansed face and neck before going to bed.<\/span><\/p>\n<p dir=\"ltr\" data-placeholder=\"Traduction\">Ingr\u00e9dients:\u00a0aqua,Caprilic\/capric triglyc\u00e9ride,isopropyl myristate,Glyceryl stearate SE,Cetearyl Alcohol,cetyl\u00a0 alcohol,Glycerin,Sorbitan stearate,phenoxynethanol,Ricinus Communis Seed oil,Sodium Cetearyl sulfate,Hydrogenated castor oil,parfum,Dimethicone,Lilum candidum bulb extraxt,Sodium Benzoate,Carbomer,Pyrus Malus Fruit,Triticum vulgare Germ oil,Tocopherol Acetate,Sucrose cocoate,Ethylhexyglycerin,Citrus Grandis Fruit extract,Citrus Medica Limonum fruit extract,Solanum Lycopersicum Fruit leaf stem extract,Vaccinium myrtillus fruit leaf extract,disodium edta,sodium hydroxide,Lillial hexyl cinnamal,alpha isomethyl ionone,Benzyl salicylate,Citonellol,Limonene,Linalool,Geraniol<\/p>\n","protected":false},"excerpt":{"rendered":"<h1>Cr\u00e8me de nuit revitalisante Himalaya Herbals<\/h1>\n<p>Nourrit et r\u00e9pare votre peau pendant votre sommeil. R\u00e9tablit et maintient un niveau d\u2019hydratation optimal.<\/p>\n<p>Cette cr\u00e8me \u00e0 usage quotidien au fort pouvoir p\u00e9n\u00e9trant contient des extraits de pommes, citron et tomate naturellement riches en acides naturels alpha-hydroxyl\u00e9s (AHA) qui revitalisent votre peau. Le germe de bl\u00e9, antioxydant naturel riche en vitamine E prot\u00e8ge et hydrate votre peau. La Fleur de lys blanc contient des vitamines qui nourrissent et r\u00e9parent intens\u00e9ment la peau pendant la nuit. Retrouvez \u00e0 votre r\u00e9veil une peau douce, souple et revitalis\u00e9e.<\/p>\n<p><strong>Principaux composants botaniques<\/strong><\/p>\n<p>Germe de bl\u00e9 : Nourrit et revitalise<br \/>\nCitron : antirides et antioxydant ,illumine et lutte contre les imperfections<br \/>\nTomate : Antioxydante et anti rides naturelle tr\u00e8s hydratante ,booste le renouvellement cellulaire<br \/>\nFleur de lys blanc Adoucit et rafraichit<\/p>\n<p><strong>Conseil d\u2019utilisation<\/strong><\/p>\n<p>A appliquez sur le visage et le cou nettoy\u00e9s avant de se coucher.<\/p>\n<p>Ingr\u00e9dients:\u00a0aqua,Caprilic\/capric triglyc\u00e9ride,isopropyl myristate,Glyceryl stearate SE,Cetearyl Alcohol,cetyl\u00a0 alcohol,Glycerin,Sorbitan stearate,phenoxynethanol,Ricinus Communis Seed oil,Sodium Cetearyl sulfate,Hydrogenated castor oil,parfum,Dimethicone,Lilum candidum bulb extraxt,Sodium Benzoate,Carbomer,Pyrus Malus Fruit,Triticum vulgare Germ oil,Tocopherol Acetate,Sucrose cocoate,Ethylhexyglycerin,Citrus Grandis Fruit extract,Citrus Medica Limonum fruit extract,Solanum Lycopersicum Fruit leaf stem extract,Vaccinium myrtillus fruit leaf extract,disodium edta,sodium hydroxide,Lillial hexyl cinnamal,alpha isomethyl ionone,Benzyl salicylate,Citonellol,Limonene,Linalool,Geraniol<\/p>\n<p><strong>Himalaya Herbals Revitalizing Night Cream<\/strong><\/p>\n<p id=\"tw-target-text\" class=\"tw-data-text tw-ta tw-text-small\" dir=\"ltr\" data-placeholder=\"Traduction\"><span lang=\"en\">Nourishes and repairs your skin while you sleep. Restores and maintains an optimal level of hydration. This penetrating daily cream contains apple, lemon and tomato extracts that are naturally rich in natural alpha-hydroxy acids (AHAs) that revitalize your skin. Wheat germ, a natural antioxidant rich in vitamin E, protects and moisturizes your skin. Fleur de lys blanc contains vitamins that nourish and intensively repair the skin during the night. Find your awakening soft, supple and revitalized skin. <\/span><\/p>\n<p class=\"tw-data-text tw-ta tw-text-small\" dir=\"ltr\" data-placeholder=\"Traduction\"><span lang=\"en\">Main botanical components Wheat germ: Nourishes and revitalizes Lemon: anti-wrinkle and antioxidant, illuminates and fights against imperfections Tomato: Antioxidant and anti wrinkle very moisturizing natural, boosts cell renewal White lily flower Softens and refreshes <\/span><\/p>\n<p class=\"tw-data-text tw-ta tw-text-small\" dir=\"ltr\" data-placeholder=\"Traduction\"><span lang=\"en\">Using advice Apply to cleansed face and neck before going to bed.<\/span><\/p>\n<p dir=\"ltr\" data-placeholder=\"Traduction\">Ingr\u00e9dients:\u00a0aqua,Caprilic\/capric triglyc\u00e9ride,isopropyl myristate,Glyceryl stearate SE,Cetearyl Alcohol,cetyl\u00a0 alcohol,Glycerin,Sorbitan stearate,phenoxynethanol,Ricinus Communis Seed oil,Sodium Cetearyl sulfate,Hydrogenated castor oil,parfum,Dimethicone,Lilum candidum bulb extraxt,Sodium Benzoate,Carbomer,Pyrus Malus Fruit,Triticum vulgare Germ oil,Tocopherol Acetate,Sucrose cocoate,Ethylhexyglycerin,Citrus Grandis Fruit extract,Citrus Medica Limonum fruit extract,Solanum Lycopersicum Fruit leaf stem extract,Vaccinium myrtillus fruit leaf extract,disodium edta,sodium hydroxide,Lillial hexyl cinnamal,alpha isomethyl ionone,Benzyl salicylate,Citonellol,Limonene,Linalool,Geraniol<\/p>\n","protected":false},"featured_media":3994,"comment_status":"open","ping_status":"closed","template":"","meta":[],"_links":{"self":[{"href":"https:\/\/www.saphy.com\/healthcare-cosmetique\/wp-json\/wp\/v2\/product\/1016"}],"collection":[{"href":"https:\/\/www.saphy.com\/healthcare-cosmetique\/wp-json\/wp\/v2\/product"}],"about":[{"href":"https:\/\/www.saphy.com\/healthcare-cosmetique\/wp-json\/wp\/v2\/types\/product"}],"replies":[{"embeddable":true,"href":"https:\/\/www.saphy.com\/healthcare-cosmetique\/wp-json\/wp\/v2\/comments?post=1016"}],"wp:featuredmedia":[{"embeddable":true,"href":"https:\/\/www.saphy.com\/healthcare-cosmetique\/wp-json\/wp\/v2\/media\/3994"}],"wp:attachment":[{"href":"https:\/\/www.saphy.com\/healthcare-cosmetique\/wp-json\/wp\/v2\/media?parent=1016"}],"curies":[{"name":"wp","href":"https:\/\/api.w.org\/{rel}","templated":true}]}}