{"id":1022,"date":"2014-12-16T10:15:50","date_gmt":"2014-12-16T09:15:50","guid":{"rendered":"https:\/\/www.saphy.com\/healthcare-cosmetique\/produit\/apres-shampooing-proteine-douceur-et-brillance\/"},"modified":"2024-02-01T15:42:47","modified_gmt":"2024-02-01T14:42:47","slug":"apres-shampooing-proteine-douceur-et-brillancehimalaya-herbals","status":"publish","type":"product","link":"https:\/\/www.saphy.com\/healthcare-cosmetique\/produit\/apres-shampooing-proteine-douceur-et-brillancehimalaya-herbals\/","title":{"rendered":"Apr\u00e8s shampooing prot\u00e9in\u00e9 smooth and silky  Himalaya Herbals 200ml"},"content":{"rendered":"<p>Apr\u00e8s shampooing prot\u00e9in\u00e9 smooth and silky\u00a0 Himalaya Herbals 200 ml<\/p>\n<p>Aux prot\u00e9ines naturelles. Lisse les cheveux et contr\u00f4le les frisottis.<\/p>\n<p>Vos cheveux sont rugueux et cr\u00e9pus? La formule de notre apr\u00e8s- shampooing hydratant Smooth and silky Himalaya est riche en avocat qui hydrate les cheveux secs et \/ou cr\u00e9pus et aide \u00e0 leur donner un aspect lisse et soyeux. Notre shampooing hydrate et d\u00e9m\u00eale vos cheveux en un seul geste pour leur apporter gainage et brillance. La gamme de soins capillaires Himalaya utilise des prot\u00e9ines naturelles de soja et de bl\u00e9 qui apportent 5 avantages cl\u00e9s: Renforce les cheveux; Aide \u00e0 r\u00e9duire la casse des cheveux; Aide \u00e0 prot\u00e9ger vos cheveux des agressions ext\u00e9rieures; Nourrit les cheveux; Adoucit les cheveux.<\/p>\n<p>Mode d&#8217;emploi: Mouillez vos cheveux et masser d\u00e9licatement le cuir chevelu et l&rsquo;ensemble de la chevelure avec \u00a0 \u00a0 \u00a0 \u00a0 \u00a0 \u00a0 \u00a0 l &lsquo;Apr\u00e8s shampooing prot\u00e9in\u00e9 smooth and silky Himalaya Herbals 200mlRincer abondamment .<\/p>\n<p>Ingredients: Aqua, Cetaryl Alcohol,Amodimethicone,Cetyl alcohol,Behentrimonum chloride,Glycreyl Stearate,SE,Glycerin,Phenoxynethanol,Sodium Benzoate,Persea Gratissima (avocado oil),Tricedeth-12,parfum,acide salycilique,peg-20,stearate,hydroxypropyltrimonum hydrolized wheat protein, Cetrimonum chloride,ciric acid,disodium edta,hydrolysed soy protein,benzyl benzoate,benzyl salicylate,hexyl cinnamal,linalool<\/p>\n<p>&nbsp;<\/p>\n<p>&nbsp;<\/p>\n","protected":false},"excerpt":{"rendered":"<p>Apr\u00e8s shampooing prot\u00e9in\u00e9 Douceur et Brillance Himalaya Herbals<\/p>\n<p>Une formule douce qui prot\u00e8ge et laisse vos cheveux doux, soyeux et brillants. Il nourrit vos cheveux avec des prot\u00e9ines naturelles qui leur procure hydratation et brillance.<\/p>\n<p><strong>Principaux composants botaniques<\/strong><\/p>\n<p>Rose\u00a0Brillance<\/p>\n<p>Lotus\u00a0Capture l&rsquo;eau pour une hydratation longue dur\u00e9e et r\u00e9g\u00e9n\u00e8re les cellules capillaires<\/p>\n<p>Pois chiche\u00a0Revitalise<\/p>\n<p>Avoine\u00a0D\u00e9m\u00eale et nourrit<\/p>\n<p><strong>Conseil d&rsquo;utilisation<\/strong><\/p>\n<p>Appliquer en massant d\u00e9licatement les cheveux apr\u00e8s lavage, de la racine vers la pointe. Rincer abondamment.<\/p>\n<p>Ingr\u00e9dients:\u00a0Aqua, cetearyl alcohol, amodimethicone &amp; trideceth-12 &amp; cetrimonium chloride, behentrimonium chloride, glyceryl stearate SE, cetearyl alcohol &amp; PEG-20 stearate, cicer arietinum seed extract, avena sativa kernal extract, lens esculenta fruit extract, parfum, nelumbium speciosum flower extract, mangifera indica seed extract, methylparaben, tetrasodium EDTA, propylparaben, sodium benzoate, citronellol, hexyl cinnamal, geraniol, linalool and butylphenyl methylpropional.<\/p>\n<p>After shampoo Protein Smoothness and Shine Himalaya Herbals<\/p>\n<p>A gentle formula that protects and leaves your hair soft, silky and shiny. It nourishes your hair with natural proteins that provide hydration and shine.<br \/>\nMain botanical components<br \/>\nRose Brilliance<br \/>\nLotus captures water for long-lasting hydration and regenerates hair cells<br \/>\nChick peas Revitalize<br \/>\nOats Detangles and nourishes<br \/>\nusing advice<br \/>\nApply by gently massaging the hair after washing, from root to tip. Rinse thoroughly.<\/p>\n<p>Ingr\u00e9dients:\u00a0Aqua, cetearyl alcohol, amodimethicone &amp; trideceth-12 &amp; cetrimonium chloride, behentrimonium chloride, glyceryl stearate SE, cetearyl alcohol &amp; PEG-20 stearate, cicer arietinum seed extract, avena sativa kernal extract, lens esculenta fruit extract, parfum, nelumbium speciosum flower extract, mangifera indica seed extract, methylparaben, tetrasodium EDTA, propylparaben, sodium benzoate, citronellol, hexyl cinnamal, geraniol, linalool and butylphenyl methylpropional.<\/p>\n<p>&nbsp;<\/p>\n","protected":false},"featured_media":4631,"comment_status":"open","ping_status":"closed","template":"","meta":[],"_links":{"self":[{"href":"https:\/\/www.saphy.com\/healthcare-cosmetique\/wp-json\/wp\/v2\/product\/1022"}],"collection":[{"href":"https:\/\/www.saphy.com\/healthcare-cosmetique\/wp-json\/wp\/v2\/product"}],"about":[{"href":"https:\/\/www.saphy.com\/healthcare-cosmetique\/wp-json\/wp\/v2\/types\/product"}],"replies":[{"embeddable":true,"href":"https:\/\/www.saphy.com\/healthcare-cosmetique\/wp-json\/wp\/v2\/comments?post=1022"}],"wp:featuredmedia":[{"embeddable":true,"href":"https:\/\/www.saphy.com\/healthcare-cosmetique\/wp-json\/wp\/v2\/media\/4631"}],"wp:attachment":[{"href":"https:\/\/www.saphy.com\/healthcare-cosmetique\/wp-json\/wp\/v2\/media?parent=1022"}],"curies":[{"name":"wp","href":"https:\/\/api.w.org\/{rel}","templated":true}]}}