{"id":1026,"date":"2014-12-16T10:26:24","date_gmt":"2014-12-16T09:26:24","guid":{"rendered":"https:\/\/www.saphy.com\/healthcare-cosmetique\/produit\/huile-capillaire-fortifiante-200ml\/"},"modified":"2022-06-16T09:32:51","modified_gmt":"2022-06-16T08:32:51","slug":"shampooing-anti-chutehimalaya-herbals","status":"publish","type":"product","link":"https:\/\/www.saphy.com\/healthcare-cosmetique\/produit\/shampooing-anti-chutehimalaya-herbals\/","title":{"rendered":"Shampooing prot\u00e9in\u00e9 anti-chute Himalaya Herbals"},"content":{"rendered":"<p>Shampooing prot\u00e9in\u00e9 anti-chute Himalaya Herbals<\/p>\n<p>Notre gamme de soins capillaires est formul\u00e9e \u00e0 partir extraits d\u2019herbes naturellement riches en prot\u00e9ines soigneusement s\u00e9lectionn\u00e9es pour offrir \u00e0 vos cheveux les trois bienfaits essentiels dont ils ont besoin \u2013 force, nutrition de la racine aux pointes et protection contre les agressions quotidiennes<\/p>\n<p>Formule innovante 2 en 1, nourrit la racine et renforce les cheveux fragilis\u00e9s. Traite et am\u00e9liore la texture des cheveux, aide \u00e0 freiner les probl\u00e8mes de chute.<\/p>\n<p><strong>Principaux composants botaniques<\/strong><\/p>\n<p>Butea Frondosa: fortifiant<\/p>\n<p>Eclipta\/ l\u2019huile de bhringraj: stimule la pousse des cheveux<\/p>\n<p>Pongamia Pinnata: Antifongique naturel<\/p>\n<p><strong>Conseil d\u2019utilisation<\/strong><\/p>\n<p>Masser doucement sur cheveux mouill\u00e9s et rincer soigneusement. R\u00e9p\u00e9ter l\u2019action si n\u00e9cessaire.<\/p>\n<p>Conseils d\u2019utilisation\u00a0: Appliquer le shampooing sur cheveux mouill\u00e9s, masser d\u00e9licatement et\u00a0\u00a0rincer soigneusement.<\/p>\n<p>Ingr\u00e9dients: Ammonium lauryl sulfate, aqua, cocamidopropyl betaine, sodium cocoyl glycinate, glycol distearate, ammonium xylenesulfonate, dimethiconol, TEA dodecylbenzenesulfonate, cocamide MEA, dimethicone, amodimethicone, laureth-23, polyquaternium-10 laureth-4, glycerin, parfum, guar, hydroxypropyltrimonium chloride, sodium benzoate, sodium metabisulfite, disodium EDTA, methylchloroisothiazolinone and methylisothiazolinone, xanthan gum, cicer arietinum seed extract, eclipta prostrata extract, butea frondosa flower extract, benzyl salicylate, linalool, hexyl cinnamal, limonene.<\/p>\n<p>anti hair fall protein shampoo himalaya herbals<\/p>\n<p>Our range of hair care products is formulated from herbal extracts, naturally rich in proteins, carefully selected to offer your hair the three essential benefits they need &#8211; strength, nutrition from roots to tips and protection from daily aggressions<br \/>\nInnovative 2-in-1 formula, nourishes the root and strengthens fragile hair. Treats and improves the texture of hair, helps to curb fall problems.<br \/>\nMain botanical components<br \/>\nButea Frondosa: fortifying<br \/>\nEclipta \/ bhringraj oil: stimulates hair growth<br \/>\nPongamia Pinnata: Natural antifungal agents<br \/>\nUsing advice<br \/>\nMassage gently on wet hair and rinse thoroughly. Repeat if necessary.<br \/>\nDirections for use: Apply shampoo to wet hair, gently massage and rinse thorough<\/p>\n<p>Ingr\u00e9dients: Ammonium lauryl sulfate, aqua, cocamidopropyl betaine, sodium cocoyl glycinate, glycol distearate, ammonium xylenesulfonate, dimethiconol, TEA dodecylbenzenesulfonate, cocamide MEA, dimethicone, amodimethicone, laureth-23, polyquaternium-10 laureth-4, glycerin, parfum, guar, hydroxypropyltrimonium chloride, sodium benzoate, sodium metabisulfite, disodium EDTA, methylchloroisothiazolinone and methylisothiazolinone, xanthan gum, cicer arietinum seed extract, eclipta prostrata extract, butea frondosa flower extract, benzyl salicylate, linalool, hexyl cinnamal, limonene.<\/p>\n","protected":false},"excerpt":{"rendered":"<p>Shampooing prot\u00e9ine anti-chute Himalaya Herbals<\/p>\n<p>Notre gamme de soins capillaires est formul\u00e9e \u00e0 partir extraits d\u2019herbes naturellement riches en prot\u00e9ines soigneusement s\u00e9lectionn\u00e9es pour offrir \u00e0 vos cheveux les trois bienfaits essentiels dont ils ont besoin \u2013 force, nutrition de la racine aux pointes et protection contre les agressions quotidiennes<\/p>\n<p>Formule innovante 2 en 1, nourrit la racine et renforce les cheveux fragilis\u00e9s. Traite et am\u00e9liore la texture des cheveux, aide \u00e0 freiner les probl\u00e8mes de chute.<\/p>\n<p><strong>Principaux composants botaniques<\/strong><\/p>\n<p>Butea Frondosa: fortifiant<\/p>\n<p>Eclipta\/ l\u2019huile de bhringraj: stimule la pousse des cheveux<\/p>\n<p>Pongamia Pinnata: Antifongique naturel<\/p>\n<p><strong>Conseil d\u2019utilisation<\/strong><\/p>\n<p>Masser doucement sur cheveux mouill\u00e9s et rincer soigneusement. R\u00e9p\u00e9ter l\u2019action si n\u00e9cessaire.<\/p>\n<p>Conseils d\u2019utilisation\u00a0: Appliquer le shampooing sur cheveux mouill\u00e9s, masser d\u00e9licatement et\u00a0\u00a0rincer soigneusement.<\/p>\n<p>Ingr\u00e9dients:\u00a0Ammonium lauryl sulfate, aqua, cocamidopropyl betaine, sodium cocoyl glycinate, glycol distearate, ammonium xylenesulfonate, dimethiconol, TEA dodecylbenzenesulfonate, cocamide MEA, dimethicone, amodimethicone, laureth-23, polyquaternium-10 laureth-4, glycerin, parfum, guar, hydroxypropyltrimonium chloride, sodium benzoate, sodium metabisulfite, disodium EDTA, methylchloroisothiazolinone and methylisothiazolinone, xanthan gum, cicer arietinum seed extract, eclipta prostrata extract, butea frondosa flower extract, benzyl salicylate, linalool, hexyl cinnamal, limonene.<\/p>\n<p>anti hair fall protein shampoo himalaya herbals<\/p>\n<p>Our range of hair care products is formulated from herbal extracts, naturally rich in proteins, carefully selected to offer your hair the three essential benefits they need &#8211; strength, nutrition from roots to tips and protection from daily aggressions<br \/>\nInnovative 2-in-1 formula, nourishes the root and strengthens fragile hair. Treats and improves the texture of hair, helps to curb fall problems.<br \/>\nMain botanical components<br \/>\nButea Frondosa: fortifying<br \/>\nEclipta \/ bhringraj oil: stimulates hair growth<br \/>\nPongamia Pinnata: Natural antifungal agents<br \/>\nUsing advice<br \/>\nMassage gently on wet hair and rinse thoroughly. Repeat if necessary.<br \/>\nDirections for use: Apply shampoo to wet hair, gently massage and rinse thorough<\/p>\n<p>Ingr\u00e9dients:\u00a0Ammonium lauryl sulfate, aqua, cocamidopropyl betaine, sodium cocoyl glycinate, glycol distearate, ammonium xylenesulfonate, dimethiconol, TEA dodecylbenzenesulfonate, cocamide MEA, dimethicone, amodimethicone, laureth-23, polyquaternium-10 laureth-4, glycerin, parfum, guar, hydroxypropyltrimonium chloride, sodium benzoate, sodium metabisulfite, disodium EDTA, methylchloroisothiazolinone and methylisothiazolinone, xanthan gum, cicer arietinum seed extract, eclipta prostrata extract, butea frondosa flower extract, benzyl salicylate, linalool, hexyl cinnamal, limonene.<\/p>\n","protected":false},"featured_media":2183,"comment_status":"open","ping_status":"closed","template":"","meta":[],"_links":{"self":[{"href":"https:\/\/www.saphy.com\/healthcare-cosmetique\/wp-json\/wp\/v2\/product\/1026"}],"collection":[{"href":"https:\/\/www.saphy.com\/healthcare-cosmetique\/wp-json\/wp\/v2\/product"}],"about":[{"href":"https:\/\/www.saphy.com\/healthcare-cosmetique\/wp-json\/wp\/v2\/types\/product"}],"replies":[{"embeddable":true,"href":"https:\/\/www.saphy.com\/healthcare-cosmetique\/wp-json\/wp\/v2\/comments?post=1026"}],"wp:featuredmedia":[{"embeddable":true,"href":"https:\/\/www.saphy.com\/healthcare-cosmetique\/wp-json\/wp\/v2\/media\/2183"}],"wp:attachment":[{"href":"https:\/\/www.saphy.com\/healthcare-cosmetique\/wp-json\/wp\/v2\/media?parent=1026"}],"curies":[{"name":"wp","href":"https:\/\/api.w.org\/{rel}","templated":true}]}}