{"id":1032,"date":"2014-12-16T11:11:09","date_gmt":"2014-12-16T10:11:09","guid":{"rendered":"https:\/\/www.saphy.com\/healthcare-cosmetique\/?post_type=product&#038;p=1032"},"modified":"2020-01-21T10:17:16","modified_gmt":"2020-01-21T09:17:16","slug":"dentifrice-blancheur-et-soinhimalaya-herbals","status":"publish","type":"product","link":"https:\/\/www.saphy.com\/healthcare-cosmetique\/produit\/dentifrice-blancheur-et-soinhimalaya-herbals\/","title":{"rendered":"Dentifrice blancheur et soin Himalaya Herbals"},"content":{"rendered":"<p>Dentifrice blancheur et soin Himalaya Herbals<\/p>\n<p>Le dentifrice blancheur et soin Himalaya Herbals 100% v\u00e9g\u00e9tal est formul\u00e9 \u00e0 partir d\u2019herbes sp\u00e9cifiques et d\u2019enzymes prot\u00e9olytiques extraites de la papaye et de l\u2019ananas gr\u00e2ce \u00e0 la Plant enzym technology, \u00e9limine en douceur les taches li\u00e9es aux colorants alimentaires en seulement2 semaines.<br \/>\nVos dents sont plus blanches et \u00e9clatantes de sant\u00e9.<\/p>\n<p><strong>Principaux composants botaniques<\/strong><\/p>\n<p>Miswak: Lutte contre l&rsquo;inflammation des gencives et r\u00e9duit le saignement<\/p>\n<p>Papaine et bromelaine des enzymes prot\u00e9olytiques pr\u00e9sentes dans la Papaye et l&rsquo;Ananas, blanchissent efficacement et en douceur les prot\u00e8ge les gencives<br \/>\n.<\/p>\n<p>Menthe : Procure une haleine fraiche<\/p>\n<p><strong>Action<\/strong><\/p>\n<p>Dents plus blanches en 2 semaines<\/p>\n<p>Action cibl\u00e9e contre les taches<\/p>\n<p>R\u00e9duit les saignements de gencives et \u00e9vite l\u2019inflammation<\/p>\n<p>Protection antibact\u00e9rienne pendant 12 heures<br \/>\nHaleine fraiche longue dur\u00e9e.<\/p>\n<p>Ingr\u00e9dients: sorbitol,aqua,hydrated silica,glycerin,silica,sodium lauryl sulphate,bromelain, xanthan gum,titanium dioxide,flavour sodium saccharin,sodium benzoate,potassium sorbate,papain,menthol,salvadora persica stem extract,sodium citrate,prunus amygdalus dulcis shell extract,cinnamomum zeylanicum bark oil,eugenia caryophyllus bud oil,thymol,citric acid,eugenol<\/p>\n<p>Himalaya Herbals\u00a0sparkly white\u00a0Toothpaste is formulated from specific herbs and proteolytic enzymes extracted from papaya and pineapple thanks to Plant Enzym technology, smoothly eliminates stains associated with food colors in only 2 weeks.<br \/>\nYour teeth are whiter and healthier.<br \/>\nMain botanical components<br \/>\nMiswak: Fight against gum inflammation and reduce bleeding<br \/>\nPapaya and bromelain proteolytic enzymes present in Papaya and Pineapple, effectively and gently whiten them protects the gums.<br \/>\nMint: Provides a fresh breath<br \/>\nAction<br \/>\nTeeth whiter in 2 weeks<br \/>\nTargeted action against spots<br \/>\nReduces gum bleeding and prevents inflammation<br \/>\nAntibacterial protection for 12 hours<\/p>\n<p>Ingr\u00e9dients: sorbitol,aqua,hydrated silica,glycerin,silica,sodium lauryl sulphate,bromelain, xanthan gum,titanium dioxide,flavour sodium saccharin,sodium benzoate,potassium sorbate,papain,menthol,salvadora persica stem extract,sodium citrate,prunus amygdalus dulcis shell extract,cinnamomum zeylanicum bark oil,eugenia caryophyllus bud oil,thymol,citric acid,eugenol<\/p>\n<p>&nbsp;<\/p>\n","protected":false},"excerpt":{"rendered":"<p>Le dentifrice blancheur et soin Himalaya Herbals 100% v\u00e9g\u00e9tal est formul\u00e9 \u00e0 partir d\u2019herbes sp\u00e9cifiques et d\u2019enzymes prot\u00e9olytiques extraites de la papaye et de l\u2019ananas gr\u00e2ce \u00e0 la Plant enzym technology, \u00e9limine en douceur les taches li\u00e9es aux colorants alimentaires en seulement2 semaines.<br \/>\nVos dents sont plus blanches et \u00e9clatantes de sant\u00e9.<\/p>\n<p><strong>Principaux composants botaniques<\/strong><\/p>\n<p>Miswak: Lutte contre l&rsquo;inflammation des gencives et r\u00e9duit le saignement<\/p>\n<p>Papaine et bromelaine des enzymes prot\u00e9olytiques pr\u00e9sentes dans la Papaye et l&rsquo;Ananas, blanchissent efficacement et en douceur les prot\u00e8ge les gencives<br \/>\n.<\/p>\n<p>Menthe : Procure une haleine fraiche<\/p>\n<p><strong>Action<\/strong><\/p>\n<p>Dents plus blanches en 2 semaines<\/p>\n<p>Action cibl\u00e9e contre les taches<\/p>\n<p>R\u00e9duit les saignements de gencives et \u00e9vite l\u2019inflammation<\/p>\n<p>Protection antibact\u00e9rienne pendant 12 heures<br \/>\nHaleine fraiche longue dur\u00e9e.<\/p>\n<p>Ingr\u00e9dients: sorbitol,aqua,hydrated silica,glycerin,silica,sodium lauryl sulphate,bromelain, xanthan gum,titanium dioxide,flavour sodium saccharin,sodium benzoate,potassium sorbate,papain,menthol,salvadora persica stem extract,sodium citrate,prunus amygdalus dulcis shell extract,cinnamomum zeylanicum bark oil,eugenia caryophyllus bud oil,thymol,citric acid,eugenol<\/p>\n<p>Himalaya Herbals\u00a0sparkly white\u00a0Toothpaste is formulated from specific herbs and proteolytic enzymes extracted from papaya and pineapple thanks to Plant Enzym technology, smoothly eliminates stains associated with food colors in only 2 weeks.<br \/>\nYour teeth are whiter and healthier.<br \/>\nMain botanical components<br \/>\nMiswak: Fight against gum inflammation and reduce bleeding<br \/>\nPapaya and bromelain proteolytic enzymes present in Papaya and Pineapple, effectively and gently whiten them protects the gums.<br \/>\nMint: Provides a fresh breath<br \/>\nAction<br \/>\nTeeth whiter in 2 weeks<br \/>\nTargeted action against spots<br \/>\nReduces gum bleeding and prevents inflammation<br \/>\nAntibacterial protection for 12 hours<\/p>\n<p>Ingr\u00e9dients: sorbitol,aqua,hydrated silica,glycerin,silica,sodium lauryl sulphate,bromelain, xanthan gum,titanium dioxide,flavour sodium saccharin,sodium benzoate,potassium sorbate,papain,menthol,salvadora persica stem extract,sodium citrate,prunus amygdalus dulcis shell extract,cinnamomum zeylanicum bark oil,eugenia caryophyllus bud oil,thymol,citric acid,eugenol<\/p>\n<p>&nbsp;<\/p>\n","protected":false},"featured_media":4033,"comment_status":"open","ping_status":"closed","template":"","meta":[],"_links":{"self":[{"href":"https:\/\/www.saphy.com\/healthcare-cosmetique\/wp-json\/wp\/v2\/product\/1032"}],"collection":[{"href":"https:\/\/www.saphy.com\/healthcare-cosmetique\/wp-json\/wp\/v2\/product"}],"about":[{"href":"https:\/\/www.saphy.com\/healthcare-cosmetique\/wp-json\/wp\/v2\/types\/product"}],"replies":[{"embeddable":true,"href":"https:\/\/www.saphy.com\/healthcare-cosmetique\/wp-json\/wp\/v2\/comments?post=1032"}],"wp:featuredmedia":[{"embeddable":true,"href":"https:\/\/www.saphy.com\/healthcare-cosmetique\/wp-json\/wp\/v2\/media\/4033"}],"wp:attachment":[{"href":"https:\/\/www.saphy.com\/healthcare-cosmetique\/wp-json\/wp\/v2\/media?parent=1032"}],"curies":[{"name":"wp","href":"https:\/\/api.w.org\/{rel}","templated":true}]}}