{"id":1039,"date":"2014-12-16T11:32:11","date_gmt":"2014-12-16T10:32:11","guid":{"rendered":"https:\/\/www.saphy.com\/healthcare-cosmetique\/?post_type=product&#038;p=1039"},"modified":"2025-05-06T09:56:24","modified_gmt":"2025-05-06T08:56:24","slug":"creme-des-mains-anti-agehimalaya-herbals","status":"publish","type":"product","link":"https:\/\/www.saphy.com\/healthcare-cosmetique\/produit\/creme-des-mains-anti-agehimalaya-herbals\/","title":{"rendered":"Cr\u00e8me des mains anti-\u00e2ge Himalaya Herbals 100ml"},"content":{"rendered":"<p>Cr\u00e8me des mains anti-\u00e2ge Himalaya Herbals<\/p>\n<p>Pr\u00e9vient le vieillissement pr\u00e9matur\u00e9 de la peau.<\/p>\n<p>Sp\u00e9cialement formul\u00e9e pour un usage quotidien, la cr\u00e8me des mains anti-\u00e2ge Himalaya Herbals hydrate et r\u00e9g\u00e9n\u00e8re intens\u00e9ment la peau. Visiblement plus lisses, vos mains semblent plus jeunes et plus souples.<\/p>\n<p>Le beurre de cacao r\u00e9hydrate et apaise la peau.<\/p>\n<p>La Rosemyrtle et\u00a0 le Woodfordia pr\u00e9viennent les taches pigmentaires et am\u00e9liore l\u2019\u00e9lasticit\u00e9\u00a0 de la peau.<\/p>\n<p>L\u2019Hedychium spicatum( Spikled ginger lily) et\u00a0 le Galanga prot\u00e8gent contre les agressions des UV et les effets nocifs de la lumi\u00e8re qui provoquent \u00a0le vieillissement pr\u00e9matur\u00e9 de la peau.<\/p>\n<p>Cette cr\u00e8me non-grasse et l\u00e9g\u00e8re est rapidement absorb\u00e9e par la peau. Elle r\u00e9pare et prot\u00e8ge les mains en renfor\u00e7ant les ongles et cuticules.<\/p>\n<p><strong>Principaux composants botaniques<\/strong><\/p>\n<p>Beurre de cacao<\/p>\n<p>Rosemyrtle<\/p>\n<p>Woodfordia<\/p>\n<p>Hedychium spicatum (Spiked Ginger Lily)<\/p>\n<p>Galanga<\/p>\n<p><strong>Conseil d\u2019utilisation<\/strong><\/p>\n<p>Appliquez sur les mains en massant jusqu&rsquo;\u00e0 absorption compl\u00e8te. Renouvelez l\u2019application plusieurs fois par jour, aussi souvent que n\u00e9cessaire.<\/p>\n<p>Ingr\u00e9dients:\u00a0Aqua, caprylic\/capric triglyceride, isopropyl myristate, glyceryl stearate SE, ricinus communis seed oil and hydrogenated castor oil, cetearyl alcohol, cetyl alcohol, sorbitan stearate &amp; sucrose cocoate, glycerin, sodium cetearyl sulfate, methylisothiozolinone &amp; phenoxyethanol, dimethicone, carbomer, sodium benzoate, parfum, theobroma cacao seed butter, tocopheryl acetate, sodium hydroxide, disodium EDTA, hedychium spicatum extract, alpinia galanga rhizome extract, hexyl cinnamal, cipadessa baccifera flower\/leaf\/stem extract, citronellol, rhodomyrtus tomentosa flower\/leaf\/stem extract, woodfordia fruticosa flower extract, benzyl salicylate, butylphenyl methylpropional, linalool, alpha isomethyl ionone,<\/p>\n<p>Himalaya Herbals anti-aging hand cream<br \/>\nPrevents premature aging of the skin.<br \/>\nSpecially formulated for daily use, Himalaya Herbals Anti-Aging Hand Cream intensively moisturises and regenerates the skin. Visibly smoother, your hands look younger and more flexible.<br \/>\nCocoa butter rehydrates and soothes the skin.<br \/>\nRosemyrtle and Woodfordia prevent pigment spots and improve skin elasticity.<br \/>\nHedychium spicatum (Spikled ginger lily) and Galanga protect against UV aggressions and the harmful effects of light that cause premature aging of the skin.<br \/>\nThis non-greasy and light cream is quickly absorbed by the skin. It repairs and protects the hands by strengthening the nails and cuticles.<br \/>\nMain botanical components<br \/>\nCocoa butter<br \/>\nRosemyrtle<br \/>\nWoodfordia<br \/>\nHedychium spicatum (Spiked Ginger Lily)<br \/>\ngalangal<br \/>\nUsing advice<br \/>\nApply on the hands while massaging until completely absorbed. Renew the application several times a day, as often as necessary.<\/p>\n<p>Ingr\u00e9dients:\u00a0<span style=\"display: inline !important; float: none; background-color: transparent; color: #333333; cursor: text; font-family: Georgia,'Times New Roman','Bitstream Charter',Times,serif; font-size: 16px; font-style: normal; font-variant: normal; font-weight: 400; letter-spacing: normal; orphans: 2; text-align: left; text-decoration: none; text-indent: 0px; text-transform: none; -webkit-text-stroke-width: 0px; white-space: normal; word-spacing: 0px;\">Ingr\u00e9dients:\u00a0Aqua, caprylic\/capric triglyceride, isopropyl myristate, glyceryl stearate SE, ricinus communis seed oil and hydrogenated castor oil, cetearyl alcohol, cetyl alcohol, sorbitan stearate &amp; sucrose cocoate, glycerin, sodium cetearyl sulfate, methylisothiozolinone &amp; phenoxyethanol, dimethicone, carbomer, sodium benzoate, parfum, theobroma cacao seed butter, tocopheryl acetate, sodium hydroxide, disodium EDTA, hedychium spicatum extract, alpinia galanga rhizome extract, hexyl cinnamal, cipadessa baccifera flower\/leaf\/stem extract, citronellol, rhodomyrtus tomentosa flower\/leaf\/stem extract, woodfordia fruticosa flower extract, benzyl salicylate, butylphenyl methylpropional, linalool, alpha isomethyl ionone,\u00a0<\/span><\/p>\n","protected":false},"excerpt":{"rendered":"<p>Cr\u00e8me des mains anti-\u00e2ge Himalaya Herbals<\/p>\n<p>Pr\u00e9vient le vieillissement pr\u00e9matur\u00e9 de la peau.<\/p>\n<p>Sp\u00e9cialement formul\u00e9e pour un usage quotidien, la cr\u00e8me des mains anti-\u00e2ge Himalaya Herbals hydrate et r\u00e9g\u00e9n\u00e8re intens\u00e9ment la peau. Visiblement plus lisses, vos mains semblent plus jeunes et plus souples.<\/p>\n<p>Le beurre de cacao r\u00e9hydrate et apaise la peau.<\/p>\n<p>La Rosemyrtle et\u00a0 le Woodfordia pr\u00e9viennent les taches pigmentaires et am\u00e9liore l\u2019\u00e9lasticit\u00e9\u00a0 de la peau.<\/p>\n<p>L\u2019Hedychium spicatum( Spikled ginger lily) et\u00a0 le Galanga prot\u00e8gent contre les agressions des UV et les effets nocifs de la lumi\u00e8re qui provoquent \u00a0le vieillissement pr\u00e9matur\u00e9 de la peau.<\/p>\n<p>Cette cr\u00e8me non-grasse et l\u00e9g\u00e8re est rapidement absorb\u00e9e par la peau. Elle r\u00e9pare et prot\u00e8ge les mains en renfor\u00e7ant les ongles et cuticules.<\/p>\n<p><strong>Principaux composants botaniques<\/strong><\/p>\n<p>Beurre de cacao<\/p>\n<p>Rosemyrtle<\/p>\n<p>Woodfordia<\/p>\n<p>Hedychium spicatum (Spiked Ginger Lily)<\/p>\n<p>Galanga<\/p>\n<p><strong>Conseil d\u2019utilisation<\/strong><\/p>\n<p>Appliquez sur les mains en massant jusqu&rsquo;\u00e0 absorption compl\u00e8te. Renouvelez l\u2019application plusieurs fois par jour, aussi souvent que n\u00e9cessaire.<\/p>\n<p>Ingr\u00e9dients:\u00a0Aqua, caprylic\/capric triglyceride, isopropyl myristate, glyceryl stearate SE, ricinus communis seed oil and hydrogenated castor oil, cetearyl alcohol, cetyl alcohol, sorbitan stearate &amp; sucrose cocoate, glycerin, sodium cetearyl sulfate, methylisothiozolinone &amp; phenoxyethanol, dimethicone, carbomer, sodium benzoate, parfum, theobroma cacao seed butter, tocopheryl acetate, sodium hydroxide, disodium EDTA, hedychium spicatum extract, alpinia galanga rhizome extract, hexyl cinnamal, cipadessa baccifera flower\/leaf\/stem extract, citronellol, rhodomyrtus tomentosa flower\/leaf\/stem extract, woodfordia fruticosa flower extract, benzyl salicylate, butylphenyl methylpropional, linalool, alpha isomethyl ionone,<\/p>\n<p>Himalaya Herbals anti-aging hand cream<br \/>\nPrevents premature aging of the skin.<br \/>\nSpecially formulated for daily use, Himalaya Herbals Anti-Aging Hand Cream intensively moisturises and regenerates the skin. Visibly smoother, your hands look younger and more flexible.<br \/>\nCocoa butter rehydrates and soothes the skin.<br \/>\nRosemyrtle and Woodfordia prevent pigment spots and improve skin elasticity.<br \/>\nHedychium spicatum (Spikled ginger lily) and Galanga protect against UV aggressions and the harmful effects of light that cause premature aging of the skin.<br \/>\nThis non-greasy and light cream is quickly absorbed by the skin. It repairs and protects the hands by strengthening the nails and cuticles.<br \/>\nMain botanical components<br \/>\nCocoa butter<br \/>\nRosemyrtle<br \/>\nWoodfordia<br \/>\nHedychium spicatum (Spiked Ginger Lily)<br \/>\ngalangal<br \/>\nUsing advice<br \/>\nApply on the hands while massaging until completely absorbed. Renew the application several times a day, as often as necessary.<\/p>\n<p>Ingr\u00e9dients:\u00a0Ingr\u00e9dients:\u00a0Aqua, caprylic\/capric triglyceride, isopropyl myristate, glyceryl stearate SE, ricinus communis seed oil and hydrogenated castor oil, cetearyl alcohol, cetyl alcohol, sorbitan stearate &amp; sucrose cocoate, glycerin, sodium cetearyl sulfate, methylisothiozolinone &amp; phenoxyethanol, dimethicone, carbomer, sodium benzoate, parfum, theobroma cacao seed butter, tocopheryl acetate, sodium hydroxide, disodium EDTA, hedychium spicatum extract, alpinia galanga rhizome extract, hexyl cinnamal, cipadessa baccifera flower\/leaf\/stem extract, citronellol, rhodomyrtus tomentosa flower\/leaf\/stem extract, woodfordia fruticosa flower extract, benzyl salicylate, butylphenyl methylpropional, linalool, alpha isomethyl ionone,<\/p>\n","protected":false},"featured_media":4028,"comment_status":"open","ping_status":"closed","template":"","meta":[],"_links":{"self":[{"href":"https:\/\/www.saphy.com\/healthcare-cosmetique\/wp-json\/wp\/v2\/product\/1039"}],"collection":[{"href":"https:\/\/www.saphy.com\/healthcare-cosmetique\/wp-json\/wp\/v2\/product"}],"about":[{"href":"https:\/\/www.saphy.com\/healthcare-cosmetique\/wp-json\/wp\/v2\/types\/product"}],"replies":[{"embeddable":true,"href":"https:\/\/www.saphy.com\/healthcare-cosmetique\/wp-json\/wp\/v2\/comments?post=1039"}],"wp:featuredmedia":[{"embeddable":true,"href":"https:\/\/www.saphy.com\/healthcare-cosmetique\/wp-json\/wp\/v2\/media\/4028"}],"wp:attachment":[{"href":"https:\/\/www.saphy.com\/healthcare-cosmetique\/wp-json\/wp\/v2\/media?parent=1039"}],"curies":[{"name":"wp","href":"https:\/\/api.w.org\/{rel}","templated":true}]}}