{"id":1042,"date":"2014-12-16T11:39:43","date_gmt":"2014-12-16T10:39:43","guid":{"rendered":"https:\/\/www.saphy.com\/healthcare-cosmetique\/produit\/creme-nourrissante-universelle-visage-et-corps-150ml\/"},"modified":"2022-08-17T12:21:29","modified_gmt":"2022-08-17T11:21:29","slug":"creme-nourrissante-universelle-visage-et-corps-150mhimalaya-herbalsl","status":"publish","type":"product","link":"https:\/\/www.saphy.com\/healthcare-cosmetique\/produit\/creme-nourrissante-universelle-visage-et-corps-150mhimalaya-herbalsl\/","title":{"rendered":"Cr\u00e8me nourrissante universelle Himalaya Herbals"},"content":{"rendered":"<h1>Cr\u00e8me nourrissante universelle Himalaya Herbals<\/h1>\n<p>La cr\u00e8me nourrissante universelle\u00a0 Himalaya Herbals est un soin aux plantes ayurv\u00e9diques\u00a0 \u00e0 la texture l\u00e9g\u00e8re et non-grasse id\u00e9al pour toute la famille.<\/p>\n<p>L\u2019Aloe Vera hydrate et nourrit. Les cerises d\u2019hiver et l\u2019arbre de Kino indien prot\u00e8gent votre peau de la pollution et des agressions climatiques . Votre peau est douce, souple et prot\u00e9g\u00e9e pendant 24H.<\/p>\n<p>Visage et corps<\/p>\n<p>150 ml<\/p>\n<p>Test\u00e9 sous contr\u00f4le dermatologique.<br \/>\nEfficacit\u00e9 test\u00e9e sous contr\u00f4le clinique.<\/p>\n<p>Ingr\u00e9dients:\u00a0Aqua, Mineral Oil, Glycerin, Cetyl Alcohol, Cetearyl Ethylhexanoate, Glyceryl Stearate SE, Cetostearyl Alcohol, Triethanolamine, Aloe Barbadensis Leaf Extract, Pterocarpus Marsupium Wood Extract, Glyceryl Stearate (and) PEG-100 Stearate, Carbomer, Phenoxyethanol, Parfum, Withania Somnifera Root Extract, Centella Asiatica Extract, Methylparaben, Propylparaben, BHT, Disodium EDTA, Hexyl Cinnamal, Butylphenyl Methylpropional, Benzyl Salicylate, Linalool, Hydroxycitronnellal, Limonene.<\/p>\n<p><strong>Himalaya Herbals Nourishing skin cream<\/strong><\/p>\n<p>The nourishing cream universal Himalaya Herbals is a care herbal Ayurvedic light texture and nonfattening ideal for the whole family.<br \/>\nAloe Vera hydrates and nourishes. Cherries in winter and the Indian Kino tree protect your skin from pollution and climate aggressions. Your skin is soft, flexible and protected for 24 hours.<br \/>\nFace and body<br \/>\n150 ml<\/p>\n<p>Ingr\u00e9dients:\u00a0Aqua, Mineral Oil, Glycerin, Cetyl Alcohol, Cetearyl Ethylhexanoate, Glyceryl Stearate SE, Cetostearyl Alcohol, Triethanolamine, Aloe Barbadensis Leaf Extract, Pterocarpus Marsupium Wood Extract, Glyceryl Stearate (and) PEG-100 Stearate, Carbomer, Phenoxyethanol, Parfum, Withania Somnifera Root Extract, Centella Asiatica Extract, Methylparaben, Propylparaben, BHT, Disodium EDTA, Hexyl Cinnamal, Butylphenyl Methylpropional, Benzyl Salicylate, Linalool, Hydroxycitronnellal, Limonene.<\/p>\n<p>Himalaya Herbals Nourishing skin cream<\/p>\n","protected":false},"excerpt":{"rendered":"<h1>Cr\u00e8me nourrissante universelle Himalaya Herbals<\/h1>\n<p>La cr\u00e8me nourrissante universelle\u00a0 Himalaya Herbals est un soin aux plantes ayurv\u00e9diques\u00a0 \u00e0 la texture l\u00e9g\u00e8re et non-grasse id\u00e9al pour toute la famille.<\/p>\n<p>L\u2019Aloe Vera hydrate et nourrit. Les cerises d\u2019hiver et l\u2019arbre de Kino indien prot\u00e8gent votre peau de la pollution et des agressions climatiques . Votre peau est douce, souple et prot\u00e9g\u00e9e pendant 24H.<\/p>\n<p>Visage et corps<\/p>\n<p>150 ml<\/p>\n<p>Test\u00e9 sous contr\u00f4le dermatologique.<br \/>\nEfficacit\u00e9 test\u00e9e sous contr\u00f4le clinique.<\/p>\n<p>Ingr\u00e9dients:\u00a0Aqua, Mineral Oil, Glycerin, Cetyl Alcohol, Cetearyl Ethylhexanoate, Glyceryl Stearate SE, Cetostearyl Alcohol, Triethanolamine, Aloe Barbadensis Leaf Extract, Pterocarpus Marsupium Wood Extract, Glyceryl Stearate (and) PEG-100 Stearate, Carbomer, Phenoxyethanol, Parfum, Withania Somnifera Root Extract, Centella Asiatica Extract, Methylparaben, Propylparaben, BHT, Disodium EDTA, Hexyl Cinnamal, Butylphenyl Methylpropional, Benzyl Salicylate, Linalool, Hydroxycitronnellal, Limonene.<\/p>\n<p><strong>Himalaya Herbals Nourishing skin cream<\/strong><\/p>\n<p>The nourishing cream universal Himalaya Herbals is a care herbal Ayurvedic light texture and nonfattening ideal for the whole family.<br \/>\nAloe Vera hydrates and nourishes. Cherries in winter and the Indian Kino tree protect your skin from pollution and climate aggressions. Your skin is soft, flexible and protected for 24 hours.<br \/>\nFace and body<br \/>\n150 ml<\/p>\n<p>Ingr\u00e9dients:\u00a0Aqua, Mineral Oil, Glycerin, Cetyl Alcohol, Cetearyl Ethylhexanoate, Glyceryl Stearate SE, Cetostearyl Alcohol, Triethanolamine, Aloe Barbadensis Leaf Extract, Pterocarpus Marsupium Wood Extract, Glyceryl Stearate (and) PEG-100 Stearate, Carbomer, Phenoxyethanol, Parfum, Withania Somnifera Root Extract, Centella Asiatica Extract, Methylparaben, Propylparaben, BHT, Disodium EDTA, Hexyl Cinnamal, Butylphenyl Methylpropional, Benzyl Salicylate, Linalool, Hydroxycitronnellal, Limonene.<\/p>\n<p>Himalaya Herbals Nourishing skin cream<\/p>\n","protected":false},"featured_media":3989,"comment_status":"open","ping_status":"closed","template":"","meta":[],"_links":{"self":[{"href":"https:\/\/www.saphy.com\/healthcare-cosmetique\/wp-json\/wp\/v2\/product\/1042"}],"collection":[{"href":"https:\/\/www.saphy.com\/healthcare-cosmetique\/wp-json\/wp\/v2\/product"}],"about":[{"href":"https:\/\/www.saphy.com\/healthcare-cosmetique\/wp-json\/wp\/v2\/types\/product"}],"replies":[{"embeddable":true,"href":"https:\/\/www.saphy.com\/healthcare-cosmetique\/wp-json\/wp\/v2\/comments?post=1042"}],"wp:featuredmedia":[{"embeddable":true,"href":"https:\/\/www.saphy.com\/healthcare-cosmetique\/wp-json\/wp\/v2\/media\/3989"}],"wp:attachment":[{"href":"https:\/\/www.saphy.com\/healthcare-cosmetique\/wp-json\/wp\/v2\/media?parent=1042"}],"curies":[{"name":"wp","href":"https:\/\/api.w.org\/{rel}","templated":true}]}}