{"id":1044,"date":"2014-12-16T12:04:28","date_gmt":"2014-12-16T11:04:28","guid":{"rendered":"https:\/\/www.saphy.com\/healthcare-cosmetique\/?post_type=product&#038;p=1044"},"modified":"2022-01-03T15:44:02","modified_gmt":"2022-01-03T14:44:02","slug":"gel-pour-le-corps-ligne-dor-yellow-rose-cosmetics","status":"publish","type":"product","link":"https:\/\/www.saphy.com\/healthcare-cosmetique\/produit\/gel-pour-le-corps-ligne-dor-yellow-rose-cosmetics\/","title":{"rendered":"Gel pour le corps ligne d&rsquo;or Yellow Rose cosmetiques"},"content":{"rendered":"<h1>Gel pour le corps ligne d&rsquo;or Yellow Rose cosmetiques<\/h1>\n<p>Un gel haut de gamme \u00e0 l\u2019or pur 24 carats anti imperfections tout en 1 qui sublime instantan\u00e9ment.<\/p>\n<p>Le premier BB gel pour votre corps. Il prot\u00e8ge, hydrate et nourrit la peau. Une formule sp\u00e9cifique anti-cellulite, anti-gonflement qui draine, booste la microcirculation et red\u00e9finit les contours de votre corps.<\/p>\n<p><strong>OR 24 carats<\/strong>\u00a0R\u00e9pare les tissus endommag\u00e9s ,r\u00e9g\u00e9n\u00e8re les cellules ,corrige les aspects inesth\u00e9tiques de la peau, prot\u00e8ge du vieillissement cutan\u00e9 apaise et r\u00e9v\u00e8le l\u2019\u00e9clat de la peau.<\/p>\n<p><strong>Prot\u00e9ines de Soie<\/strong>\u00a0aux propri\u00e9t\u00e9s hydratantes et raffermissantes qui laissent la peau soyeuse<\/p>\n<p><strong>Extrait de Gingembre<\/strong>\u00a0qui active la microcirculation, raffermit , am\u00e9liore l\u2019\u00e9lasticit\u00e9 de la peau et lutte contre la cellulite<\/p>\n<p><strong>Un complexe brevet\u00e9<\/strong>\u00a0aux propri\u00e9t\u00e9s lipolytiques compos\u00e9 de Caf\u00e9ine, de Coenzyme A et d\u2019extraits de Bupl\u00e8vre Chinois qui combat la cellulite, red\u00e9finit les contours du corps, am\u00e9liore l\u2019aspect et la fermet\u00e9 de la peau<\/p>\n<p><strong>Liposomes avec Carnitine, Caf\u00e9ine et Marron d\u2019Inde<\/strong>\u00a0stimulent la micro circulation, am\u00e9liorent l\u2019\u00e9lasticit\u00e9 et la fermet\u00e9 de la peau<\/p>\n<p><strong>C\u00e9ramides et Phytosphingosine\u00a0<\/strong>protectrices et nourrissantes<\/p>\n<p><strong>Silice Organique<\/strong>\u00a0combin\u00e9e a l\u2019Arginine tr\u00e8s efficace dans le traitement de la cellulite<\/p>\n<p>Des Prot\u00e9ines de Riz\u00a0raffermissantes<\/p>\n<p>Un d\u00e9riv\u00e9 de Menthol\u00a0D\u00e9congestionne ,rafraichit et tonifie<\/p>\n<p>Ingr\u00e9dients:\u00a0Aqua (Water), Alcohol Denat, Glycerin, Propylene Glycol, Butylene Glycol, Bupleurum Falcatum Root Extract, Zingiber Officinale (Ginger) Root Extract, Hydrolyzed Silk, Hydrolyzed Rice Protein, Lecithin, Caffeine, Escin, Silanetriol Arginate, CI 77480 (Gold), Palmitoyl Carnitine, Ceramide AP, Ceramide NP, Ceramide EOP, Cholesterol, Phytosphingosine, Coenzyme A, Allantoin, Panthenol, Ammonium Polyacrylate, Isohexadecane, Xanthan Gum, Glyceryl Acrylate\/\u0391crylic Acid Copolymer, Polyquaternium-39, Polysorbate 20, Sodium Lauroyl Lactylate, Menthyl Lactate, PEG-40 Castor Oil, Ethylhexylglycerin, PEG-12 Dimethicone, PPG-26 Buteth-26, Phenoxyethanol, Sodium Hydroxide, PEG-40 Hydrogenated Castor Oil, Carbomer, PEG-8, Parfum (Fragrance), Hexyl Cinnamaldehyde, Linalool, 2-(4-tert-Butylbenzyl)propionaldehyde, Geraniol, 3-Methyl-4-(2,6,6-trimethyl-2-cyclohexen-1-yl)-3-buten-2-one<\/p>\n<p><strong>Golden line Ginger body gel with 23 K gold Yellow rose cosmetics<\/strong><\/p>\n<p>A luxurious, highly advanced gel with 23 karat gold, silk proteins, lipolytic and firming and moisturizing ingredients for an intensive body care.<\/p>\n<p>Firms, tones, improves skins elasticity and helps reduce cellulite.<\/p>\n<p>Leaves skin silky smooth, rejuvenated, radiant and toned. Can be effectively combined with the other Yellow Rose Golden Line Ginger Body products.<br \/>\nUse<br \/>\nApply to clean skin and massage gently until absorbed.<br \/>\nMain Ingredients<br \/>\n23 karat Gold<br \/>\nRejuvenating 23 karat Gold.<br \/>\nSilk proteins<br \/>\nMoisturize, firm and make skin silky smooth.<br \/>\nGinger extract<br \/>\nGinger is one of the oldest medicinal plants. Stimulates microcirculation and tones.<br \/>\nLiposomes with Carnitine and Caffeine<br \/>\nCaffeine and Carnitine act in synergy to increase firmness, elasticity, skin tonus and have lipolytic action.<br \/>\nA patented lipolytic mixture of Caffeine, Coenzyme A, and Bupleurum chinensis extract<br \/>\nFights cellulite by stimulating the catabolism of lipids, a process that empties excess fat stored in the adipocytes. Refines body contour and improves skin firmness.<br \/>\nLiposomes with Escin<br \/>\nEscin is considered to be the most important active agent of Horse-Chestnut seeds (Aesculus hippocastanum). It exhibits anti-inflammatory action and it is very effective in the treatment of cellulite by stimulating the blood microcirculation.<br \/>\nMixture of Ceramides and Phytosphingosine<br \/>\nProtects and helps moisturize the skin.<br \/>\nSilanol with Arginine<br \/>\nWith firming properties.<br \/>\nContains also<br \/>\nRice proteins, Menthol derivative, Allantoin and d-Panthenol.<\/p>\n<p>Ingr\u00e9dients:\u00a0Aqua (Water), Alcohol Denat, Glycerin, Propylene Glycol, Butylene Glycol, Bupleurum Falcatum Root Extract, Zingiber Officinale (Ginger) Root Extract, Hydrolyzed Silk, Hydrolyzed Rice Protein, Lecithin, Caffeine, Escin, Silanetriol Arginate, CI 77480 (Gold), Palmitoyl Carnitine, Ceramide AP, Ceramide NP, Ceramide EOP, Cholesterol, Phytosphingosine, Coenzyme A, Allantoin, Panthenol, Ammonium Polyacrylate, Isohexadecane, Xanthan Gum, Glyceryl Acrylate\/\u0391crylic Acid Copolymer, Polyquaternium-39, Polysorbate 20, Sodium Lauroyl Lactylate, Menthyl Lactate, PEG-40 Castor Oil, Ethylhexylglycerin, PEG-12 Dimethicone, PPG-26 Buteth-26, Phenoxyethanol, Sodium Hydroxide, PEG-40 Hydrogenated Castor Oil, Carbomer, PEG-8, Parfum (Fragrance), Hexyl Cinnamaldehyde, Linalool, 2-(4-tert-Butylbenzyl)propionaldehyde, Geraniol, 3-Methyl-4-(2,6,6-trimethyl-2-cyclohexen-1-yl)-3-buten-2-one, CI 15985 (Yellow 6)<\/p>\n","protected":false},"excerpt":{"rendered":"<h1>Gel pour le corps ligne d&rsquo;or Yellow Rose cosmetiques<\/h1>\n<p>Un gel haut de gamme \u00e0 l\u2019or pur 24 carats anti imperfections tout en 1 qui sublime instantan\u00e9ment.<\/p>\n<p>Le premier BB gel pour votre corps. Il prot\u00e8ge, hydrate et nourrit la peau. Une formule sp\u00e9cifique anti-cellulite, anti-gonflement qui draine, booste la microcirculation et red\u00e9finit les contours de votre corps.<\/p>\n<p><strong>OR 24 carats<\/strong>\u00a0R\u00e9pare les tissus endommag\u00e9s ,r\u00e9g\u00e9n\u00e8re les cellules ,corrige les aspects inesth\u00e9tiques de la peau, prot\u00e8ge du vieillissement cutan\u00e9 apaise et r\u00e9v\u00e8le l\u2019\u00e9clat de la peau.<\/p>\n<p><strong>Prot\u00e9ines de Soie<\/strong>\u00a0aux propri\u00e9t\u00e9s hydratantes et raffermissantes qui laissent la peau soyeuse<\/p>\n<p><strong>Extrait de Gingembre<\/strong>\u00a0qui active la microcirculation, raffermit , am\u00e9liore l\u2019\u00e9lasticit\u00e9 de la peau et lutte contre la cellulite<\/p>\n<p><strong>Un complexe brevet\u00e9<\/strong>\u00a0aux propri\u00e9t\u00e9s lipolytiques compos\u00e9 de Caf\u00e9ine, de Coenzyme A et d\u2019extraits de Bupl\u00e8vre Chinois qui combat la cellulite, red\u00e9finit les contours du corps, am\u00e9liore l\u2019aspect et la fermet\u00e9 de la peau<\/p>\n<p><strong>Liposomes avec Carnitine, Caf\u00e9ine et Marron d\u2019Inde<\/strong>\u00a0stimulent la micro circulation, am\u00e9liorent l\u2019\u00e9lasticit\u00e9 et la fermet\u00e9 de la peau<\/p>\n<p><strong>C\u00e9ramides et Phytosphingosine\u00a0<\/strong>protectrices et nourrissantes<\/p>\n<p><strong>Silice Organique<\/strong>\u00a0combin\u00e9e a l\u2019Arginine tr\u00e8s efficace dans le traitement de la cellulite<\/p>\n<p>Des Prot\u00e9ines de Riz\u00a0raffermissantes<\/p>\n<p>Un d\u00e9riv\u00e9 de Menthol\u00a0D\u00e9congestionne ,rafraichit et tonifie<\/p>\n<p>Ingr\u00e9dients:\u00a0Aqua (Water), Alcohol Denat, Glycerin, Propylene Glycol, Butylene Glycol, Bupleurum Falcatum Root Extract, Zingiber Officinale (Ginger) Root Extract, Hydrolyzed Silk, Hydrolyzed Rice Protein, Lecithin, Caffeine, Escin, Silanetriol Arginate, CI 77480 (Gold), Palmitoyl Carnitine, Ceramide AP, Ceramide NP, Ceramide EOP, Cholesterol, Phytosphingosine, Coenzyme A, Allantoin, Panthenol, Ammonium Polyacrylate, Isohexadecane, Xanthan Gum, Glyceryl Acrylate\/\u0391crylic Acid Copolymer, Polyquaternium-39, Polysorbate 20, Sodium Lauroyl Lactylate, Menthyl Lactate, PEG-40 Castor Oil, Ethylhexylglycerin, PEG-12 Dimethicone, PPG-26 Buteth-26, Phenoxyethanol, Sodium Hydroxide, PEG-40 Hydrogenated Castor Oil, Carbomer, PEG-8, Parfum (Fragrance), Hexyl Cinnamaldehyde, Linalool, 2-(4-tert-Butylbenzyl)propionaldehyde, Geraniol, 3-Methyl-4-(2,6,6-trimethyl-2-cyclohexen-1-yl)-3-buten-2-one<\/p>\n<p><strong>Golden line Ginger body gel with 23 K gold Yellow rose cosmetics<\/strong><\/p>\n<p>A luxurious, highly advanced gel with 23 karat gold, silk proteins, lipolytic and firming and moisturizing ingredients for an intensive body care.<\/p>\n<p>Firms, tones, improves skins elasticity and helps reduce cellulite.<\/p>\n<p>Leaves skin silky smooth, rejuvenated, radiant and toned. Can be effectively combined with the other Yellow Rose Golden Line Ginger Body products.<br \/>\nUse<br \/>\nApply to clean skin and massage gently until absorbed.<br \/>\nMain Ingredients<br \/>\n23 karat Gold<br \/>\nRejuvenating 23 karat Gold.<br \/>\nSilk proteins<br \/>\nMoisturize, firm and make skin silky smooth.<br \/>\nGinger extract<br \/>\nGinger is one of the oldest medicinal plants. Stimulates microcirculation and tones.<br \/>\nLiposomes with Carnitine and Caffeine<br \/>\nCaffeine and Carnitine act in synergy to increase firmness, elasticity, skin tonus and have lipolytic action.<br \/>\nA patented lipolytic mixture of Caffeine, Coenzyme A, and Bupleurum chinensis extract<br \/>\nFights cellulite by stimulating the catabolism of lipids, a process that empties excess fat stored in the adipocytes. Refines body contour and improves skin firmness.<br \/>\nLiposomes with Escin<br \/>\nEscin is considered to be the most important active agent of Horse-Chestnut seeds (Aesculus hippocastanum). It exhibits anti-inflammatory action and it is very effective in the treatment of cellulite by stimulating the blood microcirculation.<br \/>\nMixture of Ceramides and Phytosphingosine<br \/>\nProtects and helps moisturize the skin.<br \/>\nSilanol with Arginine<br \/>\nWith firming properties.<br \/>\nContains also<br \/>\nRice proteins, Menthol derivative, Allantoin and d-Panthenol.<\/p>\n<p>Ingr\u00e9dients:\u00a0Aqua (Water), Alcohol Denat, Glycerin, Propylene Glycol, Butylene Glycol, Bupleurum Falcatum Root Extract, Zingiber Officinale (Ginger) Root Extract, Hydrolyzed Silk, Hydrolyzed Rice Protein, Lecithin, Caffeine, Escin, Silanetriol Arginate, CI 77480 (Gold), Palmitoyl Carnitine, Ceramide AP, Ceramide NP, Ceramide EOP, Cholesterol, Phytosphingosine, Coenzyme A, Allantoin, Panthenol, Ammonium Polyacrylate, Isohexadecane, Xanthan Gum, Glyceryl Acrylate\/\u0391crylic Acid Copolymer, Polyquaternium-39, Polysorbate 20, Sodium Lauroyl Lactylate, Menthyl Lactate, PEG-40 Castor Oil, Ethylhexylglycerin, PEG-12 Dimethicone, PPG-26 Buteth-26, Phenoxyethanol, Sodium Hydroxide, PEG-40 Hydrogenated Castor Oil, Carbomer, PEG-8, Parfum (Fragrance), Hexyl Cinnamaldehyde, Linalool, 2-(4-tert-Butylbenzyl)propionaldehyde, Geraniol, 3-Methyl-4-(2,6,6-trimethyl-2-cyclohexen-1-yl)-3-buten-2-one, CI 15985 (Yellow 6)<\/p>\n","protected":false},"featured_media":2969,"comment_status":"open","ping_status":"closed","template":"","meta":[],"_links":{"self":[{"href":"https:\/\/www.saphy.com\/healthcare-cosmetique\/wp-json\/wp\/v2\/product\/1044"}],"collection":[{"href":"https:\/\/www.saphy.com\/healthcare-cosmetique\/wp-json\/wp\/v2\/product"}],"about":[{"href":"https:\/\/www.saphy.com\/healthcare-cosmetique\/wp-json\/wp\/v2\/types\/product"}],"replies":[{"embeddable":true,"href":"https:\/\/www.saphy.com\/healthcare-cosmetique\/wp-json\/wp\/v2\/comments?post=1044"}],"wp:featuredmedia":[{"embeddable":true,"href":"https:\/\/www.saphy.com\/healthcare-cosmetique\/wp-json\/wp\/v2\/media\/2969"}],"wp:attachment":[{"href":"https:\/\/www.saphy.com\/healthcare-cosmetique\/wp-json\/wp\/v2\/media?parent=1044"}],"curies":[{"name":"wp","href":"https:\/\/api.w.org\/{rel}","templated":true}]}}