{"id":1048,"date":"2014-12-16T12:09:24","date_gmt":"2014-12-16T11:09:24","guid":{"rendered":"https:\/\/www.saphy.com\/healthcare-cosmetique\/produit\/gommage-extraordinaire-raffermissant-corps-gingembre-et-soie-250ml\/"},"modified":"2025-05-06T09:56:14","modified_gmt":"2025-05-06T08:56:14","slug":"gommage-raffermissant-corps-gingembre-et-soie-250mlyellow-rose-cosmetique","status":"publish","type":"product","link":"https:\/\/www.saphy.com\/healthcare-cosmetique\/produit\/gommage-raffermissant-corps-gingembre-et-soie-250mlyellow-rose-cosmetique\/","title":{"rendered":"Gommage  raffermissant corps Gingembre et Soie Yellow Rose cosmetiques"},"content":{"rendered":"<h1>Gommage raffermissant corps Gingembre et Soie Yellow Rose cosmetiques<\/h1>\n<p>Un gommage unique formul\u00e9 \u00e0 base de gel hydratant enrichi en prot\u00e9ines de soie ultra adoucissantes et en grains de gingembre exfoliants tonifiant.<\/p>\n<p>Ce soin exfoliant nettoie la peau en profondeur, \u00e9limine les cellules mortes, booste le renouvellement cellulaire et active la microcirculation. La peau est lisse et douce comme de la soie.<\/p>\n<p><strong>Extrait naturel de gingembre<\/strong> : Booste la microcirculation<\/p>\n<p><strong>Huile de gingembre<\/strong>: Tonifie la peau<\/p>\n<p><strong>Prot\u00e9ines de soie<\/strong> : Hydratent et augmentent l\u2019\u00e9lasticit\u00e9 de la peau<\/p>\n<p><strong>Association de c\u00e9ramides et phytosphingosine<\/strong> : Prot\u00e8ge et nourrit la peau<\/p>\n<p><strong>Huile de jojoba et camomille<\/strong> : Apaise et adoucit<\/p>\n<p><strong>D-panth\u00e9nol<\/strong> :Revitalise<\/p>\n<p>Sans parab\u00e8nes<\/p>\n<p>250 ml<\/p>\n<p>Ingr\u00e9dients:\u00a0Aqua (Water), Nylon-6, Polyethylene, Propylene Glycol, Butylene Glycol, Ammonium Acryloyldimethyltaurate\/VP Copolymer, Glycerin, PEG-32, PEG-6, Zingiber Officinale (Ginger) Root Extract, Hydrolyzed Silk, Chamomilla Recutita (Matricaria) Flower Extract, Allantoin, Simmondsia Chinensis (Jojoba) Seed Oil, Helianthus Annuus (Sunflower) Seed Oil, Ceramide EOP, Cholesterol, Panthenol, Caprylic\/Capric Triglyceride, Polysorbate 20, Sodium Lauroyl Lactylate, Ceramide AP, Ceramide NP, Carbomer, Xanthan Gum, BHT, Phytosphingosine, Phenoxyethanol, Ethylhexylglycerin, CI 15985 (Yellow 6), Parfum (Fragrance), Hexyl Cinnamal, Butylphenyl Methylpropional, Linalool<\/p>\n<p><strong>GOLDEN LINE &#8211; GINGER BODY SCRUB YELLOW ROSE COSMETICS<\/strong><\/p>\n<p>Gel-based, exfoliating scrub with Ginger and Silk.<\/p>\n<p>Helps remove dead skin cells and leaves your skin feeling soft and smooth.<\/p>\n<p>Prepares the skin to receive the active ingredients of body slimming and firming treatments and especially of the Yellow Rose Golden Line Body products.<br \/>\nUse<br \/>\nApply to clean skin and massage with gentle circular movements. Remove the remainders with water.<br \/>\nCan be combined effectively with the other Yellow Rose Golden Line &#8211; Ginger Body products.<br \/>\nMain Ingredients<br \/>\nExfoliating micro-granules<br \/>\nBiodegradable fine microbeads for body exfoliation.<br \/>\nNatural Ginger oil and extract<br \/>\nStimulate microcirculation and tone.<br \/>\nSilk proteins<br \/>\nMoisturize, firm and make skin silky smooth.<br \/>\nCeramides and Phytosphingosine<br \/>\nLipid molecules found in the bilayer cell membrane and have structural and effective role in cell life circle. They protect the hydrolipidic barrier of the skin and moisturize.<br \/>\nChamomile oil<br \/>\nUsed for its skin conditioning, soothing and anti-inflammatory properties.<br \/>\nJojoba oil<br \/>\nJojoba is a liquid wax highly penetrating and closely resembling human sebum. Emollient and moisturizer, soothes and treats damaged skin, leaving a non-greasy after-feel.<br \/>\nAllantoin<br \/>\nNourishing, soothing and healing factor that helps restore damaged skin and has anti-inflammatory properties.<br \/>\nD-Panthenol (pro-vitamin B5)<br \/>\nImproves and increases the moisture retaining ability of the skin (long-lasting moisturizer), it has wound healing effect and improves the normal keratinization of the skin.<\/p>\n<p>Free of parabens<\/p>\n<p>250ml<\/p>\n<p>Ingr\u00e9dients:\u00a0Aqua (Water), Nylon-6, Polyethylene, Propylene Glycol, Butylene Glycol, Ammonium Acryloyldimethyltaurate\/VP Copolymer, Glycerin, PEG-32, PEG-6, Zingiber Officinale (Ginger) Root Extract, Hydrolyzed Silk, Chamomilla Recutita (Matricaria) Flower Extract, Allantoin, Simmondsia Chinensis (Jojoba) Seed Oil, Helianthus Annuus (Sunflower) Seed Oil, Ceramide EOP, Cholesterol, Panthenol, Caprylic\/Capric Triglyceride, Polysorbate 20, Sodium Lauroyl Lactylate, Ceramide AP, Ceramide NP, Carbomer, Xanthan Gum, BHT, Phytosphingosine, Phenoxyethanol, Ethylhexylglycerin, CI 15985 (Yellow 6), Parfum (Fragrance), Hexyl Cinnamal, Butylphenyl Methylpropional, Linalool<\/p>\n","protected":false},"excerpt":{"rendered":"<h1>Gommage raffermissant corps Gingembre et Soie Yellow Rose cosmetiques<\/h1>\n<p>Un gommage unique formul\u00e9 \u00e0 base de gel hydratant enrichi en prot\u00e9ines de soie ultra adoucissantes et en grains de gingembre exfoliants tonifiant.<\/p>\n<p>Ce soin exfoliant nettoie la peau en profondeur, \u00e9limine les cellules mortes, booste le renouvellement cellulaire et active la microcirculation. La peau est lisse et douce comme de la soie.<\/p>\n<p><strong>Extrait naturel de gingembre<\/strong> : Booste la microcirculation<\/p>\n<p><strong>Huile de gingembre<\/strong>: Tonifie la peau<\/p>\n<p><strong>Prot\u00e9ines de soie<\/strong> : Hydratent et augmentent l\u2019\u00e9lasticit\u00e9 de la peau<\/p>\n<p><strong>Association de c\u00e9ramides et phytosphingosine<\/strong> : Prot\u00e8ge et nourrit la peau<\/p>\n<p><strong>Huile de jojoba et camomille<\/strong> : Apaise et adoucit<\/p>\n<p><strong>D-panth\u00e9nol<\/strong> :Revitalise<\/p>\n<p>Sans parab\u00e8nes<\/p>\n<p>250 ml<\/p>\n<p>Ingr\u00e9dients:\u00a0Aqua (Water), Nylon-6, Polyethylene, Propylene Glycol, Butylene Glycol, Ammonium Acryloyldimethyltaurate\/VP Copolymer, Glycerin, PEG-32, PEG-6, Zingiber Officinale (Ginger) Root Extract, Hydrolyzed Silk, Chamomilla Recutita (Matricaria) Flower Extract, Allantoin, Simmondsia Chinensis (Jojoba) Seed Oil, Helianthus Annuus (Sunflower) Seed Oil, Ceramide EOP, Cholesterol, Panthenol, Caprylic\/Capric Triglyceride, Polysorbate 20, Sodium Lauroyl Lactylate, Ceramide AP, Ceramide NP, Carbomer, Xanthan Gum, BHT, Phytosphingosine, Phenoxyethanol, Ethylhexylglycerin, CI 15985 (Yellow 6), Parfum (Fragrance), Hexyl Cinnamal, Butylphenyl Methylpropional, Linalool<\/p>\n<p><strong>GOLDEN LINE &#8211; GINGER BODY SCRUB YELLOW ROSE COSMETICS<\/strong><\/p>\n<p>Gel-based, exfoliating scrub with Ginger and Silk.<\/p>\n<p>Helps remove dead skin cells and leaves your skin feeling soft and smooth.<\/p>\n<p>Prepares the skin to receive the active ingredients of body slimming and firming treatments and especially of the Yellow Rose Golden Line Body products.<br \/>\nUse<br \/>\nApply to clean skin and massage with gentle circular movements. Remove the remainders with water.<br \/>\nCan be combined effectively with the other Yellow Rose Golden Line &#8211; Ginger Body products.<br \/>\nMain Ingredients<br \/>\nExfoliating micro-granules<br \/>\nBiodegradable fine microbeads for body exfoliation.<br \/>\nNatural Ginger oil and extract<br \/>\nStimulate microcirculation and tone.<br \/>\nSilk proteins<br \/>\nMoisturize, firm and make skin silky smooth.<br \/>\nCeramides and Phytosphingosine<br \/>\nLipid molecules found in the bilayer cell membrane and have structural and effective role in cell life circle. They protect the hydrolipidic barrier of the skin and moisturize.<br \/>\nChamomile oil<br \/>\nUsed for its skin conditioning, soothing and anti-inflammatory properties.<br \/>\nJojoba oil<br \/>\nJojoba is a liquid wax highly penetrating and closely resembling human sebum. Emollient and moisturizer, soothes and treats damaged skin, leaving a non-greasy after-feel.<br \/>\nAllantoin<br \/>\nNourishing, soothing and healing factor that helps restore damaged skin and has anti-inflammatory properties.<br \/>\nD-Panthenol (pro-vitamin B5)<br \/>\nImproves and increases the moisture retaining ability of the skin (long-lasting moisturizer), it has wound healing effect and improves the normal keratinization of the skin.<\/p>\n<p>Free of parabens<\/p>\n<p>250ml<\/p>\n<p>Ingr\u00e9dients:\u00a0Aqua (Water), Nylon-6, Polyethylene, Propylene Glycol, Butylene Glycol, Ammonium Acryloyldimethyltaurate\/VP Copolymer, Glycerin, PEG-32, PEG-6, Zingiber Officinale (Ginger) Root Extract, Hydrolyzed Silk, Chamomilla Recutita (Matricaria) Flower Extract, Allantoin, Simmondsia Chinensis (Jojoba) Seed Oil, Helianthus Annuus (Sunflower) Seed Oil, Ceramide EOP, Cholesterol, Panthenol, Caprylic\/Capric Triglyceride, Polysorbate 20, Sodium Lauroyl Lactylate, Ceramide AP, Ceramide NP, Carbomer, Xanthan Gum, BHT, Phytosphingosine, Phenoxyethanol, Ethylhexylglycerin, CI 15985 (Yellow 6), Parfum (Fragrance), Hexyl Cinnamal, Butylphenyl Methylpropional, Linalool<\/p>\n","protected":false},"featured_media":4082,"comment_status":"open","ping_status":"closed","template":"","meta":[],"_links":{"self":[{"href":"https:\/\/www.saphy.com\/healthcare-cosmetique\/wp-json\/wp\/v2\/product\/1048"}],"collection":[{"href":"https:\/\/www.saphy.com\/healthcare-cosmetique\/wp-json\/wp\/v2\/product"}],"about":[{"href":"https:\/\/www.saphy.com\/healthcare-cosmetique\/wp-json\/wp\/v2\/types\/product"}],"replies":[{"embeddable":true,"href":"https:\/\/www.saphy.com\/healthcare-cosmetique\/wp-json\/wp\/v2\/comments?post=1048"}],"wp:featuredmedia":[{"embeddable":true,"href":"https:\/\/www.saphy.com\/healthcare-cosmetique\/wp-json\/wp\/v2\/media\/4082"}],"wp:attachment":[{"href":"https:\/\/www.saphy.com\/healthcare-cosmetique\/wp-json\/wp\/v2\/media?parent=1048"}],"curies":[{"name":"wp","href":"https:\/\/api.w.org\/{rel}","templated":true}]}}