{"id":1052,"date":"2014-12-16T12:32:36","date_gmt":"2014-12-16T11:32:36","guid":{"rendered":"https:\/\/www.saphy.com\/healthcare-cosmetique\/?post_type=product&#038;p=1052"},"modified":"2022-01-03T15:43:39","modified_gmt":"2022-01-03T14:43:39","slug":"creme-de-luxe-anti-age-regenerante-visage-perle-et-diamant-50mlyellow-rose-cosmetique","status":"publish","type":"product","link":"https:\/\/www.saphy.com\/healthcare-cosmetique\/produit\/creme-de-luxe-anti-age-regenerante-visage-perle-et-diamant-50mlyellow-rose-cosmetique\/","title":{"rendered":"Cr\u00e8me  anti-\u00e2ge r\u00e9g\u00e9n\u00e9rante visage Perle et Diamant Yellow Rose Cosmetiques"},"content":{"rendered":"<h1>Cr\u00e8me anti-\u00e2ge r\u00e9g\u00e9n\u00e9rante visage Perle et Diamant Yellow Rose Cosmetiques<\/h1>\n<p>Entrer dans la lumi\u00e8re\u2026gr\u00e2ce \u00e0 notre soin\u00a0pr\u00e9cieux et unique ultra concentr\u00e9 enrichi en poudre de diamant et en extrait de perles.<\/p>\n<p>Ultra complet \u00e0 l\u2019action raffermissante et r\u00e9g\u00e9n\u00e9rante il unifie et illumine instantan\u00e9ment le teint ,corrige les taches et comble les rides .Ce cocktail d\u2019actifs de pointe nourrit et prot\u00e8ge efficacement votre peau des m\u00e9faits du temps. Votre peau est ferme, lisse et refl\u00e8te la lumi\u00e8re comme un diamant .<\/p>\n<p><strong>Une poudre pure et naturelle de Diamants<\/strong>\u00a0: Att\u00e9nue visiblement la profondeur des rides en refl\u00e9tant la lumi\u00e8re et illumine instantan\u00e9ment le teint<\/p>\n<p><strong>Extraits de Perles<\/strong>\u00a0:R\u00e9g\u00e9n\u00e8re et prot\u00e8ge les cellules ,lisse les rides et les asp\u00e9rit\u00e9s de la peau, d\u00e9fatigue tonifie et \u00e9claircit le teint.<\/p>\n<p><strong>Enzymes Ferment\u00e9s<\/strong>\u00a0Riches en antioxydants puissants provenant de micro-organismes vivant dans les profondeurs de l\u2019oc\u00e9an. Pr\u00e9vient l&rsquo;apparition de signes visibles de photo-vieillissement, prot\u00e8ge les structures cellulaires des rayonnements UV et restaure l&rsquo;homog\u00e9n\u00e9it\u00e9 de la peau.<\/p>\n<p><strong>Niacinamide<\/strong>\u00a0Vitamine B3, lutte contre les taches pigmentaires de la peau<\/p>\n<p><strong>Oligopeptide Matrixyl synth\u00e9 6 sp\u00e9cifique<\/strong>\u00a0qui comble les rides ,stimule la synth\u00e8se des six constituants majeurs de la matrice de la peau et de la jonction dermo-\u00e9pidermique pour un lissage pr\u00e9cis des rides et des ridules<\/p>\n<p><strong>Oligopeptide<\/strong> sp\u00e9cifique\u00a0avec double action liftante et effet botox<\/p>\n<p><strong>Elastine marine<\/strong>\u00a0Am\u00e9liore l&rsquo;\u00e9lasticit\u00e9 et la fermet\u00e9 de la peau<\/p>\n<p><strong>Extrait de Matricaire Marin<\/strong>\u00a0Relaxant musculaire naturel effet &lsquo;Botox&rsquo;<\/p>\n<p><strong>Plancton actif<\/strong> ADN cellulaire qui prot\u00e8ge et r\u00e9pare<\/p>\n<p><strong>ADN Marin<\/strong>\u00a0Nourrissant et anti-\u00e2ge<\/p>\n<p><strong>Phytost\u00e9rols<\/strong> Anti-rides<\/p>\n<p><strong>Alpha Bisabolol<\/strong>\u00a0Anti-inflammatoire naturel issu de la camomille<\/p>\n<p><strong>Vitamine A et E\u00a0<\/strong>Antioxydantes et nourrissantes<\/p>\n<p>\u00abTest\u00e9 dermatologiquement\u00bb<\/p>\n<p>sans parabenes<\/p>\n<p>Ingr\u00e9dients:\u00a0Aqua (Water), Glycerin, Butylene Glycol, Dicaprylyl Carbonate, Simmondsia Chinensis (Jojoba) Seed Oil, Thermus Thermophillus Ferment, 3-o-Ethyl Ascorbic Acid, Niacinamide, Betaine, Hydrolyzed Pearl, Artemia Extract, Sigesbeckia Orientalis Extract, Rabdosia Rubescens Extract, Tripleurospermum Maritimum Extract, Hydrolyzed Elastin, Chamomilla Recutita (Matricaria) Flower extract, Oligopeptide-68, Palmitoyl Tripeptide-38, DNA, Panthenol, Pyrus Malus (Apple) Fruit extract, Sodium Hyaluronate, Cucumis Sativus (Cucumber) Fruit Extract, Hydroxypropyl Cyclodextrin, Ceramide NP, Ceramide AP, Ceramide EOP, Phytosphingosine, Bisabolol, Ursolic Acid, Allantoin, Maris Sal (Sea Salt), Caprylic\/ Capric Triglyceride, Tocopheryl Acetate, Hydrogenated Lecithin, Cholesterol, Lecithin, Carbomer, Sodium Lauroyl Lactylate, Polyisobutene, Phenoxyethanol, Ammonium Acryloyldimethyltaurate \/ VP Copolymer, Sodium Oleate, Polyacrylate-13, Ethylhexylglycerin, Xanthan Gum, Disodium EDTA, Polysorbate 20, Parfum (Fragrance)<\/p>\n<p><strong>LUMINANCE PEARL FACE CREAM YELLOW ROSE COSMETICS<\/strong><\/p>\n<p>Luxurious antiaging, firming and brightening face cream with Pearl and Diamond fine powder, suitable for all skin types.<\/p>\n<p>This precious moisturizing lightweight formula smoothes wrinkles and expression lines, enhances elasticity, evens skin tone and improves skin radiance. Can be effectively combined with the other Yellow Rose Luminance Pearl Face Treatment products.<br \/>\nUse<br \/>\nUsed daily. Apply to clean skin, morning and evening.<br \/>\nMain Ingredients<br \/>\nPearl extract<br \/>\nAn elegant active that offers radiance and overall skin clarity. Pearls consist mainly from Aragonite (calcium carbonate), traces of a protein called Conchiolin, mineral trace elements and aminoacids that take part in essential enzymatic and metabolic cellular reactions. According to traditional Chinese medicine, the valuable minerals and aminoacids from Pearl extract can nourish the skin and slow down aging process by improving the metabolism, supporting moisturization and protection against environmental stress.<br \/>\nDiamond Powder<br \/>\nIlluminating pure diamond fine powder that provides immediate skin lightness and clarity.<br \/>\nInnovative brightening Oligopeptide<br \/>\nEncapsulated in liposomes, this biomimetic peptide uses a unique mechanism of action to decrease constitutive and facultative pigmentation, allowing optimal whitening and lightening effect (also exhibits higher efficacy on inhibiting melanin biosynthesis than Arbutin).<br \/>\nHighly stable Vitamin C derivative<br \/>\nA powerful anti-oxidant and inhibitor of melanin formation. Stimulates collagen production and promotes healthy looking skin.<br \/>\nNiacinamide (Vitamin B3)<br \/>\nMoisturizes, stimulates natural Collagen biosynthesis and fights discolorations.<br \/>\nAntioxidant extract obtained from the fermentation of microorganisms (Thermus thermophilus) found in extreme depths of Pacific Ocean<br \/>\nRich in powerful antioxidant enzymes that inhibit Radical Oxygen Species (ROS), repair and protect against cellular damage caused by UVA radiation. Prevents the visible signs of photo-aging (spots, wrinkles, dryness), protects cell structures from UV damage and reinforces skin integrity.<br \/>\nAntiwrinkle Oligopeptide (Matrixyl Synthe6)<br \/>\nInnovative \u2018wrinkle-filler\u2019 oligopeptide that stimulates the synthesis of 6 major constituents of the skin matrix and dermal-epidermal junction (Collagen I, III, IV, fibronectin, Hyaluronic acid and Laminin 5), smoothing wrinkles and fine lines from within.<br \/>\nSpecial antiaging Oligopeptide with double action (\u2019Lifting-like\u2018 effect + \u2018Botox-like\u2019 effect)<br \/>\n(a) Stimulates Elastin synthesis and a number of proteins involved in the building of the elastic tissue (tropoelastin, fibrillin-1, fibulin-5 and lysyloxidase), promoting a correct and functional elastic fiber architecture. Fights against cutaneous sagging, decreases the visible effects of gravity on the skin, and provides a strong lifting effect. (b) Increases skin\u2019s tolerance to internal and external aggressions, relieves skin tension and inhibits muscle contractions<br \/>\nSea Mayweed (Matricaria maritima) extract (natural \u2018Botox-Like\u2019 effect)<br \/>\nUnique antioxidant that fights expression lines and wrinkles and exhibits calming and soothing effect.<br \/>\nMixture of Hyaluronic acid (high, low and very low molecular weight)<br \/>\nEffective moisturization of different skin layers.<br \/>\nmarine Elastine<br \/>\n(main constituent of young and healthy skin) Helps the skin retrieve its elasticity, firmness and consequently to prevent the onset of wrinkles.<br \/>\nActive Plankton extract (with Diguanosine Tetraphosphate \u2013 GP4G)<br \/>\nStimulates cell metabolism, awakening aged skin cells and enhancing DNA protection and repair.<br \/>\nmarine DNA (Salmon)<br \/>\nRich in nutritious aminoacids, phospholipids and nucleic acids, moisturizes and stimulates cell-repairing activity, improving elasticity and suppleness of the epidermis.<br \/>\nContains also<br \/>\nprotecting and moisturizing Phytosqualane and Ceramides, antiaging Phytosterols, moisturizing Trehalose and Trimethylglcine (Betaine), soothing a-Bisabolol, Chamomile and Boswellia Serrata extracts, conditioning Jojoba, Avocado and Olive oils, Shea butter, Vitamin E, d-Panthenol (pro-Vitamin B5) and Allantoin.<\/p>\n<p>Ingr\u00e9dients:\u00a0Aqua (Water), Glycerin, Butylene Glycol, Dicaprylyl Carbonate, Simmondsia Chinensis (Jojoba) Seed Oil, Thermus Thermophillus Ferment, 3-o-Ethyl Ascorbic Acid, Niacinamide, Betaine, Hydrolyzed Pearl, Artemia Extract, Sigesbeckia Orientalis Extract, Rabdosia Rubescens Extract, Tripleurospermum Maritimum Extract, Hydrolyzed Elastin, Chamomilla Recutita (Matricaria) Flower extract, Oligopeptide-68, Palmitoyl Tripeptide-38, DNA, Panthenol, Pyrus Malus (Apple) Fruit extract, Sodium Hyaluronate, Cucumis Sativus (Cucumber) Fruit Extract, Hydroxypropyl Cyclodextrin, Ceramide NP, Ceramide AP, Ceramide EOP, Phytosphingosine, Bisabolol, Ursolic Acid, Allantoin, Maris Sal (Sea Salt), Caprylic\/ Capric Triglyceride, Tocopheryl Acetate, Hydrogenated Lecithin, Cholesterol, Lecithin, Carbomer, Sodium Lauroyl Lactylate, Polyisobutene, Phenoxyethanol, Ammonium Acryloyldimethyltaurate \/ VP Copolymer, Sodium Oleate, Polyacrylate-13, Ethylhexylglycerin, Xanthan Gum, Disodium EDTA, Polysorbate 20, Parfum (Fragrance)<\/p>\n","protected":false},"excerpt":{"rendered":"<h1>Cr\u00e8me anti-\u00e2ge r\u00e9g\u00e9n\u00e9rante visage Perle et Diamant Yellow Rose Cosmetiques<\/h1>\n<p>Entrer dans la lumi\u00e8re\u2026gr\u00e2ce \u00e0 notre soin\u00a0pr\u00e9cieux et unique ultra concentr\u00e9 enrichi en poudre de diamant et en extrait de perles.<\/p>\n<p>Ultra complet \u00e0 l\u2019action raffermissante et r\u00e9g\u00e9n\u00e9rante il unifie et illumine instantan\u00e9ment le teint ,corrige les taches et comble les rides .Ce cocktail d\u2019actifs de pointe nourrit et prot\u00e8ge efficacement votre peau des m\u00e9faits du temps. Votre peau est ferme, lisse et refl\u00e8te la lumi\u00e8re comme un diamant .<\/p>\n<p><strong>Une poudre pure et naturelle de Diamants<\/strong>\u00a0: Att\u00e9nue visiblement la profondeur des rides en refl\u00e9tant la lumi\u00e8re et illumine instantan\u00e9ment le teint<\/p>\n<p><strong>Extraits de Perles<\/strong>\u00a0:R\u00e9g\u00e9n\u00e8re et prot\u00e8ge les cellules ,lisse les rides et les asp\u00e9rit\u00e9s de la peau, d\u00e9fatigue tonifie et \u00e9claircit le teint.<\/p>\n<p><strong>Enzymes Ferment\u00e9s<\/strong>\u00a0Riches en antioxydants puissants provenant de micro-organismes vivant dans les profondeurs de l\u2019oc\u00e9an. Pr\u00e9vient l&rsquo;apparition de signes visibles de photo-vieillissement, prot\u00e8ge les structures cellulaires des rayonnements UV et restaure l&rsquo;homog\u00e9n\u00e9it\u00e9 de la peau.<\/p>\n<p><strong>Niacinamide<\/strong>\u00a0Vitamine B3, lutte contre les taches pigmentaires de la peau<\/p>\n<p><strong>Oligopeptide Matrixyl synth\u00e9 6 sp\u00e9cifique<\/strong>\u00a0qui comble les rides ,stimule la synth\u00e8se des six constituants majeurs de la matrice de la peau et de la jonction dermo-\u00e9pidermique pour un lissage pr\u00e9cis des rides et des ridules<\/p>\n<p><strong>Oligopeptide<\/strong> sp\u00e9cifique\u00a0avec double action liftante et effet botox<\/p>\n<p><strong>Elastine marine<\/strong>\u00a0Am\u00e9liore l&rsquo;\u00e9lasticit\u00e9 et la fermet\u00e9 de la peau<\/p>\n<p><strong>Extrait de Matricaire Marin<\/strong>\u00a0Relaxant musculaire naturel effet &lsquo;Botox&rsquo;<\/p>\n<p><strong>Plancton actif<\/strong> ADN cellulaire qui prot\u00e8ge et r\u00e9pare<\/p>\n<p><strong>ADN Marin<\/strong>\u00a0Nourrissant et anti-\u00e2ge<\/p>\n<p><strong>Phytost\u00e9rols<\/strong> Anti-rides<\/p>\n<p><strong>Alpha Bisabolol<\/strong>\u00a0Anti-inflammatoire naturel issu de la camomille<\/p>\n<p><strong>Vitamine A et E\u00a0<\/strong>Antioxydantes et nourrissantes<\/p>\n<p>\u00abTest\u00e9 dermatologiquement\u00bb<\/p>\n<p>sans parabenes<\/p>\n<p>Ingr\u00e9dients:\u00a0Aqua (Water), Glycerin, Butylene Glycol, Dicaprylyl Carbonate, Simmondsia Chinensis (Jojoba) Seed Oil, Thermus Thermophillus Ferment, 3-o-Ethyl Ascorbic Acid, Niacinamide, Betaine, Hydrolyzed Pearl, Artemia Extract, Sigesbeckia Orientalis Extract, Rabdosia Rubescens Extract, Tripleurospermum Maritimum Extract, Hydrolyzed Elastin, Chamomilla Recutita (Matricaria) Flower extract, Oligopeptide-68, Palmitoyl Tripeptide-38, DNA, Panthenol, Pyrus Malus (Apple) Fruit extract, Sodium Hyaluronate, Cucumis Sativus (Cucumber) Fruit Extract, Hydroxypropyl Cyclodextrin, Ceramide NP, Ceramide AP, Ceramide EOP, Phytosphingosine, Bisabolol, Ursolic Acid, Allantoin, Maris Sal (Sea Salt), Caprylic\/ Capric Triglyceride, Tocopheryl Acetate, Hydrogenated Lecithin, Cholesterol, Lecithin, Carbomer, Sodium Lauroyl Lactylate, Polyisobutene, Phenoxyethanol, Ammonium Acryloyldimethyltaurate \/ VP Copolymer, Sodium Oleate, Polyacrylate-13, Ethylhexylglycerin, Xanthan Gum, Disodium EDTA, Polysorbate 20, Parfum (Fragrance)<\/p>\n<p><strong>LUMINANCE PEARL FACE CREAM YELLOW ROSE COSMETICS<\/strong><\/p>\n<p>Luxurious antiaging, firming and brightening face cream with Pearl and Diamond fine powder, suitable for all skin types.<\/p>\n<p>This precious moisturizing lightweight formula smoothes wrinkles and expression lines, enhances elasticity, evens skin tone and improves skin radiance. Can be effectively combined with the other Yellow Rose Luminance Pearl Face Treatment products.<br \/>\nUse<br \/>\nUsed daily. Apply to clean skin, morning and evening.<br \/>\nMain Ingredients<br \/>\nPearl extract<br \/>\nAn elegant active that offers radiance and overall skin clarity. Pearls consist mainly from Aragonite (calcium carbonate), traces of a protein called Conchiolin, mineral trace elements and aminoacids that take part in essential enzymatic and metabolic cellular reactions. According to traditional Chinese medicine, the valuable minerals and aminoacids from Pearl extract can nourish the skin and slow down aging process by improving the metabolism, supporting moisturization and protection against environmental stress.<br \/>\nDiamond Powder<br \/>\nIlluminating pure diamond fine powder that provides immediate skin lightness and clarity.<br \/>\nInnovative brightening Oligopeptide<br \/>\nEncapsulated in liposomes, this biomimetic peptide uses a unique mechanism of action to decrease constitutive and facultative pigmentation, allowing optimal whitening and lightening effect (also exhibits higher efficacy on inhibiting melanin biosynthesis than Arbutin).<br \/>\nHighly stable Vitamin C derivative<br \/>\nA powerful anti-oxidant and inhibitor of melanin formation. Stimulates collagen production and promotes healthy looking skin.<br \/>\nNiacinamide (Vitamin B3)<br \/>\nMoisturizes, stimulates natural Collagen biosynthesis and fights discolorations.<br \/>\nAntioxidant extract obtained from the fermentation of microorganisms (Thermus thermophilus) found in extreme depths of Pacific Ocean<br \/>\nRich in powerful antioxidant enzymes that inhibit Radical Oxygen Species (ROS), repair and protect against cellular damage caused by UVA radiation. Prevents the visible signs of photo-aging (spots, wrinkles, dryness), protects cell structures from UV damage and reinforces skin integrity.<br \/>\nAntiwrinkle Oligopeptide (Matrixyl Synthe6)<br \/>\nInnovative \u2018wrinkle-filler\u2019 oligopeptide that stimulates the synthesis of 6 major constituents of the skin matrix and dermal-epidermal junction (Collagen I, III, IV, fibronectin, Hyaluronic acid and Laminin 5), smoothing wrinkles and fine lines from within.<br \/>\nSpecial antiaging Oligopeptide with double action (\u2019Lifting-like\u2018 effect + \u2018Botox-like\u2019 effect)<br \/>\n(a) Stimulates Elastin synthesis and a number of proteins involved in the building of the elastic tissue (tropoelastin, fibrillin-1, fibulin-5 and lysyloxidase), promoting a correct and functional elastic fiber architecture. Fights against cutaneous sagging, decreases the visible effects of gravity on the skin, and provides a strong lifting effect. (b) Increases skin\u2019s tolerance to internal and external aggressions, relieves skin tension and inhibits muscle contractions<br \/>\nSea Mayweed (Matricaria maritima) extract (natural \u2018Botox-Like\u2019 effect)<br \/>\nUnique antioxidant that fights expression lines and wrinkles and exhibits calming and soothing effect.<br \/>\nMixture of Hyaluronic acid (high, low and very low molecular weight)<br \/>\nEffective moisturization of different skin layers.<br \/>\nmarine Elastine<br \/>\n(main constituent of young and healthy skin) Helps the skin retrieve its elasticity, firmness and consequently to prevent the onset of wrinkles.<br \/>\nActive Plankton extract (with Diguanosine Tetraphosphate \u2013 GP4G)<br \/>\nStimulates cell metabolism, awakening aged skin cells and enhancing DNA protection and repair.<br \/>\nmarine DNA (Salmon)<br \/>\nRich in nutritious aminoacids, phospholipids and nucleic acids, moisturizes and stimulates cell-repairing activity, improving elasticity and suppleness of the epidermis.<br \/>\nContains also<br \/>\nprotecting and moisturizing Phytosqualane and Ceramides, antiaging Phytosterols, moisturizing Trehalose and Trimethylglcine (Betaine), soothing a-Bisabolol, Chamomile and Boswellia Serrata extracts, conditioning Jojoba, Avocado and Olive oils, Shea butter, Vitamin E, d-Panthenol (pro-Vitamin B5) and Allantoin.<\/p>\n<p>Ingr\u00e9dients:\u00a0Aqua (Water), Glycerin, Butylene Glycol, Dicaprylyl Carbonate, Simmondsia Chinensis (Jojoba) Seed Oil, Thermus Thermophillus Ferment, 3-o-Ethyl Ascorbic Acid, Niacinamide, Betaine, Hydrolyzed Pearl, Artemia Extract, Sigesbeckia Orientalis Extract, Rabdosia Rubescens Extract, Tripleurospermum Maritimum Extract, Hydrolyzed Elastin, Chamomilla Recutita (Matricaria) Flower extract, Oligopeptide-68, Palmitoyl Tripeptide-38, DNA, Panthenol, Pyrus Malus (Apple) Fruit extract, Sodium Hyaluronate, Cucumis Sativus (Cucumber) Fruit Extract, Hydroxypropyl Cyclodextrin, Ceramide NP, Ceramide AP, Ceramide EOP, Phytosphingosine, Bisabolol, Ursolic Acid, Allantoin, Maris Sal (Sea Salt), Caprylic\/ Capric Triglyceride, Tocopheryl Acetate, Hydrogenated Lecithin, Cholesterol, Lecithin, Carbomer, Sodium Lauroyl Lactylate, Polyisobutene, Phenoxyethanol, Ammonium Acryloyldimethyltaurate \/ VP Copolymer, Sodium Oleate, Polyacrylate-13, Ethylhexylglycerin, Xanthan Gum, Disodium EDTA, Polysorbate 20, Parfum (Fragrance)<\/p>\n","protected":false},"featured_media":4087,"comment_status":"open","ping_status":"closed","template":"","meta":[],"_links":{"self":[{"href":"https:\/\/www.saphy.com\/healthcare-cosmetique\/wp-json\/wp\/v2\/product\/1052"}],"collection":[{"href":"https:\/\/www.saphy.com\/healthcare-cosmetique\/wp-json\/wp\/v2\/product"}],"about":[{"href":"https:\/\/www.saphy.com\/healthcare-cosmetique\/wp-json\/wp\/v2\/types\/product"}],"replies":[{"embeddable":true,"href":"https:\/\/www.saphy.com\/healthcare-cosmetique\/wp-json\/wp\/v2\/comments?post=1052"}],"wp:featuredmedia":[{"embeddable":true,"href":"https:\/\/www.saphy.com\/healthcare-cosmetique\/wp-json\/wp\/v2\/media\/4087"}],"wp:attachment":[{"href":"https:\/\/www.saphy.com\/healthcare-cosmetique\/wp-json\/wp\/v2\/media?parent=1052"}],"curies":[{"name":"wp","href":"https:\/\/api.w.org\/{rel}","templated":true}]}}