{"id":1056,"date":"2014-12-16T14:55:30","date_gmt":"2014-12-16T13:55:30","guid":{"rendered":"https:\/\/www.saphy.com\/healthcare-cosmetique\/produit\/lait-demaquillant-regenerant-aux-extraits-de-perles-200ml\/"},"modified":"2021-04-19T14:07:47","modified_gmt":"2021-04-19T13:07:47","slug":"lait-demaquillant-regenerant-aux-extraits-de-perles-200mlyellow-rose-cosmetique","status":"publish","type":"product","link":"https:\/\/www.saphy.com\/healthcare-cosmetique\/produit\/lait-demaquillant-regenerant-aux-extraits-de-perles-200mlyellow-rose-cosmetique\/","title":{"rendered":"Lait d\u00e9maquillant r\u00e9g\u00e9n\u00e9rant aux extraits de Perles Yellow Rose cosmetics"},"content":{"rendered":"<h1>Lait d\u00e9maquillant r\u00e9g\u00e9n\u00e9rant aux extraits de Perles Yellow Rose cosmetics<\/h1>\n<p>Entrer dans la lumi\u00e8re\u2026<br \/>\nCe lait d\u00e9licat anti-\u00e2ge nettoie et d\u00e9maquille efficacement, \u00e9limine les impuret\u00e9s tout en r\u00e9g\u00e9n\u00e9rant les cellules gr\u00e2ce \u00e0 ses extraits de perles des oc\u00e9ans.<\/p>\n<p>Votre peau est nette, douce et lisse votre teint est lumineux.<\/p>\n<p><strong>Extrait de Perles des oc\u00e9ans<\/strong>\u00a0riches en min\u00e9raux clarifiant et remin\u00e9ralisant, r\u00e9g\u00e9n\u00e8re et prot\u00e8ge les cellules ,lisse les rides et les asp\u00e9rit\u00e9s de la peau, d\u00e9fatigue tonifie et \u00e9claircit le teint.<\/p>\n<p><strong>Niacinamide Vitamine B3<\/strong>\u00a0&#8211; hydratante, stimule la biosynth\u00e8se du collag\u00e8ne et lutte contre la d\u00e9pigmentation de la peau<\/p>\n<p><strong>Trimethylglycine<\/strong>\u00a0b\u00e9taine aminoacide de la betterave sucri\u00e8re \u00e0 l\u2019action hydratante<\/p>\n<p><strong>Tr\u00e9halose<\/strong>\u00a0un disaccharide naturel aux propri\u00e9t\u00e9s hydratantes<\/p>\n<p><strong>Panth\u00e9nol<\/strong>\u00a0pro-vitamine B5 r\u00e9paratrice<\/p>\n<p>Ingr\u00e9dients:\u00a0Aqua (eau), Ethylhexyl Palmitate, Isopropyl Myristate, Glycerin, Butylene Glycol, Caprylic \/ Capric Triglyceride, Polyacrylate-13, Dicaprylyl Carbonate, Isohexadecane, Hydrolyzed Pearl, Niacinamide, Trehalose, Betaine, Allantoin, Panthenol, Maris Sal (Sea Salt), Polyisobutene, Trilaureth-4 Phosphate, Phenoxyethanol, Ethylhexylglycerin, Polysorbate 20, Caprylyl Glycol, Parfum (Fragrance)<\/p>\n<p><strong>LUMINANCE PEARL CLEANSING MILK YELLOW ROSE COSMETICS<\/strong><\/p>\n<p>Moisturizing and skin lightening Pearl cleansing emulsion, suitable to cleanse thoroughly all skin types.<\/p>\n<p>This delicate purifying emulsion removes effectively makeup and other impurities, leaving the skin clean, soft and smooth. Can be effectively combined with the other Yellow Rose Luminance Pearl Face Treatment products.<br \/>\nUse<br \/>\nApply a small quantity to cotton pad and wipe gently over face and neck. Use daily.<br \/>\nMain Ingredients<br \/>\nPearl extract<br \/>\nAn elegant active that offers radiance and overall skin clarity. Pearls consist mainly from Aragonite (calcium carbonate), traces of a protein called Conchiolin, mineral trace elements and aminoacids that take part in essential enzymatic and metabolic cellular reactions. According to traditional Chinese medicine, the valuable minerals and aminoacids from Pearl powder can nourish the skin and slow down aging process by improving the metabolism, supporting moisturization and protection against environmental stress.<br \/>\nNiacinamide (Vitamin B3)<br \/>\nMoisturizes, stimulates natural Collagen biosynthesis and fights discolorations.<br \/>\nBetaine (Trimethylglycine)<br \/>\nMoisturizing amino acid from Sugarbeets.<br \/>\nTrehalose<br \/>\nNatural disaccharide with remarkable moisture retaining capacities.<br \/>\nd-Panthenol (pro-vitamin B5)<br \/>\nImproves and increases the moisture retaining ability of the skin (long-lasting moisturizer), it has wound healing effect and improves the normal keratinization of the skin.<br \/>\nAllantoin<br \/>\nNourishing, soothing and healing factor. Helps restore damaged skin and has anti-inflammatory properties.<\/p>\n<p>Ingr\u00e9dients:\u00a0Aqua (Water), Ethylhexyl Palmitate, Isopropyl Myristate, Glycerin, Butylene Glycol, Caprylic \/ Capric Triglyceride, Polyacrylate-13, Dicaprylyl Carbonate, Isohexadecane, Hydrolyzed Pearl, Niacinamide, Trehalose, Betaine, Allantoin, Panthenol, Maris Sal (Sea Salt), Polyisobutene, Trilaureth-4 Phosphate, Phenoxyethanol, Ethylhexylglycerin, Polysorbate 20, Caprylyl Glycol, Parfum (Fragrance)<\/p>\n","protected":false},"excerpt":{"rendered":"<h1>Lait d\u00e9maquillant r\u00e9g\u00e9n\u00e9rant aux extraits de Perles Yellow Rose cosmetics<\/h1>\n<p>Entrer dans la lumi\u00e8re\u2026<br \/>\nCe lait d\u00e9licat anti-\u00e2ge nettoie et d\u00e9maquille efficacement, \u00e9limine les impuret\u00e9s tout en r\u00e9g\u00e9n\u00e9rant les cellules gr\u00e2ce \u00e0 ses extraits de perles des oc\u00e9ans.<\/p>\n<p>Votre peau est nette, douce et lisse votre teint est lumineux.<\/p>\n<p><strong>Extrait de Perles des oc\u00e9ans<\/strong>\u00a0riches en min\u00e9raux clarifiant et remin\u00e9ralisant, r\u00e9g\u00e9n\u00e8re et prot\u00e8ge les cellules ,lisse les rides et les asp\u00e9rit\u00e9s de la peau, d\u00e9fatigue tonifie et \u00e9claircit le teint.<\/p>\n<p><strong>Niacinamide Vitamine B3<\/strong>\u00a0&#8211; hydratante, stimule la biosynth\u00e8se du collag\u00e8ne et lutte contre la d\u00e9pigmentation de la peau<\/p>\n<p><strong>Trimethylglycine<\/strong>\u00a0b\u00e9taine aminoacide de la betterave sucri\u00e8re \u00e0 l\u2019action hydratante<\/p>\n<p><strong>Tr\u00e9halose<\/strong>\u00a0un disaccharide naturel aux propri\u00e9t\u00e9s hydratantes<\/p>\n<p><strong>Panth\u00e9nol<\/strong>\u00a0pro-vitamine B5 r\u00e9paratrice<\/p>\n<p>Ingr\u00e9dients:\u00a0Aqua (eau), Ethylhexyl Palmitate, Isopropyl Myristate, Glycerin, Butylene Glycol, Caprylic \/ Capric Triglyceride, Polyacrylate-13, Dicaprylyl Carbonate, Isohexadecane, Hydrolyzed Pearl, Niacinamide, Trehalose, Betaine, Allantoin, Panthenol, Maris Sal (Sea Salt), Polyisobutene, Trilaureth-4 Phosphate, Phenoxyethanol, Ethylhexylglycerin, Polysorbate 20, Caprylyl Glycol, Parfum (Fragrance)<\/p>\n<p><strong>LUMINANCE PEARL CLEANSING MILK YELLOW ROSE COSMETICS<\/strong><\/p>\n<p>Moisturizing and skin lightening Pearl cleansing emulsion, suitable to cleanse thoroughly all skin types.<\/p>\n<p>This delicate purifying emulsion removes effectively makeup and other impurities, leaving the skin clean, soft and smooth. Can be effectively combined with the other Yellow Rose Luminance Pearl Face Treatment products.<br \/>\nUse<br \/>\nApply a small quantity to cotton pad and wipe gently over face and neck. Use daily.<br \/>\nMain Ingredients<br \/>\nPearl extract<br \/>\nAn elegant active that offers radiance and overall skin clarity. Pearls consist mainly from Aragonite (calcium carbonate), traces of a protein called Conchiolin, mineral trace elements and aminoacids that take part in essential enzymatic and metabolic cellular reactions. According to traditional Chinese medicine, the valuable minerals and aminoacids from Pearl powder can nourish the skin and slow down aging process by improving the metabolism, supporting moisturization and protection against environmental stress.<br \/>\nNiacinamide (Vitamin B3)<br \/>\nMoisturizes, stimulates natural Collagen biosynthesis and fights discolorations.<br \/>\nBetaine (Trimethylglycine)<br \/>\nMoisturizing amino acid from Sugarbeets.<br \/>\nTrehalose<br \/>\nNatural disaccharide with remarkable moisture retaining capacities.<br \/>\nd-Panthenol (pro-vitamin B5)<br \/>\nImproves and increases the moisture retaining ability of the skin (long-lasting moisturizer), it has wound healing effect and improves the normal keratinization of the skin.<br \/>\nAllantoin<br \/>\nNourishing, soothing and healing factor. Helps restore damaged skin and has anti-inflammatory properties.<\/p>\n<p>Ingr\u00e9dients:\u00a0Aqua (Water), Ethylhexyl Palmitate, Isopropyl Myristate, Glycerin, Butylene Glycol, Caprylic \/ Capric Triglyceride, Polyacrylate-13, Dicaprylyl Carbonate, Isohexadecane, Hydrolyzed Pearl, Niacinamide, Trehalose, Betaine, Allantoin, Panthenol, Maris Sal (Sea Salt), Polyisobutene, Trilaureth-4 Phosphate, Phenoxyethanol, Ethylhexylglycerin, Polysorbate 20, Caprylyl Glycol, Parfum (Fragrance)<\/p>\n","protected":false},"featured_media":4086,"comment_status":"open","ping_status":"closed","template":"","meta":[],"_links":{"self":[{"href":"https:\/\/www.saphy.com\/healthcare-cosmetique\/wp-json\/wp\/v2\/product\/1056"}],"collection":[{"href":"https:\/\/www.saphy.com\/healthcare-cosmetique\/wp-json\/wp\/v2\/product"}],"about":[{"href":"https:\/\/www.saphy.com\/healthcare-cosmetique\/wp-json\/wp\/v2\/types\/product"}],"replies":[{"embeddable":true,"href":"https:\/\/www.saphy.com\/healthcare-cosmetique\/wp-json\/wp\/v2\/comments?post=1056"}],"wp:featuredmedia":[{"embeddable":true,"href":"https:\/\/www.saphy.com\/healthcare-cosmetique\/wp-json\/wp\/v2\/media\/4086"}],"wp:attachment":[{"href":"https:\/\/www.saphy.com\/healthcare-cosmetique\/wp-json\/wp\/v2\/media?parent=1056"}],"curies":[{"name":"wp","href":"https:\/\/api.w.org\/{rel}","templated":true}]}}