{"id":1058,"date":"2014-12-16T14:59:42","date_gmt":"2014-12-16T13:59:42","guid":{"rendered":"https:\/\/www.saphy.com\/healthcare-cosmetique\/produit\/lotion-tonique-regenerante-aux-extraits-de-perles-200ml\/"},"modified":"2021-04-19T14:08:29","modified_gmt":"2021-04-19T13:08:29","slug":"lotion-tonique-regenerante-aux-extraits-de-perles-200mlyellow-rose-cosmetique","status":"publish","type":"product","link":"https:\/\/www.saphy.com\/healthcare-cosmetique\/produit\/lotion-tonique-regenerante-aux-extraits-de-perles-200mlyellow-rose-cosmetique\/","title":{"rendered":"Lotion tonique r\u00e9g\u00e9n\u00e9rante aux extraits de Perles Yellow Rose Cosmetiques"},"content":{"rendered":"<h1>Lotion tonique r\u00e9g\u00e9n\u00e9rant aux extraits de Perles Yellow Rose Cosmetiques<\/h1>\n<p>Une lotion d\u00e9maquillante sans alcool riche en extraits de perles aux vertus r\u00e9g\u00e9n\u00e9rantes et clarifiantes qui a \u00e9t\u00e9 con\u00e7ue pour compl\u00e9ter le nettoyage du visage.<\/p>\n<p>Votre peau est nette, claire et r\u00e9g\u00e9n\u00e9r\u00e9e.<\/p>\n<p><strong>Extrait de perles des oc\u00e9ans<\/strong>\u00a0Riches en min\u00e9raux clarifiant et remin\u00e9ralisant, r\u00e9g\u00e9n\u00e8re et prot\u00e8ge les cellules ,lisse les rides et les asp\u00e9rit\u00e9s de la peau, d\u00e9fatigue tonifie et \u00e9claircit le teint<\/p>\n<p><strong>Niacinamide Vitamine B3<\/strong>\u00a0hydratante, stimule la biosynth\u00e8se du collag\u00e8ne lutte contre la d\u00e9pigmentation de la peau<\/p>\n<p><strong>Gel Aloe Vera<\/strong>\u00a0Hydratant, anti-inflammatoire, r\u00e9pare la peau<\/p>\n<p><strong>Extrait de Concombre<\/strong>\u00a0Rafra\u00eechit, hydrate et soulage la peau d\u00e9licate et fatigu\u00e9e<\/p>\n<p><strong>L&rsquo;acide Glycyrrh\u00e9tinique<\/strong>\u00a0Anti-inflammatoire actif issu du r\u00e9glisse<\/p>\n<p><strong>Tr\u00e9halose<\/strong>\u00a0Hydrate et nourrit la peau<\/p>\n<p>Sans parabenes<\/p>\n<p>200 ml<\/p>\n<p>Ingr\u00e9dients:\u00a0Aqua (Water), Butylene Glycol, Glycerin, Hydrolyzed Pearl, Aloe Barbadensis Leaf Juice, Cucumis Sativus (Cucumber) Fruit extract, Niacinamide, Allantoin, Panthenol, Betaine, Glycyrrhetinic Acid, Urea, Maris Sal (Sea Salt), Ethylhexylglycerin, Sodium Citrate, Propylene Glycol, Phenoxyethanol, Polysorbate 20, Parfum (Fragrance)<\/p>\n<p><strong>LUMINANCE PEARL TONING LOTION YELLOW ROSE COSMETICS<\/strong><\/p>\n<p>Gentle skin lightening and soothing Pearl toner (alcohol-free) designed to complete the cleansing process as the final refreshing, balancing and calming rinse for the skin. Can be effectively combined with the other Yellow Rose Luminance Pearl Face Treatment products.<br \/>\nUse<br \/>\nApply with cotton pad over cleansed face and neck. Use daily.<br \/>\nMain Ingredients<br \/>\nPearl extract<br \/>\nAn elegant active that offers radiance and overall skin clarity. Pearls consist mainly from Aragonite (calcium carbonate), traces of a protein called Conchiolin, mineral trace elements and aminoacids that take part in essential enzymatic and metabolic cellular reactions. According to traditional Chinese medicine, the valuable minerals and aminoacids from Pearl powder can nourish the skin and slow down aging process by improving the metabolism, supporting moisturization and protection against environmental stress.<br \/>\nNiacinamide (Vitamin B3)<br \/>\nMoisturizes, stimulates natural Collagen biosynthesis and fights discolorations.<br \/>\nBetaine (Trimethylglycine)<br \/>\nmoisturizing amino acid from Sugarbeets.<br \/>\nSpecial mixture of Panthenol, Glycyrrhetinic acid and Urea<br \/>\nThe components act in synergy to reduce irritation and soothe the skin.<br \/>\nCucumber extract<br \/>\nCooling and refreshing, its soothing action softens and relieves delicate, tired or stressed skin.<br \/>\nAloe Vera gel<br \/>\nMoisturizing, anti-inflammatory, wound healing and skin repairing factor.<br \/>\nAllantoin<br \/>\nNourishing, soothing and healing factor. Helps restore damaged skin and has anti-inflammatory properties.<\/p>\n<p>Ingr\u00e9dients:\u00a0Aqua (Water), Butylene Glycol, Glycerin, Hydrolyzed Pearl, Aloe Barbadensis Leaf Juice, Cucumis Sativus (Cucumber) Fruit extract, Niacinamide, Allantoin, Panthenol, Betaine, Glycyrrhetinic Acid, Urea, Maris Sal (Sea Salt), Ethylhexylglycerin, Sodium Citrate, Propylene Glycol, Phenoxyethanol, Polysorbate 20, Parfum (Fragrance)<\/p>\n","protected":false},"excerpt":{"rendered":"<h1>Lotion tonique r\u00e9g\u00e9n\u00e9rant aux extraits de Perles Yellow Rose Cosmetiques<\/h1>\n<p>Une lotion d\u00e9maquillante sans alcool riche en extraits de perles aux vertus r\u00e9g\u00e9n\u00e9rantes et clarifiantes qui a \u00e9t\u00e9 con\u00e7ue pour compl\u00e9ter le nettoyage du visage.<\/p>\n<p>Votre peau est nette, claire et r\u00e9g\u00e9n\u00e9r\u00e9e.<\/p>\n<p><strong>Extrait de perles des oc\u00e9ans<\/strong>\u00a0Riches en min\u00e9raux clarifiant et remin\u00e9ralisant, r\u00e9g\u00e9n\u00e8re et prot\u00e8ge les cellules ,lisse les rides et les asp\u00e9rit\u00e9s de la peau, d\u00e9fatigue tonifie et \u00e9claircit le teint<\/p>\n<p><strong>Niacinamide Vitamine B3<\/strong>\u00a0hydratante, stimule la biosynth\u00e8se du collag\u00e8ne lutte contre la d\u00e9pigmentation de la peau<\/p>\n<p><strong>Gel Aloe Vera<\/strong>\u00a0Hydratant, anti-inflammatoire, r\u00e9pare la peau<\/p>\n<p><strong>Extrait de Concombre<\/strong>\u00a0Rafra\u00eechit, hydrate et soulage la peau d\u00e9licate et fatigu\u00e9e<\/p>\n<p><strong>L&rsquo;acide Glycyrrh\u00e9tinique<\/strong>\u00a0Anti-inflammatoire actif issu du r\u00e9glisse<\/p>\n<p><strong>Tr\u00e9halose<\/strong>\u00a0Hydrate et nourrit la peau<\/p>\n<p>Sans parabenes<\/p>\n<p>200 ml<\/p>\n<p>Ingr\u00e9dients:\u00a0Aqua (Water), Butylene Glycol, Glycerin, Hydrolyzed Pearl, Aloe Barbadensis Leaf Juice, Cucumis Sativus (Cucumber) Fruit extract, Niacinamide, Allantoin, Panthenol, Betaine, Glycyrrhetinic Acid, Urea, Maris Sal (Sea Salt), Ethylhexylglycerin, Sodium Citrate, Propylene Glycol, Phenoxyethanol, Polysorbate 20, Parfum (Fragrance)<\/p>\n<p><strong>LUMINANCE PEARL TONING LOTION YELLOW ROSE COSMETICS<\/strong><\/p>\n<p>Gentle skin lightening and soothing Pearl toner (alcohol-free) designed to complete the cleansing process as the final refreshing, balancing and calming rinse for the skin. Can be effectively combined with the other Yellow Rose Luminance Pearl Face Treatment products.<br \/>\nUse<br \/>\nApply with cotton pad over cleansed face and neck. Use daily.<br \/>\nMain Ingredients<br \/>\nPearl extract<br \/>\nAn elegant active that offers radiance and overall skin clarity. Pearls consist mainly from Aragonite (calcium carbonate), traces of a protein called Conchiolin, mineral trace elements and aminoacids that take part in essential enzymatic and metabolic cellular reactions. According to traditional Chinese medicine, the valuable minerals and aminoacids from Pearl powder can nourish the skin and slow down aging process by improving the metabolism, supporting moisturization and protection against environmental stress.<br \/>\nNiacinamide (Vitamin B3)<br \/>\nMoisturizes, stimulates natural Collagen biosynthesis and fights discolorations.<br \/>\nBetaine (Trimethylglycine)<br \/>\nmoisturizing amino acid from Sugarbeets.<br \/>\nSpecial mixture of Panthenol, Glycyrrhetinic acid and Urea<br \/>\nThe components act in synergy to reduce irritation and soothe the skin.<br \/>\nCucumber extract<br \/>\nCooling and refreshing, its soothing action softens and relieves delicate, tired or stressed skin.<br \/>\nAloe Vera gel<br \/>\nMoisturizing, anti-inflammatory, wound healing and skin repairing factor.<br \/>\nAllantoin<br \/>\nNourishing, soothing and healing factor. Helps restore damaged skin and has anti-inflammatory properties.<\/p>\n<p>Ingr\u00e9dients:\u00a0Aqua (Water), Butylene Glycol, Glycerin, Hydrolyzed Pearl, Aloe Barbadensis Leaf Juice, Cucumis Sativus (Cucumber) Fruit extract, Niacinamide, Allantoin, Panthenol, Betaine, Glycyrrhetinic Acid, Urea, Maris Sal (Sea Salt), Ethylhexylglycerin, Sodium Citrate, Propylene Glycol, Phenoxyethanol, Polysorbate 20, Parfum (Fragrance)<\/p>\n","protected":false},"featured_media":4085,"comment_status":"open","ping_status":"closed","template":"","meta":[],"_links":{"self":[{"href":"https:\/\/www.saphy.com\/healthcare-cosmetique\/wp-json\/wp\/v2\/product\/1058"}],"collection":[{"href":"https:\/\/www.saphy.com\/healthcare-cosmetique\/wp-json\/wp\/v2\/product"}],"about":[{"href":"https:\/\/www.saphy.com\/healthcare-cosmetique\/wp-json\/wp\/v2\/types\/product"}],"replies":[{"embeddable":true,"href":"https:\/\/www.saphy.com\/healthcare-cosmetique\/wp-json\/wp\/v2\/comments?post=1058"}],"wp:featuredmedia":[{"embeddable":true,"href":"https:\/\/www.saphy.com\/healthcare-cosmetique\/wp-json\/wp\/v2\/media\/4085"}],"wp:attachment":[{"href":"https:\/\/www.saphy.com\/healthcare-cosmetique\/wp-json\/wp\/v2\/media?parent=1058"}],"curies":[{"name":"wp","href":"https:\/\/api.w.org\/{rel}","templated":true}]}}