{"id":1060,"date":"2014-12-16T15:03:38","date_gmt":"2014-12-16T14:03:38","guid":{"rendered":"https:\/\/www.saphy.com\/healthcare-cosmetique\/produit\/serum-de-luxe-anti-age-regenerant-perle-et-diamant-30ml\/"},"modified":"2022-01-03T15:43:27","modified_gmt":"2022-01-03T14:43:27","slug":"serum-anti-age-regenerant-perle-et-diamant-30mlyellow-rose-cosmetique","status":"publish","type":"product","link":"https:\/\/www.saphy.com\/healthcare-cosmetique\/produit\/serum-anti-age-regenerant-perle-et-diamant-30mlyellow-rose-cosmetique\/","title":{"rendered":"S\u00e9rum anti-\u00e2ge r\u00e9g\u00e9n\u00e9rant Perle et Diamant Yellow Rose cosmetiques"},"content":{"rendered":"<p>S\u00e9rum anti-\u00e2ge r\u00e9g\u00e9n\u00e9rant Perle et Diamant Yellow Rose cosmetiques<\/p>\n<p>Le S\u00e9rum anti-\u00e2ge r\u00e9g\u00e9n\u00e9rant aux extraits de perles\u00a0et Diamant Yellow Rose cosmetiques est un\u00a0concentr\u00e9 d&rsquo;actifs de pointe . Une formule pr\u00e9cieuse qui r\u00e9v\u00e8le une peau d&rsquo;apparence plus jeune et un teint lumineux.<\/p>\n<p>Efficace contre les rides d\u2019expressions, il r\u00e9duit les rides profondes, lutte contre les taches pigmentaires, affine, raffermit la peau et r\u00e9g\u00e9n\u00e8re les cellules.<\/p>\n<p>Test\u00e9 dermatologiquement<\/p>\n<p><strong>Extrait de Perles des oc\u00e9ans<\/strong>\u00a0riches en min\u00e9raux clarifiant et remin\u00e9ralisant ,r\u00e9g\u00e9n\u00e8re et prot\u00e8ge les cellules ,lisse les rides et les asp\u00e9rit\u00e9s de la peau, d\u00e9fatigue tonifie et \u00e9claircit le teint<\/p>\n<p><strong>Association d\u2019\u2019Oligopeptides et de Vitamine C<\/strong>\u00a0r\u00e9g\u00e9n\u00e8re les cellules et les prot\u00e8ge<\/p>\n<p><strong>Niacinamide (Vitamine B3)\u00a0<\/strong>lutte contre les taches pigmentaires de la peau. Complexe Botanique Sp\u00e9cifique qui interagit avec la peau gr\u00e2ce \u00e0 la pr\u00e9sence de 3 chromophores principaux (diminue rougeur et t\u00e2ches brunes tout en am\u00e9liorant la production homog\u00e8ne de collag\u00e8ne ) pour r\u00e9v\u00e9ler une peau plus jeune et un teint \u00e9clatant<\/p>\n<p><strong>Oligopeptide<\/strong> \u00ab\u00a0Combleur de ride\u00bb\u00a0le Matrixyl synth\u00e9 6 stimule la synth\u00e8se des six constituants majeurs de la matrice de la peau et de la jonction dermo-\u00e9pidermique pour un lissage pr\u00e9cis des rides et des ridules<\/p>\n<p><strong>Extrait de Matricaire Marin<\/strong>\u00a0relaxant musculaire naturel effet \u2018Botox\u2019<\/p>\n<p><strong>Elastine Marine<\/strong>\u00a0am\u00e9liore l\u2019\u00e9lasticit\u00e9 et la fermet\u00e9 de la peau<\/p>\n<p><strong>Plancton actif<\/strong>\u00a0ADN cellulaire qui r\u00e9pare et prot\u00e8ge<\/p>\n<p><strong>Enzymes Ferment\u00e9s<\/strong>\u00a0riches en antioxydants puissants provenant de micro-organismes vivant dans les profondeurs de l\u2019oc\u00e9an, pr\u00e9vient l&rsquo;apparition de signes visibles de photo-vieillissement, prot\u00e8ge les structures cellulaires des rayonnement UV et renforce l\u2019homog\u00e9n\u00e9it\u00e9 de la peau.<\/p>\n<p>Ingr\u00e9dients:\u00a0Aqua (Water), Butylene Glycol, Cetearyl Alcohol, Glyceryl Stearate, Glycerin, Cetyl Alcohol, Myristyl Myristate, Simmondsia Chinensis (Jojoba) Seed oil, Caprylic\/Capric Triglyceride, PEG-100 Stearate, Butyrospermum Parkii (Shea) Butter, Dicaprylyl Carbonate, Isopropyl Myristate, Lanolin, Thermus Thermophillus Ferment, Hydrolyzed Pearl, Betaine, Niacinamide, Diamond Powder, Hydrolyzed Elastin, Oligopeptide-68, Palmitoyl Tripeptide-38, Acetyl Dipeptide-1 Cetyl Ester, Artemia extract, DNA, Sodium Hyaluronate, 3-o-Ethyl Ascorbic Acid, Bisabolol, Chamomilla Recutita (Matricaria) Flower extract, Olea Europaea (Olive) Fruit Oil, Persea Gratissima (Avocado) Oil, Tripleurospermum Maritimum extract, Panthenol, Trehalose, Phytosphingosine, Squalane, Phytosterols, Boswellia Serrata Gum, Hydroxypropyl Cyclodextrin, Ceramide EOP, Ceramide NP, Ceramide AP, Cholesterol, Tocopheryl Acetate, Allantoin, Dipropylene Glycol, Caprylyl Glycol, Dimethicone, Ethylhexylglycerin, Maris Sal (Sea Salt), Ceteareth-20, Disodium EDTA, Trilaureth-4 Phosphate, Sorbitan Laurate, Mica, Hydroxyethylcellulose, PEG-40 Stearate, Carbomer, Sodium Oleate, PPG-2 Myristyl Ether Propionate, Hydrogenated Lecithin, Xanthan Gum, Phenoxyethanol, BHT, Sodium Lauroyl Lactylate, Parfum (Fragrance)<\/p>\n<p>LUMINANCE PEARL FACE SERUM YELLOW ROSE COSMETICS<\/p>\n<p>Luxurious antiaging serum with natural Pearl extract and selected actives, suitable for all skin types.<\/p>\n<p>This unique beauty concentrate offers a youthful, even toned and radiant complexion, while fighting expression lines, smoothing deep wrinkles, firming and refining the facial contour. Can be effectively combined with the other Yellow Rose Luminance Pearl Face Treatment products.<br \/>\nUse<br \/>\nUse daily, morning and evening. Apply to clean skin and massage gently until absorbed (especially on wrinkles). Can be used alone as a 24 hour serum or before a Yellow Rose cream or mask.<\/p>\n<p>Can also be used with professional beauty equipment.<br \/>\nMain Ingredients<br \/>\nPearl extract<br \/>\nAn elegant active that offers radiance and overall skin clarity. Pearls consist mainly from Aragonite (calcium carbonate), traces of a protein called Conchiolin, mineral trace elements and aminoacids that take part in essential enzymatic and metabolic cellular reactions. According to traditional Chinese medicine, the valuable minerals and aminoacids from Pearl powder can nourish the skin and slow down aging process by improving the metabolism, supporting moisturization and protection against environmental stress.<br \/>\nInnovative brightening Oligopeptide<br \/>\nEncapsulated in liposomes, this biomimetic peptide uses a unique mechanism of action to decrease constitutive and facultative pigmentation, allowing optimal whitening and lightening effect (also exhibits higher efficacy on inhibiting melanin biosynthesis than Arbutin).<br \/>\nHighly stable Vitamin C derivative<br \/>\nA powerful anti-oxidant and inhibitor of melanin formation. Stimulates collagen production and promotes healthy looking skin.<br \/>\nNiacinamide (Vitamin B3)<br \/>\nMoisturizes, stimulates natural Collagen biosynthesis and fights discolorations.<br \/>\nSpecial botanical mixture (Rabdosia rubescens rich in Oridonin and Siegesbeckia orientalis rich in Darutoside)<br \/>\nActs on the 3 visible skin chromophores: Collagen, Hemoglobin and Melanin that are responsible for the overall skin tone and appearance. As we age the skin loses its youthful bloom and homogeneity due to impairment of the chromophore balance (Collagen degradation &#8211;&gt; thinner skin with underlying visible defects, excessive Hemoglobin &#8211;&gt; redness, excessive Melanin &#8211;&gt; dull skin tone and dark spots).This advanced mixture decreases redness and brown spots while improving collagen homogeneity, to reveal a youthful, even and bright complexion.<br \/>\nAnti-wrinkle Oligopeptide (Matrixyl Synthe 6)<br \/>\nInnovative \u2018wrinkle-filler\u2019 oligopeptide that stimulates the synthesis of 6 major constituents of the skin matrix and dermal-epidermal junction (Collagen I, III, IV, fibronectin, Hyaluronic acid and Laminin 5), smoothing wrinkles and fine lines from within.<br \/>\nMatricaria maritima extract (natural &lsquo;botox-like effect)<br \/>\nNatural action against expression lines and wrinkles (\u2018natural Botox-Like\u2019 effect).<br \/>\nMarine Elastin<br \/>\n(main constituent of young and healthy skin) Helps the skin retrieve its elasticity, firmness and consequently to prevent the onset of wrinkles.<br \/>\nBiotechnological extract obtained from the fermentation of microorganisms (Thermus thermophilus) found in extreme depths of Pacific Ocean<br \/>\nRich in powerful antioxidant enzymes that inhibit Radical Oxygen Species (ROS), repair and protect against cellular damage caused by UVA radiation. Prevents the visible signs of photo-aging (spots, wrinkles, dryness), protects cell structures from UV damage and reinforces skin integrity.<br \/>\nActive Plankton extract (with Diguanosine Tetraphosphate \u2013 GP4G)<br \/>\ncellular DNA protection and repair<br \/>\nContains also<br \/>\nUrsolic acid (protects skin from Elastin degradation), 3 types of Hyaluronic acid (high, low and very low molecular weight), nourishing marine DNA, moisturizing Ceramides and Trimethylglycine (Betaine), soothing a-Bisabolol and Chamomile extract, Liposomes with Vitamin E, Cucumber extract, Jojoba oil, d-Panthenol (pro-Vitamin B5) and Allantoin.<\/p>\n<p>Ingr\u00e9dients:\u00a0Aqua (Water), Butylene Glycol, Cetearyl Alcohol, Glyceryl Stearate, Glycerin, Cetyl Alcohol, Myristyl Myristate, Simmondsia Chinensis (Jojoba) Seed oil, Caprylic\/Capric Triglyceride, PEG-100 Stearate, Butyrospermum Parkii (Shea) Butter, Dicaprylyl Carbonate, Isopropyl Myristate, Lanolin, Thermus Thermophillus Ferment, Hydrolyzed Pearl, Betaine, Niacinamide, Diamond Powder, Hydrolyzed Elastin, Oligopeptide-68, Palmitoyl Tripeptide-38, Acetyl Dipeptide-1 Cetyl Ester, Artemia extract, DNA, Sodium Hyaluronate, 3-o-Ethyl Ascorbic Acid, Bisabolol, Chamomilla Recutita (Matricaria) Flower extract, Olea Europaea (Olive) Fruit Oil, Persea Gratissima (Avocado) Oil, Tripleurospermum Maritimum extract, Panthenol, Trehalose, Phytosphingosine, Squalane, Phytosterols, Boswellia Serrata Gum, Hydroxypropyl Cyclodextrin, Ceramide EOP, Ceramide NP, Ceramide AP, Cholesterol, Tocopheryl Acetate, Allantoin, Dipropylene Glycol, Caprylyl Glycol, Dimethicone, Ethylhexylglycerin, Maris Sal (Sea Salt), Ceteareth-20, Disodium EDTA, Trilaureth-4 Phosphate, Sorbitan Laurate, Mica, Hydroxyethylcellulose, PEG-40 Stearate, Carbomer, Sodium Oleate, PPG-2 Myristyl Ether Propionate, Hydrogenated Lecithin, Xanthan Gum, Phenoxyethanol, BHT, Sodium Lauroyl Lactylate, Parfum (Fragrance)<\/p>\n<p>&nbsp;<\/p>\n","protected":false},"excerpt":{"rendered":"<p>S\u00e9rum anti-\u00e2ge r\u00e9g\u00e9n\u00e9rant Perle et Diamant Yellow Rose cosmetiques<\/p>\n<p>Le S\u00e9rum anti-\u00e2ge r\u00e9g\u00e9n\u00e9rant aux extraits de perles\u00a0et Diamant Yellow Rose cosmetiques est un\u00a0concentr\u00e9 d&rsquo;actifs de pointe . Une formule pr\u00e9cieuse qui r\u00e9v\u00e8le une peau d&rsquo;apparence plus jeune et un teint lumineux.<\/p>\n<p>Efficace contre les rides d\u2019expressions, il r\u00e9duit les rides profondes, lutte contre les taches pigmentaires, affine, raffermit la peau et r\u00e9g\u00e9n\u00e8re les cellules.<\/p>\n<p>Test\u00e9 dermatologiquement<\/p>\n<p><strong>Extrait de Perles des oc\u00e9ans<\/strong>\u00a0riches en min\u00e9raux clarifiant et remin\u00e9ralisant ,r\u00e9g\u00e9n\u00e8re et prot\u00e8ge les cellules ,lisse les rides et les asp\u00e9rit\u00e9s de la peau, d\u00e9fatigue tonifie et \u00e9claircit le teint<\/p>\n<p><strong>Association d\u2019\u2019Oligopeptides et de Vitamine C<\/strong>\u00a0r\u00e9g\u00e9n\u00e8re les cellules et les prot\u00e8ge<\/p>\n<p><strong>Niacinamide (Vitamine B3)\u00a0<\/strong>lutte contre les taches pigmentaires de la peau. Complexe Botanique Sp\u00e9cifique qui interagit avec la peau gr\u00e2ce \u00e0 la pr\u00e9sence de 3 chromophores principaux (diminue rougeur et t\u00e2ches brunes tout en am\u00e9liorant la production homog\u00e8ne de collag\u00e8ne ) pour r\u00e9v\u00e9ler une peau plus jeune et un teint \u00e9clatant<\/p>\n<p><strong>Oligopeptide<\/strong> \u00ab\u00a0Combleur de ride\u00bb\u00a0le Matrixyl synth\u00e9 6 stimule la synth\u00e8se des six constituants majeurs de la matrice de la peau et de la jonction dermo-\u00e9pidermique pour un lissage pr\u00e9cis des rides et des ridules<\/p>\n<p><strong>Extrait de Matricaire Marin<\/strong>\u00a0relaxant musculaire naturel effet \u2018Botox\u2019<\/p>\n<p><strong>Elastine Marine<\/strong>\u00a0am\u00e9liore l\u2019\u00e9lasticit\u00e9 et la fermet\u00e9 de la peau<\/p>\n<p><strong>Plancton actif<\/strong>\u00a0ADN cellulaire qui r\u00e9pare et prot\u00e8ge<\/p>\n<p><strong>Enzymes Ferment\u00e9s<\/strong>\u00a0riches en antioxydants puissants provenant de micro-organismes vivant dans les profondeurs de l\u2019oc\u00e9an, pr\u00e9vient l&rsquo;apparition de signes visibles de photo-vieillissement, prot\u00e8ge les structures cellulaires des rayonnement UV et renforce l\u2019homog\u00e9n\u00e9it\u00e9 de la peau.<\/p>\n<p>Ingr\u00e9dients:\u00a0Aqua (Water), Butylene Glycol, Cetearyl Alcohol, Glyceryl Stearate, Glycerin, Cetyl Alcohol, Myristyl Myristate, Simmondsia Chinensis (Jojoba) Seed oil, Caprylic\/Capric Triglyceride, PEG-100 Stearate, Butyrospermum Parkii (Shea) Butter, Dicaprylyl Carbonate, Isopropyl Myristate, Lanolin, Thermus Thermophillus Ferment, Hydrolyzed Pearl, Betaine, Niacinamide, Diamond Powder, Hydrolyzed Elastin, Oligopeptide-68, Palmitoyl Tripeptide-38, Acetyl Dipeptide-1 Cetyl Ester, Artemia extract, DNA, Sodium Hyaluronate, 3-o-Ethyl Ascorbic Acid, Bisabolol, Chamomilla Recutita (Matricaria) Flower extract, Olea Europaea (Olive) Fruit Oil, Persea Gratissima (Avocado) Oil, Tripleurospermum Maritimum extract, Panthenol, Trehalose, Phytosphingosine, Squalane, Phytosterols, Boswellia Serrata Gum, Hydroxypropyl Cyclodextrin, Ceramide EOP, Ceramide NP, Ceramide AP, Cholesterol, Tocopheryl Acetate, Allantoin, Dipropylene Glycol, Caprylyl Glycol, Dimethicone, Ethylhexylglycerin, Maris Sal (Sea Salt), Ceteareth-20, Disodium EDTA, Trilaureth-4 Phosphate, Sorbitan Laurate, Mica, Hydroxyethylcellulose, PEG-40 Stearate, Carbomer, Sodium Oleate, PPG-2 Myristyl Ether Propionate, Hydrogenated Lecithin, Xanthan Gum, Phenoxyethanol, BHT, Sodium Lauroyl Lactylate, Parfum (Fragrance)<\/p>\n<p>LUMINANCE PEARL FACE SERUM YELLOW ROSE COSMETICS<\/p>\n<p>Luxurious antiaging serum with natural Pearl extract and selected actives, suitable for all skin types.<\/p>\n<p>This unique beauty concentrate offers a youthful, even toned and radiant complexion, while fighting expression lines, smoothing deep wrinkles, firming and refining the facial contour. Can be effectively combined with the other Yellow Rose Luminance Pearl Face Treatment products.<br \/>\nUse<br \/>\nUse daily, morning and evening. Apply to clean skin and massage gently until absorbed (especially on wrinkles). Can be used alone as a 24 hour serum or before a Yellow Rose cream or mask.<\/p>\n<p>Can also be used with professional beauty equipment.<br \/>\nMain Ingredients<br \/>\nPearl extract<br \/>\nAn elegant active that offers radiance and overall skin clarity. Pearls consist mainly from Aragonite (calcium carbonate), traces of a protein called Conchiolin, mineral trace elements and aminoacids that take part in essential enzymatic and metabolic cellular reactions. According to traditional Chinese medicine, the valuable minerals and aminoacids from Pearl powder can nourish the skin and slow down aging process by improving the metabolism, supporting moisturization and protection against environmental stress.<br \/>\nInnovative brightening Oligopeptide<br \/>\nEncapsulated in liposomes, this biomimetic peptide uses a unique mechanism of action to decrease constitutive and facultative pigmentation, allowing optimal whitening and lightening effect (also exhibits higher efficacy on inhibiting melanin biosynthesis than Arbutin).<br \/>\nHighly stable Vitamin C derivative<br \/>\nA powerful anti-oxidant and inhibitor of melanin formation. Stimulates collagen production and promotes healthy looking skin.<br \/>\nNiacinamide (Vitamin B3)<br \/>\nMoisturizes, stimulates natural Collagen biosynthesis and fights discolorations.<br \/>\nSpecial botanical mixture (Rabdosia rubescens rich in Oridonin and Siegesbeckia orientalis rich in Darutoside)<br \/>\nActs on the 3 visible skin chromophores: Collagen, Hemoglobin and Melanin that are responsible for the overall skin tone and appearance. As we age the skin loses its youthful bloom and homogeneity due to impairment of the chromophore balance (Collagen degradation &#8211;&gt; thinner skin with underlying visible defects, excessive Hemoglobin &#8211;&gt; redness, excessive Melanin &#8211;&gt; dull skin tone and dark spots).This advanced mixture decreases redness and brown spots while improving collagen homogeneity, to reveal a youthful, even and bright complexion.<br \/>\nAnti-wrinkle Oligopeptide (Matrixyl Synthe 6)<br \/>\nInnovative \u2018wrinkle-filler\u2019 oligopeptide that stimulates the synthesis of 6 major constituents of the skin matrix and dermal-epidermal junction (Collagen I, III, IV, fibronectin, Hyaluronic acid and Laminin 5), smoothing wrinkles and fine lines from within.<br \/>\nMatricaria maritima extract (natural &lsquo;botox-like effect)<br \/>\nNatural action against expression lines and wrinkles (\u2018natural Botox-Like\u2019 effect).<br \/>\nMarine Elastin<br \/>\n(main constituent of young and healthy skin) Helps the skin retrieve its elasticity, firmness and consequently to prevent the onset of wrinkles.<br \/>\nBiotechnological extract obtained from the fermentation of microorganisms (Thermus thermophilus) found in extreme depths of Pacific Ocean<br \/>\nRich in powerful antioxidant enzymes that inhibit Radical Oxygen Species (ROS), repair and protect against cellular damage caused by UVA radiation. Prevents the visible signs of photo-aging (spots, wrinkles, dryness), protects cell structures from UV damage and reinforces skin integrity.<br \/>\nActive Plankton extract (with Diguanosine Tetraphosphate \u2013 GP4G)<br \/>\ncellular DNA protection and repair<br \/>\nContains also<br \/>\nUrsolic acid (protects skin from Elastin degradation), 3 types of Hyaluronic acid (high, low and very low molecular weight), nourishing marine DNA, moisturizing Ceramides and Trimethylglycine (Betaine), soothing a-Bisabolol and Chamomile extract, Liposomes with Vitamin E, Cucumber extract, Jojoba oil, d-Panthenol (pro-Vitamin B5) and Allantoin.<\/p>\n<p>Ingr\u00e9dients:\u00a0Aqua (Water), Butylene Glycol, Cetearyl Alcohol, Glyceryl Stearate, Glycerin, Cetyl Alcohol, Myristyl Myristate, Simmondsia Chinensis (Jojoba) Seed oil, Caprylic\/Capric Triglyceride, PEG-100 Stearate, Butyrospermum Parkii (Shea) Butter, Dicaprylyl Carbonate, Isopropyl Myristate, Lanolin, Thermus Thermophillus Ferment, Hydrolyzed Pearl, Betaine, Niacinamide, Diamond Powder, Hydrolyzed Elastin, Oligopeptide-68, Palmitoyl Tripeptide-38, Acetyl Dipeptide-1 Cetyl Ester, Artemia extract, DNA, Sodium Hyaluronate, 3-o-Ethyl Ascorbic Acid, Bisabolol, Chamomilla Recutita (Matricaria) Flower extract, Olea Europaea (Olive) Fruit Oil, Persea Gratissima (Avocado) Oil, Tripleurospermum Maritimum extract, Panthenol, Trehalose, Phytosphingosine, Squalane, Phytosterols, Boswellia Serrata Gum, Hydroxypropyl Cyclodextrin, Ceramide EOP, Ceramide NP, Ceramide AP, Cholesterol, Tocopheryl Acetate, Allantoin, Dipropylene Glycol, Caprylyl Glycol, Dimethicone, Ethylhexylglycerin, Maris Sal (Sea Salt), Ceteareth-20, Disodium EDTA, Trilaureth-4 Phosphate, Sorbitan Laurate, Mica, Hydroxyethylcellulose, PEG-40 Stearate, Carbomer, Sodium Oleate, PPG-2 Myristyl Ether Propionate, Hydrogenated Lecithin, Xanthan Gum, Phenoxyethanol, BHT, Sodium Lauroyl Lactylate, Parfum (Fragrance)<\/p>\n","protected":false},"featured_media":2210,"comment_status":"open","ping_status":"closed","template":"","meta":[],"_links":{"self":[{"href":"https:\/\/www.saphy.com\/healthcare-cosmetique\/wp-json\/wp\/v2\/product\/1060"}],"collection":[{"href":"https:\/\/www.saphy.com\/healthcare-cosmetique\/wp-json\/wp\/v2\/product"}],"about":[{"href":"https:\/\/www.saphy.com\/healthcare-cosmetique\/wp-json\/wp\/v2\/types\/product"}],"replies":[{"embeddable":true,"href":"https:\/\/www.saphy.com\/healthcare-cosmetique\/wp-json\/wp\/v2\/comments?post=1060"}],"wp:featuredmedia":[{"embeddable":true,"href":"https:\/\/www.saphy.com\/healthcare-cosmetique\/wp-json\/wp\/v2\/media\/2210"}],"wp:attachment":[{"href":"https:\/\/www.saphy.com\/healthcare-cosmetique\/wp-json\/wp\/v2\/media?parent=1060"}],"curies":[{"name":"wp","href":"https:\/\/api.w.org\/{rel}","templated":true}]}}