{"id":1065,"date":"2014-12-16T15:59:21","date_gmt":"2014-12-16T14:59:21","guid":{"rendered":"https:\/\/www.saphy.com\/healthcare-cosmetique\/?post_type=product&#038;p=1065"},"modified":"2025-05-06T09:55:53","modified_gmt":"2025-05-06T08:55:53","slug":"creme-anti-rides-raffermissante-a-lacide-hyaluronique-et-aux-extraits-de-fleurs-50mlyellow-rose-cosmetique","status":"publish","type":"product","link":"https:\/\/www.saphy.com\/healthcare-cosmetique\/produit\/creme-anti-rides-raffermissante-a-lacide-hyaluronique-et-aux-extraits-de-fleurs-50mlyellow-rose-cosmetique\/","title":{"rendered":"Cr\u00e8me anti-rides raffermissante \u00e0 l&rsquo;acide hyaluronique et aux extraits de fleurs Yellow Rose"},"content":{"rendered":"<h1>Cr\u00e8me anti-rides raffermissante \u00e0 l&rsquo;acide hyaluronique et aux extraits de fleurs Yellow Rose<\/h1>\n<p>Ce soin ultra concentr\u00e9 en oligopeptides, en extraits de fleurs et en acide hyaluronique offre \u00e0 votre peau une action anti-rides et une hydratation optimale durant 24h.<\/p>\n<p>Elle agit efficacement contre les impacts du vieillissement en stimulant la r\u00e9g\u00e9n\u00e9ration cellulaire et en prot\u00e9geant jour et nuit votre peau de la d\u00e9shydratation et des radicaux libres. Revitalis\u00e9e de l\u2019int\u00e9rieur, la peau apparait visiblement plus jeune ,douce et ferme.<\/p>\n<p><strong>Microsph\u00e8res d\u2019acide hyaluronique<\/strong> comblent les rides et hydratent la peau durablement<\/p>\n<p><strong>M\u00e9lange d\u2019acides hyaluroniques<\/strong> de 3 poids mol\u00e9culaires\u00a0diff\u00e9rents (\u00e9lev\u00e9, faible et tr\u00e8s faible ) qui hydrate et r\u00e9g\u00e9n\u00e8re en profondeur.<\/p>\n<p><strong>M\u00e9lange de th\u00e9 blanc<\/strong>\u00a0chinois \u00e0 l\u2019action apaisante , antioxydante et hydratante<br \/>\nExtraits de fleurs\u00a0(cerisier du Japon, magnolia, rose fran\u00e7aise, lotus indien et camomille) antioxydantes et apaisantes<\/p>\n<p><strong>M\u00e9lange sp\u00e9cifique d\u2019oligopeptides anti-rides<\/strong>\u00a0stimule la biosynth\u00e8se de collag\u00e8ne et d\u2019\u00e9lastine et lutte contre l\u2019apparition de rides d\u2019expression<\/p>\n<p><strong>C\u00e9ramides et Phytosphingosines<\/strong> prot\u00e8gent et hydratent<\/p>\n<p><strong>Extrait de Boswellia serrata<\/strong>\u00a0Anti-inflammatoire<\/p>\n<p><strong>Un extrait de th\u00e9 noir ferment\u00e9<\/strong>\u00a0Restaure le volume et l\u2019\u00e9paisseur de la peau, tout en augmentant son \u00e9clat et son \u00e9lasticit\u00e9 selon l\u2019effet \u00ab Lipo-filling<\/p>\n<p><strong>Extrait de tomates<\/strong>\u00a0Riches en Lycop\u00e8ne antioxydant<\/p>\n<p><strong>Diac\u00e9tyl Boldine<\/strong>\u00a0Lisse la peau et \u00e9claircit le teint<\/p>\n<p><strong>De la Niacinamide (vitamine B3)<\/strong> qui hydrate,stimule la biosynth\u00e8se de collag\u00e8ne naturel et lutte contre les d\u00e9colorations de la peau<\/p>\n<p>Ingr\u00e9dients:\u00a0Aqua (Water), Isopropyl Myristate, Butylene Glycol, Cetearyl Alcohol, Glycerin, Lanolin, Glyceryl Stearate, Ethylhexyl Palmitate, Ceteareth-20, Saccharomyces\/ Xylinum\/ Black Tea Ferment, Cetyl Alcohol, Myristyl Myristate, Caprylic\/ Capric Triglyceride, PEG-40 Stearate, Dicaprylyl Carbonate, Ethylene\/ Acrylic Acid Copolymer, PPG-2 Myristyl Ether Propionate, Sodium Hyaluronate, Prunus Serrulata Flower Extract, Camellia Sinensis Leaf Extract, Nelumbo Nucifera Flower Extract, Magnolia Biondii Bud\/ Flower Extract, Rosa Gallica Flower Extract, Chamomilla Recutita (Matricaria) Flower Extract, Rosa Damascena Flower Oil, Niacinamide, Palmitoyl Tetrapeptide-7, Palmitoyl Oligopeptide, Solanum Lycopersicum (Tomato) Fruit\/ Leaf\/ Stem Extract, Diacetyl Boldine, Ceramide EOP, Ceramide AP, Ceramide NP, Phytosterols, Phospholipids, Cholesterol, Phytosphingosine, Hydrolyzed Wheat Protein, Boswellia Serrata Gum, Prunus Armeniaca (Apricot) Kernel Oil, Persea Gratissima (Avocado) Oil, Tocopheryl Acetate, Ascorbyl Palmitate, Olea Europaea (Olive) Fruit Oil, Panthenol, Allantoin, Hydroxyethylcellulose, Simmondsia Chinensis (Jojoba) Seed Oil, Helianthus Annuus (Sunflower) Seed Oil, Butyrospermum Parkii (Shea) Butter, Sodium Acrylates Copolymer, Ammonium Polyacrylate, Trilaureth-4 Phosphate, Isohexadecane, Hydrogenated Polyisobutene, Phenoxyethanol, Dimethicone, Polyglyceryl-10 Stearate, PEG-40 Castor Oil, Disodium EDTA, Carbomer, BHT, Sodium Lauroyl Lactylate, Polysorbate 20, Trihydroxystearin, Caprylyl Glycol, Ethylhexylglycerin, Xanthan Gum, Dipropylene Glycol, CI 16035 (Red 40), Limonene, Linalool, Parfum (Fragrance)<\/p>\n<p>&nbsp;<\/p>\n<p><strong>Anti-Wrinkle Firming Cream with Hyaluronic Acid and Yellow Rose Flower Extracts<\/strong><\/p>\n<p>This ultra-concentrated care in oligopeptides, flower extracts and hyaluronic acid gives your skin an anti-wrinkle action and optimal hydration for 24 hours.<\/p>\n<p>It acts effectively against the impacts of aging by stimulating cellular regeneration and protecting your skin from dehydration and free radicals day and night. Revitalized from the inside, the skin appears visibly younger, soft and firm.<\/p>\n<p>Hyaluronic acid microspheres fill in wrinkles and moisturize the skin durably<\/p>\n<p>Hyaluronic acid mixture of 3 different molecular weights (high, low and very low) which moisturizes and regenerates deeply.<\/p>\n<p>Chinese white tea blend with soothing, antioxidant and moisturizing action Flower extracts (Japanese cherry, magnolia, French rose, Indian lotus and chamomile) antioxidant and soothing<\/p>\n<p>Specific blend of anti-wrinkle oligopeptides stimulates the biosynthesis of collagen and elastin and fights against the appearance of expression lines<\/p>\n<p>Ceramides and Phytosphingosines protect and moisturize<\/p>\n<p>Boswellia serrata extract Anti-inflammatory<\/p>\n<p>A fermented black tea extract Restores the volume and thickness of the skin, while increasing its brightness and elasticity according to the \u00ab\u00a0lipo-filling\u00a0\u00bb effect<\/p>\n<p>Rich tomato extract in antioxidant Lycopene Diacetyl Boldine Smoothes the skin and brightens the complexion<\/p>\n<p>Niacinamide (vitamin B3) moisturizes, stimulates the biosynthesis of natural collagen and fights skin discolouration<\/p>\n<p>Ingr\u00e9dients:\u00a0Aqua (Water), Isopropyl Myristate, Butylene Glycol, Cetearyl Alcohol, Glycerin, Lanolin, Glyceryl Stearate, Ethylhexyl Palmitate, Ceteareth-20, Saccharomyces\/ Xylinum\/ Black Tea Ferment, Cetyl Alcohol, Myristyl Myristate, Caprylic\/ Capric Triglyceride, PEG-40 Stearate, Dicaprylyl Carbonate, Ethylene\/ Acrylic Acid Copolymer, PPG-2 Myristyl Ether Propionate, Sodium Hyaluronate, Prunus Serrulata Flower Extract, Camellia Sinensis Leaf Extract, Nelumbo Nucifera Flower Extract, Magnolia Biondii Bud\/ Flower Extract, Rosa Gallica Flower Extract, Chamomilla Recutita (Matricaria) Flower Extract, Rosa Damascena Flower Oil, Niacinamide, Palmitoyl Tetrapeptide-7, Palmitoyl Oligopeptide, Solanum Lycopersicum (Tomato) Fruit\/ Leaf\/ Stem Extract, Diacetyl Boldine, Ceramide EOP, Ceramide AP, Ceramide NP, Phytosterols, Phospholipids, Cholesterol, Phytosphingosine, Hydrolyzed Wheat Protein, Boswellia Serrata Gum, Prunus Armeniaca (Apricot) Kernel Oil, Persea Gratissima (Avocado) Oil, Tocopheryl Acetate, Ascorbyl Palmitate, Olea Europaea (Olive) Fruit Oil, Panthenol, Allantoin, Hydroxyethylcellulose, Simmondsia Chinensis (Jojoba) Seed Oil, Helianthus Annuus (Sunflower) Seed Oil, Butyrospermum Parkii (Shea) Butter, Sodium Acrylates Copolymer, Ammonium Polyacrylate, Trilaureth-4 Phosphate, Isohexadecane, Hydrogenated Polyisobutene, Phenoxyethanol, Dimethicone, Polyglyceryl-10 Stearate, PEG-40 Castor Oil, Disodium EDTA, Carbomer, BHT, Sodium Lauroyl Lactylate, Polysorbate 20, Trihydroxystearin, Caprylyl Glycol, Ethylhexylglycerin, Xanthan Gum, Dipropylene Glycol, Limonene, Linalool, Parfum (Fragrance)<\/p>\n","protected":false},"excerpt":{"rendered":"<h1>Cr\u00e8me anti-rides raffermissante \u00e0 l&rsquo;acide hyaluronique et aux extraits de fleurs Yellow Rose<\/h1>\n<p>Ce soin ultra concentr\u00e9 en oligopeptides, en extraits de fleurs et en acide hyaluronique offre \u00e0 votre peau une action anti-rides et une hydratation optimale durant 24h.<\/p>\n<p>Elle agit efficacement contre les impacts du vieillissement en stimulant la r\u00e9g\u00e9n\u00e9ration cellulaire et en prot\u00e9geant jour et nuit votre peau de la d\u00e9shydratation et des radicaux libres. Revitalis\u00e9e de l\u2019int\u00e9rieur, la peau apparait visiblement plus jeune ,douce et ferme.<\/p>\n<p><strong>Microsph\u00e8res d\u2019acide hyaluronique<\/strong> comblent les rides et hydratent la peau durablement<\/p>\n<p><strong>M\u00e9lange d\u2019acides hyaluroniques<\/strong> de 3 poids mol\u00e9culaires\u00a0diff\u00e9rents (\u00e9lev\u00e9, faible et tr\u00e8s faible ) qui hydrate et r\u00e9g\u00e9n\u00e8re en profondeur.<\/p>\n<p><strong>M\u00e9lange de th\u00e9 blanc<\/strong>\u00a0chinois \u00e0 l\u2019action apaisante , antioxydante et hydratante<br \/>\nExtraits de fleurs\u00a0(cerisier du Japon, magnolia, rose fran\u00e7aise, lotus indien et camomille) antioxydantes et apaisantes<\/p>\n<p><strong>M\u00e9lange sp\u00e9cifique d\u2019oligopeptides anti-rides<\/strong>\u00a0stimule la biosynth\u00e8se de collag\u00e8ne et d\u2019\u00e9lastine et lutte contre l\u2019apparition de rides d\u2019expression<\/p>\n<p><strong>C\u00e9ramides et Phytosphingosines<\/strong> prot\u00e8gent et hydratent<\/p>\n<p><strong>Extrait de Boswellia serrata<\/strong>\u00a0Anti-inflammatoire<\/p>\n<p><strong>Un extrait de th\u00e9 noir ferment\u00e9<\/strong>\u00a0Restaure le volume et l\u2019\u00e9paisseur de la peau, tout en augmentant son \u00e9clat et son \u00e9lasticit\u00e9 selon l\u2019effet \u00ab Lipo-filling<\/p>\n<p><strong>Extrait de tomates<\/strong>\u00a0Riches en Lycop\u00e8ne antioxydant<\/p>\n<p><strong>Diac\u00e9tyl Boldine<\/strong>\u00a0Lisse la peau et \u00e9claircit le teint<\/p>\n<p><strong>De la Niacinamide (vitamine B3)<\/strong> qui hydrate,stimule la biosynth\u00e8se de collag\u00e8ne naturel et lutte contre les d\u00e9colorations de la peau<\/p>\n<p>Ingr\u00e9dients:\u00a0Aqua (Water), Isopropyl Myristate, Butylene Glycol, Cetearyl Alcohol, Glycerin, Lanolin, Glyceryl Stearate, Ethylhexyl Palmitate, Ceteareth-20, Saccharomyces\/ Xylinum\/ Black Tea Ferment, Cetyl Alcohol, Myristyl Myristate, Caprylic\/ Capric Triglyceride, PEG-40 Stearate, Dicaprylyl Carbonate, Ethylene\/ Acrylic Acid Copolymer, PPG-2 Myristyl Ether Propionate, Sodium Hyaluronate, Prunus Serrulata Flower Extract, Camellia Sinensis Leaf Extract, Nelumbo Nucifera Flower Extract, Magnolia Biondii Bud\/ Flower Extract, Rosa Gallica Flower Extract, Chamomilla Recutita (Matricaria) Flower Extract, Rosa Damascena Flower Oil, Niacinamide, Palmitoyl Tetrapeptide-7, Palmitoyl Oligopeptide, Solanum Lycopersicum (Tomato) Fruit\/ Leaf\/ Stem Extract, Diacetyl Boldine, Ceramide EOP, Ceramide AP, Ceramide NP, Phytosterols, Phospholipids, Cholesterol, Phytosphingosine, Hydrolyzed Wheat Protein, Boswellia Serrata Gum, Prunus Armeniaca (Apricot) Kernel Oil, Persea Gratissima (Avocado) Oil, Tocopheryl Acetate, Ascorbyl Palmitate, Olea Europaea (Olive) Fruit Oil, Panthenol, Allantoin, Hydroxyethylcellulose, Simmondsia Chinensis (Jojoba) Seed Oil, Helianthus Annuus (Sunflower) Seed Oil, Butyrospermum Parkii (Shea) Butter, Sodium Acrylates Copolymer, Ammonium Polyacrylate, Trilaureth-4 Phosphate, Isohexadecane, Hydrogenated Polyisobutene, Phenoxyethanol, Dimethicone, Polyglyceryl-10 Stearate, PEG-40 Castor Oil, Disodium EDTA, Carbomer, BHT, Sodium Lauroyl Lactylate, Polysorbate 20, Trihydroxystearin, Caprylyl Glycol, Ethylhexylglycerin, Xanthan Gum, Dipropylene Glycol, CI 16035 (Red 40), Limonene, Linalool, Parfum (Fragrance)<\/p>\n<p>&nbsp;<\/p>\n<p><strong>Anti-Wrinkle Firming Cream with Hyaluronic Acid and Yellow Rose Flower Extracts<\/strong><\/p>\n<p>This ultra-concentrated care in oligopeptides, flower extracts and hyaluronic acid gives your skin an anti-wrinkle action and optimal hydration for 24 hours.<\/p>\n<p>It acts effectively against the impacts of aging by stimulating cellular regeneration and protecting your skin from dehydration and free radicals day and night. Revitalized from the inside, the skin appears visibly younger, soft and firm.<\/p>\n<p>Hyaluronic acid microspheres fill in wrinkles and moisturize the skin durably<\/p>\n<p>Hyaluronic acid mixture of 3 different molecular weights (high, low and very low) which moisturizes and regenerates deeply.<\/p>\n<p>Chinese white tea blend with soothing, antioxidant and moisturizing action Flower extracts (Japanese cherry, magnolia, French rose, Indian lotus and chamomile) antioxidant and soothing<\/p>\n<p>Specific blend of anti-wrinkle oligopeptides stimulates the biosynthesis of collagen and elastin and fights against the appearance of expression lines<\/p>\n<p>Ceramides and Phytosphingosines protect and moisturize<\/p>\n<p>Boswellia serrata extract Anti-inflammatory<\/p>\n<p>A fermented black tea extract Restores the volume and thickness of the skin, while increasing its brightness and elasticity according to the \u00ab\u00a0lipo-filling\u00a0\u00bb effect<\/p>\n<p>Rich tomato extract in antioxidant Lycopene Diacetyl Boldine Smoothes the skin and brightens the complexion<\/p>\n<p>Niacinamide (vitamin B3) moisturizes, stimulates the biosynthesis of natural collagen and fights skin discolouration<\/p>\n<p>Ingr\u00e9dients:\u00a0Aqua (Water), Isopropyl Myristate, Butylene Glycol, Cetearyl Alcohol, Glycerin, Lanolin, Glyceryl Stearate, Ethylhexyl Palmitate, Ceteareth-20, Saccharomyces\/ Xylinum\/ Black Tea Ferment, Cetyl Alcohol, Myristyl Myristate, Caprylic\/ Capric Triglyceride, PEG-40 Stearate, Dicaprylyl Carbonate, Ethylene\/ Acrylic Acid Copolymer, PPG-2 Myristyl Ether Propionate, Sodium Hyaluronate, Prunus Serrulata Flower Extract, Camellia Sinensis Leaf Extract, Nelumbo Nucifera Flower Extract, Magnolia Biondii Bud\/ Flower Extract, Rosa Gallica Flower Extract, Chamomilla Recutita (Matricaria) Flower Extract, Rosa Damascena Flower Oil, Niacinamide, Palmitoyl Tetrapeptide-7, Palmitoyl Oligopeptide, Solanum Lycopersicum (Tomato) Fruit\/ Leaf\/ Stem Extract, Diacetyl Boldine, Ceramide EOP, Ceramide AP, Ceramide NP, Phytosterols, Phospholipids, Cholesterol, Phytosphingosine, Hydrolyzed Wheat Protein, Boswellia Serrata Gum, Prunus Armeniaca (Apricot) Kernel Oil, Persea Gratissima (Avocado) Oil, Tocopheryl Acetate, Ascorbyl Palmitate, Olea Europaea (Olive) Fruit Oil, Panthenol, Allantoin, Hydroxyethylcellulose, Simmondsia Chinensis (Jojoba) Seed Oil, Helianthus Annuus (Sunflower) Seed Oil, Butyrospermum Parkii (Shea) Butter, Sodium Acrylates Copolymer, Ammonium Polyacrylate, Trilaureth-4 Phosphate, Isohexadecane, Hydrogenated Polyisobutene, Phenoxyethanol, Dimethicone, Polyglyceryl-10 Stearate, PEG-40 Castor Oil, Disodium EDTA, Carbomer, BHT, Sodium Lauroyl Lactylate, Polysorbate 20, Trihydroxystearin, Caprylyl Glycol, Ethylhexylglycerin, Xanthan Gum, Dipropylene Glycol, Limonene, Linalool, Parfum (Fragrance)<\/p>\n","protected":false},"featured_media":3507,"comment_status":"open","ping_status":"closed","template":"","meta":[],"_links":{"self":[{"href":"https:\/\/www.saphy.com\/healthcare-cosmetique\/wp-json\/wp\/v2\/product\/1065"}],"collection":[{"href":"https:\/\/www.saphy.com\/healthcare-cosmetique\/wp-json\/wp\/v2\/product"}],"about":[{"href":"https:\/\/www.saphy.com\/healthcare-cosmetique\/wp-json\/wp\/v2\/types\/product"}],"replies":[{"embeddable":true,"href":"https:\/\/www.saphy.com\/healthcare-cosmetique\/wp-json\/wp\/v2\/comments?post=1065"}],"wp:featuredmedia":[{"embeddable":true,"href":"https:\/\/www.saphy.com\/healthcare-cosmetique\/wp-json\/wp\/v2\/media\/3507"}],"wp:attachment":[{"href":"https:\/\/www.saphy.com\/healthcare-cosmetique\/wp-json\/wp\/v2\/media?parent=1065"}],"curies":[{"name":"wp","href":"https:\/\/api.w.org\/{rel}","templated":true}]}}