{"id":1069,"date":"2014-12-16T16:00:24","date_gmt":"2014-12-16T15:00:24","guid":{"rendered":"https:\/\/www.saphy.com\/healthcare-cosmetique\/produit\/elixir-de-beaute-a-lacide-hyaludonique-et-aux-extraits-de-fleurs-30ml\/"},"modified":"2022-01-03T15:43:13","modified_gmt":"2022-01-03T14:43:13","slug":"elixir-de-beaute-a-lacide-hyaluronique-et-aux-extraits-de-fleurs-30mlyellow-rose-cosmetique","status":"publish","type":"product","link":"https:\/\/www.saphy.com\/healthcare-cosmetique\/produit\/elixir-de-beaute-a-lacide-hyaluronique-et-aux-extraits-de-fleurs-30mlyellow-rose-cosmetique\/","title":{"rendered":"Elixir de beaut\u00e9 \u00e0 l&rsquo;acide hyaluronique et aux extraits de fleurs Yellow Rose"},"content":{"rendered":"<h1>Elixir de beaut\u00e9 \u00e0 l&rsquo;acide hyaluronique et aux extraits de fleurs Yellow Rose<\/h1>\n<p>Elixir de beaut\u00e9 ultra concentr\u00e9, multivitamin\u00e9, antirides et ultra hydratant qui apporte un soin quotidien intense \u00e0 votre peau.<\/p>\n<p>Une formule de pointe \u00e9labor\u00e9e \u00e0 base d\u2019acide hyaluronique, d\u2019oligopeptides, de vitamines, et d\u2019un complexe botanique unique. Lisse les ridules et les rides d\u2019expression, prot\u00e8ge efficacement des radicaux libres, augmente l\u2019\u00e9lasticit\u00e9 et redessine les contours du visage.<\/p>\n<p>Votre peau est d\u00e9salt\u00e9r\u00e9e, raffermit, liss\u00e9e et satin\u00e9e.<\/p>\n<p><strong>Microsph\u00e8res d\u2019acides hyaluroniques\u00a0<\/strong><em>Combleur<\/em> de rides qui hydratent durablement<\/p>\n<p><strong>M\u00e9lange d\u2019acides hyaluroniques de 3 poids mol\u00e9culaires<\/strong>\u00a0diff\u00e9rents (grand, petit et tr\u00e8s petit ) repulpe,hydrate et raffermit en profondeur<\/p>\n<p><strong>Th\u00e9 blanc<\/strong> chinois\u00a0Action apaisante et antioxydante<\/p>\n<p><strong>Extraits de fleurs<\/strong>\u00a0Cerisier du Japon, magnolia, rose fran\u00e7aise, lotus indien et camomille apaisantes, antioxydantes et hydratantes<\/p>\n<p><strong>M\u00e9lange sp\u00e9cifique d\u2019oligopeptides<\/strong>\u00a0anti-rides Stimule la biosynth\u00e8se de collag\u00e8ne et d\u2019\u00e9lastine et lutte contre l\u2019apparition de rides d\u2019expression<\/p>\n<p><strong>M\u00e9lange de C\u00e9ramide et Phytosphingosine<\/strong>\u00a0Prot\u00e8ge et hydrate la peau<\/p>\n<p><strong>Extrait de Boswellia serrata<\/strong>\u00a0Anti-inflammatoire<\/p>\n<p><strong>Un extrait de de th\u00e9 noir ferment\u00e9 <\/strong>Restaure le volume et l\u2019\u00e9paisseur de la peau tout en augmentant son \u00e9clat et son \u00e9lasticit\u00e9 (effet \u00ab Lipo-filling \u00bb)<\/p>\n<p><strong>Extrait de tomates<\/strong>\u00a0Riches en Lycop\u00e8ne antioxydant<\/p>\n<p><strong>Niacinamide (vitamine B3)<\/strong>\u00a0Hydrate, stimule la biosynth\u00e8se de collag\u00e8ne naturel et lutte contre les d\u00e9pigmentations de la peau<\/p>\n<p><strong>Complexe de silicium organique, de vitamine C et d\u2019hydroxyproline<\/strong> Raffermit et r\u00e9g\u00e9n\u00e8re les cellules de la peau<\/p>\n<p><strong>Vitamines E et A\u00a0<\/strong>Antioxydantes et nourrissantes<\/p>\n<p>Ingr\u00e9dients:\u00a0Aqua (Water), Dicaprylyl Carbonate, Isopropyl Myristate, Glycerin, Glyceryl Stearate, Ethylhexyl Palmitate, Butylene Glycol, Ceteareth-20, Propylene Glycol, Saccharomyces\/ Xylinum\/ Black Tea Ferment, Ceteareth-12, Cetyl Alcohol, Sodium Hyaluronate, Magnolia Biondii Bud\/Flower Extract, Rosa Gallica Flower Extract, Camellia Sinensis Leaf Extract, Niacinamide, Simmondsia Chinensis (Jojoba) Seed Oil, Prunus Armeniaca (Apricot) Kernel Oil, Chamomilla Recutita (Matricaria) Flower Extract, Solanum Lycopersicum (Tomato) Fruit\/ Leaf\/ Stem Extract, Isopropylbenzyl Salicylate, Nelumbo Nucifera Flower Extract, Prunus Serrulata Flower Extract, Rosa Damascena Flower Oil, Palmitoyl Oligopeptide, Methylsilanol Hydroxyproline Aspartate, Ascorbyl Methylsilanol Pectinate, Isodecyl Salicylate, Boswellia Serrata Gum, Panthenol, Allantoin, Palmitoyl Tetrapeptide-7, Acetyl Hexapeptide-8, Retinyl Palmitate, Ascorbyl Palmitate, Tocopheryl Acetate, Caprylic\/ Capric Triglyceride, PPG-2 Myristyl Ether Propionate, Phenoxyethanol, Trihydroxystearin, Ammonium Polyacrylate, Dipropylene Glycol, Isohexadecane, Caprylyl Glycol, Ethylhexylglycerin, PEG-40 Castor Oil, Helianthus Annuus (Sunflower) Seed Oil, Tocopherol, Carbomer, Hydroxyethylcellulose, BHT, Polysorbate 20, CI 16035 (Red 40), Limonene, Linalool, Parfum (Fragrance)<\/p>\n<p>&nbsp;<\/p>\n<p>&nbsp;<\/p>\n<p><strong>Beauty Elixir with Hyaluronic Acid and Yellow Rose Flower Extracts<\/strong><\/p>\n<p>Elixir of ultra concentrated beauty, multivitamin, anti-wrinkle and ultra moisturizer that brings an intense daily care to your skin.<\/p>\n<p>A state-of-the-art formula based on hyaluronic acid, oligopeptides, vitamins, and a unique botanical complex. Smoothes wrinkles and expression lines, effectively protects against free radicals, increases elasticity and redraws the contours of the face.<\/p>\n<p>Your skin is quenched, firmed, smoothed and silky.<\/p>\n<p>Hyaluronic acid microspheres Filler wrinkles that moisturize durably<\/p>\n<p>Hyaluronic acid mixture of 3 different molecular weights (large, small and very small) plumps, moisturizes and deeply firms<\/p>\n<p>Chinese white tea Soothing and antioxidant action<\/p>\n<p>Japanese Cherry Blossom Extracts, Magnolia, French Rose, Soothing, Antioxidant and Moisturizing Indian Lotus and Chamomile<\/p>\n<p>Specific anti-wrinkle oligopeptide blend Stimulates the biosynthesis of collagen and elastin and fights against the appearance of expression lines<\/p>\n<p>Mixture of Ceramide and Phytosphingosine Protects and moisturizes the skin<\/p>\n<p>Boswellia serrata extract Anti-inflammatory<\/p>\n<p>An extract of fermented black tea Restores the volume and the thickness of the skin while increasing its brightness and elasticity (\u00ab\u00a0Lipo-filling\u00a0\u00bb effect)<\/p>\n<p>Rich tomato extract in antioxidant Lycopene Niacinamide (vitamin B3)<\/p>\n<p>Moisturizes, stimulates the biosynthesis of natural collagen and fights depigmentation of the skin<\/p>\n<p>Complex of organic silicon, vitamin C and hydroxyproline Firms and regenerates skin cells<\/p>\n<p>Vitamin E and A Antioxidant and nourishing<\/p>\n<p>Ingredients: Aqua (Water), Dicaprylyl Carbonate, Isopropyl Myristate, Glycerin, Glyceryl Stearate, Ethylhexyl Palmitate, Butylene Glycol, Ceteareth-20, Propylene Glycol, Saccharomyces \/ Xylinum \/ Black Tea Ferment, Ceteareth-12, Cetyl Alcohol, Sodium Hyaluronate, Magnolia Biondii Bud \/ Flower Extract, Rosa Gallica Extract Flower, Camellia Sinensis Leaf Extract, Niacinamide, Simmondsia Chinensis (Jojoba) Seed Oil, Prunus Armeniaca (Apricot) Kernel Oil, Chamomilla Recutita (Matricaria) Extract Flower, Solanum Lycopersicum (Tomato) Fruit \/ Leaf \/ Stem Extract, Isopropylbenzyl Salicylate, Nelumbo Nucifera Flower Extract, Prunus Serrulata Flower Extract, Rosa Damascena Flower Oil, Palmitoyl Oligopeptide, Methylsilanol Hydroxyproline Aspartate, Ascorbyl Methylsilanol Pectinate, Isodecyl Salicylate, Boswellia Serrata Gum, Panthenol, Allantoin, Palmitoyl Tetrapeptide-7, Acetyl Hexapeptide-8, Retinyl Palmitate, Ascorbyl Palmitate, Tocopheryl Acetate, Caprylic \/ Capric Triglyceride, PPG-2 Myristyl Propionate, Phenoxyethanol, Trihydroxystearin, Ammonium Polyacrylate, Dipropylene Glycol, Isohexadecane, Caprylyl Glycol, Ethylhexylglycerin, PEG-40 Castor Oil, Helianthus Annuus (Sunflower) Seed Oil, Tocopherol, Carbomer, Hydroxyethylcellulose, BHT, Polysorbate 20, CI 16035 (Red 40 ), Limonene, Linalool, Perfume (Fragrance)<\/p>\n<p>&nbsp;<\/p>\n","protected":false},"excerpt":{"rendered":"<h1>Elixir de beaut\u00e9 \u00e0 l&rsquo;acide hyaluronique et aux extraits de fleurs Yellow Rose<\/h1>\n<p>Elixir de beaut\u00e9 ultra concentr\u00e9, multivitamin\u00e9, antirides et ultra hydratant qui apporte un soin quotidien intense \u00e0 votre peau.<\/p>\n<p>Une formule de pointe \u00e9labor\u00e9e \u00e0 base d\u2019acide hyaluronique, d\u2019oligopeptides, de vitamines, et d\u2019un complexe botanique unique. Lisse les ridules et les rides d\u2019expression, prot\u00e8ge efficacement des radicaux libres, augmente l\u2019\u00e9lasticit\u00e9 et redessine les contours du visage.<\/p>\n<p>Votre peau est d\u00e9salt\u00e9r\u00e9e, raffermit, liss\u00e9e et satin\u00e9e.<\/p>\n<p><strong>Microsph\u00e8res d\u2019acides hyaluroniques\u00a0<\/strong><em>Combleur<\/em> de rides qui hydratent durablement<\/p>\n<p><strong>M\u00e9lange d\u2019acides hyaluroniques de 3 poids mol\u00e9culaires<\/strong>\u00a0diff\u00e9rents (grand, petit et tr\u00e8s petit ) repulpe,hydrate et raffermit en profondeur<\/p>\n<p><strong>Th\u00e9 blanc<\/strong> chinois\u00a0Action apaisante et antioxydante<\/p>\n<p><strong>Extraits de fleurs<\/strong>\u00a0Cerisier du Japon, magnolia, rose fran\u00e7aise, lotus indien et camomille apaisantes, antioxydantes et hydratantes<\/p>\n<p><strong>M\u00e9lange sp\u00e9cifique d\u2019oligopeptides<\/strong>\u00a0anti-rides Stimule la biosynth\u00e8se de collag\u00e8ne et d\u2019\u00e9lastine et lutte contre l\u2019apparition de rides d\u2019expression<\/p>\n<p><strong>M\u00e9lange de C\u00e9ramide et Phytosphingosine<\/strong>\u00a0Prot\u00e8ge et hydrate la peau<\/p>\n<p><strong>Extrait de Boswellia serrata<\/strong>\u00a0Anti-inflammatoire<\/p>\n<p><strong>Un extrait de de th\u00e9 noir ferment\u00e9 <\/strong>Restaure le volume et l\u2019\u00e9paisseur de la peau tout en augmentant son \u00e9clat et son \u00e9lasticit\u00e9 (effet \u00ab Lipo-filling \u00bb)<\/p>\n<p><strong>Extrait de tomates<\/strong>\u00a0Riches en Lycop\u00e8ne antioxydant<\/p>\n<p><strong>Niacinamide (vitamine B3)<\/strong>\u00a0Hydrate, stimule la biosynth\u00e8se de collag\u00e8ne naturel et lutte contre les d\u00e9pigmentations de la peau<\/p>\n<p><strong>Complexe de silicium organique, de vitamine C et d\u2019hydroxyproline<\/strong> Raffermit et r\u00e9g\u00e9n\u00e8re les cellules de la peau<\/p>\n<p><strong>Vitamines E et A\u00a0<\/strong>Antioxydantes et nourrissantes<\/p>\n<p>Ingr\u00e9dients:\u00a0Aqua (Water), Dicaprylyl Carbonate, Isopropyl Myristate, Glycerin, Glyceryl Stearate, Ethylhexyl Palmitate, Butylene Glycol, Ceteareth-20, Propylene Glycol, Saccharomyces\/ Xylinum\/ Black Tea Ferment, Ceteareth-12, Cetyl Alcohol, Sodium Hyaluronate, Magnolia Biondii Bud\/Flower Extract, Rosa Gallica Flower Extract, Camellia Sinensis Leaf Extract, Niacinamide, Simmondsia Chinensis (Jojoba) Seed Oil, Prunus Armeniaca (Apricot) Kernel Oil, Chamomilla Recutita (Matricaria) Flower Extract, Solanum Lycopersicum (Tomato) Fruit\/ Leaf\/ Stem Extract, Isopropylbenzyl Salicylate, Nelumbo Nucifera Flower Extract, Prunus Serrulata Flower Extract, Rosa Damascena Flower Oil, Palmitoyl Oligopeptide, Methylsilanol Hydroxyproline Aspartate, Ascorbyl Methylsilanol Pectinate, Isodecyl Salicylate, Boswellia Serrata Gum, Panthenol, Allantoin, Palmitoyl Tetrapeptide-7, Acetyl Hexapeptide-8, Retinyl Palmitate, Ascorbyl Palmitate, Tocopheryl Acetate, Caprylic\/ Capric Triglyceride, PPG-2 Myristyl Ether Propionate, Phenoxyethanol, Trihydroxystearin, Ammonium Polyacrylate, Dipropylene Glycol, Isohexadecane, Caprylyl Glycol, Ethylhexylglycerin, PEG-40 Castor Oil, Helianthus Annuus (Sunflower) Seed Oil, Tocopherol, Carbomer, Hydroxyethylcellulose, BHT, Polysorbate 20, CI 16035 (Red 40), Limonene, Linalool, Parfum (Fragrance)<\/p>\n<p>&nbsp;<\/p>\n<p>&nbsp;<\/p>\n<p><strong>Beauty Elixir with Hyaluronic Acid and Yellow Rose Flower Extracts<\/strong><\/p>\n<p>Elixir of ultra concentrated beauty, multivitamin, anti-wrinkle and ultra moisturizer that brings an intense daily care to your skin.<\/p>\n<p>A state-of-the-art formula based on hyaluronic acid, oligopeptides, vitamins, and a unique botanical complex. Smoothes wrinkles and expression lines, effectively protects against free radicals, increases elasticity and redraws the contours of the face.<\/p>\n<p>Your skin is quenched, firmed, smoothed and silky.<\/p>\n<p>Hyaluronic acid microspheres Filler wrinkles that moisturize durably<\/p>\n<p>Hyaluronic acid mixture of 3 different molecular weights (large, small and very small) plumps, moisturizes and deeply firms<\/p>\n<p>Chinese white tea Soothing and antioxidant action<\/p>\n<p>Japanese Cherry Blossom Extracts, Magnolia, French Rose, Soothing, Antioxidant and Moisturizing Indian Lotus and Chamomile<\/p>\n<p>Specific anti-wrinkle oligopeptide blend Stimulates the biosynthesis of collagen and elastin and fights against the appearance of expression lines<\/p>\n<p>Mixture of Ceramide and Phytosphingosine Protects and moisturizes the skin<\/p>\n<p>Boswellia serrata extract Anti-inflammatory<\/p>\n<p>An extract of fermented black tea Restores the volume and the thickness of the skin while increasing its brightness and elasticity (\u00ab\u00a0Lipo-filling\u00a0\u00bb effect)<\/p>\n<p>Rich tomato extract in antioxidant Lycopene Niacinamide (vitamin B3)<\/p>\n<p>Moisturizes, stimulates the biosynthesis of natural collagen and fights depigmentation of the skin<\/p>\n<p>Complex of organic silicon, vitamin C and hydroxyproline Firms and regenerates skin cells<\/p>\n<p>Vitamin E and A Antioxidant and nourishing<\/p>\n<p>Ingredients: Aqua (Water), Dicaprylyl Carbonate, Isopropyl Myristate, Glycerin, Glyceryl Stearate, Ethylhexyl Palmitate, Butylene Glycol, Ceteareth-20, Propylene Glycol, Saccharomyces \/ Xylinum \/ Black Tea Ferment, Ceteareth-12, Cetyl Alcohol, Sodium Hyaluronate, Magnolia Biondii Bud \/ Flower Extract, Rosa Gallica Extract Flower, Camellia Sinensis Leaf Extract, Niacinamide, Simmondsia Chinensis (Jojoba) Seed Oil, Prunus Armeniaca (Apricot) Kernel Oil, Chamomilla Recutita (Matricaria) Extract Flower, Solanum Lycopersicum (Tomato) Fruit \/ Leaf \/ Stem Extract, Isopropylbenzyl Salicylate, Nelumbo Nucifera Flower Extract, Prunus Serrulata Flower Extract, Rosa Damascena Flower Oil, Palmitoyl Oligopeptide, Methylsilanol Hydroxyproline Aspartate, Ascorbyl Methylsilanol Pectinate, Isodecyl Salicylate, Boswellia Serrata Gum, Panthenol, Allantoin, Palmitoyl Tetrapeptide-7, Acetyl Hexapeptide-8, Retinyl Palmitate, Ascorbyl Palmitate, Tocopheryl Acetate, Caprylic \/ Capric Triglyceride, PPG-2 Myristyl Propionate, Phenoxyethanol, Trihydroxystearin, Ammonium Polyacrylate, Dipropylene Glycol, Isohexadecane, Caprylyl Glycol, Ethylhexylglycerin, PEG-40 Castor Oil, Helianthus Annuus (Sunflower) Seed Oil, Tocopherol, Carbomer, Hydroxyethylcellulose, BHT, Polysorbate 20, CI 16035 (Red 40 ), Limonene, Linalool, Perfume (Fragrance)<\/p>\n<p>&nbsp;<\/p>\n","protected":false},"featured_media":2915,"comment_status":"open","ping_status":"closed","template":"","meta":[],"_links":{"self":[{"href":"https:\/\/www.saphy.com\/healthcare-cosmetique\/wp-json\/wp\/v2\/product\/1069"}],"collection":[{"href":"https:\/\/www.saphy.com\/healthcare-cosmetique\/wp-json\/wp\/v2\/product"}],"about":[{"href":"https:\/\/www.saphy.com\/healthcare-cosmetique\/wp-json\/wp\/v2\/types\/product"}],"replies":[{"embeddable":true,"href":"https:\/\/www.saphy.com\/healthcare-cosmetique\/wp-json\/wp\/v2\/comments?post=1069"}],"wp:featuredmedia":[{"embeddable":true,"href":"https:\/\/www.saphy.com\/healthcare-cosmetique\/wp-json\/wp\/v2\/media\/2915"}],"wp:attachment":[{"href":"https:\/\/www.saphy.com\/healthcare-cosmetique\/wp-json\/wp\/v2\/media?parent=1069"}],"curies":[{"name":"wp","href":"https:\/\/api.w.org\/{rel}","templated":true}]}}