{"id":1073,"date":"2014-12-16T16:08:00","date_gmt":"2014-12-16T15:08:00","guid":{"rendered":"https:\/\/www.saphy.com\/healthcare-cosmetique\/produit\/gel-exfoliant-visage-a-lacide-hyaludonique-et-aux-extraits-de-fleurs-50ml\/"},"modified":"2025-05-06T09:56:03","modified_gmt":"2025-05-06T08:56:03","slug":"gel-exfoliant-visage-a-lacide-hyaluronique-et-aux-extraits-de-fleurs-50mlyellow-rose-cosmetique","status":"publish","type":"product","link":"https:\/\/www.saphy.com\/healthcare-cosmetique\/produit\/gel-exfoliant-visage-a-lacide-hyaluronique-et-aux-extraits-de-fleurs-50mlyellow-rose-cosmetique\/","title":{"rendered":"gel exfoliant visage \u00e0 l&rsquo;acide hyaluronique et aux extraits de fleurs Yellow rose cosmetics"},"content":{"rendered":"<h1>Gel exfoliant visage \u00e0 l&rsquo;acide hyaluronique et aux extraits de fleurs Yellow rose cosmetics<\/h1>\n<p>Un gel gommant qui exfolie et nettoie la peau en profondeur. Les granules douces de bambou naturel et les fleurs de lotus s\u00e9ch\u00e9es combin\u00e9s \u00e0 une enzyme prot\u00e9olytique sp\u00e9cifique permettent une exfoliation efficace tout en douceur sans irritation de la peau.<\/p>\n<p>Les cellules mortes et les impuret\u00e9s sont \u00e9limin\u00e9es de l\u2019\u00e9piderme r\u00e9v\u00e9lant une peau nette, lisse, fraiche comme la ros\u00e9e.<\/p>\n<p><strong>M\u00e9lange d\u2019acides hyaluroniques<\/strong>\u00a0repulpe la peau et hydrate intens\u00e9ment<\/p>\n<p><strong>Extrait de fleurs<\/strong>\u00a0(Cerisier du Japon, Magnolia, Rose fran\u00e7aise Lotus indien et camomille) apaisantes et antioxydantes et hydratantes<\/p>\n<p><strong>Th\u00e9 blanc<\/strong>\u00a0chinois action antirides, apaisante et antioxydante<\/p>\n<p><strong>Extraits d\u2019huile de lin, de marshmallow\/guimauve, et d\u2019amande douce\u00a0<\/strong>microsph\u00e8res lissantes et hydratantes<\/p>\n<p><strong>M\u00e9lange de C\u00e9ramide et Phytosphingosine<\/strong>\u00a0prot\u00e8ge et hydrate la peau<\/p>\n<p><strong>Extrait de Boswellia serrata<\/strong>\u00a0anti-inflammatoire<\/p>\n<p><strong>Niacinamide (vitamine B3)<\/strong>\u00a0hydrate, stimule la biosynth\u00e8se de collag\u00e8ne et lutte contre les d\u00e9pigmentations de la peau<\/p>\n<p><strong>Huile de jojoba\u00a0hydratante<\/strong>\u00a0prot\u00e8ge le film hydrolipidique de la peau<\/p>\n<p>Ingr\u00e9dients: Aqua (Water), Glycerin, Butylene Glycol, Ammonium Acryloyldimethyltaurate\/VP Copolymer, PEG-32, PEG-6, Bambusa Arundinacea Stem Powder, Nelumbo Nucifera Seed Powder, Magnolia Biondii Bud\/Flower Extract, Calendula Officinalis Flower Extract, Prunus Serrulata Flower Extract, Rosa Gallica Flower Extract, Sodium Hyaluronate, Rosa Damascena Flower Oil, Camelia Sinensis Leaf Extract, Nelumbo Nucifera Flower Extract, Chamomilla Recutita (Matricaria) Flower Extract, Prunus Amygdalus Dulcis (Sweet Almond) Fruit Extract, Bacillus Ferment, Niacinamide, Ceramide NP, Ceramide AP, Ceramide EOP, Simmondsia Chinensis (Jojoba) Seed Oil, Glycine Soja (Soybean) Oil, Linum Usitatissimum (Linseed) Seed Extract, Althaea Officinalis Root Extract, Algae Extract, Tocopherol, Xanthan Gum, Panthenol, Allantoin, Boswellia Serrata Gum, Dipropylene Glycol, Caprylic\/Capric Triglyceride, Cholesterol, Phytosphingosine, Caprylyl Glycol, Ethylhexylglycerin, Lactic Acid, Phenoxyethanol, Propylene Glycol, Alcohol Denat, Sodium Hydroxide, Disodium EDTA, Sodium Lauroyl Lactylate, Carbomer, Parfum (Fragrance)<\/p>\n<p>&nbsp;<\/p>\n<p><strong>Facial Exfoliating Gel with Hyaluronic Acid and Yellow Rose Flower Extracts<\/strong><\/p>\n<p>An exfoliating gel that exfoliates and deeply cleanses the skin. Natural bamboo soft granules and dried lotus flowers combined with a specific proteolytic enzyme allow gentle and effective exfoliation without skin irritation.<\/p>\n<p>Dead cells and impurities are removed from the epidermis revealing a clean, smooth, fresh skin like dew.<\/p>\n<p>Hyaluronic acid blend plumps the skin and intensely moisturizes<\/p>\n<p>Flower Extract (Japanese Cherry, Magnolia, French Rose Indian Lotus and Chamomile) soothing and antioxidant and moisturizing<\/p>\n<p>Chinese white tea anti-wrinkle, soothing and antioxidant<\/p>\n<p>Extracts of linseed oil, marshmallow \/ marshmallow, and sweet almond smoothing and moisturizing microspheres<\/p>\n<p>Mixture of Ceramide and Phytosphingosine protects and moisturizes the skin Boswellia serrata anti-inflammatory extract Niacinamide (vitamin B3) moisturizes, stimulates collagen biosynthesis and fights against depigmentation of the skin<\/p>\n<p>Moisturizing jojoba oil protects the skin&rsquo;s hydrolipidic film<\/p>\n<p>Ingredients: Aqua (Water), Glycerin, Butylene Glycol, Ammonium Acryloyldimethyltaurate \/ VP Copolymer, PEG-32, PEG-6, Bambusa Arundinacea Stem Powder, Nelumbo Nucifera Seed Powder, Magnolia Biondii Bud \/ Extract Flower, Calendula Officinalis Flower Extract, Prunus Serrulata Flower Extract, Rosa Flower Extract Rosa, Sodium Hyaluronate, Damascena Rosa Flower Oil, Camelia Sinensis Extract Leaf, Nelumbo Nucifera Extract Flower, Chamomilla Recutita (Matricaria) Extract Flower, Prunus Amygdalus Dulcis (Sweet Almond) Extract Fruit, Bacillus Ferment, Niacinamide, Ceramide NP, Ceramide AP, EOP Ceramide, Simmondsia Chinensis (Jojoba) Seed Oil, Soybean Glycine (Soybean) Oil, Linum Usitatissimum (Linseed) Seed Extract, Althaea Officinalis Extract Root, Algae Extract, Tocopherol, Xanthan Gum, Panthenol, Allantoin, Boswellia Serrata Gum, Dipropylene Glycol, Caprylic \/ Capric Triglyceride, Cholesterol, Phytosphingosine, Caprylyl Glycol, Ethylhexylglycerin, Lactic Acid, Phenoxyethanol, Propylene Glycol, Al Denat Cohol, Sodium Hydroxide, Disodium EDTA, Sodium Lauroyl Lactylate, Carbomer, Perfume (Fragrance)<\/p>\n<p>&nbsp;<\/p>\n","protected":false},"excerpt":{"rendered":"<h1>Gel exfoliant visage \u00e0 l&rsquo;acide hyaluronique et aux extraits de fleurs Yellow rose cosmetics<\/h1>\n<p>Un gel gommant qui exfolie et nettoie la peau en profondeur. Les granules douces de bambou naturel et les fleurs de lotus s\u00e9ch\u00e9es combin\u00e9s \u00e0 une enzyme prot\u00e9olytique sp\u00e9cifique permettent une exfoliation efficace tout en douceur sans irritation de la peau.<\/p>\n<p>Les cellules mortes et les impuret\u00e9s sont \u00e9limin\u00e9es de l\u2019\u00e9piderme r\u00e9v\u00e9lant une peau nette, lisse, fraiche comme la ros\u00e9e.<\/p>\n<p><strong>M\u00e9lange d\u2019acides hyaluroniques<\/strong>\u00a0repulpe la peau et hydrate intens\u00e9ment<\/p>\n<p><strong>Extrait de fleurs<\/strong>\u00a0(Cerisier du Japon, Magnolia, Rose fran\u00e7aise Lotus indien et camomille) apaisantes et antioxydantes et hydratantes<\/p>\n<p><strong>Th\u00e9 blanc<\/strong>\u00a0chinois action antirides, apaisante et antioxydante<\/p>\n<p><strong>Extraits d\u2019huile de lin, de marshmallow\/guimauve, et d\u2019amande douce\u00a0<\/strong>microsph\u00e8res lissantes et hydratantes<\/p>\n<p><strong>M\u00e9lange de C\u00e9ramide et Phytosphingosine<\/strong>\u00a0prot\u00e8ge et hydrate la peau<\/p>\n<p><strong>Extrait de Boswellia serrata<\/strong>\u00a0anti-inflammatoire<\/p>\n<p><strong>Niacinamide (vitamine B3)<\/strong>\u00a0hydrate, stimule la biosynth\u00e8se de collag\u00e8ne et lutte contre les d\u00e9pigmentations de la peau<\/p>\n<p><strong>Huile de jojoba\u00a0hydratante<\/strong>\u00a0prot\u00e8ge le film hydrolipidique de la peau<\/p>\n<p>Ingr\u00e9dients: Aqua (Water), Glycerin, Butylene Glycol, Ammonium Acryloyldimethyltaurate\/VP Copolymer, PEG-32, PEG-6, Bambusa Arundinacea Stem Powder, Nelumbo Nucifera Seed Powder, Magnolia Biondii Bud\/Flower Extract, Calendula Officinalis Flower Extract, Prunus Serrulata Flower Extract, Rosa Gallica Flower Extract, Sodium Hyaluronate, Rosa Damascena Flower Oil, Camelia Sinensis Leaf Extract, Nelumbo Nucifera Flower Extract, Chamomilla Recutita (Matricaria) Flower Extract, Prunus Amygdalus Dulcis (Sweet Almond) Fruit Extract, Bacillus Ferment, Niacinamide, Ceramide NP, Ceramide AP, Ceramide EOP, Simmondsia Chinensis (Jojoba) Seed Oil, Glycine Soja (Soybean) Oil, Linum Usitatissimum (Linseed) Seed Extract, Althaea Officinalis Root Extract, Algae Extract, Tocopherol, Xanthan Gum, Panthenol, Allantoin, Boswellia Serrata Gum, Dipropylene Glycol, Caprylic\/Capric Triglyceride, Cholesterol, Phytosphingosine, Caprylyl Glycol, Ethylhexylglycerin, Lactic Acid, Phenoxyethanol, Propylene Glycol, Alcohol Denat, Sodium Hydroxide, Disodium EDTA, Sodium Lauroyl Lactylate, Carbomer, Parfum (Fragrance)<\/p>\n<p>&nbsp;<\/p>\n<p><strong>Facial Exfoliating Gel with Hyaluronic Acid and Yellow Rose Flower Extracts<\/strong><\/p>\n<p>An exfoliating gel that exfoliates and deeply cleanses the skin. Natural bamboo soft granules and dried lotus flowers combined with a specific proteolytic enzyme allow gentle and effective exfoliation without skin irritation.<\/p>\n<p>Dead cells and impurities are removed from the epidermis revealing a clean, smooth, fresh skin like dew.<\/p>\n<p>Hyaluronic acid blend plumps the skin and intensely moisturizes<\/p>\n<p>Flower Extract (Japanese Cherry, Magnolia, French Rose Indian Lotus and Chamomile) soothing and antioxidant and moisturizing<\/p>\n<p>Chinese white tea anti-wrinkle, soothing and antioxidant<\/p>\n<p>Extracts of linseed oil, marshmallow \/ marshmallow, and sweet almond smoothing and moisturizing microspheres<\/p>\n<p>Mixture of Ceramide and Phytosphingosine protects and moisturizes the skin Boswellia serrata anti-inflammatory extract Niacinamide (vitamin B3) moisturizes, stimulates collagen biosynthesis and fights against depigmentation of the skin<\/p>\n<p>Moisturizing jojoba oil protects the skin&rsquo;s hydrolipidic film<\/p>\n<p>Ingredients: Aqua (Water), Glycerin, Butylene Glycol, Ammonium Acryloyldimethyltaurate \/ VP Copolymer, PEG-32, PEG-6, Bambusa Arundinacea Stem Powder, Nelumbo Nucifera Seed Powder, Magnolia Biondii Bud \/ Extract Flower, Calendula Officinalis Flower Extract, Prunus Serrulata Flower Extract, Rosa Flower Extract Rosa, Sodium Hyaluronate, Damascena Rosa Flower Oil, Camelia Sinensis Extract Leaf, Nelumbo Nucifera Extract Flower, Chamomilla Recutita (Matricaria) Extract Flower, Prunus Amygdalus Dulcis (Sweet Almond) Extract Fruit, Bacillus Ferment, Niacinamide, Ceramide NP, Ceramide AP, EOP Ceramide, Simmondsia Chinensis (Jojoba) Seed Oil, Soybean Glycine (Soybean) Oil, Linum Usitatissimum (Linseed) Seed Extract, Althaea Officinalis Extract Root, Algae Extract, Tocopherol, Xanthan Gum, Panthenol, Allantoin, Boswellia Serrata Gum, Dipropylene Glycol, Caprylic \/ Capric Triglyceride, Cholesterol, Phytosphingosine, Caprylyl Glycol, Ethylhexylglycerin, Lactic Acid, Phenoxyethanol, Propylene Glycol, Al Denat Cohol, Sodium Hydroxide, Disodium EDTA, Sodium Lauroyl Lactylate, Carbomer, Perfume (Fragrance)<\/p>\n<p>&nbsp;<\/p>\n","protected":false},"featured_media":4002,"comment_status":"open","ping_status":"closed","template":"","meta":[],"_links":{"self":[{"href":"https:\/\/www.saphy.com\/healthcare-cosmetique\/wp-json\/wp\/v2\/product\/1073"}],"collection":[{"href":"https:\/\/www.saphy.com\/healthcare-cosmetique\/wp-json\/wp\/v2\/product"}],"about":[{"href":"https:\/\/www.saphy.com\/healthcare-cosmetique\/wp-json\/wp\/v2\/types\/product"}],"replies":[{"embeddable":true,"href":"https:\/\/www.saphy.com\/healthcare-cosmetique\/wp-json\/wp\/v2\/comments?post=1073"}],"wp:featuredmedia":[{"embeddable":true,"href":"https:\/\/www.saphy.com\/healthcare-cosmetique\/wp-json\/wp\/v2\/media\/4002"}],"wp:attachment":[{"href":"https:\/\/www.saphy.com\/healthcare-cosmetique\/wp-json\/wp\/v2\/media?parent=1073"}],"curies":[{"name":"wp","href":"https:\/\/api.w.org\/{rel}","templated":true}]}}