{"id":1075,"date":"2014-12-16T16:11:36","date_gmt":"2014-12-16T15:11:36","guid":{"rendered":"https:\/\/www.saphy.com\/healthcare-cosmetique\/produit\/lait-demaquillant-a-lacide-hyaludonique-et-aux-extraits-de-fleurs-200ml\/"},"modified":"2022-01-03T15:42:52","modified_gmt":"2022-01-03T14:42:52","slug":"lotion-tonique-a-lacide-hyaluronique-et-aux-extraits-de-fleurs-200mlyellow-rose-cosmetique","status":"publish","type":"product","link":"https:\/\/www.saphy.com\/healthcare-cosmetique\/produit\/lotion-tonique-a-lacide-hyaluronique-et-aux-extraits-de-fleurs-200mlyellow-rose-cosmetique\/","title":{"rendered":"Lotion tonique \u00e0 l&rsquo;acide hyaluronique et aux extraits de fleurs Yellow Rose"},"content":{"rendered":"<h1>Lotion tonique \u00e0 l&rsquo;acide hyaluronique et aux extraits de fleurs Yellow Rose<\/h1>\n<p>Lotion antirides, tonifiante, apaisante et ultra hydratante id\u00e9ale pour parfaire le d\u00e9maquillage et apporter confort aux peaux s\u00e8ches et\/ou deshydrat\u00e9es.<\/p>\n<p>Votre peau est nette, fraiche souple, belle et douce comme un p\u00e9tale de fleur.<\/p>\n<p><strong>Acide hyaluronique<\/strong>\u00a0actif antirides ,d\u00e9froisse la peau ,favorise la communication cellulaire entre le derme et l\u2019\u00e9piderme et hydrate intens\u00e9ment<\/p>\n<p><strong>Extrait de th\u00e9<\/strong> blanc\u00a0chinois antioxydant puissant<\/p>\n<p><strong>Extrait de fleurs<\/strong> sp\u00e9cifiques\u00a0cerisier du Japon, magnolia, rose fran\u00e7aises, et lotus indien aux propri\u00e9t\u00e9s hydratantes, apaisantes et antioxydantes.<\/p>\n<p><strong>De la Niacinamide\u00a0(vitamine B3)<\/strong> hydrate, stimule la biosynth\u00e8se de collag\u00e8ne et lutte contre les d\u00e9pigmentations de la peau<\/p>\n<p><strong>Du Panth\u00e9nol\u00a0<\/strong>pro vitamines B5 r\u00e9paratrice<\/p>\n<p>&nbsp;<\/p>\n<p>Ingr\u00e9dients:\u00a0Aqua (Water), Butylene Glycol, Methyl Gluceth-20, \u00a0Glycerin, Magnolia Biondii Bud\/Flower extract, Rosa Gallica Flower extract, Camelia Sinensis Leaf extract, Nelumbo Nucifera Flower extract, Prunus Serrulata Flower extract, Sodium Hyaluronate, Rosa Damascena Flower oil, Niacinamide, Panthenol, Allantoin, PPG-26-Buteth-26, PEG-40 Hydrogenated Castor Oil, Phenoxyethanol, Ethylhexylglycerin, CI 16035 (Red 40), Limonene, Linalool, Parfum (Fragrance)<\/p>\n<p>&nbsp;<\/p>\n<p>&nbsp;<\/p>\n<p><strong>Hyaluronic Acid Tonic Lotion with Yellow Rose Flower Extracts<\/strong><\/p>\n<p>Anti-wrinkle, toning, soothing and ultra moisturizing lotion ideal for perfecting make-up removal and providing comfort for dry and \/ or dehydrated skin.<\/p>\n<p>Your skin is clean, fresh supple, beautiful and soft like a flower petal.<\/p>\n<p>Hyaluronic active anti-wrinkle, smoothes the skin, promotes cellular communication between the dermis and the epidermis and intensively moisturizes<\/p>\n<p>Strong antioxidant Chinese white tea extract<\/p>\n<p>Specific cherry blossom extract from Japan, magnolia, French rose, and Indian lotus with moisturizing, soothing and antioxidant properties.<\/p>\n<p>Niacinamide (vitamin B3) hydrates, stimulates collagen biosynthesis and fights skin depigmentation<\/p>\n<p>Panthenol pro vitamins B5 restorative<\/p>\n<p>Ingredients: Aqua (Water), Butylene Glycol, Methyl Gluceth-20, Glycerin, Biondii Bud \/ Flower extract, Rosa Gallica Flower extract, Camelia Sinensis Leaf extract, Nelumbo Flower extract Nucifera, Flower extract Prunus Serrulata, Sodium Hyaluronate, Damascena Flower Rosa oil, Niacinamide, Panthenol, Allantoin, PPG-26-Buteth-26, PEG-40 Hydrogenated Castor Oil, Phenoxyethanol, Ethylhexylglycerin, CI 16035 (Red 40), Limonene, Linalool, Fragrance (Fragrance)<\/p>\n<p>&nbsp;<\/p>\n<p>&nbsp;<\/p>\n","protected":false},"excerpt":{"rendered":"<h1>Lotion tonique \u00e0 l&rsquo;acide hyaluronique et aux extraits de fleurs Yellow Rose<\/h1>\n<p>Lotion antirides, tonifiante, apaisante et ultra hydratante id\u00e9ale pour parfaire le d\u00e9maquillage et apporter confort aux peaux s\u00e8ches et\/ou deshydrat\u00e9es.<\/p>\n<p>Votre peau est nette, fraiche souple, belle et douce comme un p\u00e9tale de fleur.<\/p>\n<p><strong>Acide hyaluronique<\/strong>\u00a0actif antirides ,d\u00e9froisse la peau ,favorise la communication cellulaire entre le derme et l\u2019\u00e9piderme et hydrate intens\u00e9ment<\/p>\n<p><strong>Extrait de th\u00e9<\/strong> blanc\u00a0chinois antioxydant puissant<\/p>\n<p><strong>Extrait de fleurs<\/strong> sp\u00e9cifiques\u00a0cerisier du Japon, magnolia, rose fran\u00e7aises, et lotus indien aux propri\u00e9t\u00e9s hydratantes, apaisantes et antioxydantes.<\/p>\n<p><strong>De la Niacinamide\u00a0(vitamine B3)<\/strong> hydrate, stimule la biosynth\u00e8se de collag\u00e8ne et lutte contre les d\u00e9pigmentations de la peau<\/p>\n<p><strong>Du Panth\u00e9nol\u00a0<\/strong>pro vitamines B5 r\u00e9paratrice<\/p>\n<p>&nbsp;<\/p>\n<p>Ingr\u00e9dients:\u00a0Aqua (Water), Butylene Glycol, Methyl Gluceth-20, \u00a0Glycerin, Magnolia Biondii Bud\/Flower extract, Rosa Gallica Flower extract, Camelia Sinensis Leaf extract, Nelumbo Nucifera Flower extract, Prunus Serrulata Flower extract, Sodium Hyaluronate, Rosa Damascena Flower oil, Niacinamide, Panthenol, Allantoin, PPG-26-Buteth-26, PEG-40 Hydrogenated Castor Oil, Phenoxyethanol, Ethylhexylglycerin, CI 16035 (Red 40), Limonene, Linalool, Parfum (Fragrance)<\/p>\n<p>&nbsp;<\/p>\n<p>&nbsp;<\/p>\n<p><strong>Hyaluronic Acid Tonic Lotion with Yellow Rose Flower Extracts<\/strong><\/p>\n<p>Anti-wrinkle, toning, soothing and ultra moisturizing lotion ideal for perfecting make-up removal and providing comfort for dry and \/ or dehydrated skin.<\/p>\n<p>Your skin is clean, fresh supple, beautiful and soft like a flower petal.<\/p>\n<p>Hyaluronic active anti-wrinkle, smoothes the skin, promotes cellular communication between the dermis and the epidermis and intensively moisturizes<\/p>\n<p>Strong antioxidant Chinese white tea extract<\/p>\n<p>Specific cherry blossom extract from Japan, magnolia, French rose, and Indian lotus with moisturizing, soothing and antioxidant properties.<\/p>\n<p>Niacinamide (vitamin B3) hydrates, stimulates collagen biosynthesis and fights skin depigmentation<\/p>\n<p>Panthenol pro vitamins B5 restorative<\/p>\n<p>Ingredients: Aqua (Water), Butylene Glycol, Methyl Gluceth-20, Glycerin, Biondii Bud \/ Flower extract, Rosa Gallica Flower extract, Camelia Sinensis Leaf extract, Nelumbo Flower extract Nucifera, Flower extract Prunus Serrulata, Sodium Hyaluronate, Damascena Flower Rosa oil, Niacinamide, Panthenol, Allantoin, PPG-26-Buteth-26, PEG-40 Hydrogenated Castor Oil, Phenoxyethanol, Ethylhexylglycerin, CI 16035 (Red 40), Limonene, Linalool, Fragrance (Fragrance)<\/p>\n<p>&nbsp;<\/p>\n<p>&nbsp;<\/p>\n","protected":false},"featured_media":3504,"comment_status":"open","ping_status":"closed","template":"","meta":[],"_links":{"self":[{"href":"https:\/\/www.saphy.com\/healthcare-cosmetique\/wp-json\/wp\/v2\/product\/1075"}],"collection":[{"href":"https:\/\/www.saphy.com\/healthcare-cosmetique\/wp-json\/wp\/v2\/product"}],"about":[{"href":"https:\/\/www.saphy.com\/healthcare-cosmetique\/wp-json\/wp\/v2\/types\/product"}],"replies":[{"embeddable":true,"href":"https:\/\/www.saphy.com\/healthcare-cosmetique\/wp-json\/wp\/v2\/comments?post=1075"}],"wp:featuredmedia":[{"embeddable":true,"href":"https:\/\/www.saphy.com\/healthcare-cosmetique\/wp-json\/wp\/v2\/media\/3504"}],"wp:attachment":[{"href":"https:\/\/www.saphy.com\/healthcare-cosmetique\/wp-json\/wp\/v2\/media?parent=1075"}],"curies":[{"name":"wp","href":"https:\/\/api.w.org\/{rel}","templated":true}]}}