{"id":109,"date":"2014-10-15T07:48:24","date_gmt":"2014-10-15T06:48:24","guid":{"rendered":"https:\/\/www.saphy.com\/healthcare-cosmetique\/?post_type=product&#038;p=109"},"modified":"2022-01-03T15:44:25","modified_gmt":"2022-01-03T14:44:25","slug":"serum-raffermissant-anti-rides-visage-yellow-rose-cosmetique","status":"publish","type":"product","link":"https:\/\/www.saphy.com\/healthcare-cosmetique\/produit\/serum-raffermissant-anti-rides-visage-yellow-rose-cosmetique\/","title":{"rendered":"S\u00e9rum raffermissant anti-rides visage Ligne d&rsquo;or Yellow Rose cosmetiques"},"content":{"rendered":"<h1>S\u00e9rum raffermissant\u00a0 anti-rides visage Ligne d&rsquo;or Yellow Rose cosmetiques<\/h1>\n<p>Parez vous d\u2019or 23 carats! Un S\u00e9rum r\u00e9parateur\u00a0 ultra-raffermissant qui lisse, comble et repulpe les rides. Ce soin ultra concentr\u00e9 en prot\u00e9ines de soie contient des oligopeptides bioactifs, du collag\u00e8ne marin, de puissants antioxydants et des agents hydratants qui offrent au quotidien une v\u00e9ritable cure de jouvence \u00e0 votre peau. Il raffermit, tonifie, am\u00e9liore l\u2019\u00e9lasticit\u00e9 et prot\u00e8ge votre peau des radicaux libres responsables du vieillissement cutan\u00e9. Votre peau est rayonnante, votre teint magnifi\u00e9 .<\/p>\n<p>OR 24 carats R\u00e9pare les tissus endommag\u00e9s ,r\u00e9g\u00e9n\u00e8re les cellules, corrige les aspects inesth\u00e9tiques de la peau, prot\u00e8ge du vieillissement cutan\u00e9 apaise et r\u00e9v\u00e8le l\u2019\u00e9clat de la peau.<\/p>\n<p>Prot\u00e9ines de soie : Raffermissent ,lissent ,hydratent et adoucissent la peau<\/p>\n<p>Collag\u00e8ne marin : Comble et lisse les rides<\/p>\n<p>Oligopeptides sp\u00e9cifiques : Stimule la synth\u00e8se naturelle du collag\u00e8ne et de l\u2019\u00e9lastine \u00ab\u00a0effet botox\u00a0\u00bb<\/p>\n<p>Chitosan : Repulpe et hydrate<\/p>\n<p>Vitamine E: Anti-\u00e2ge ,r\u00e9pare les tissus et am\u00e9liore la microcirculation<\/p>\n<p>Vitamine C: Antirides , anti taches ,prot\u00e8ge les tissus de la peau<\/p>\n<p>Prot\u00e9ines de lait : Hydratent ,prot\u00e8gent des radicaux libres et \u00e9claircissent le teint<\/p>\n<p>30ML\u00a0 Sans parab\u00e8nes<\/p>\n<p>Ingr\u00e9dients:\u00a0Aqua (Water), Glycerin, Butylene Glycol, Propylene Glycol, Saccharomyces\/Xylinum\/Black Tea Ferment, Panthenol, Palmitoyl Oligopeptide, Palmitoyl Tetrapeptide-7, Acetyl Hexapeptide-8, Atelocollagen, Sodium Hyaluronate, Hydrolyzed Silk, CI 77480 (Gold), Cucumis Sativus (Cucumber) Fruit Extract, Chamomilla Recutita (Matricaria) Flower Extract, Rosa Canina Fruit Extract, Arctostaphylos UVA-URSI (Bearberry) Leaf Extract, Lactis Proteinum (Milk Protein), Chitosan Succinamide, Ceramide AP, Ceramide NP, Ceramide EOP, Phytosphingosine, Allantoin, Sodium Ascorbyl Phosphate, Phospholipids, Glycoproteins, Silanetriol Arginate, Lecithin, Tocopheryl Acetate, Ubiquinone, Carnitine, PEG-12 Dimethicone, Pentaerythrityl Tetraisostearate, Silica Dimethyl Silylate, Sodium Chondroitin Sulfate, Ethylhexylglycerin, Polysorbate 20, Cholesterol, Sodium Lauroyl Lactylate, Carbomer, Phenoxyethanol, Hydroxyethylcellulose, Glyceryl Acrylate\/Acrylic Acid Copolymer, Sodium Hydroxide, Xanthan Gum, Tetrasodium EDTA, Parfum (Fragrance)<\/p>\n<p><strong>GOLDEN LINE FACE FIRMING SERUM YELLOW ROSE COSMETICS<\/strong><\/p>\n<p>A luxurious, highly efficient firming, anti-wrinkle, and moisturizing face serum for all skin types.<\/p>\n<p>Contains 23 karat gold, silk proteins, antiaging Oligopeptides, anti-oxidants and moisturizing ingredients for an intensive daily face care. Firms, tones, improves skin\u2019s elasticity and helps reduce expression lines and wrinkles. Leaves skin silky smooth, supple, radiant and rejuvenated.<\/p>\n<p>Provides immediate wrinkle filling result and gradually helps efficiently fight wrinkles and fine lines. Can be effectively combined with the other Yellow Rose Golden Line Face Treatment products.<br \/>\nUse<br \/>\nApply to clean skin and massage gently until absorbed. Can be used daily, morning and evening. Can be used alone as a 24 hour serum or before a Yellow Rose cream or mask.<\/p>\n<p>Can also be used together with professional beauty equipment.<br \/>\nMain Ingredients<br \/>\n23 karat Gold<br \/>\nIlluminating and rejuvenating 23 karat Gold.<br \/>\nSilk proteins<br \/>\nMoisturize, firm and make skin silky smooth.<br \/>\nMarine Collagen microspheres (\u2019wrinkle-fillers\u2019 and long-lasting moisturizers)<br \/>\nThese spheres easily penetrate the upper layers of the epidermis reaching deep underneath the wrinkles. They absorb the water that would have been naturally evaporated by the skin (a natural process called \u2019Transepidermal Water Loss\u2019) and swell, increasing immediately their volume and density (within an hour). Consecutively they push the wrinkles from underneath, smoothing them out and increase the long-term skin hydration of the upper layers of the epidermis.<br \/>\nSpecial antiaging \u2018Retinol-like\u2019 Oligo-peptides<br \/>\nActivates the natural synthesis of extracellular matrix macromolecules (collagen, elastin, glycosaminoglycans) in fibroblasts repairing and remodeling the skin tissue (\u2018Retinol-like\u2019 effect).<br \/>\nSpecial \u2018Botox-like\u2019 Oligopeptide<br \/>\nA special hexapeptide that has a regulating effect on the epidermis\u2019 micro-contractions. It fights expression lines and softens expression movements ( \u201cBotox-like\u201d effect).<br \/>\n2 types of Hyaluronic acid (high and low molecular weight)<br \/>\nHigh MW Hyaluronic acid moisturizes efficiently the outer layer of the epidermis increasing its elasticity. Low MW Hyaluronic acid, bound with water, easily penetrates into the skin hydrating the lower layers of stratum corneum and helps at the restructure of the epidermis.<br \/>\nSpecial botanical complex (Chamomile, Wild Rose, Bearberry)<br \/>\nAn effective skin lightening mixture with additional soothing and calming properties.<br \/>\nCeramides and Phytosphingosine<br \/>\nLipid molecules found in the bilayer cell membrane and have structural and effective role in cell life circle. They protect the hydrolipidic barrier of the skin and moisturize.<br \/>\nOrganic Silicium complex with Arginine<br \/>\nIncreases the synthesis of Elastin and Collagen fibres, providing skin tonus and elasticity.<br \/>\nContains also<br \/>\nLiposomes with Milk proteins, Chitosan, black Tea fermentation extract (Kombuchka), suspension of Liposomes, Cucumber extract, Liposomes with Coenzyme Q10 and Carnitine, Vitamins (E and C), Allantoin and d-Panthenol (pro-Vitamin B5).<\/p>\n<p>Ingr\u00e9dients:\u00a0Aqua (Water), Glycerin, Butylene Glycol, Propylene Glycol, Saccharomyces\/Xylinum\/Black Tea Ferment, Panthenol, Palmitoyl Oligopeptide, Palmitoyl Tetrapeptide-7, Acetyl Hexapeptide-8, Atelocollagen, Sodium Hyaluronate, Hydrolyzed Silk, CI 77480 (Gold), Cucumis Sativus (Cucumber) Fruit Extract, Chamomilla Recutita (Matricaria) Flower Extract, Rosa Canina Fruit Extract, Arctostaphylos UVA-URSI (Bearberry) Leaf Extract, Lactis Proteinum (Milk Protein), Chitosan Succinamide, Ceramide AP, Ceramide NP, Ceramide EOP, Phytosphingosine, Allantoin, Sodium Ascorbyl Phosphate, Phospholipids, Glycoproteins, Silanetriol Arginate, Lecithin, Tocopheryl Acetate, Ubiquinone, Carnitine, PEG-12 Dimethicone, Pentaerythrityl Tetraisostearate, Silica Dimethyl Silylate, Sodium Chondroitin Sulfate, Ethylhexylglycerin, Polysorbate 20, Cholesterol, Sodium Lauroyl Lactylate, Carbomer, Phenoxyethanol, Hydroxyethylcellulose, Glyceryl Acrylate\/Acrylic Acid Copolymer, Sodium Hydroxide, Xanthan Gum, Tetrasodium EDTA, Parfum (Fragrance)<\/p>\n","protected":false},"excerpt":{"rendered":"<h1>S\u00e9rum raffermissant\u00a0 anti-rides visage Ligne d&rsquo;or Yellow Rose cosmetiques<\/h1>\n<p>Parez vous d\u2019or 23 carats! Un S\u00e9rum r\u00e9parateur\u00a0 ultra-raffermissant qui lisse, comble et repulpe les rides. Ce soin ultra concentr\u00e9 en prot\u00e9ines de soie contient des oligopeptides bioactifs, du collag\u00e8ne marin, de puissants antioxydants et des agents hydratants qui offrent au quotidien une v\u00e9ritable cure de jouvence \u00e0 votre peau. Il raffermit, tonifie, am\u00e9liore l\u2019\u00e9lasticit\u00e9 et prot\u00e8ge votre peau des radicaux libres responsables du vieillissement cutan\u00e9. Votre peau est rayonnante, votre teint magnifi\u00e9 .<\/p>\n<p>OR 24 carats R\u00e9pare les tissus endommag\u00e9s ,r\u00e9g\u00e9n\u00e8re les cellules, corrige les aspects inesth\u00e9tiques de la peau, prot\u00e8ge du vieillissement cutan\u00e9 apaise et r\u00e9v\u00e8le l\u2019\u00e9clat de la peau.<\/p>\n<p>Prot\u00e9ines de soie : Raffermissent ,lissent ,hydratent et adoucissent la peau<\/p>\n<p>Collag\u00e8ne marin : Comble et lisse les rides<\/p>\n<p>Oligopeptides sp\u00e9cifiques : Stimule la synth\u00e8se naturelle du collag\u00e8ne et de l\u2019\u00e9lastine \u00ab\u00a0effet botox\u00a0\u00bb<\/p>\n<p>Chitosan : Repulpe et hydrate<\/p>\n<p>Vitamine E: Anti-\u00e2ge ,r\u00e9pare les tissus et am\u00e9liore la microcirculation<\/p>\n<p>Vitamine C: Antirides , anti taches ,prot\u00e8ge les tissus de la peau<\/p>\n<p>Prot\u00e9ines de lait : Hydratent ,prot\u00e8gent des radicaux libres et \u00e9claircissent le teint<\/p>\n<p>30ML\u00a0 Sans parab\u00e8nes<\/p>\n<p>Ingr\u00e9dients:\u00a0Aqua (Water), Glycerin, Butylene Glycol, Propylene Glycol, Saccharomyces\/Xylinum\/Black Tea Ferment, Panthenol, Palmitoyl Oligopeptide, Palmitoyl Tetrapeptide-7, Acetyl Hexapeptide-8, Atelocollagen, Sodium Hyaluronate, Hydrolyzed Silk, CI 77480 (Gold), Cucumis Sativus (Cucumber) Fruit Extract, Chamomilla Recutita (Matricaria) Flower Extract, Rosa Canina Fruit Extract, Arctostaphylos UVA-URSI (Bearberry) Leaf Extract, Lactis Proteinum (Milk Protein), Chitosan Succinamide, Ceramide AP, Ceramide NP, Ceramide EOP, Phytosphingosine, Allantoin, Sodium Ascorbyl Phosphate, Phospholipids, Glycoproteins, Silanetriol Arginate, Lecithin, Tocopheryl Acetate, Ubiquinone, Carnitine, PEG-12 Dimethicone, Pentaerythrityl Tetraisostearate, Silica Dimethyl Silylate, Sodium Chondroitin Sulfate, Ethylhexylglycerin, Polysorbate 20, Cholesterol, Sodium Lauroyl Lactylate, Carbomer, Phenoxyethanol, Hydroxyethylcellulose, Glyceryl Acrylate\/Acrylic Acid Copolymer, Sodium Hydroxide, Xanthan Gum, Tetrasodium EDTA, Parfum (Fragrance)<\/p>\n<p><strong>GOLDEN LINE FACE FIRMING SERUM YELLOW ROSE COSMETICS<\/strong><\/p>\n<p>A luxurious, highly efficient firming, anti-wrinkle, and moisturizing face serum for all skin types.<\/p>\n<p>Contains 23 karat gold, silk proteins, antiaging Oligopeptides, anti-oxidants and moisturizing ingredients for an intensive daily face care. Firms, tones, improves skin\u2019s elasticity and helps reduce expression lines and wrinkles. Leaves skin silky smooth, supple, radiant and rejuvenated.<\/p>\n<p>Provides immediate wrinkle filling result and gradually helps efficiently fight wrinkles and fine lines. Can be effectively combined with the other Yellow Rose Golden Line Face Treatment products.<br \/>\nUse<br \/>\nApply to clean skin and massage gently until absorbed. Can be used daily, morning and evening. Can be used alone as a 24 hour serum or before a Yellow Rose cream or mask.<\/p>\n<p>Can also be used together with professional beauty equipment.<br \/>\nMain Ingredients<br \/>\n23 karat Gold<br \/>\nIlluminating and rejuvenating 23 karat Gold.<br \/>\nSilk proteins<br \/>\nMoisturize, firm and make skin silky smooth.<br \/>\nMarine Collagen microspheres (\u2019wrinkle-fillers\u2019 and long-lasting moisturizers)<br \/>\nThese spheres easily penetrate the upper layers of the epidermis reaching deep underneath the wrinkles. They absorb the water that would have been naturally evaporated by the skin (a natural process called \u2019Transepidermal Water Loss\u2019) and swell, increasing immediately their volume and density (within an hour). Consecutively they push the wrinkles from underneath, smoothing them out and increase the long-term skin hydration of the upper layers of the epidermis.<br \/>\nSpecial antiaging \u2018Retinol-like\u2019 Oligo-peptides<br \/>\nActivates the natural synthesis of extracellular matrix macromolecules (collagen, elastin, glycosaminoglycans) in fibroblasts repairing and remodeling the skin tissue (\u2018Retinol-like\u2019 effect).<br \/>\nSpecial \u2018Botox-like\u2019 Oligopeptide<br \/>\nA special hexapeptide that has a regulating effect on the epidermis\u2019 micro-contractions. It fights expression lines and softens expression movements ( \u201cBotox-like\u201d effect).<br \/>\n2 types of Hyaluronic acid (high and low molecular weight)<br \/>\nHigh MW Hyaluronic acid moisturizes efficiently the outer layer of the epidermis increasing its elasticity. Low MW Hyaluronic acid, bound with water, easily penetrates into the skin hydrating the lower layers of stratum corneum and helps at the restructure of the epidermis.<br \/>\nSpecial botanical complex (Chamomile, Wild Rose, Bearberry)<br \/>\nAn effective skin lightening mixture with additional soothing and calming properties.<br \/>\nCeramides and Phytosphingosine<br \/>\nLipid molecules found in the bilayer cell membrane and have structural and effective role in cell life circle. They protect the hydrolipidic barrier of the skin and moisturize.<br \/>\nOrganic Silicium complex with Arginine<br \/>\nIncreases the synthesis of Elastin and Collagen fibres, providing skin tonus and elasticity.<br \/>\nContains also<br \/>\nLiposomes with Milk proteins, Chitosan, black Tea fermentation extract (Kombuchka), suspension of Liposomes, Cucumber extract, Liposomes with Coenzyme Q10 and Carnitine, Vitamins (E and C), Allantoin and d-Panthenol (pro-Vitamin B5).<\/p>\n<p>Ingr\u00e9dients:\u00a0Aqua (Water), Glycerin, Butylene Glycol, Propylene Glycol, Saccharomyces\/Xylinum\/Black Tea Ferment, Panthenol, Palmitoyl Oligopeptide, Palmitoyl Tetrapeptide-7, Acetyl Hexapeptide-8, Atelocollagen, Sodium Hyaluronate, Hydrolyzed Silk, CI 77480 (Gold), Cucumis Sativus (Cucumber) Fruit Extract, Chamomilla Recutita (Matricaria) Flower Extract, Rosa Canina Fruit Extract, Arctostaphylos UVA-URSI (Bearberry) Leaf Extract, Lactis Proteinum (Milk Protein), Chitosan Succinamide, Ceramide AP, Ceramide NP, Ceramide EOP, Phytosphingosine, Allantoin, Sodium Ascorbyl Phosphate, Phospholipids, Glycoproteins, Silanetriol Arginate, Lecithin, Tocopheryl Acetate, Ubiquinone, Carnitine, PEG-12 Dimethicone, Pentaerythrityl Tetraisostearate, Silica Dimethyl Silylate, Sodium Chondroitin Sulfate, Ethylhexylglycerin, Polysorbate 20, Cholesterol, Sodium Lauroyl Lactylate, Carbomer, Phenoxyethanol, Hydroxyethylcellulose, Glyceryl Acrylate\/Acrylic Acid Copolymer, Sodium Hydroxide, Xanthan Gum, Tetrasodium EDTA, Parfum (Fragrance)<\/p>\n","protected":false},"featured_media":4079,"comment_status":"open","ping_status":"closed","template":"","meta":[],"_links":{"self":[{"href":"https:\/\/www.saphy.com\/healthcare-cosmetique\/wp-json\/wp\/v2\/product\/109"}],"collection":[{"href":"https:\/\/www.saphy.com\/healthcare-cosmetique\/wp-json\/wp\/v2\/product"}],"about":[{"href":"https:\/\/www.saphy.com\/healthcare-cosmetique\/wp-json\/wp\/v2\/types\/product"}],"replies":[{"embeddable":true,"href":"https:\/\/www.saphy.com\/healthcare-cosmetique\/wp-json\/wp\/v2\/comments?post=109"}],"wp:featuredmedia":[{"embeddable":true,"href":"https:\/\/www.saphy.com\/healthcare-cosmetique\/wp-json\/wp\/v2\/media\/4079"}],"wp:attachment":[{"href":"https:\/\/www.saphy.com\/healthcare-cosmetique\/wp-json\/wp\/v2\/media?parent=109"}],"curies":[{"name":"wp","href":"https:\/\/api.w.org\/{rel}","templated":true}]}}