{"id":112,"date":"2014-10-15T07:51:34","date_gmt":"2014-10-15T06:51:34","guid":{"rendered":"https:\/\/www.saphy.com\/healthcare-cosmetique\/?post_type=product&#038;p=112"},"modified":"2022-01-03T15:44:17","modified_gmt":"2022-01-03T14:44:17","slug":"masque-visage-eclat-yellow-rose-cosmetique","status":"publish","type":"product","link":"https:\/\/www.saphy.com\/healthcare-cosmetique\/produit\/masque-visage-eclat-yellow-rose-cosmetique\/","title":{"rendered":"Masque  visage \u00e9clat Ligne d&rsquo;or Yellow Rose cosmetiques"},"content":{"rendered":"<h1>Masque visage \u00e9clat Ligne d&rsquo;or Yellow Rose cosmetiques<\/h1>\n<p>Un masque pour le visage antirides , gorg\u00e9 d\u2019OR 23 carats pr\u00e9sent\u00e9 sous forme de gel qui magnifie instantan\u00e9ment votre peau.<br \/>\nCe masque anti-\u00e2ge haut de gamme r\u00e9v\u00e9lateur d\u2019\u00e9clat , raffermit, tonifie, hydrate ,repulpe et comble les rides. Votre peau est ressourc\u00e9e , votre teint est sublim\u00e9<\/p>\n<p>Or pur 23 carats R\u00e9pare les tissus endommag\u00e9s de la peau, prot\u00e8ge du vieillissement pr\u00e9matur\u00e9, corrige les rides et sublime le teint .<\/p>\n<p>Prot\u00e9ines De Soie nourrissantes et raffermissantes<br \/>\nMicrosph\u00e8res De Collag\u00e8ne Marin hydrate, repulpe, comble et lisse les rides<\/p>\n<p>Complexe botanique sp\u00e9cifique \u00e0 base de Camomille, de Rose Sauvage et d\u2019Extraits De Busserole qui apaise, relaxe la peau et magnifie le teint<\/p>\n<p>Chitosan bio-polym\u00e8re d\u2019origine marine aux propri\u00e9t\u00e9s hydratantes et raffermissantes<\/p>\n<p>Vitamine C antioxydante et antirides<\/p>\n<p>Extrait De Concombre Hydrate ,rafraichit et soulage la peau d\u00e9licate et fatigu\u00e9e<\/p>\n<p>Aloe Vera Adoucissante<\/p>\n<p>50 ML<\/p>\n<p>Ingr\u00e9dients:\u00a0Aqua (Water), Glycerin, Propylene Glycol, Panthenol, Carbomer, PEG-12 Dimethicone, Sodium Ascorbyl Phosphate, Aloe Barbadensis Leaf Juice, Soluble Collagen, CI 77480 (Gold), Hydrolyzed Silk, Chitosan Succinamide, Chamomilla Recutita (Matricaria) Flower Extract, Rosa Canina Fruit Extract, Cucumis Sativus (Cucumber) Fruit Extract, Arctostaphylos UVA-URSI (Bearberry) Leaf Extract, Ethylhexylglycerin, Allantoin, Sodium Hydroxide, Glyceryl Acrylate\/Acrylic Acid Copolymer, Phenoxyethanol, Polyquaternium-39, Glyceryl Polyacrylate, Disodium EDTA, Parfum (Fragrance), CI 15985 (Yellow 6)<\/p>\n<p><strong>GOLDEN LINE \u2013 FACE RADIANCE GEL MASK YELLOW ROSE COSMETICS<\/strong><\/p>\n<p>Rejuvenating, light-textured, face gel mask with Gold, Silk and Collagen.<\/p>\n<p>Firms, tones, moisturizes and leaves skin silky smooth, radiant and fresh.<br \/>\nUse<br \/>\n1 to 3 times per week. Apply a thin layer of the mask over the entire face and neck. Massage gently until absorbed. Apply a second thicker layer and leave it on for 15 to 20 minutes. Remove with water and tone the skin with the appropriate Yellow Rose Lotion.<br \/>\nCan be combined effectively with the other Yellow Rose Golden Line Face Treatment products.<br \/>\nMain Ingredients<br \/>\n23 karat Gold<br \/>\nRejuvenating 23 karat Gold.<br \/>\nSilk proteins<br \/>\nMoisturize, firm and make skin silky smooth.<br \/>\nMarine Collagen<br \/>\nFills and smoothes wrinkles and moisturize effectively the upper layers of the epidermis.<br \/>\nChitin derivatives<br \/>\nMarine origin bio-polymer which forms a natural protective film with outstanding moisturizing, regenerating and firming properties.<br \/>\nAloe Vera gel<br \/>\nMoisturizing, anti-inflammatory, wound healing and skin repairing factor.<br \/>\nComplex of Stable Vitamin C<br \/>\nFights free radicals, makes the skin brighter and helps in the biosynthesis of Collagen.<br \/>\nSpecial brightening botanical complex (Chamomile, Wild Rose, Bearberry)<br \/>\nAn effective skin lightening and brightening mixture with additional soothing and calming properties.<br \/>\nCucumber extract<br \/>\nCooling and refreshing. Its soothing action softens and relieves delicate, tired or stressed skin.<br \/>\nAllantoin<br \/>\nNourishing, soothing and healing factor. Helps restore damaged skin and has anti-inflammatory properties.<\/p>\n<p>Ingr\u00e9dients:\u00a0Aqua (Water), Glycerin, Propylene Glycol, Panthenol, Carbomer, PEG-12 Dimethicone, Sodium Ascorbyl Phosphate, Aloe Barbadensis Leaf Juice, Soluble Collagen, CI 77480 (Gold), Hydrolyzed Silk, Chitosan Succinamide, Chamomilla Recutita (Matricaria) Flower Extract, Rosa Canina Fruit Extract, Cucumis Sativus (Cucumber) Fruit Extract, Arctostaphylos UVA-URSI (Bearberry) Leaf Extract, Ethylhexylglycerin, Allantoin, Sodium Hydroxide, Glyceryl Acrylate\/Acrylic Acid Copolymer, Phenoxyethanol, Polyquaternium-39, Glyceryl Polyacrylate, Disodium EDTA, Parfum (Fragrance), CI 15985 (Yellow 6)<\/p>\n","protected":false},"excerpt":{"rendered":"<h1>Masque visage \u00e9clat Ligne d&rsquo;or Yellow Rose cosmetiques<\/h1>\n<p>Un masque pour le visage antirides , gorg\u00e9 d\u2019OR 23 carats pr\u00e9sent\u00e9 sous forme de gel qui magnifie instantan\u00e9ment votre peau.<br \/>\nCe masque anti-\u00e2ge haut de gamme r\u00e9v\u00e9lateur d\u2019\u00e9clat , raffermit, tonifie, hydrate ,repulpe et comble les rides. Votre peau est ressourc\u00e9e , votre teint est sublim\u00e9<\/p>\n<p>Or pur 23 carats R\u00e9pare les tissus endommag\u00e9s de la peau, prot\u00e8ge du vieillissement pr\u00e9matur\u00e9, corrige les rides et sublime le teint .<\/p>\n<p>Prot\u00e9ines De Soie nourrissantes et raffermissantes<br \/>\nMicrosph\u00e8res De Collag\u00e8ne Marin hydrate, repulpe, comble et lisse les rides<\/p>\n<p>Complexe botanique sp\u00e9cifique \u00e0 base de Camomille, de Rose Sauvage et d\u2019Extraits De Busserole qui apaise, relaxe la peau et magnifie le teint<\/p>\n<p>Chitosan bio-polym\u00e8re d\u2019origine marine aux propri\u00e9t\u00e9s hydratantes et raffermissantes<\/p>\n<p>Vitamine C antioxydante et antirides<\/p>\n<p>Extrait De Concombre Hydrate ,rafraichit et soulage la peau d\u00e9licate et fatigu\u00e9e<\/p>\n<p>Aloe Vera Adoucissante<\/p>\n<p>50 ML<\/p>\n<p>Ingr\u00e9dients:\u00a0Aqua (Water), Glycerin, Propylene Glycol, Panthenol, Carbomer, PEG-12 Dimethicone, Sodium Ascorbyl Phosphate, Aloe Barbadensis Leaf Juice, Soluble Collagen, CI 77480 (Gold), Hydrolyzed Silk, Chitosan Succinamide, Chamomilla Recutita (Matricaria) Flower Extract, Rosa Canina Fruit Extract, Cucumis Sativus (Cucumber) Fruit Extract, Arctostaphylos UVA-URSI (Bearberry) Leaf Extract, Ethylhexylglycerin, Allantoin, Sodium Hydroxide, Glyceryl Acrylate\/Acrylic Acid Copolymer, Phenoxyethanol, Polyquaternium-39, Glyceryl Polyacrylate, Disodium EDTA, Parfum (Fragrance), CI 15985 (Yellow 6)<\/p>\n<p><strong>GOLDEN LINE \u2013 FACE RADIANCE GEL MASK YELLOW ROSE COSMETICS<\/strong><\/p>\n<p>Rejuvenating, light-textured, face gel mask with Gold, Silk and Collagen.<\/p>\n<p>Firms, tones, moisturizes and leaves skin silky smooth, radiant and fresh.<br \/>\nUse<br \/>\n1 to 3 times per week. Apply a thin layer of the mask over the entire face and neck. Massage gently until absorbed. Apply a second thicker layer and leave it on for 15 to 20 minutes. Remove with water and tone the skin with the appropriate Yellow Rose Lotion.<br \/>\nCan be combined effectively with the other Yellow Rose Golden Line Face Treatment products.<br \/>\nMain Ingredients<br \/>\n23 karat Gold<br \/>\nRejuvenating 23 karat Gold.<br \/>\nSilk proteins<br \/>\nMoisturize, firm and make skin silky smooth.<br \/>\nMarine Collagen<br \/>\nFills and smoothes wrinkles and moisturize effectively the upper layers of the epidermis.<br \/>\nChitin derivatives<br \/>\nMarine origin bio-polymer which forms a natural protective film with outstanding moisturizing, regenerating and firming properties.<br \/>\nAloe Vera gel<br \/>\nMoisturizing, anti-inflammatory, wound healing and skin repairing factor.<br \/>\nComplex of Stable Vitamin C<br \/>\nFights free radicals, makes the skin brighter and helps in the biosynthesis of Collagen.<br \/>\nSpecial brightening botanical complex (Chamomile, Wild Rose, Bearberry)<br \/>\nAn effective skin lightening and brightening mixture with additional soothing and calming properties.<br \/>\nCucumber extract<br \/>\nCooling and refreshing. Its soothing action softens and relieves delicate, tired or stressed skin.<br \/>\nAllantoin<br \/>\nNourishing, soothing and healing factor. Helps restore damaged skin and has anti-inflammatory properties.<\/p>\n<p>Ingr\u00e9dients:\u00a0Aqua (Water), Glycerin, Propylene Glycol, Panthenol, Carbomer, PEG-12 Dimethicone, Sodium Ascorbyl Phosphate, Aloe Barbadensis Leaf Juice, Soluble Collagen, CI 77480 (Gold), Hydrolyzed Silk, Chitosan Succinamide, Chamomilla Recutita (Matricaria) Flower Extract, Rosa Canina Fruit Extract, Cucumis Sativus (Cucumber) Fruit Extract, Arctostaphylos UVA-URSI (Bearberry) Leaf Extract, Ethylhexylglycerin, Allantoin, Sodium Hydroxide, Glyceryl Acrylate\/Acrylic Acid Copolymer, Phenoxyethanol, Polyquaternium-39, Glyceryl Polyacrylate, Disodium EDTA, Parfum (Fragrance), CI 15985 (Yellow 6)<\/p>\n","protected":false},"featured_media":4078,"comment_status":"open","ping_status":"closed","template":"","meta":[],"_links":{"self":[{"href":"https:\/\/www.saphy.com\/healthcare-cosmetique\/wp-json\/wp\/v2\/product\/112"}],"collection":[{"href":"https:\/\/www.saphy.com\/healthcare-cosmetique\/wp-json\/wp\/v2\/product"}],"about":[{"href":"https:\/\/www.saphy.com\/healthcare-cosmetique\/wp-json\/wp\/v2\/types\/product"}],"replies":[{"embeddable":true,"href":"https:\/\/www.saphy.com\/healthcare-cosmetique\/wp-json\/wp\/v2\/comments?post=112"}],"wp:featuredmedia":[{"embeddable":true,"href":"https:\/\/www.saphy.com\/healthcare-cosmetique\/wp-json\/wp\/v2\/media\/4078"}],"wp:attachment":[{"href":"https:\/\/www.saphy.com\/healthcare-cosmetique\/wp-json\/wp\/v2\/media?parent=112"}],"curies":[{"name":"wp","href":"https:\/\/api.w.org\/{rel}","templated":true}]}}