{"id":127,"date":"2014-10-15T07:53:16","date_gmt":"2014-10-15T06:53:16","guid":{"rendered":"https:\/\/www.saphy.com\/healthcare-cosmetique\/?post_type=product&#038;p=127"},"modified":"2022-01-03T15:44:10","modified_gmt":"2022-01-03T14:44:10","slug":"creme-raffermissante-antirides-ligne-dor-yellow-rose","status":"publish","type":"product","link":"https:\/\/www.saphy.com\/healthcare-cosmetique\/produit\/creme-raffermissante-antirides-ligne-dor-yellow-rose\/","title":{"rendered":"Cr\u00e8me raffermissante antirides Ligne d&rsquo;or Yellow Rose cosmetiques"},"content":{"rendered":"<h1>Cr\u00e8me raffermissante antirides Ligne d&rsquo;or Yellow Rose cosmetiques<\/h1>\n<p>La cr\u00e8me raffermissante antirides Ligne d&rsquo;or Yellow Rose cosmetics est un soin ultra hydratant\u00a0 \u00e0 la texture soyeuse.Cette formule de pointe\u00a0 ultra concentr\u00e9e est\u00a0 une subtile association\u00a0 de prot\u00e9ines de soie, d\u2019oligopeptides et de micro-sph\u00e8res de collag\u00e8ne marin \u00ab combleur de rides \u00bb. Elle raffermit, tonifie, am\u00e9liore l\u2019\u00e9lasticit\u00e9 de la peau et aide \u00e0 gommer les rides, ridules et autres signes de vieillissement. D\u00e8s l\u2019application, les rides profondes sont combl\u00e9es. Jour apr\u00e8s jour, elles sont visiblement r\u00e9duites, la peau est plus ferme, lisse et douce comme de\u00a0 la soie.<\/p>\n<p>&nbsp;<\/p>\n<p><strong>Prot\u00e9ines de soie<\/strong>: Raffermissent, lissent, hydratent et adoucissent la peau<\/p>\n<p><strong>Collag\u00e8ne marin<\/strong>: Comble et lisse les rides<\/p>\n<p><strong>Kombuchka<\/strong>: Restaure le volume et la densit\u00e9 de la peau<\/p>\n<p><strong>Oligopeptides<\/strong>: R\u00e9pare et repulpe les tissus cellulaires<\/p>\n<p><strong>Vitamines A et E<\/strong>: Antioxydantes et antirides<\/p>\n<p><strong>C\u00e9ramides et\u00a0phytophingosines<\/strong>: Prot\u00e8ge\u00a0 et hydrate la peau<\/p>\n<p><strong>Chitosan<\/strong>: repulpe et hydrate la peau<\/p>\n<p><strong>Huile de jojoba, avocat et karit\u00e9\u00a0\u00a0<\/strong>nourissent et hydratent intens\u00e9ment<\/p>\n<p>Conseil d&rsquo;utilisation: Appliquez la Cr\u00e8me raffermissante antirides Ligne d&rsquo;or Yellow Rose cosm\u00e9tiques sur une peau nettoy\u00e9e sur l&rsquo;ensemble du visage et du cou. Pour plus d&rsquo;efficacit\u00e9 appliquez au pr\u00e9alable le <a href=\"https:\/\/www.saphy.com\/healthcare-cosmetique\/produit\/serum-raffermissant-anti-rides-visage-yellow-rose-cosmetique\/\">serum raffermissant antirides Ligne d&rsquo;or Yellow rose <\/a>cosm\u00e9tiques et le <a title=\"Masque visage eclat a l or yellow rose cosmetics\" href=\"https:\/\/www.saphy.com\/healthcare-cosmetique\/produit\/masque-visage-eclat-yellow-rose-cosmetique\/\">masque visage \u00e9clat Ligne d&rsquo;or Yellow rose cosm\u00e9tiques<\/a> .<\/p>\n<p>Sans parab\u00e8nes<br \/>\nTest\u00e9 dermatologiquement<br \/>\nPot de 50 ml<\/p>\n<p>Ingr\u00e9dients:\u00a0Aqua (Water), Butylene Glycol, Glycerin, Cetearyl Olivate, Lanolin, Dicaprylyl Carbonate, Isopropyl Myristate, Sorbitan Olivate, Pentaerythrityl Tetraisostearate, Myristyl Myristate, Saccharomyces \/ Xylinum \/ Black Tea Ferment, Cetyl Alcohol, Glyceryl Stearate, PEG-100 Stearate, Caprylic \/ Capric Triglyceride, Butyrospermum Parkii (Shea) Butter, Ethylene \/ Acrylic Acid Copolymer, Hydrolyzed Silk, Sodium Hyaluronate, Hydrolyzed Wheat Protein, Chitosan Succinamide, Atelocollagen, Diacetyl Boldine, Palmitoyl Oligopeptide, Palmitoyl Tetrapeptide-7, Chamomilla Recutita (Matricaria) Flower Extract, Ceramide 2, Glycine Soja (Soybean) Seed Extract, Squalane, Simmondsia Chinensis (Jojoba) Seed Oil, Persea Gratissima (Avocado) Oil, Olea Europaea (Olive) Fruit Oil, Phytosterols, Boswellia Serrata Gum, Sodium Chondroitin Sulfate, Panthenol, \u0391llantoin, Tocopheryl Acetate, Propylene Glycol, Phenoxyethanol, Ethylhexyl Palmitate, Dipropylene Glycol, Caprylyl Glycol, Trihydroxystearin, Trilaureth-4 Phosphate, Ethylhexylglycerin, Dimethicone, Carbomer, Hydroxyethylcellulose, BHT, Polysorbate 20, CI 15985 (Yellow 6), Parfum (Fragrance)<\/p>\n<p><strong>GOLDEN LINE FACE FIRMING CREAM YELLOW ROSE COSMETICS<\/strong><\/p>\n<p>&nbsp;<\/p>\n<p>A highly efficient and luxurious silky textured face cream for all skin types.<\/p>\n<p>This advanced anti-aging formula is based on Silk proteins, Oligopeptides and marine Collagen wrinkle-fillers.<\/p>\n<p>Firms, tones, improves skins elasticity and helps reduce wrinkles, fine lines and other signs of aging.<\/p>\n<p>On application, deep wrinkles are filled in. Day after day, wrinkles are visibly reduced and skin appears firm, delicate, silky smooth &amp; luminous. Can be combined effectively with the other Yellow Rose Golden Line Face Treatment products.<br \/>\nUse<br \/>\nApply to clean skin, morning and evening. Massage gently until absorbed.<br \/>\nMain Ingredients<br \/>\nMarine Collagen microspheres (\u2019wrinkle-fillers\u2019 and long-lasting moisturizers)<br \/>\nThese spheres easily penetrate the upper layers of the epidermis reaching deep underneath the wrinkles. They absorb the water that would have been naturally evaporated by the skin (a natural process called \u2019Transepidermal Water Loss\u2019) and swell, increasing immediately their volume and density (within an hour). Consecutively they push the wrinkles from underneath, smoothing them out and increase the long-term skin hydration of the upper layers of the epidermis.<br \/>\nSilk proteins<br \/>\nMoisturize, firm and make skin silky smooth.<br \/>\nSpecial mixture of antiaging Oligopeptides<br \/>\nActivates the natural synthesis of extracellular matrix macromolecules (collagen, elastin, glycosaminoglycans) in fibroblasts repairing and remodeling the skin tissue (\u2018Retinol-like\u2019 effect).<br \/>\n2 types of Hyaluronic acid (high and low molecular weight)<br \/>\nHigh MW Hyaluronic acid moisturizes efficiently the outer layer of the epidermis increasing its elasticity. Low MW Hyaluronic acid, bound with water, easily penetrates into the skin hydrating the lower layers of stratum corneum and helps at the restructure of the epidermis.<br \/>\nKombuchka<br \/>\nA black tea fermentation extract that helps restore skin\u2019s volume and thickness, while increasing its brightness and elasticity (\u201clipofilling\u201d effect).<br \/>\nVitamin E<br \/>\nVitamin E is a strong anti-oxidant, protecting the skin from aging and damaging due to free radicals.<br \/>\nChitin derivatives<br \/>\nA marine origin bio-polymer that forms a natural protective film with outstanding moisturizing and regenerating properties.<br \/>\nCeramides<br \/>\nLipid molecules found in the bilayer cell membrane and have structural and effective role in cell life circle. They protect the hydrolipidic barrier of the skin and moisturize.<br \/>\nDiacetyl Boldine<br \/>\nProtects the skin from irritation, counter-balances the formation of melanin and brightens the skin.<br \/>\nContains also<br \/>\nfirming Wheat proteins, antiaging Phytosterols, Phytosqualane, soothing Boswellia Serrata extract, Chamomile extract, natural conditioning oils (Jojoba, Avocado and Olive), Shea butter, d-Panthenol (pro-Vitamin B5) and Allantoin.<\/p>\n<p>Ingr\u00e9dients:\u00a0Aqua (Water), Butylene Glycol, Glycerin, Cetearyl Olivate, Lanolin, Dicaprylyl Carbonate, Isopropyl Myristate, Sorbitan Olivate, Pentaerythrityl Tetraisostearate, Myristyl Myristate, Saccharomyces \/ Xylinum \/ Black Tea Ferment, Cetyl Alcohol, Glyceryl Stearate, PEG-100 Stearate, Caprylic \/ Capric Triglyceride, Butyrospermum Parkii (Shea) Butter, Ethylene \/ Acrylic Acid Copolymer, Hydrolyzed Silk, Sodium Hyaluronate, Hydrolyzed Wheat Protein, Chitosan Succinamide, Atelocollagen, Diacetyl Boldine, Palmitoyl Oligopeptide, Palmitoyl Tetrapeptide-7, Chamomilla Recutita (Matricaria) Flower Extract, Ceramide 2, Glycine Soja (Soybean) Seed Extract, Squalane, Simmondsia Chinensis (Jojoba) Seed Oil, Persea Gratissima (Avocado) Oil, Olea Europaea (Olive) Fruit Oil, Phytosterols, Boswellia Serrata Gum, Sodium Chondroitin Sulfate, Panthenol, \u0391llantoin, Tocopheryl Acetate, Propylene Glycol, Phenoxyethanol, Ethylhexyl Palmitate, Dipropylene Glycol, Caprylyl Glycol, Trihydroxystearin, Trilaureth-4 Phosphate, Ethylhexylglycerin, Dimethicone, Carbomer, Hydroxyethylcellulose, BHT, Polysorbate 20, CI 15985 (Yellow 6), Parfum (Fragrance)<\/p>\n<p>&nbsp;<\/p>\n","protected":false},"excerpt":{"rendered":"<h1>Cr\u00e8me raffermissante antirides Ligne d&rsquo;or Yellow Rose cosmetiques<\/h1>\n<p>La cr\u00e8me raffermissante antirides Ligne d&rsquo;or Yellow Rose cosmetics est un soin ultra hydratant\u00a0 \u00e0 la texture soyeuse.Cette formule de pointe\u00a0 ultra concentr\u00e9e est\u00a0 une subtile association\u00a0 de prot\u00e9ines de soie, d\u2019oligopeptides et de micro-sph\u00e8res de collag\u00e8ne marin \u00ab combleur de rides \u00bb. Elle raffermit, tonifie, am\u00e9liore l\u2019\u00e9lasticit\u00e9 de la peau et aide \u00e0 gommer les rides, ridules et autres signes de vieillissement. D\u00e8s l\u2019application, les rides profondes sont combl\u00e9es. Jour apr\u00e8s jour, elles sont visiblement r\u00e9duites, la peau est plus ferme, lisse et douce comme de\u00a0 la soie.<\/p>\n<p>&nbsp;<\/p>\n<p><strong>Prot\u00e9ines de soie<\/strong>: Raffermissent, lissent, hydratent et adoucissent la peau<\/p>\n<p><strong>Collag\u00e8ne marin<\/strong>: Comble et lisse les rides<\/p>\n<p><strong>Kombuchka<\/strong>: Restaure le volume et la densit\u00e9 de la peau<\/p>\n<p><strong>Oligopeptides<\/strong>: R\u00e9pare et repulpe les tissus cellulaires<\/p>\n<p><strong>Vitamines A et E<\/strong>: Antioxydantes et antirides<\/p>\n<p><strong>C\u00e9ramides et\u00a0phytophingosines<\/strong>: Prot\u00e8ge\u00a0 et hydrate la peau<\/p>\n<p><strong>Chitosan<\/strong>: repulpe et hydrate la peau<\/p>\n<p><strong>Huile de jojoba, avocat et karit\u00e9\u00a0\u00a0<\/strong>nourissent et hydratent intens\u00e9ment<\/p>\n<p>Conseil d&rsquo;utilisation: Appliquez la Cr\u00e8me raffermissante antirides Ligne d&rsquo;or Yellow Rose cosm\u00e9tiques sur une peau nettoy\u00e9e sur l&rsquo;ensemble du visage et du cou. Pour plus d&rsquo;efficacit\u00e9 appliquez au pr\u00e9alable le <a href=\"https:\/\/www.saphy.com\/healthcare-cosmetique\/produit\/serum-raffermissant-anti-rides-visage-yellow-rose-cosmetique\/\">serum raffermissant antirides Ligne d&rsquo;or Yellow rose <\/a>cosm\u00e9tiques et le <a title=\"Masque visage eclat a l or yellow rose cosmetics\" href=\"https:\/\/www.saphy.com\/healthcare-cosmetique\/produit\/masque-visage-eclat-yellow-rose-cosmetique\/\">masque visage \u00e9clat Ligne d&rsquo;or Yellow rose cosm\u00e9tiques<\/a> .<\/p>\n<p>Sans parab\u00e8nes<br \/>\nTest\u00e9 dermatologiquement<br \/>\nPot de 50 ml<\/p>\n<p>Ingr\u00e9dients:\u00a0Aqua (Water), Butylene Glycol, Glycerin, Cetearyl Olivate, Lanolin, Dicaprylyl Carbonate, Isopropyl Myristate, Sorbitan Olivate, Pentaerythrityl Tetraisostearate, Myristyl Myristate, Saccharomyces \/ Xylinum \/ Black Tea Ferment, Cetyl Alcohol, Glyceryl Stearate, PEG-100 Stearate, Caprylic \/ Capric Triglyceride, Butyrospermum Parkii (Shea) Butter, Ethylene \/ Acrylic Acid Copolymer, Hydrolyzed Silk, Sodium Hyaluronate, Hydrolyzed Wheat Protein, Chitosan Succinamide, Atelocollagen, Diacetyl Boldine, Palmitoyl Oligopeptide, Palmitoyl Tetrapeptide-7, Chamomilla Recutita (Matricaria) Flower Extract, Ceramide 2, Glycine Soja (Soybean) Seed Extract, Squalane, Simmondsia Chinensis (Jojoba) Seed Oil, Persea Gratissima (Avocado) Oil, Olea Europaea (Olive) Fruit Oil, Phytosterols, Boswellia Serrata Gum, Sodium Chondroitin Sulfate, Panthenol, \u0391llantoin, Tocopheryl Acetate, Propylene Glycol, Phenoxyethanol, Ethylhexyl Palmitate, Dipropylene Glycol, Caprylyl Glycol, Trihydroxystearin, Trilaureth-4 Phosphate, Ethylhexylglycerin, Dimethicone, Carbomer, Hydroxyethylcellulose, BHT, Polysorbate 20, CI 15985 (Yellow 6), Parfum (Fragrance)<\/p>\n<p><strong>GOLDEN LINE FACE FIRMING CREAM YELLOW ROSE COSMETICS<\/strong><\/p>\n<p>&nbsp;<\/p>\n<p>A highly efficient and luxurious silky textured face cream for all skin types.<\/p>\n<p>This advanced anti-aging formula is based on Silk proteins, Oligopeptides and marine Collagen wrinkle-fillers.<\/p>\n<p>Firms, tones, improves skins elasticity and helps reduce wrinkles, fine lines and other signs of aging.<\/p>\n<p>On application, deep wrinkles are filled in. Day after day, wrinkles are visibly reduced and skin appears firm, delicate, silky smooth &amp; luminous. Can be combined effectively with the other Yellow Rose Golden Line Face Treatment products.<br \/>\nUse<br \/>\nApply to clean skin, morning and evening. Massage gently until absorbed.<br \/>\nMain Ingredients<br \/>\nMarine Collagen microspheres (\u2019wrinkle-fillers\u2019 and long-lasting moisturizers)<br \/>\nThese spheres easily penetrate the upper layers of the epidermis reaching deep underneath the wrinkles. They absorb the water that would have been naturally evaporated by the skin (a natural process called \u2019Transepidermal Water Loss\u2019) and swell, increasing immediately their volume and density (within an hour). Consecutively they push the wrinkles from underneath, smoothing them out and increase the long-term skin hydration of the upper layers of the epidermis.<br \/>\nSilk proteins<br \/>\nMoisturize, firm and make skin silky smooth.<br \/>\nSpecial mixture of antiaging Oligopeptides<br \/>\nActivates the natural synthesis of extracellular matrix macromolecules (collagen, elastin, glycosaminoglycans) in fibroblasts repairing and remodeling the skin tissue (\u2018Retinol-like\u2019 effect).<br \/>\n2 types of Hyaluronic acid (high and low molecular weight)<br \/>\nHigh MW Hyaluronic acid moisturizes efficiently the outer layer of the epidermis increasing its elasticity. Low MW Hyaluronic acid, bound with water, easily penetrates into the skin hydrating the lower layers of stratum corneum and helps at the restructure of the epidermis.<br \/>\nKombuchka<br \/>\nA black tea fermentation extract that helps restore skin\u2019s volume and thickness, while increasing its brightness and elasticity (\u201clipofilling\u201d effect).<br \/>\nVitamin E<br \/>\nVitamin E is a strong anti-oxidant, protecting the skin from aging and damaging due to free radicals.<br \/>\nChitin derivatives<br \/>\nA marine origin bio-polymer that forms a natural protective film with outstanding moisturizing and regenerating properties.<br \/>\nCeramides<br \/>\nLipid molecules found in the bilayer cell membrane and have structural and effective role in cell life circle. They protect the hydrolipidic barrier of the skin and moisturize.<br \/>\nDiacetyl Boldine<br \/>\nProtects the skin from irritation, counter-balances the formation of melanin and brightens the skin.<br \/>\nContains also<br \/>\nfirming Wheat proteins, antiaging Phytosterols, Phytosqualane, soothing Boswellia Serrata extract, Chamomile extract, natural conditioning oils (Jojoba, Avocado and Olive), Shea butter, d-Panthenol (pro-Vitamin B5) and Allantoin.<\/p>\n<p>Ingr\u00e9dients:\u00a0Aqua (Water), Butylene Glycol, Glycerin, Cetearyl Olivate, Lanolin, Dicaprylyl Carbonate, Isopropyl Myristate, Sorbitan Olivate, Pentaerythrityl Tetraisostearate, Myristyl Myristate, Saccharomyces \/ Xylinum \/ Black Tea Ferment, Cetyl Alcohol, Glyceryl Stearate, PEG-100 Stearate, Caprylic \/ Capric Triglyceride, Butyrospermum Parkii (Shea) Butter, Ethylene \/ Acrylic Acid Copolymer, Hydrolyzed Silk, Sodium Hyaluronate, Hydrolyzed Wheat Protein, Chitosan Succinamide, Atelocollagen, Diacetyl Boldine, Palmitoyl Oligopeptide, Palmitoyl Tetrapeptide-7, Chamomilla Recutita (Matricaria) Flower Extract, Ceramide 2, Glycine Soja (Soybean) Seed Extract, Squalane, Simmondsia Chinensis (Jojoba) Seed Oil, Persea Gratissima (Avocado) Oil, Olea Europaea (Olive) Fruit Oil, Phytosterols, Boswellia Serrata Gum, Sodium Chondroitin Sulfate, Panthenol, \u0391llantoin, Tocopheryl Acetate, Propylene Glycol, Phenoxyethanol, Ethylhexyl Palmitate, Dipropylene Glycol, Caprylyl Glycol, Trihydroxystearin, Trilaureth-4 Phosphate, Ethylhexylglycerin, Dimethicone, Carbomer, Hydroxyethylcellulose, BHT, Polysorbate 20, CI 15985 (Yellow 6), Parfum (Fragrance)<\/p>\n<p>&nbsp;<\/p>\n","protected":false},"featured_media":4077,"comment_status":"open","ping_status":"closed","template":"","meta":[],"_links":{"self":[{"href":"https:\/\/www.saphy.com\/healthcare-cosmetique\/wp-json\/wp\/v2\/product\/127"}],"collection":[{"href":"https:\/\/www.saphy.com\/healthcare-cosmetique\/wp-json\/wp\/v2\/product"}],"about":[{"href":"https:\/\/www.saphy.com\/healthcare-cosmetique\/wp-json\/wp\/v2\/types\/product"}],"replies":[{"embeddable":true,"href":"https:\/\/www.saphy.com\/healthcare-cosmetique\/wp-json\/wp\/v2\/comments?post=127"}],"wp:featuredmedia":[{"embeddable":true,"href":"https:\/\/www.saphy.com\/healthcare-cosmetique\/wp-json\/wp\/v2\/media\/4077"}],"wp:attachment":[{"href":"https:\/\/www.saphy.com\/healthcare-cosmetique\/wp-json\/wp\/v2\/media?parent=127"}],"curies":[{"name":"wp","href":"https:\/\/api.w.org\/{rel}","templated":true}]}}