{"id":1465,"date":"2015-01-15T10:30:10","date_gmt":"2015-01-15T09:30:10","guid":{"rendered":"https:\/\/www.saphy.com\/healthcare-cosmetique\/?post_type=product&#038;p=1465"},"modified":"2023-11-27T11:38:14","modified_gmt":"2023-11-27T10:38:14","slug":"amlac-amalaki-himalaya-herbals","status":"publish","type":"product","link":"https:\/\/www.saphy.com\/healthcare-cosmetique\/produit\/amlac-amalaki-himalaya-herbals\/","title":{"rendered":"Amla C \/ Amalaki Himalaya Herbals"},"content":{"rendered":"<h1>Amla C \/ Amalaki Himalaya Herbals<\/h1>\n<p>Compl\u00e9ment alimentaire<\/p>\n<p>Amla C \/ Amalaki Himalaya Herbals<\/p>\n<p>Himalaya Herbals la science par les plantes .<\/p>\n<p>Connu aussi sous le nom de Amalaki , Indian Gooseberry ou Emblica Officinalis , l&rsquo;Amla est un fruit originaire d\u2019Inde .Dans la culture indienne il est consid\u00e9r\u00e9 comme un fruit sacr\u00e9.<\/p>\n<p>Conseil d&rsquo;utilisation :<br \/>\n2 g\u00e9lules par jour avec les repas<br \/>\nBoite de 60 g\u00e9lules v\u00e9g\u00e9tales<br \/>\nComposition de deux g\u00e9lules v\u00e9g\u00e9tales :<\/p>\n<p>500 mg d&rsquo;Emblica officinalis, microcristalline cellulose(\u00e9mulsifiant ), Dicalcium phosphates(\u00e9mulsifiant), magn\u00e9sium st\u00e9arate, (agent d&rsquo;enrobage), Dioxyde de silicium (antiagglom\u00e9rant).<\/p>\n<p>Ne pas d\u00e9passer la dose journali\u00e8re recommand\u00e9e.<\/p>\n<p>Les compl\u00e9ments alimentaires ne doivent pas \u00eatre utilis\u00e9s comme substitut d\u2019un r\u00e9gime alimentaire vari\u00e9, \u00e9quilibr\u00e9 et d\u2019un mode de vie sain.<\/p>\n<p>&nbsp;<\/p>\n<p>Amla C\/Amalaki Himalaya Herbals<\/p>\n<p>Food supplement<\/p>\n<p>&nbsp;<\/p>\n<p>Composition of two capsules: 500 mg of dry extract of Amla (Emblica officinalis), micro-crystalline cellulose, dicalcium biphosphate, silica, magnesium stearate, cellulose hydroxipropylmethyl, purified water.<br \/>\nHint of use: 1 to 2 capsules per day with meals.<\/p>\n<p>Box of 60 Vegetable Capsules<br \/>\nTo use in cure for several weeks for a lasting effect.<br \/>\nDo not exceed the recommended daily intake.<br \/>\nIt is appropriate as for any product to request a medical opinion before use<br \/>\nFood supplements should not be a substitute for a varied and balanced diet and a healthy lifestyle.<br \/>\nDo not use in pregnant women and\/or breastfeeding without medical advice.<br \/>\nDo not use in children under the age of 14.<br \/>\nKeep in a cool, dry place, out of reach of children.<\/p>\n","protected":false},"excerpt":{"rendered":"<h1>Amla C \/ Amalaki Himalaya Herbals<\/h1>\n<p>Compl\u00e9ment alimentaire<\/p>\n<p>Amla C \/ Amalaki Himalaya Herbals<\/p>\n<p>La mission des laboratoires Himalaya est\u00a0 que le bien \u00eatre par les plantes soit une part int\u00e9grante de chaque foyer. Notre gamme de compl\u00e9ments alimentaires \u00e0 base de plantes est sp\u00e9cialement formul\u00e9e pour vous aider \u00e0 atteindre le bien-\u00eatre physique et mental et d\u2019avoir\u00a0 une meilleure qualit\u00e9 de vie. Nous nous effor\u00e7ons de rendre cela possible gr\u00e2ce \u00e0 notre engagement envers la science dans tous nos soins de sant\u00e9 \u00e0 base de plantes.<\/p>\n<p>Connu aussi sous le nom de Amalaki , Indian Gooseberry ou Emblica Officinalis , l&rsquo;Amla est un fruit originaire d\u2019Inde .Dans la culture indienne il est consid\u00e9r\u00e9 comme un fruit sacr\u00e9.<\/p>\n<p>Conseil d&rsquo;utilisation :<br \/>\n2 g\u00e9lules par jour avec les repas<br \/>\nBoite de 60 g\u00e9lules v\u00e9g\u00e9tales<br \/>\nComposition de deux g\u00e9lules v\u00e9g\u00e9tales :<\/p>\n<p>500 mg d&rsquo;Emblica officinalis, microcristalline cellulose(\u00e9mulsifiant ), Dicalcium phosphates(\u00e9mulsifiant), magn\u00e9sium st\u00e9arate, (agent d&rsquo;enrobage), Dioxyde de silicium (antiagglom\u00e9rant).<\/p>\n<p>Ne pas d\u00e9passer la dose journali\u00e8re recommand\u00e9e.<\/p>\n<p>Les compl\u00e9ments alimentaires ne doivent pas \u00eatre utilis\u00e9s comme substitut d\u2019un r\u00e9gime alimentaire vari\u00e9, \u00e9quilibr\u00e9 et d\u2019un mode de vie sain.<\/p>\n<p>&nbsp;<\/p>\n<p>Amla C\/Amalaki Himalaya Herbals<\/p>\n<p>Food supplement<\/p>\n<p>&nbsp;<\/p>\n<p>Composition of two capsules: 500 mg of dry extract of Amla (Emblica officinalis), micro-crystalline cellulose, dicalcium biphosphate, silica, magnesium stearate, cellulose hydroxipropylmethyl, purified water.<br \/>\nHint of use: 1 to 2 capsules per day with meals.<\/p>\n<p>Box of 60 Vegetable Capsules<br \/>\nTo use in cure for several weeks for a lasting effect.<br \/>\nDo not exceed the recommended daily intake.<br \/>\nIt is appropriate as for any product to request a medical opinion before use<br \/>\nFood supplements should not be a substitute for a varied and balanced diet and a healthy lifestyle.<br \/>\nDo not use in pregnant women and\/or breastfeeding without medical advice.<br \/>\nDo not use in children under the age of 14.<br \/>\nKeep in a cool, dry place, out of reach of children.<\/p>\n","protected":false},"featured_media":4050,"comment_status":"open","ping_status":"closed","template":"","meta":[],"_links":{"self":[{"href":"https:\/\/www.saphy.com\/healthcare-cosmetique\/wp-json\/wp\/v2\/product\/1465"}],"collection":[{"href":"https:\/\/www.saphy.com\/healthcare-cosmetique\/wp-json\/wp\/v2\/product"}],"about":[{"href":"https:\/\/www.saphy.com\/healthcare-cosmetique\/wp-json\/wp\/v2\/types\/product"}],"replies":[{"embeddable":true,"href":"https:\/\/www.saphy.com\/healthcare-cosmetique\/wp-json\/wp\/v2\/comments?post=1465"}],"wp:featuredmedia":[{"embeddable":true,"href":"https:\/\/www.saphy.com\/healthcare-cosmetique\/wp-json\/wp\/v2\/media\/4050"}],"wp:attachment":[{"href":"https:\/\/www.saphy.com\/healthcare-cosmetique\/wp-json\/wp\/v2\/media?parent=1465"}],"curies":[{"name":"wp","href":"https:\/\/api.w.org\/{rel}","templated":true}]}}