{"id":1467,"date":"2015-01-15T10:30:22","date_gmt":"2015-01-15T09:30:22","guid":{"rendered":"https:\/\/www.saphy.com\/healthcare-cosmetique\/produit\/arjuna\/"},"modified":"2023-07-12T10:24:35","modified_gmt":"2023-07-12T09:24:35","slug":"arjunahimalaya-herbals","status":"publish","type":"product","link":"https:\/\/www.saphy.com\/healthcare-cosmetique\/produit\/arjunahimalaya-herbals\/","title":{"rendered":"Arjuna wellness  Himalaya Herbals"},"content":{"rendered":"<h1>Arjuna wellness Himalaya Herbals<\/h1>\n<p>Compl\u00e9ment alimentaire<\/p>\n<p>Himalaya Herbals la science par les plantes .<\/p>\n<p>Arjuna (Terminalia Arjuna) est une plante utilis\u00e9e en Inde depuis 2500 ans .<\/p>\n<p>Composition de deux g\u00e9lules : 500 mg d\u2019extrait d\u2019\u00e9corce de Terminalia Arjuna, Microcristalline<br \/>\ncellulose (\u00e9mulsiant), Dicalcium phosphate (\u00e9mulsifiant), Dioxyde de silicium(anti-agglom\u00e9rant), st\u00e9arate de magn\u00e9sium (agent d\u2019enrobage)<\/p>\n<p>Conseil d\u2019utilisation :2 g\u00e9lules par jour avec les repas.<\/p>\n<p>Boite de 60 g\u00e9lules v\u00e9g\u00e9tales<br \/>\nNe pas d\u00e9passer la dose journali\u00e8re recommand\u00e9e.<\/p>\n<p>Les compl\u00e9ments alimentaires ne doivent pas \u00eatre utilis\u00e9s comme substitut d\u2019un r\u00e9gime alimentaire vari\u00e9, \u00e9quilibr\u00e9 et d\u2019un mode de vie sain.<\/p>\n<p>Ne\u00a0 pas\u00a0 utiliser chez la femme enceinte et\/ou qui allaitent sans avis m\u00e9dical .<br \/>\nNe pas utiliser chez les enfants de moins de 14 ans .<br \/>\nA conserver dans un endroit frais et sec, hors de port\u00e9e des enfants<\/p>\n<p>&nbsp;<\/p>\n<p>&nbsp;<\/p>\n<p>Arjuna wellness\u00a0 Himalaya Herbals<\/p>\n<p>Box of 60 vegetarian capsules or 250mg of Arjuna.<\/p>\n<p>Do not exceed the recommended daily dose.<br \/>\nAs with any product, it is advisable to seek medical advice before use<br \/>\nDo not use in pregnant and \/ or nursing women without medical advice.<br \/>\nDo not use in children under 14 years of age.<br \/>\nStore in a cool, dry place out of the reach of children.<\/p>\n","protected":false},"excerpt":{"rendered":"<h1>Arjuna wellness Himalaya Herbals<\/h1>\n<p>Compl\u00e9ment alimentaire<\/p>\n<p>La mission des laboratoires Himalaya est\u00a0 que le bien \u00eatre par les plantes soit une part int\u00e9grante de chaque foyer. Notre gamme de compl\u00e9ments alimentaires \u00e0 base de plantes est sp\u00e9cialement formul\u00e9e pour vous aider \u00e0 atteindre le bien-\u00eatre physique et mental et avoir\u00a0 une meilleure qualit\u00e9 de vie. Nous nous effor\u00e7ons de rendre cela possible gr\u00e2ce \u00e0 notre engagement envers la science dans tous nos soins de sant\u00e9 \u00e0 base de plantes.<\/p>\n<p>Arjuna (Terminalia Arjuna) est une plante utilis\u00e9e en Inde depuis 2500 ans .<\/p>\n<p>Composition de deux g\u00e9lules : 500 mg d\u2019extrait d\u2019\u00e9corce de Terminalia Arjuna, Microcristalline<br \/>\ncellulose (\u00e9mulsiant), Dicalcium phosphate (\u00e9mulsifiant), Dioxyde de silicium(anti-agglom\u00e9rant), st\u00e9arate de magn\u00e9sium (agent d\u2019enrobage)<\/p>\n<p>Conseil d\u2019utilisation :2 g\u00e9lules par jour avec les repas.<\/p>\n<p>Boite de 60 g\u00e9lules v\u00e9g\u00e9tales<br \/>\nNe pas d\u00e9passer la dose journali\u00e8re recommand\u00e9e.<\/p>\n<p>Les compl\u00e9ments alimentaires ne doivent pas \u00eatre utilis\u00e9s comme substitut d\u2019un r\u00e9gime alimentaire vari\u00e9, \u00e9quilibr\u00e9 et d\u2019un mode de vie sain.<\/p>\n<p>Ne\u00a0 pas\u00a0 utiliser chez la femme enceinte et\/ou qui allaitent sans avis m\u00e9dical .<br \/>\nNe pas utiliser chez les enfants de moins de 14 ans .<br \/>\nA conserver dans un endroit frais et sec, hors de port\u00e9e des enfants<\/p>\n<p>&nbsp;<\/p>\n<p>&nbsp;<\/p>\n<p>Arjuna wellness\u00a0 Himalaya Herbals<\/p>\n<p>Box of 60 vegetarian capsules or 250mg of Arjuna.<\/p>\n<p>Do not exceed the recommended daily dose.<br \/>\nAs with any product, it is advisable to seek medical advice before use<br \/>\nDo not use in pregnant and \/ or nursing women without medical advice.<br \/>\nDo not use in children under 14 years of age.<br \/>\nStore in a cool, dry place out of the reach of children.<\/p>\n","protected":false},"featured_media":4049,"comment_status":"open","ping_status":"closed","template":"","meta":[],"_links":{"self":[{"href":"https:\/\/www.saphy.com\/healthcare-cosmetique\/wp-json\/wp\/v2\/product\/1467"}],"collection":[{"href":"https:\/\/www.saphy.com\/healthcare-cosmetique\/wp-json\/wp\/v2\/product"}],"about":[{"href":"https:\/\/www.saphy.com\/healthcare-cosmetique\/wp-json\/wp\/v2\/types\/product"}],"replies":[{"embeddable":true,"href":"https:\/\/www.saphy.com\/healthcare-cosmetique\/wp-json\/wp\/v2\/comments?post=1467"}],"wp:featuredmedia":[{"embeddable":true,"href":"https:\/\/www.saphy.com\/healthcare-cosmetique\/wp-json\/wp\/v2\/media\/4049"}],"wp:attachment":[{"href":"https:\/\/www.saphy.com\/healthcare-cosmetique\/wp-json\/wp\/v2\/media?parent=1467"}],"curies":[{"name":"wp","href":"https:\/\/api.w.org\/{rel}","templated":true}]}}