{"id":1471,"date":"2015-01-15T10:57:16","date_gmt":"2015-01-15T09:57:16","guid":{"rendered":"https:\/\/www.saphy.com\/healthcare-cosmetique\/produit\/triphala\/"},"modified":"2024-02-08T11:36:11","modified_gmt":"2024-02-08T10:36:11","slug":"triphalahimalaya-herbals","status":"publish","type":"product","link":"https:\/\/www.saphy.com\/healthcare-cosmetique\/produit\/triphalahimalaya-herbals\/","title":{"rendered":"Triphala  Himalaya Herbals"},"content":{"rendered":"<h1>Triphala Himalaya Herbals<\/h1>\n<p>Compl\u00e9ment alimentaire<\/p>\n<p>Himalaya Herbals la science par les plantes .<\/p>\n<p>Triphala Himalaya Herbals\u00a0 est un m\u00e9lange de trois plantes (Terminalia Chebula, Terminalia Bellerica,Emblica Officinalis) utilis\u00e9 depuis des mill\u00e9naires en Inde.<\/p>\n<p>Composition de deux g\u00e9lules : Microcristalline cellulose (\u00e9mulsifiant ), 500 mg de Triphala (166 mg d\u2019extrait de fruit de Terminalia bellerica, 166 mg d\u2019extrait de fruit de Terminalia chebula, 166 mg d\u2019extrait de fruit d\u2019Emblica ocinalis), St\u00e9arate de magn\u00e9sium (agent d\u2019enrobage), Dioxyde de silicium (antiagglom\u00e9rant).<\/p>\n<p>Conseil d\u2019utilisation :2 g\u00e9lules par jour avec les repas.<\/p>\n<p>Boite de 60 capsules<br \/>\nNe pas d\u00e9passer la dose journali\u00e8re recommand\u00e9e.<\/p>\n<p>Les compl\u00e9ments alimentaires ne doivent pas \u00eatre utilis\u00e9s comme substitut d\u2019un r\u00e9gime alimentaire vari\u00e9, \u00e9quilibr\u00e9 et d\u2019un mode de vie sain.<\/p>\n<p>Ne\u00a0 pas\u00a0 utiliser chez la femme enceinte et\/ou qui allaitent sans avis m\u00e9dical .<br \/>\nNe pas utiliser chez les enfants de moins de 14 ans .<br \/>\nA conserver dans un endroit frais et sec, hors de port\u00e9e des enfants<\/p>\n<p>&nbsp;<\/p>\n<p>Triphala Himalaya Herbals<\/p>\n<p>Triphala is a compromise of three 100% natural plants: Indian gooseberry (Amalaki), Chebulic Myrobolan (Haritaki) and Bellirica Myrobolan (Vibhitaki).<\/p>\n<p>1 or 2 capsules twice daily with meals. To be used as a cure for several weeks for a lasting effect.<br \/>\nBox of 60 vegetarian capsules<br \/>\nDo not exceed the recommended daily dose.<br \/>\nAs with any product, it is advisable to seek medical advice before use<br \/>\nDo not use in pregnant and \/ or nursing women without medical advice.<br \/>\nDo not use in children under 14 years of age.<br \/>\nStore in a cool, dry place out of the reach of children.<\/p>\n","protected":false},"excerpt":{"rendered":"<h1>Triphala Himalaya Herbals<\/h1>\n<p>Compl\u00e9ment alimentaire<\/p>\n<p>La mission des laboratoires Himalaya est\u00a0 que le bien \u00eatre par les plantes soit une part int\u00e9grante de chaque foyer. Notre gamme de compl\u00e9ments alimentaires \u00e0 base de plantes est sp\u00e9cialement formul\u00e9e pour vous aider \u00e0 atteindre le bien-\u00eatre physique et mental et avoir\u00a0 une meilleure qualit\u00e9 de vie. Nous nous effor\u00e7ons de rendre cela possible gr\u00e2ce \u00e0 notre engagement envers la science dans tous nos soins de sant\u00e9 \u00e0 base de plantes.<\/p>\n<p>Triphala Himalaya Herbals\u00a0 est un m\u00e9lange de trois plantes (Terminalia Chebula, Terminalia Bellerica,Emblica Officinalis) utilis\u00e9 depuis des mill\u00e9naires en Inde.<\/p>\n<p>Composition de deux g\u00e9lules : Microcristalline cellulose (\u00e9mulsifiant ), 500 mg de Triphala (166 mg d\u2019extrait de fruit de Terminalia bellerica, 166 mg d\u2019extrait de fruit de Terminalia chebula, 166 mg d\u2019extrait de fruit d\u2019Emblica ocinalis), St\u00e9arate de magn\u00e9sium (agent d\u2019enrobage), Dioxyde de silicium (antiagglom\u00e9rant).<\/p>\n<p>Conseil d\u2019utilisation :2 g\u00e9lules par jour avec les repas.<\/p>\n<p>Boite de 60 capsules<br \/>\nNe pas d\u00e9passer la dose journali\u00e8re recommand\u00e9e.<\/p>\n<p>Les compl\u00e9ments alimentaires ne doivent pas \u00eatre utilis\u00e9s comme substitut d\u2019un r\u00e9gime alimentaire vari\u00e9, \u00e9quilibr\u00e9 et d\u2019un mode de vie sain.<\/p>\n<p>Ne\u00a0 pas\u00a0 utiliser chez la femme enceinte et\/ou qui allaitent sans avis m\u00e9dical .<br \/>\nNe pas utiliser chez les enfants de moins de 14 ans .<br \/>\nA conserver dans un endroit frais et sec, hors de port\u00e9e des enfants<\/p>\n<p>&nbsp;<\/p>\n<p>Triphala Himalaya Herbals<\/p>\n<p>Triphala is a compromise of three 100% natural plants: Indian gooseberry (Amalaki), Chebulic Myrobolan (Haritaki) and Bellirica Myrobolan (Vibhitaki).<\/p>\n<p>1 or 2 capsules twice daily with meals. To be used as a cure for several weeks for a lasting effect.<br \/>\nBox of 60 vegetarian capsules<br \/>\nDo not exceed the recommended daily dose.<br \/>\nAs with any product, it is advisable to seek medical advice before use<br \/>\nDo not use in pregnant and \/ or nursing women without medical advice.<br \/>\nDo not use in children under 14 years of age.<br \/>\nStore in a cool, dry place out of the reach of children.<\/p>\n","protected":false},"featured_media":4048,"comment_status":"open","ping_status":"closed","template":"","meta":[],"_links":{"self":[{"href":"https:\/\/www.saphy.com\/healthcare-cosmetique\/wp-json\/wp\/v2\/product\/1471"}],"collection":[{"href":"https:\/\/www.saphy.com\/healthcare-cosmetique\/wp-json\/wp\/v2\/product"}],"about":[{"href":"https:\/\/www.saphy.com\/healthcare-cosmetique\/wp-json\/wp\/v2\/types\/product"}],"replies":[{"embeddable":true,"href":"https:\/\/www.saphy.com\/healthcare-cosmetique\/wp-json\/wp\/v2\/comments?post=1471"}],"wp:featuredmedia":[{"embeddable":true,"href":"https:\/\/www.saphy.com\/healthcare-cosmetique\/wp-json\/wp\/v2\/media\/4048"}],"wp:attachment":[{"href":"https:\/\/www.saphy.com\/healthcare-cosmetique\/wp-json\/wp\/v2\/media?parent=1471"}],"curies":[{"name":"wp","href":"https:\/\/api.w.org\/{rel}","templated":true}]}}