{"id":1653,"date":"2015-03-11T13:17:22","date_gmt":"2015-03-11T12:17:22","guid":{"rendered":"https:\/\/www.saphy.com\/healthcare-cosmetique\/?post_type=product&#038;p=1653"},"modified":"2022-01-03T15:42:26","modified_gmt":"2022-01-03T14:42:26","slug":"bio-gel-contour-des-yeux-30mlyellow-rose-cosmetique","status":"publish","type":"product","link":"https:\/\/www.saphy.com\/healthcare-cosmetique\/produit\/bio-gel-contour-des-yeux-30mlyellow-rose-cosmetique\/","title":{"rendered":"Bio Gel Contour des yeux Yellow Rose cosmetique"},"content":{"rendered":"<h1>Bio Gel Contour des yeux Yellow Rose cosmetique<\/h1>\n<p>Le bio Gel Contour des yeux Yellow Rose cosm\u00e9tique est un Gel hydratant anti-rides sp\u00e9cialement formul\u00e9 pour le traitement de la zone d\u00e9licate du contour des yeux fatigu\u00e9s.<\/p>\n<p>Formul\u00e9 avec un syst\u00e8me de distribution avanc\u00e9 des microsph\u00e8res et des liposomes.<\/p>\n<p>Ces ingr\u00e9dients soigneusement s\u00e9l\u00e9ctionn\u00e9s aident \u00e0 lutter contre les cernes ,les rides d&rsquo;expression et les poches sous les yeux.<\/p>\n<p>Peut \u00eatre enti\u00e8rement absorb\u00e9 ou appliqu\u00e9 en couche plus \u00e9paisse autour des yeux comme un masque.<\/p>\n<p>Contient des microsph\u00e8res de silanol organique et d&rsquo;acide mannuronique(tr\u00e8s efficace pour le taritement des yeux gonfl\u00e9s et des poches sous les yeux),des c\u00e9ramides et des sphingolipides hydratants et protecteurs ,de l&rsquo;acide hyaluronique ,des liposomes et des sph\u00e8res color\u00e9es visibles \u00e0 la vitamine E anti oxydante encapsul\u00e9e,des liposomes \u00e0 l&rsquo;acide glycyrrh\u00e9nitique(propri\u00e9t\u00e9s anti-inflammatoire) \u00e0 la suspension hydratante de liposomes,des prot\u00e9ines de bl\u00e9 raffermissantes , des extraits apaisants de camomille et de hirudo medicinalis,de l&rsquo;extrait de carotte(hydratant et riche en min\u00e9raux),du B-carot\u00e8ne (pi\u00e9geur de radicaux libres),de l&rsquo;extrait de concombre ,du panth\u00e9nol (provitamineB5) et de l&rsquo;allantoine.<\/p>\n<p>Utilisez quotidiennement, le matin et le soir sur une\u00a0 peau d\u00e9maquill\u00e9e .<\/p>\n<p>Ingr\u00e9dients:\u00a0Aqua,Glycerin,Prpylene Glycol,Hirudinea extract,Glyceryl acrylate,acrylic acid copolymer,hydrolyzedwheat protein, Mthylsilanil mannuronate,,Chamilla recutita \u00a0(Matricaria ) flower extract,,Daucus Carota sativa 5carrot) Root juice powder,Phospgholipids,sodium hyaluronate,cucumis sativus (cucumber) fruit extract,Glycyrrhenitic Acid,Panthenol,Lecithin,lactose,allantoin,beta-carotene,tocopheryl acetate,phenoxynethanol,ethylglycerin,cellulose,hydroxypropyl methylcellulose<\/p>\n<p>30 ML<\/p>\n<p><strong>EYE CONTOUR BIO-GEL YELLOW ROSE COSMETICS<\/strong><\/p>\n<p>Anti-wrinkle moisturizing gel suitable for the treatment of the delicate and stressed eye contour area.<\/p>\n<p>It is formulated with an advanced delivery system of microspheres and liposomes and carefully selected ingredients that help combat dark circles, expression lines and puffy eyes.<br \/>\nUse<br \/>\nUse daily, morning and evening, on clean skin.<\/p>\n<p>Apply a small quantity of the gel to the eye contour area. Massage gently with your fingertips, from the inner corner of the eyelids outwards. For better absorption tap lightly the area of application with your fingertips.<\/p>\n<p>Can also be used as an eye mask. Apply a thin layer over the eye contour area and leave on for 20 minutes. Remove the remainders with water and tone the skin with Yellow Rose Hyaluronic Toning Lotion.<\/p>\n<p>Can be combined effectively with other Yellow Rose Eye Contour Treatment products.<br \/>\nMain Ingredients<br \/>\nSilanol C and microspheres with Silanol C<br \/>\nSilanols C are organic derivatives of silicium that have an anti-aging activity (prevention and reparation) and they are very effective in the treatment of puffy eyes, \u201cbags\u201d under the eyes. They are highly moisturizing agents and they have soothing and anti-inflammatory properties. The Microspheres are actually micro-reservoirs that slowly release Silanol at cutaneous level, ensuring improved bio-disposability and efficacy.<br \/>\nMixture of Ceramides and Sphingolipids<br \/>\nLipid molecules found in the bilayer cell membrane and have structural and effective role in cell life circle. They protect the hydrolipidic barrier of the skin and moisturize.<br \/>\nHyaluronic acid<br \/>\nHighly efficient moisturizer.<br \/>\nLiposomes with Vitamin E<br \/>\nVitamin E is a strong anti-oxidant, protecting the skin from aging and damaging due to free radicals. In Liposomes the permeation into the epidermis is more efficient and the effect is prolonged (Long-lasting anti-oxidant).<br \/>\nLiposomes with Glycyrrhetinic acid<br \/>\nGlycyrrhetinic acid is derived from Liquorice and exhibits anti-inflammatory properties. It also performs a soothing and smoothing action. In Liposomes the permeation into the epidermis is more efficient and the effect is prolonged (Long-lasting anti-inflammatory and soothing agent).<br \/>\nVisible coloured spheres with encapsulated anti-oxidative Vitamin E<br \/>\nVitamin E is a strong anti-oxidant, protecting the skin from aging and damaging due to free radicals. These special spheres preserve Vitamin E and release it directly on the skin on application.<br \/>\nWheat proteins<br \/>\nFirm and tone the skin.<br \/>\nChamomile extract<br \/>\nSoothing, calming and moisturizing effect<br \/>\nContains also<br \/>\nCarrot and Cucumber extracts, b-Carotene, d-Panthenol (pro-vitamin B5) and Allantoin.<\/p>\n<p>Ingr\u00e9dients:\u00a0Aqua,Glycerin,Prpylene Glycol,Hirudinea extract,Glyceryl acrylate,acrylic acid copolymer,hydrolyzedwheat protein, Mthylsilanil mannuronate,,Chamilla recutita \u00a0(Matricaria ) flower extract,,Daucus Carota sativa 5carrot) Root juice powder,Phospgholipids,sodium hyaluronate,cucumis sativus (cucumber) fruit extract,Glycyrrhenitic Acid,Panthenol,Lecithin,lactose,allantoin,beta-carotene,tocopheryl acetate,phenoxynethanol,ethylglycerin,cellulose,hydroxypropyl methylcellulose<\/p>\n<p>&nbsp;<\/p>\n","protected":false},"excerpt":{"rendered":"<h1>Bio Gel Contour des yeux Yellow Rose cosmetique<\/h1>\n<p>Le bio Gel Contour des yeux Yellow Rose cosm\u00e9tique est un Gel hydratant anti-rides sp\u00e9cialement formul\u00e9 pour le traitement de la zone d\u00e9licate du contour des yeux fatigu\u00e9s.<\/p>\n<p>Formul\u00e9 avec un syst\u00e8me de distribution avanc\u00e9 des microsph\u00e8res et des liposomes.<\/p>\n<p>Ces ingr\u00e9dients soigneusement s\u00e9l\u00e9ctionn\u00e9s aident \u00e0 lutter contre les cernes ,les rides d&rsquo;expression et les poches sous les yeux.<\/p>\n<p>Peut \u00eatre enti\u00e8rement absorb\u00e9 ou appliqu\u00e9 en couche plus \u00e9paisse autour des yeux comme un masque.<\/p>\n<p>Contient des microsph\u00e8res de silanol organique et d&rsquo;acide mannuronique(tr\u00e8s efficace pour le taritement des yeux gonfl\u00e9s et des poches sous les yeux),des c\u00e9ramides et des sphingolipides hydratants et protecteurs ,de l&rsquo;acide hyaluronique ,des liposomes et des sph\u00e8res color\u00e9es visibles \u00e0 la vitamine E anti oxydante encapsul\u00e9e,des liposomes \u00e0 l&rsquo;acide glycyrrh\u00e9nitique(propri\u00e9t\u00e9s anti-inflammatoire) \u00e0 la suspension hydratante de liposomes,des prot\u00e9ines de bl\u00e9 raffermissantes , des extraits apaisants de camomille et de hirudo medicinalis,de l&rsquo;extrait de carotte(hydratant et riche en min\u00e9raux),du B-carot\u00e8ne (pi\u00e9geur de radicaux libres),de l&rsquo;extrait de concombre ,du panth\u00e9nol (provitamineB5) et de l&rsquo;allantoine.<\/p>\n<p>Utilisez quotidiennement, le matin et le soir sur une\u00a0 peau d\u00e9maquill\u00e9e .<\/p>\n<p>Ingr\u00e9dients:\u00a0Aqua,Glycerin,Prpylene Glycol,Hirudinea extract,Glyceryl acrylate,acrylic acid copolymer,hydrolyzedwheat protein, Mthylsilanil mannuronate,,Chamilla recutita \u00a0(Matricaria ) flower extract,,Daucus Carota sativa 5carrot) Root juice powder,Phospgholipids,sodium hyaluronate,cucumis sativus (cucumber) fruit extract,Glycyrrhenitic Acid,Panthenol,Lecithin,lactose,allantoin,beta-carotene,tocopheryl acetate,phenoxynethanol,ethylglycerin,cellulose,hydroxypropyl methylcellulose<\/p>\n<p>30 ML<\/p>\n<p><strong>EYE CONTOUR BIO-GEL YELLOW ROSE COSMETICS<\/strong><\/p>\n<p>Anti-wrinkle moisturizing gel suitable for the treatment of the delicate and stressed eye contour area.<\/p>\n<p>It is formulated with an advanced delivery system of microspheres and liposomes and carefully selected ingredients that help combat dark circles, expression lines and puffy eyes.<br \/>\nUse<br \/>\nUse daily, morning and evening, on clean skin.<\/p>\n<p>Apply a small quantity of the gel to the eye contour area. Massage gently with your fingertips, from the inner corner of the eyelids outwards. For better absorption tap lightly the area of application with your fingertips.<\/p>\n<p>Can also be used as an eye mask. Apply a thin layer over the eye contour area and leave on for 20 minutes. Remove the remainders with water and tone the skin with Yellow Rose Hyaluronic Toning Lotion.<\/p>\n<p>Can be combined effectively with other Yellow Rose Eye Contour Treatment products.<br \/>\nMain Ingredients<br \/>\nSilanol C and microspheres with Silanol C<br \/>\nSilanols C are organic derivatives of silicium that have an anti-aging activity (prevention and reparation) and they are very effective in the treatment of puffy eyes, \u201cbags\u201d under the eyes. They are highly moisturizing agents and they have soothing and anti-inflammatory properties. The Microspheres are actually micro-reservoirs that slowly release Silanol at cutaneous level, ensuring improved bio-disposability and efficacy.<br \/>\nMixture of Ceramides and Sphingolipids<br \/>\nLipid molecules found in the bilayer cell membrane and have structural and effective role in cell life circle. They protect the hydrolipidic barrier of the skin and moisturize.<br \/>\nHyaluronic acid<br \/>\nHighly efficient moisturizer.<br \/>\nLiposomes with Vitamin E<br \/>\nVitamin E is a strong anti-oxidant, protecting the skin from aging and damaging due to free radicals. In Liposomes the permeation into the epidermis is more efficient and the effect is prolonged (Long-lasting anti-oxidant).<br \/>\nLiposomes with Glycyrrhetinic acid<br \/>\nGlycyrrhetinic acid is derived from Liquorice and exhibits anti-inflammatory properties. It also performs a soothing and smoothing action. In Liposomes the permeation into the epidermis is more efficient and the effect is prolonged (Long-lasting anti-inflammatory and soothing agent).<br \/>\nVisible coloured spheres with encapsulated anti-oxidative Vitamin E<br \/>\nVitamin E is a strong anti-oxidant, protecting the skin from aging and damaging due to free radicals. These special spheres preserve Vitamin E and release it directly on the skin on application.<br \/>\nWheat proteins<br \/>\nFirm and tone the skin.<br \/>\nChamomile extract<br \/>\nSoothing, calming and moisturizing effect<br \/>\nContains also<br \/>\nCarrot and Cucumber extracts, b-Carotene, d-Panthenol (pro-vitamin B5) and Allantoin.<\/p>\n<p>Ingr\u00e9dients:\u00a0Aqua,Glycerin,Prpylene Glycol,Hirudinea extract,Glyceryl acrylate,acrylic acid copolymer,hydrolyzedwheat protein, Mthylsilanil mannuronate,,Chamilla recutita \u00a0(Matricaria ) flower extract,,Daucus Carota sativa 5carrot) Root juice powder,Phospgholipids,sodium hyaluronate,cucumis sativus (cucumber) fruit extract,Glycyrrhenitic Acid,Panthenol,Lecithin,lactose,allantoin,beta-carotene,tocopheryl acetate,phenoxynethanol,ethylglycerin,cellulose,hydroxypropyl methylcellulose<\/p>\n<p>&nbsp;<\/p>\n","protected":false},"featured_media":4076,"comment_status":"open","ping_status":"closed","template":"","meta":[],"_links":{"self":[{"href":"https:\/\/www.saphy.com\/healthcare-cosmetique\/wp-json\/wp\/v2\/product\/1653"}],"collection":[{"href":"https:\/\/www.saphy.com\/healthcare-cosmetique\/wp-json\/wp\/v2\/product"}],"about":[{"href":"https:\/\/www.saphy.com\/healthcare-cosmetique\/wp-json\/wp\/v2\/types\/product"}],"replies":[{"embeddable":true,"href":"https:\/\/www.saphy.com\/healthcare-cosmetique\/wp-json\/wp\/v2\/comments?post=1653"}],"wp:featuredmedia":[{"embeddable":true,"href":"https:\/\/www.saphy.com\/healthcare-cosmetique\/wp-json\/wp\/v2\/media\/4076"}],"wp:attachment":[{"href":"https:\/\/www.saphy.com\/healthcare-cosmetique\/wp-json\/wp\/v2\/media?parent=1653"}],"curies":[{"name":"wp","href":"https:\/\/api.w.org\/{rel}","templated":true}]}}