{"id":1678,"date":"2015-03-23T12:52:38","date_gmt":"2015-03-23T11:52:38","guid":{"rendered":"https:\/\/www.saphy.com\/healthcare-cosmetique\/?post_type=product&#038;p=1678"},"modified":"2024-04-02T10:42:48","modified_gmt":"2024-04-02T09:42:48","slug":"savon-aux-amandes-et-a-la-rosehimalaya-herbals","status":"publish","type":"product","link":"https:\/\/www.saphy.com\/healthcare-cosmetique\/produit\/savon-aux-amandes-et-a-la-rosehimalaya-herbals\/","title":{"rendered":"savon aux amandes et \u00e0 la rose Himalaya Herbals"},"content":{"rendered":"<h1>Savon aux amandes et \u00e0 la rose Himalaya Herbals<\/h1>\n<p>Depuis 1930, Himalaya puise et exploite pour vous les tr\u00e9sors de la m\u00e9decine ayurv\u00e9dique vieille de 5000 ans ! Des recherches approfondies sur les plantes du monde entier ont \u00e9t\u00e9 men\u00e9es par ses experts. Celles-ci ont abouti \u00e0 une s\u00e9lection d\u2019ingr\u00e9dients enti\u00e8rement naturels dont les bienfaits sont av\u00e9r\u00e9s sur la sant\u00e9 et la beaut\u00e9 Himalaya a su combiner cet immense savoir traditionnel avec les techniques modernes afin de cr\u00e9er les combinaisons parfaitement adapt\u00e9es aux besoins de l\u2019homme contemporain. Gr\u00e2ce \u00e0 l&rsquo;engagement de plus de 2000 collaborateurs, dont une \u00e9quipe de 100 chercheurs, Himalaya Herbals est une soci\u00e9t\u00e9 pl\u00e9biscit\u00e9e dans plus de 90 pays \u00e0 travers le monde et de plus de 100.000 m\u00e9decins y prescrivent nos produits.<\/p>\n<p>Ce savon est id\u00e9al pour les peaux s\u00e8ches, il nettoie d\u00e9licatement votre peau , l\u2019 hydrate et la revitalise gr\u00e2ce \u00e0 ses extraits naturels d&rsquo;Amande et de Rose.<\/p>\n<p>Peaux normales \u00e0 s\u00e8ches<\/p>\n<p>75G<\/p>\n<p>Ingr\u00e9dients: Sodium Palmate,sodium palm kernelate ,Cocos Nucifera oil,parfum,Aqua,Titanium dioxide,peg 400,cocamidopropyl betaine,,pongamia glabra seed oil,Prunus amygdalus dulcis oil,citrus medica limonum peel extract,Rosa centifolia flower extract,vetiveria zizanoides root extract,tetrasodium edta,prunus armeniaca kernel oil, triticum vulgare root extract,hexyl cinnamal,butylphenyl methylproponial,citreonellol,eugenol, isoeugenol,alpha-isomethyl ionone<\/p>\n<p>&nbsp;<\/p>\n<p><strong>Almond and rose soap Himalaya Herbals<\/strong><\/p>\n<p>This soap is ideal for dry skin, it gently cleanses your skin, hydrates it and revitalizes it with its natural extracts of Almond and Rose.<br \/>\nNormal to dry skin<\/p>\n<p>Ingr\u00e9dients: Sodium Palmate,sodium palm kernelate ,Cocos Nucifera oil,parfum,Aqua,Titanium dioxide,peg 400,cocamidopropyl betaine,,pongamia glabra seed oil,Prunus amygdalus dulcis oil,citrus medica limonum peel extract,Rosa centifolia flower extract,vetiveria zizanoides root extract,tetrasodium edta,prunus armeniaca kernel oil, triticum vulgare root extract,hexyl cinnamal,butylphenyl methylproponial,citreonellol,eugenol, isoeugenol,alpha-isomethyl ionone<\/p>\n<p>&nbsp;<\/p>\n","protected":false},"excerpt":{"rendered":"<h1>Savon aux amandes et \u00e0 la rose Himalaya Herbals<\/h1>\n<p>Depuis 1930, Himalaya puise et exploite pour vous les tr\u00e9sors de la m\u00e9decine ayurv\u00e9dique vieille de 5000 ans ! Des recherches approfondies sur les plantes du monde entier ont \u00e9t\u00e9 men\u00e9es par ses experts. Celles-ci ont abouti \u00e0 une s\u00e9lection d\u2019ingr\u00e9dients enti\u00e8rement naturels dont les bienfaits sont av\u00e9r\u00e9s sur la sant\u00e9 et la beaut\u00e9 Himalaya a su combiner cet immense savoir traditionnel avec les techniques modernes afin de cr\u00e9er les combinaisons parfaitement adapt\u00e9es aux besoins de l\u2019homme contemporain. Gr\u00e2ce \u00e0 l&rsquo;engagement de plus de 2000 collaborateurs, dont une \u00e9quipe de 100 chercheurs, Himalaya Herbals est une soci\u00e9t\u00e9 pl\u00e9biscit\u00e9e dans plus de 90 pays \u00e0 travers le monde et de plus de 100.000 m\u00e9decins y prescrivent nos produits.<\/p>\n<p>Ce savon est id\u00e9al pour les peaux s\u00e8ches, il nettoie d\u00e9licatement votre peau , l\u2019 hydrate et la revitalise gr\u00e2ce \u00e0 ses extraits naturels d&rsquo;Amande et de Rose.<\/p>\n<p>Peaux normales \u00e0 s\u00e8ches<\/p>\n<p>75G<\/p>\n<p>Ingr\u00e9dients: Sodium Palmate,sodium palm kernelate ,Cocos Nucifera oil,parfum,Aqua,Titanium dioxide,peg 400,cocamidopropyl betaine,,pongamia glabra seed oil,Prunus amygdalus dulcis oil,citrus medica limonum peel extract,Rosa centifolia flower extract,vetiveria zizanoides root extract,tetrasodium edta,prunus armeniaca kernel oil, triticum vulgare root extract,hexyl cinnamal,butylphenyl methylproponial,citreonellol,eugenol, isoeugenol,alpha-isomethyl ionone<\/p>\n<p>&nbsp;<\/p>\n<p><strong>Almond and rose soap Himalaya Herbals<\/strong><\/p>\n<p>This soap is ideal for dry skin, it gently cleanses your skin, hydrates it and revitalizes it with its natural extracts of Almond and Rose.<br \/>\nNormal to dry skin<\/p>\n<p>Ingr\u00e9dients: Sodium Palmate,sodium palm kernelate ,Cocos Nucifera oil,parfum,Aqua,Titanium dioxide,peg 400,cocamidopropyl betaine,,pongamia glabra seed oil,Prunus amygdalus dulcis oil,citrus medica limonum peel extract,Rosa centifolia flower extract,vetiveria zizanoides root extract,tetrasodium edta,prunus armeniaca kernel oil, triticum vulgare root extract,hexyl cinnamal,butylphenyl methylproponial,citreonellol,eugenol, isoeugenol,alpha-isomethyl ionone<\/p>\n<p>&nbsp;<\/p>\n","protected":false},"featured_media":4014,"comment_status":"open","ping_status":"closed","template":"","meta":[],"_links":{"self":[{"href":"https:\/\/www.saphy.com\/healthcare-cosmetique\/wp-json\/wp\/v2\/product\/1678"}],"collection":[{"href":"https:\/\/www.saphy.com\/healthcare-cosmetique\/wp-json\/wp\/v2\/product"}],"about":[{"href":"https:\/\/www.saphy.com\/healthcare-cosmetique\/wp-json\/wp\/v2\/types\/product"}],"replies":[{"embeddable":true,"href":"https:\/\/www.saphy.com\/healthcare-cosmetique\/wp-json\/wp\/v2\/comments?post=1678"}],"wp:featuredmedia":[{"embeddable":true,"href":"https:\/\/www.saphy.com\/healthcare-cosmetique\/wp-json\/wp\/v2\/media\/4014"}],"wp:attachment":[{"href":"https:\/\/www.saphy.com\/healthcare-cosmetique\/wp-json\/wp\/v2\/media?parent=1678"}],"curies":[{"name":"wp","href":"https:\/\/api.w.org\/{rel}","templated":true}]}}