{"id":1680,"date":"2015-03-23T12:54:59","date_gmt":"2015-03-23T11:54:59","guid":{"rendered":"https:\/\/www.saphy.com\/healthcare-cosmetique\/?post_type=product&#038;p=1680"},"modified":"2025-01-16T13:10:14","modified_gmt":"2025-01-16T12:10:14","slug":"savon-au-lait-et-au-mielhimalaya-herbals","status":"publish","type":"product","link":"https:\/\/www.saphy.com\/healthcare-cosmetique\/produit\/savon-au-lait-et-au-mielhimalaya-herbals\/","title":{"rendered":"savon au lait et au miel Himalaya Herbals"},"content":{"rendered":"<h1>Savon au lait et au miel Himalaya Herbals<\/h1>\n<p>Depuis 1930, Himalaya puise et exploite pour vous les tr\u00e9sors de la m\u00e9decine ayurv\u00e9dique vieille de 5000 ans ! Des recherches approfondies sur les plantes du monde entier ont \u00e9t\u00e9 men\u00e9es par ses experts. Celles-ci ont abouti \u00e0 une s\u00e9lection d\u2019ingr\u00e9dients enti\u00e8rement naturels dont les bienfaits sont av\u00e9r\u00e9s sur la sant\u00e9 et la beaut\u00e9 Himalaya a su combiner cet immense savoir traditionnel avec les techniques modernes afin de cr\u00e9er les combinaisons parfaitement adapt\u00e9es aux besoins de l\u2019homme contemporain. Gr\u00e2ce \u00e0 l&rsquo;engagement de plus de 2000 collaborateurs, dont une \u00e9quipe de 100 chercheurs, Himalaya Herbals est une soci\u00e9t\u00e9 pl\u00e9biscit\u00e9e dans plus de 90 pays \u00e0 travers le monde et de plus de 100.000 m\u00e9decins y prescrivent nos produits.<\/p>\n<p>Un savon tr\u00e8s doux enrichi en cr\u00e8me de lait et en miel qui hydrate et adoucit les peaux s\u00e8ches \u00e0 tr\u00e8s s\u00e8ches. Pour peaux s\u00e8ches \u00e0 tr\u00e8s s\u00e8ches Indications: Pour peaux s\u00e8ches \u00e0 tr\u00e8s s\u00e8ches<\/p>\n<p>&nbsp;<\/p>\n<p>Ingr\u00e9dients:\u00a0Sodium Palmate,sodium palm kernelate,Parfum,Aqua,Cocamidopropyl Betaine,peg400,Glycerin,Milk ?Honey,Tetrasodium edta,Tetradibutyl pentaerithrityl hydroxyhydrocinnamate,Limonene,Linalol,Citronellol,Gamma Methylionone<\/p>\n<p>&nbsp;<\/p>\n<p>&nbsp;<\/p>\n<p id=\"tw-target-text\" class=\"tw-data-text tw-ta tw-text-small\" dir=\"ltr\" data-placeholder=\"Traduction\"><strong>H<span lang=\"en\">oney and milk soap Himalaya Herbals <\/span><\/strong><\/p>\n<p class=\"tw-data-text tw-ta tw-text-small\" dir=\"ltr\" data-placeholder=\"Traduction\"><span lang=\"en\">A very mild soap enriched with milk cream and honey that moisturizes and softens dry to very dry skin. For dry to very dry skin<\/span><\/p>\n<p class=\"tw-data-text tw-ta tw-text-small\" dir=\"ltr\" data-placeholder=\"Traduction\"><span lang=\"en\"> Indications: For dry to very dry skin <\/span><\/p>\n<p class=\"tw-data-text tw-ta tw-text-small\" dir=\"ltr\" data-placeholder=\"Traduction\"><span lang=\"en\">Ingredients: Mel despumatum (Honey, Madhu) Kshira (Milk) 75g Himalaya Herbals cream and honey soap A very soft soap with moisturizes and softens the dry to very dry skin. For dry to very dry skin Indications: For dry to very dry skin Ingredients: Mel despumatum (Honey, Madhu) Kshira (Milk) <\/span><\/p>\n<p class=\"tw-data-text tw-ta tw-text-small\" dir=\"ltr\" data-placeholder=\"Traduction\"><span lang=\"en\">Since 1930, Himalaya draws and exploits for you the treasures of Ayurvedic medicine 5000 years old! Extensive research on plants around the world has been conducted by its experts. These have resulted in a selection of all natural ingredients whose benefits are proven to health and beauty Himalaya has combined this immense traditional knowledge with modern techniques to create combinations perfectly suited to the needs of contemporary man . Thanks to the commitment of more than 2,000 collaborators, including a team of 100 researchers, Himalaya Herbals is a company acclaimed in more than 90 countries around the world and more than 100,000 doctors prescribe our products.<\/span><\/p>\n","protected":false},"excerpt":{"rendered":"<h1>Savon au lait et au miel Himalaya Herbals<\/h1>\n<p>Depuis 1930, Himalaya puise et exploite pour vous les tr\u00e9sors de la m\u00e9decine ayurv\u00e9dique vieille de 5000 ans ! Des recherches approfondies sur les plantes du monde entier ont \u00e9t\u00e9 men\u00e9es par ses experts. Celles-ci ont abouti \u00e0 une s\u00e9lection d\u2019ingr\u00e9dients enti\u00e8rement naturels dont les bienfaits sont av\u00e9r\u00e9s sur la sant\u00e9 et la beaut\u00e9 Himalaya a su combiner cet immense savoir traditionnel avec les techniques modernes afin de cr\u00e9er les combinaisons parfaitement adapt\u00e9es aux besoins de l\u2019homme contemporain. Gr\u00e2ce \u00e0 l&rsquo;engagement de plus de 2000 collaborateurs, dont une \u00e9quipe de 100 chercheurs, Himalaya Herbals est une soci\u00e9t\u00e9 pl\u00e9biscit\u00e9e dans plus de 90 pays \u00e0 travers le monde et de plus de 100.000 m\u00e9decins y prescrivent nos produits.<\/p>\n<p>Un savon tr\u00e8s doux enrichi en cr\u00e8me de lait et en miel qui hydrate et adoucit les peaux s\u00e8ches \u00e0 tr\u00e8s s\u00e8ches. Pour peaux s\u00e8ches \u00e0 tr\u00e8s s\u00e8ches Indications: Pour peaux s\u00e8ches \u00e0 tr\u00e8s s\u00e8ches<\/p>\n<p>&nbsp;<\/p>\n<p>Ingr\u00e9dients:\u00a0Sodium Palmate,sodium palm kernelate,Parfum,Aqua,Cocamidopropyl Betaine,peg400,Glycerin,Milk ?Honey,Tetrasodium edta,Tetradibutyl pentaerithrityl hydroxyhydrocinnamate,Limonene,Linalol,Citronellol,Gamma Methylionone<\/p>\n<p>&nbsp;<\/p>\n<p>&nbsp;<\/p>\n<p id=\"tw-target-text\" class=\"tw-data-text tw-ta tw-text-small\" dir=\"ltr\" data-placeholder=\"Traduction\"><strong>H<span lang=\"en\">oney and milk soap Himalaya Herbals <\/span><\/strong><\/p>\n<p class=\"tw-data-text tw-ta tw-text-small\" dir=\"ltr\" data-placeholder=\"Traduction\"><span lang=\"en\">A very mild soap enriched with milk cream and honey that moisturizes and softens dry to very dry skin. For dry to very dry skin<\/span><\/p>\n<p class=\"tw-data-text tw-ta tw-text-small\" dir=\"ltr\" data-placeholder=\"Traduction\"><span lang=\"en\"> Indications: For dry to very dry skin <\/span><\/p>\n<p class=\"tw-data-text tw-ta tw-text-small\" dir=\"ltr\" data-placeholder=\"Traduction\"><span lang=\"en\">Ingredients: Mel despumatum (Honey, Madhu) Kshira (Milk) 75g Himalaya Herbals cream and honey soap A very soft soap with moisturizes and softens the dry to very dry skin. For dry to very dry skin Indications: For dry to very dry skin Ingredients: Mel despumatum (Honey, Madhu) Kshira (Milk) <\/span><\/p>\n<p class=\"tw-data-text tw-ta tw-text-small\" dir=\"ltr\" data-placeholder=\"Traduction\"><span lang=\"en\">Since 1930, Himalaya draws and exploits for you the treasures of Ayurvedic medicine 5000 years old! Extensive research on plants around the world has been conducted by its experts. These have resulted in a selection of all natural ingredients whose benefits are proven to health and beauty Himalaya has combined this immense traditional knowledge with modern techniques to create combinations perfectly suited to the needs of contemporary man . Thanks to the commitment of more than 2,000 collaborators, including a team of 100 researchers, Himalaya Herbals is a company acclaimed in more than 90 countries around the world and more than 100,000 doctors prescribe our products.<\/span><\/p>\n","protected":false},"featured_media":4015,"comment_status":"open","ping_status":"closed","template":"","meta":[],"_links":{"self":[{"href":"https:\/\/www.saphy.com\/healthcare-cosmetique\/wp-json\/wp\/v2\/product\/1680"}],"collection":[{"href":"https:\/\/www.saphy.com\/healthcare-cosmetique\/wp-json\/wp\/v2\/product"}],"about":[{"href":"https:\/\/www.saphy.com\/healthcare-cosmetique\/wp-json\/wp\/v2\/types\/product"}],"replies":[{"embeddable":true,"href":"https:\/\/www.saphy.com\/healthcare-cosmetique\/wp-json\/wp\/v2\/comments?post=1680"}],"wp:featuredmedia":[{"embeddable":true,"href":"https:\/\/www.saphy.com\/healthcare-cosmetique\/wp-json\/wp\/v2\/media\/4015"}],"wp:attachment":[{"href":"https:\/\/www.saphy.com\/healthcare-cosmetique\/wp-json\/wp\/v2\/media?parent=1680"}],"curies":[{"name":"wp","href":"https:\/\/api.w.org\/{rel}","templated":true}]}}