{"id":1682,"date":"2015-03-23T13:00:30","date_gmt":"2015-03-23T12:00:30","guid":{"rendered":"https:\/\/www.saphy.com\/healthcare-cosmetique\/?post_type=product&#038;p=1682"},"modified":"2025-01-16T13:07:49","modified_gmt":"2025-01-16T12:07:49","slug":"savon-purifiant-au-neem-et-au-curcumahimalaya-herbals","status":"publish","type":"product","link":"https:\/\/www.saphy.com\/healthcare-cosmetique\/produit\/savon-purifiant-au-neem-et-au-curcumahimalaya-herbals\/","title":{"rendered":"savon purifiant au neem et au curcuma Himalaya Herbals"},"content":{"rendered":"<h1>Savon purifiant au neem et au curcuma Himalaya Herbals<\/h1>\n<p>Depuis 1930, Himalaya puise et exploite pour vous les tr\u00e9sors de la m\u00e9decine ayurv\u00e9dique vieille de 5000 ans ! Des recherches approfondies sur les plantes du monde entier ont \u00e9t\u00e9 men\u00e9es par ses experts. Celles-ci ont abouti \u00e0 une s\u00e9lection d\u2019ingr\u00e9dients enti\u00e8rement naturels dont les bienfaits sont av\u00e9r\u00e9s sur la sant\u00e9 et la beaut\u00e9 Himalaya a su combiner cet immense savoir traditionnel avec les techniques modernes afin de cr\u00e9er les combinaisons parfaitement adapt\u00e9es aux besoins de l\u2019homme contemporain. Gr\u00e2ce \u00e0 l&rsquo;engagement de plus de 2000 collaborateurs, dont une \u00e9quipe de 100 chercheurs, Himalaya Herbals est une soci\u00e9t\u00e9 pl\u00e9biscit\u00e9e dans plus de 90 pays \u00e0 travers le monde et de plus de 100.000 m\u00e9decins y prescrivent nos produits.<\/p>\n<p>Un savon purifiant id\u00e9al pour les peaux grasses et \/ou \u00a0\u00e0 probl\u00e8mes. La combinaison du Neem herbe reconnue pour ses propri\u00e9t\u00e9s purifiantes et antibact\u00e9riennes et du curcuma antiseptique et anti inflammatoire naturel lutte efficacement contre les boutons et les points noirs, pr\u00e9vient leurs apparitions et \u00e9limine les bact\u00e9ries responsables de l\u2019acn\u00e9.<\/p>\n<p>S&rsquo;utilise sur le visage et \/ou le corps.<\/p>\n<p>75g<\/p>\n<p>Ingr\u00e9dients:\u00a0Sodium Palmate,sodium palm kernelate,Parfum,Aqua,Glycerin,Tetrasodium edta,Melia azadirachta seed oil,Tetradibutyl pentaerithrityl hydroxyhydrocinnamate,Citrus Medica Limonum peel oil,curcuma longa root oil,Limonene,Butylphenyl,Methylpropional,Geraniol,Citral,Coumarin<\/p>\n<p>&nbsp;<\/p>\n<p>&nbsp;<\/p>\n<p><strong>Himalaya Herbals Neem and Turmeric Protecting Soap<\/strong><\/p>\n<p>Since 1930, Himalaya draws and exploits for you the treasures of Ayurvedic medicine 5000 years old! Extensive research on plants around the world has been conducted by its experts. These have resulted in a selection of all natural ingredients whose benefits are proven to health and beauty Himalaya has combined this immense traditional knowledge with modern techniques to create combinations perfectly suited to the needs of contemporary man . Thanks to the commitment of more than 2,000 collaborators, including a team of 100 researchers, Himalaya Herbals is a company acclaimed in more than 90 countries around the world and more than 100,000 doctors prescribe our products.<\/p>\n<p>A purifying soap ideal for oily and \/ or problem skin. The combination of Neem Grass recognized for its purifying and antibacterial properties and natural anti-inflammatory and antiseptic curcuma effectively fights pimples and blackheads, prevents their appearance and eliminates the bacteria responsible for acne.<br \/>\nCan be used on face and \/ or body.<br \/>\n75g<\/p>\n<p>Ingr\u00e9dients: Sodium Palmate,sodium palm kernelate,Parfum,Aqua,Glycerin,Tetrasodium edta,Melia azadirachta seed oil,Tetradibutyl pentaerithrityl hydroxyhydrocinnamate,Citrus Medica Limonum peel oil,curcuma longa root oil,Limonene,Butylphenyl,Methylpropional,Geraniol,Citral,Coumarin<\/p>\n<p>&nbsp;<\/p>\n<p>&nbsp;<\/p>\n<p>&nbsp;<\/p>\n","protected":false},"excerpt":{"rendered":"<h1>Savon purifiant au neem et au curcuma Himalaya Herbals<\/h1>\n<p>Depuis 1930, Himalaya puise et exploite pour vous les tr\u00e9sors de la m\u00e9decine ayurv\u00e9dique vieille de 5000 ans ! Des recherches approfondies sur les plantes du monde entier ont \u00e9t\u00e9 men\u00e9es par ses experts. Celles-ci ont abouti \u00e0 une s\u00e9lection d\u2019ingr\u00e9dients enti\u00e8rement naturels dont les bienfaits sont av\u00e9r\u00e9s sur la sant\u00e9 et la beaut\u00e9 Himalaya a su combiner cet immense savoir traditionnel avec les techniques modernes afin de cr\u00e9er les combinaisons parfaitement adapt\u00e9es aux besoins de l\u2019homme contemporain. Gr\u00e2ce \u00e0 l&rsquo;engagement de plus de 2000 collaborateurs, dont une \u00e9quipe de 100 chercheurs, Himalaya Herbals est une soci\u00e9t\u00e9 pl\u00e9biscit\u00e9e dans plus de 90 pays \u00e0 travers le monde et de plus de 100.000 m\u00e9decins y prescrivent nos produits.<\/p>\n<p>Un savon purifiant id\u00e9al pour les peaux grasses et \/ou \u00a0\u00e0 probl\u00e8mes. La combinaison du Neem herbe reconnue pour ses propri\u00e9t\u00e9s purifiantes et antibact\u00e9riennes et du curcuma antiseptique et anti inflammatoire naturel lutte efficacement contre les boutons et les points noirs, pr\u00e9vient leurs apparitions et \u00e9limine les bact\u00e9ries responsables de l\u2019acn\u00e9.<\/p>\n<p>S&rsquo;utilise sur le visage et \/ou le corps.<\/p>\n<p>75g<\/p>\n<p>Ingr\u00e9dients:\u00a0Sodium Palmate,sodium palm kernelate,Parfum,Aqua,Glycerin,Tetrasodium edta,Melia azadirachta seed oil,Tetradibutyl pentaerithrityl hydroxyhydrocinnamate,Citrus Medica Limonum peel oil,curcuma longa root oil,Limonene,Butylphenyl,Methylpropional,Geraniol,Citral,Coumarin<\/p>\n<p>&nbsp;<\/p>\n<p>&nbsp;<\/p>\n<p><strong>Himalaya Herbals Neem and Turmeric Protecting Soap<\/strong><\/p>\n<p>Since 1930, Himalaya draws and exploits for you the treasures of Ayurvedic medicine 5000 years old! Extensive research on plants around the world has been conducted by its experts. These have resulted in a selection of all natural ingredients whose benefits are proven to health and beauty Himalaya has combined this immense traditional knowledge with modern techniques to create combinations perfectly suited to the needs of contemporary man . Thanks to the commitment of more than 2,000 collaborators, including a team of 100 researchers, Himalaya Herbals is a company acclaimed in more than 90 countries around the world and more than 100,000 doctors prescribe our products.<\/p>\n<p>A purifying soap ideal for oily and \/ or problem skin. The combination of Neem Grass recognized for its purifying and antibacterial properties and natural anti-inflammatory and antiseptic curcuma effectively fights pimples and blackheads, prevents their appearance and eliminates the bacteria responsible for acne.<br \/>\nCan be used on face and \/ or body.<br \/>\n75g<\/p>\n<p>Ingr\u00e9dients: Sodium Palmate,sodium palm kernelate,Parfum,Aqua,Glycerin,Tetrasodium edta,Melia azadirachta seed oil,Tetradibutyl pentaerithrityl hydroxyhydrocinnamate,Citrus Medica Limonum peel oil,curcuma longa root oil,Limonene,Butylphenyl,Methylpropional,Geraniol,Citral,Coumarin<\/p>\n<p>&nbsp;<\/p>\n<p>&nbsp;<\/p>\n<p>&nbsp;<\/p>\n","protected":false},"featured_media":4009,"comment_status":"open","ping_status":"closed","template":"","meta":[],"_links":{"self":[{"href":"https:\/\/www.saphy.com\/healthcare-cosmetique\/wp-json\/wp\/v2\/product\/1682"}],"collection":[{"href":"https:\/\/www.saphy.com\/healthcare-cosmetique\/wp-json\/wp\/v2\/product"}],"about":[{"href":"https:\/\/www.saphy.com\/healthcare-cosmetique\/wp-json\/wp\/v2\/types\/product"}],"replies":[{"embeddable":true,"href":"https:\/\/www.saphy.com\/healthcare-cosmetique\/wp-json\/wp\/v2\/comments?post=1682"}],"wp:featuredmedia":[{"embeddable":true,"href":"https:\/\/www.saphy.com\/healthcare-cosmetique\/wp-json\/wp\/v2\/media\/4009"}],"wp:attachment":[{"href":"https:\/\/www.saphy.com\/healthcare-cosmetique\/wp-json\/wp\/v2\/media?parent=1682"}],"curies":[{"name":"wp","href":"https:\/\/api.w.org\/{rel}","templated":true}]}}