{"id":1684,"date":"2015-03-23T13:03:39","date_gmt":"2015-03-23T12:03:39","guid":{"rendered":"https:\/\/www.saphy.com\/healthcare-cosmetique\/?post_type=product&#038;p=1684"},"modified":"2024-04-02T09:52:05","modified_gmt":"2024-04-02T08:52:05","slug":"savon-clarifiant-et-rafraichissant-au-concombrehimalaya-herbals","status":"publish","type":"product","link":"https:\/\/www.saphy.com\/healthcare-cosmetique\/produit\/savon-clarifiant-et-rafraichissant-au-concombrehimalaya-herbals\/","title":{"rendered":"SAVON CLARIFIANT ET RAFRAICHISSANT AU CONCOMBRE HIMALAYA HERBALS"},"content":{"rendered":"<h1>SAVON CLARIFIANT ET RAFRAICHISSANT AU CONCOMBRE HIMALAYA HERBALS<\/h1>\n<p>Depuis 1930, Himalaya puise et exploite pour vous les tr\u00e9sors de la m\u00e9decine ayurv\u00e9dique vieille de 5000 ans ! Des recherches approfondies sur les plantes du monde entier ont \u00e9t\u00e9 men\u00e9es par ses experts. Celles-ci ont abouti \u00e0 une s\u00e9lection d\u2019ingr\u00e9dients enti\u00e8rement naturels dont les bienfaits sont av\u00e9r\u00e9s sur la sant\u00e9 et la beaut\u00e9 Himalaya a su combiner cet immense savoir traditionnel avec les techniques modernes afin de cr\u00e9er les combinaisons parfaitement adapt\u00e9es aux besoins de l\u2019homme contemporain. Gr\u00e2ce \u00e0 l&rsquo;engagement de plus de 2000 collaborateurs, dont une \u00e9quipe de 100 chercheurs, Himalaya Herbals est une soci\u00e9t\u00e9 pl\u00e9biscit\u00e9e dans plus de 90 pays \u00e0 travers le monde et de plus de 100.000 m\u00e9decins y prescrivent nos produits.<\/p>\n<p>Enrichi en\u00a0 Concombre aux propri\u00e9t\u00e9s astringentes il clarifie la peau et procure une sensation de fraicheur. La noix de coco hydrate et adoucit.<br \/>\nPour peaux normales a mixtes<\/p>\n<p>75g<\/p>\n<p>Ingr\u00e9dients:\u00a0Sodium Palmate,sodium palm kernelate ,Kaolin,Cocos Nucifera oil,parfum,Aqua,Titanium dioxide,peg 400,cocamidopropyl betaine,glycerin,cucumis sativus fruit extract,cyperus rotundus root extract,tetrasoidum edta,tetradibutyl,pentaerithritylhydroxyhydrocinnamate,curcuma longa root extract,ci 47000,ci61565, cinnamal,hydroxyisohexyl 3,cyclohexene carbowaldehyde,butylphenyl methylproponial,citronellol,limonene,geraniol<\/p>\n<p><strong>HIMALAYA HERBALS CONCUMBER CLARIFYING AND REFRESHING SOAP<\/strong><\/p>\n<p data-placeholder=\"Traduction\">Since 1930, Himalaya draws and exploits for you the treasures of Ayurvedic medicine 5000 years old! Extensive research on plants around the world has been conducted by its experts. These have resulted in a selection of all natural ingredients whose benefits are proven to health and beauty Himalaya has combined this immense traditional knowledge with modern techniques to create combinations perfectly suited to the needs of contemporary man . Thanks to the commitment of more than 2,000 collaborators, including a team of 100 researchers, Himalaya Herbals is a company acclaimed in more than 90 countries around the world and more than 100,000 doctors prescribe our products.<\/p>\n<p>Enriched in Cucumber with astringent properties it clarifies the skin and provides a sensation of freshness. The coconut hydrates and softens.<br \/>\nFor normal to combination skin<\/p>\n<p>Ingr\u00e9dients:\u00a0Sodium Palmate,sodium palm kernelate ,Kaolin,Cocos Nucifera oil,parfum,Aqua,Titanium dioxide,peg 400,cocamidopropyl betaine,glycerin,cucumis sativus fruit extract,cyperus rotundus root extract,tetrasoidum edta,tetradibutyl,pentaerithritylhydroxyhydrocinnamate,curcuma longa root extract,ci 47000,ci61565, cinnamal,hydroxyisohexyl 3,cyclohexene carbowaldehyde,butylphenyl methylproponial,citronellol,limonene,geraniol<\/p>\n<p>&nbsp;<\/p>\n<p>&nbsp;<\/p>\n","protected":false},"excerpt":{"rendered":"<h1>SAVON CLARIFIANT ET RAFRAICHISSANT AU CONCOMBRE HIMALAYA HERBALS<\/h1>\n<p>Depuis 1930, Himalaya puise et exploite pour vous les tr\u00e9sors de la m\u00e9decine ayurv\u00e9dique vieille de 5000 ans ! Des recherches approfondies sur les plantes du monde entier ont \u00e9t\u00e9 men\u00e9es par ses experts. Celles-ci ont abouti \u00e0 une s\u00e9lection d\u2019ingr\u00e9dients enti\u00e8rement naturels dont les bienfaits sont av\u00e9r\u00e9s sur la sant\u00e9 et la beaut\u00e9 Himalaya a su combiner cet immense savoir traditionnel avec les techniques modernes afin de cr\u00e9er les combinaisons parfaitement adapt\u00e9es aux besoins de l\u2019homme contemporain. Gr\u00e2ce \u00e0 l&rsquo;engagement de plus de 2000 collaborateurs, dont une \u00e9quipe de 100 chercheurs, Himalaya Herbals est une soci\u00e9t\u00e9 pl\u00e9biscit\u00e9e dans plus de 90 pays \u00e0 travers le monde et de plus de 100.000 m\u00e9decins y prescrivent nos produits.<\/p>\n<p>Enrichi en\u00a0 Concombre aux propri\u00e9t\u00e9s astringentes il clarifie la peau et procure une sensation de fraicheur. La noix de coco hydrate et adoucit.<br \/>\nPour peaux normales a mixtes<\/p>\n<p>75g<\/p>\n<p>Ingr\u00e9dients:\u00a0Sodium Palmate,sodium palm kernelate ,Kaolin,Cocos Nucifera oil,parfum,Aqua,Titanium dioxide,peg 400,cocamidopropyl betaine,glycerin,cucumis sativus fruit extract,cyperus rotundus root extract,tetrasoidum edta,tetradibutyl,pentaerithritylhydroxyhydrocinnamate,curcuma longa root extract,ci 47000,ci61565, cinnamal,hydroxyisohexyl 3,cyclohexene carbowaldehyde,butylphenyl methylproponial,citronellol,limonene,geraniol<\/p>\n<p><strong>HIMALAYA HERBALS CONCUMBER CLARIFYING AND REFRESHING SOAP<\/strong><\/p>\n<p data-placeholder=\"Traduction\">Since 1930, Himalaya draws and exploits for you the treasures of Ayurvedic medicine 5000 years old! Extensive research on plants around the world has been conducted by its experts. These have resulted in a selection of all natural ingredients whose benefits are proven to health and beauty Himalaya has combined this immense traditional knowledge with modern techniques to create combinations perfectly suited to the needs of contemporary man . Thanks to the commitment of more than 2,000 collaborators, including a team of 100 researchers, Himalaya Herbals is a company acclaimed in more than 90 countries around the world and more than 100,000 doctors prescribe our products.<\/p>\n<p>Enriched in Cucumber with astringent properties it clarifies the skin and provides a sensation of freshness. The coconut hydrates and softens.<br \/>\nFor normal to combination skin<\/p>\n<p>Ingr\u00e9dients:\u00a0Sodium Palmate,sodium palm kernelate ,Kaolin,Cocos Nucifera oil,parfum,Aqua,Titanium dioxide,peg 400,cocamidopropyl betaine,glycerin,cucumis sativus fruit extract,cyperus rotundus root extract,tetrasoidum edta,tetradibutyl,pentaerithritylhydroxyhydrocinnamate,curcuma longa root extract,ci 47000,ci61565, cinnamal,hydroxyisohexyl 3,cyclohexene carbowaldehyde,butylphenyl methylproponial,citronellol,limonene,geraniol<\/p>\n<p>&nbsp;<\/p>\n<p>&nbsp;<\/p>\n","protected":false},"featured_media":4012,"comment_status":"open","ping_status":"closed","template":"","meta":[],"_links":{"self":[{"href":"https:\/\/www.saphy.com\/healthcare-cosmetique\/wp-json\/wp\/v2\/product\/1684"}],"collection":[{"href":"https:\/\/www.saphy.com\/healthcare-cosmetique\/wp-json\/wp\/v2\/product"}],"about":[{"href":"https:\/\/www.saphy.com\/healthcare-cosmetique\/wp-json\/wp\/v2\/types\/product"}],"replies":[{"embeddable":true,"href":"https:\/\/www.saphy.com\/healthcare-cosmetique\/wp-json\/wp\/v2\/comments?post=1684"}],"wp:featuredmedia":[{"embeddable":true,"href":"https:\/\/www.saphy.com\/healthcare-cosmetique\/wp-json\/wp\/v2\/media\/4012"}],"wp:attachment":[{"href":"https:\/\/www.saphy.com\/healthcare-cosmetique\/wp-json\/wp\/v2\/media?parent=1684"}],"curies":[{"name":"wp","href":"https:\/\/api.w.org\/{rel}","templated":true}]}}