{"id":1759,"date":"2015-05-22T11:26:48","date_gmt":"2015-05-22T10:26:48","guid":{"rendered":"https:\/\/www.saphy.com\/healthcare-cosmetique\/?post_type=product&#038;p=1759"},"modified":"2018-10-11T14:21:04","modified_gmt":"2018-10-11T13:21:04","slug":"liv-52-himalaya-herbals","status":"publish","type":"product","link":"https:\/\/www.saphy.com\/healthcare-cosmetique\/produit\/liv-52-himalaya-herbals\/","title":{"rendered":"LIV 52 Himalaya Herbals"},"content":{"rendered":"<h1>LIV 52 Himalaya Herbals<\/h1>\n<p>Compl\u00e9ment alimentaire<\/p>\n<p>La mission des laboratoires Himalaya est\u00a0 que le bien \u00eatre par les plantes soit une part int\u00e9grante de chaque foyer. Notre gamme de compl\u00e9ments alimentaires \u00e0 base de plantes est sp\u00e9cialement formul\u00e9e pour vous aider \u00e0 atteindre le bien-\u00eatre physique et mental et avoir\u00a0 une meilleure qualit\u00e9 de vie. Nous nous effor\u00e7ons de rendre cela possible gr\u00e2ce \u00e0 notre engagement envers la science dans tous nos soins de sant\u00e9 \u00e0 base de plantes.<\/p>\n<p>Une formule unique brevet\u00e9e aux plantes cultiv\u00e9es dans les montagnes de l&rsquo;Himalaya.<\/p>\n<p>Conseil d\u2019utilisation : 1 comprim\u00e9 par jour<\/p>\n<p>Composition d\u2019un comprim\u00e9 : 65 mg de d\u2019extrait de racine de Capparis spinoza, 65 mg de poudre de graine de Cichorium intybus, oxide de fer 33 mg (contient 0,8 mg de fer ), 32 mg de plante de Solanum nigrum, 32 mg d\u2019\u00e9corce de Terminalia arjuna, microcristalline cellulose ( \u00e9mulsiant), 16 mg de poudre de graine de Cassia occidentalis, 16 mg de poudre de plante<br \/>\nd\u2019Achillea millefolium, 16 mg de poudre de plante de Tamarix Gallica, cross carmellose sodique (stabilisant), Carboxymethyl cellulose sodium (\u00e9mulsifiant), st\u00e9arate de magn\u00e9sium (lubriant), Dioxide de silice colloidal (antiagglom\u00e9rant).<\/p>\n<p>La poudre de Cassia Occidentalis peut avoir un effet laxatif.<\/p>\n<p>Boite de 100 comprim\u00e9s<\/p>\n<p>Ne pas d\u00e9passer la dose journali\u00e8re recommand\u00e9e.<br \/>\nIl convient comme pour tout produit\u00a0 de demander un avis m\u00e9dical avant utilisation<\/p>\n<p>Ne\u00a0 pas\u00a0 utiliser chez la femme enceinte et\/ou qui allaitent sans avis m\u00e9dical .<\/p>\n<p>Ne pas utiliser chez les enfants de moins de 14 ans .<\/p>\n<p>A conserver dans un endroit frais et sec, hors de port\u00e9e des enfants.<\/p>\n<p>Les compl\u00e9ments alimentaires ne doivent pas \u00eatre utilis\u00e9s comme substitut d\u2019un r\u00e9gime alimentaire vari\u00e9, \u00e9quilibr\u00e9 et d\u2019un mode de vie sain.<\/p>\n","protected":false},"excerpt":{"rendered":"<h1>LIV 52 Himalaya Herbals<\/h1>\n<p>Compl\u00e9ment alimentaire<\/p>\n<p>La mission des laboratoires Himalaya est\u00a0 que le bien \u00eatre par les plantes soit une part int\u00e9grante de chaque foyer. Notre gamme de compl\u00e9ments alimentaires \u00e0 base de plantes est sp\u00e9cialement formul\u00e9e pour vous aider \u00e0 atteindre le bien-\u00eatre physique et mental et avoir\u00a0 une meilleure qualit\u00e9 de vie. Nous nous effor\u00e7ons de rendre cela possible gr\u00e2ce \u00e0 notre engagement envers la science dans tous nos soins de sant\u00e9 \u00e0 base de plantes.<\/p>\n<p>Une formule unique brevet\u00e9e aux plantes cultiv\u00e9es dans les montagnes de l&rsquo;Himalaya.<\/p>\n<p>Conseil d\u2019utilisation : 1 comprim\u00e9 par jour<\/p>\n<p>Composition d\u2019un comprim\u00e9 : 65 mg de d\u2019extrait de racine de Capparis spinoza, 65 mg de poudre de graine de Cichorium intybus, oxide de fer 33 mg (contient 0,8 mg de fer ), 32 mg de plante de Solanum nigrum, 32 mg d\u2019\u00e9corce de Terminalia arjuna, microcristalline cellulose ( \u00e9mulsiant), 16 mg de poudre de graine de Cassia occidentalis, 16 mg de poudre de plante<br \/>\nd\u2019Achillea millefolium, 16 mg de poudre de plante de Tamarix Gallica, cross carmellose sodique (stabilisant), Carboxymethyl cellulose sodium (\u00e9mulsifiant), st\u00e9arate de magn\u00e9sium (lubriant), Dioxide de silice colloidal (antiagglom\u00e9rant).<\/p>\n<p>La poudre de Cassia Occidentalis peut avoir un effet laxatif.<\/p>\n<p>Boite de 100 comprim\u00e9s<\/p>\n<p>Ne pas d\u00e9passer la dose journali\u00e8re recommand\u00e9e.<br \/>\nIl convient comme pour tout produit\u00a0 de demander un avis m\u00e9dical avant utilisation<\/p>\n<p>Ne\u00a0 pas\u00a0 utiliser chez la femme enceinte et\/ou qui allaitent sans avis m\u00e9dical .<\/p>\n<p>Ne pas utiliser chez les enfants de moins de 14 ans .<\/p>\n<p>A conserver dans un endroit frais et sec, hors de port\u00e9e des enfants.<\/p>\n<p>Les compl\u00e9ments alimentaires ne doivent pas \u00eatre utilis\u00e9s comme substitut d\u2019un r\u00e9gime alimentaire vari\u00e9, \u00e9quilibr\u00e9 et d\u2019un mode de vie sain.<\/p>\n","protected":false},"featured_media":4046,"comment_status":"open","ping_status":"closed","template":"","meta":[],"_links":{"self":[{"href":"https:\/\/www.saphy.com\/healthcare-cosmetique\/wp-json\/wp\/v2\/product\/1759"}],"collection":[{"href":"https:\/\/www.saphy.com\/healthcare-cosmetique\/wp-json\/wp\/v2\/product"}],"about":[{"href":"https:\/\/www.saphy.com\/healthcare-cosmetique\/wp-json\/wp\/v2\/types\/product"}],"replies":[{"embeddable":true,"href":"https:\/\/www.saphy.com\/healthcare-cosmetique\/wp-json\/wp\/v2\/comments?post=1759"}],"wp:featuredmedia":[{"embeddable":true,"href":"https:\/\/www.saphy.com\/healthcare-cosmetique\/wp-json\/wp\/v2\/media\/4046"}],"wp:attachment":[{"href":"https:\/\/www.saphy.com\/healthcare-cosmetique\/wp-json\/wp\/v2\/media?parent=1759"}],"curies":[{"name":"wp","href":"https:\/\/api.w.org\/{rel}","templated":true}]}}