{"id":1764,"date":"2015-05-22T11:33:47","date_gmt":"2015-05-22T10:33:47","guid":{"rendered":"https:\/\/www.saphy.com\/healthcare-cosmetique\/?post_type=product&#038;p=1764"},"modified":"2024-02-01T15:42:10","modified_gmt":"2024-02-01T14:42:10","slug":"shampooing-antipelliculaire-hydrate-et-apaisehimalaya-herbals","status":"publish","type":"product","link":"https:\/\/www.saphy.com\/healthcare-cosmetique\/produit\/shampooing-antipelliculaire-hydrate-et-apaisehimalaya-herbals\/","title":{"rendered":"Shampooing antipelliculaire Hydrate et Apaise Himalaya Herbals 200ml"},"content":{"rendered":"<p>Shampooing antipelliculaire Hydrate et Apaise Himalaya Herbals 200ml<\/p>\n<p>Notre gamme de soins capillaires est formul\u00e9e \u00e0 partir extraits d\u2019herbes naturellement riches en prot\u00e9ines soigneusement s\u00e9lectionn\u00e9es pour offrir \u00e0 vos cheveux les trois bienfaits essentiels dont ils ont besoin \u2013 force, nutrition de la racine aux pointes et protection contre les agressions quotidiennes.<\/p>\n<p>Une formule Antipelliculaire unique<br \/>\nUn m\u00e9lange sp\u00e9cial de l&rsquo;huile d&rsquo;arbre \u00e0 th\u00e9,de pepin de raisin ,de salspareille indienne et d\u2019aloe vera.<br \/>\nIl lutte efficacement contre la cause des pellicules tout en hydratant vos cheveux et le cuir chevelu.<br \/>\nL&rsquo;utilisation r\u00e9guli\u00e8re aide \u00e0 r\u00e9duire visiblement les flocons, les d\u00e9mangeaisons et la chute des cheveux.<\/p>\n<p>Ce shampooing est id\u00e9al pour les cheveux secs qui ont besoin d\u2019hydratation et de nutriments suppl\u00e9mentaires.<\/p>\n<p>Huile d&rsquo;arbre \u00e0 th\u00e9 : agent anti-pelliculaire naturel<br \/>\nP\u00e9pin de raisin : action anti-pelliculaire et antimicrobienne<br \/>\nSalsepareille indienne et Alo\u00e8s : Nourrit et hydrate<\/p>\n<p>Conseils d\u2019utilisation\u00a0: Appliquer le shampooing sur cheveux mouill\u00e9s, masser d\u00e9licatement et\u00a0\u00a0rincer soigneusement.<\/p>\n<p>Ingr\u00e9dients:\u00a0Ammonium lauryl sulfate, sodium cocoyl glycinate, glycol distearate, ammonium xylenesulfonate, dimethiconol, TEA dodecylbenzenesulfonate, cocamide MEA, dimethicone, amodimethicone, laureth-23, polyquaternium-10-laureth-4, glycerin, parfum, climbazole, guar hydroxyporpyltrimonium chloride, sodium benzoate, sodium metabisulfite, disodium EDTA, methylchloroisothiazolinone and methylisothiazolinone, xanthan gum, citric acid, cicer arietinum seed extract, aloe barbadensis leaf juice, melaleuca leucadendron cajaput oil, rosmarinus officinalis leaf oil, benzyl salicylate, linalool, hexyl cinnamal, limonene<\/p>\n<p>Himalaya Herbals \u00a0Anti dandruff protein shampoo<\/p>\n<p>Our hair care range is formulated from herbal extracts naturally rich in proteins carefully selected to offer your hair the three essential benefits they need &#8211; strength, nutrition from root to tips and protection from daily aggressions.<br \/>\nA unique Anti-Dandruff formula<br \/>\nA special blend of tea tree oil, grape seed oil, Indian salspareilla and aloe vera.<br \/>\nIt effectively fights the cause of dandruff while moisturizing your hair and scalp.<br \/>\nRegular use helps visibly reduce flakes, itching and hair loss.<br \/>\nThis shampoo is ideal for dry hair that needs hydration and additional nutrients.<br \/>\nTea tree oil: natural anti-dandruff agent<br \/>\nGrape seed: anti-dandruff and antimicrobial action<br \/>\nIndian Sarsaparilla and Aloe: Nourishes and hydrates<br \/>\nDirections for use: Apply shampoo to wet hair, gently massage and rinse thoroughly.<\/p>\n<p>Ingr\u00e9dients:\u00a0Ammonium lauryl sulfate, sodium cocoyl glycinate, glycol distearate, ammonium xylenesulfonate, dimethiconol, TEA dodecylbenzenesulfonate, cocamide MEA, dimethicone, amodimethicone, laureth-23, polyquaternium-10-laureth-4, glycerin, parfum, climbazole, guar hydroxyporpyltrimonium chloride, sodium benzoate, sodium metabisulfite, disodium EDTA, methylchloroisothiazolinone and methylisothiazolinone, xanthan gum, citric acid, cicer arietinum seed extract, aloe barbadensis leaf juice, melaleuca leucadendron cajaput oil, rosmarinus officinalis leaf oil, benzyl salicylate, linalool, hexyl cinnamal, limonene<\/p>\n","protected":false},"excerpt":{"rendered":"<p>Shampooing antipelliculaire Hydrate et Apaise Himalaya Herbals<\/p>\n<p>Notre gamme de soins capillaires est formul\u00e9e \u00e0 partir extraits d\u2019herbes naturellement riches en prot\u00e9ines soigneusement s\u00e9lectionn\u00e9es pour offrir \u00e0 vos cheveux les trois bienfaits essentiels dont ils ont besoin \u2013 force, nutrition de la racine aux pointes et protection contre les agressions quotidiennes.<\/p>\n<p>Une formule Antipelliculaire unique<br \/>\nUn m\u00e9lange sp\u00e9cial de l&rsquo;huile d&rsquo;arbre \u00e0 th\u00e9,de pepin de raisin ,de salspareille indienne et d\u2019aloe vera.<br \/>\nIl lutte efficacement contre la cause des pellicules tout en hydratant vos cheveux et le cuir chevelu.<br \/>\nL&rsquo;utilisation r\u00e9guli\u00e8re aide \u00e0 r\u00e9duire visiblement les flocons, les d\u00e9mangeaisons et la chute des cheveux.<\/p>\n<p>Ce shampooing est id\u00e9al pour les cheveux secs qui ont besoin d\u2019hydratation et de nutriments suppl\u00e9mentaires.<\/p>\n<p>Huile d&rsquo;arbre \u00e0 th\u00e9 : agent anti-pelliculaire naturel<br \/>\nP\u00e9pin de raisin : action anti-pelliculaire et antimicrobienne<br \/>\nSalsepareille indienne et Alo\u00e8s : Nourrit et hydrate<\/p>\n<p>Conseils d\u2019utilisation\u00a0: Appliquer le shampooing sur cheveux mouill\u00e9s, masser d\u00e9licatement et\u00a0\u00a0rincer soigneusement.<\/p>\n<p>Ingr\u00e9dients:\u00a0Ammonium lauryl sulfate, sodium cocoyl glycinate, glycol distearate, ammonium xylenesulfonate, dimethiconol, TEA dodecylbenzenesulfonate, cocamide MEA, dimethicone, amodimethicone, laureth-23, polyquaternium-10-laureth-4, glycerin, parfum, climbazole, guar hydroxyporpyltrimonium chloride, sodium benzoate, sodium metabisulfite, disodium EDTA, methylchloroisothiazolinone and methylisothiazolinone, xanthan gum, citric acid, cicer arietinum seed extract, aloe barbadensis leaf juice, melaleuca leucadendron cajaput oil, rosmarinus officinalis leaf oil, benzyl salicylate, linalool, hexyl cinnamal, limonene<\/p>\n<p>Himalaya Herbals \u00a0Anti dandruff protein shampoo<\/p>\n<p>Our hair care range is formulated from herbal extracts naturally rich in proteins carefully selected to offer your hair the three essential benefits they need &#8211; strength, nutrition from root to tips and protection from daily aggressions.<br \/>\nA unique Anti-Dandruff formula<br \/>\nA special blend of tea tree oil, grape seed oil, Indian salspareilla and aloe vera.<br \/>\nIt effectively fights the cause of dandruff while moisturizing your hair and scalp.<br \/>\nRegular use helps visibly reduce flakes, itching and hair loss.<br \/>\nThis shampoo is ideal for dry hair that needs hydration and additional nutrients.<br \/>\nTea tree oil: natural anti-dandruff agent<br \/>\nGrape seed: anti-dandruff and antimicrobial action<br \/>\nIndian Sarsaparilla and Aloe: Nourishes and hydrates<br \/>\nDirections for use: Apply shampoo to wet hair, gently massage and rinse thoroughly.<\/p>\n<p>Ingr\u00e9dients:\u00a0Ammonium lauryl sulfate, sodium cocoyl glycinate, glycol distearate, ammonium xylenesulfonate, dimethiconol, TEA dodecylbenzenesulfonate, cocamide MEA, dimethicone, amodimethicone, laureth-23, polyquaternium-10-laureth-4, glycerin, parfum, climbazole, guar hydroxyporpyltrimonium chloride, sodium benzoate, sodium metabisulfite, disodium EDTA, methylchloroisothiazolinone and methylisothiazolinone, xanthan gum, citric acid, cicer arietinum seed extract, aloe barbadensis leaf juice, melaleuca leucadendron cajaput oil, rosmarinus officinalis leaf oil, benzyl salicylate, linalool, hexyl cinnamal, limonene<\/p>\n","protected":false},"featured_media":2155,"comment_status":"open","ping_status":"closed","template":"","meta":[],"_links":{"self":[{"href":"https:\/\/www.saphy.com\/healthcare-cosmetique\/wp-json\/wp\/v2\/product\/1764"}],"collection":[{"href":"https:\/\/www.saphy.com\/healthcare-cosmetique\/wp-json\/wp\/v2\/product"}],"about":[{"href":"https:\/\/www.saphy.com\/healthcare-cosmetique\/wp-json\/wp\/v2\/types\/product"}],"replies":[{"embeddable":true,"href":"https:\/\/www.saphy.com\/healthcare-cosmetique\/wp-json\/wp\/v2\/comments?post=1764"}],"wp:featuredmedia":[{"embeddable":true,"href":"https:\/\/www.saphy.com\/healthcare-cosmetique\/wp-json\/wp\/v2\/media\/2155"}],"wp:attachment":[{"href":"https:\/\/www.saphy.com\/healthcare-cosmetique\/wp-json\/wp\/v2\/media?parent=1764"}],"curies":[{"name":"wp","href":"https:\/\/api.w.org\/{rel}","templated":true}]}}