{"id":1831,"date":"2015-07-23T15:34:52","date_gmt":"2015-07-23T14:34:52","guid":{"rendered":"https:\/\/www.saphy.com\/healthcare-cosmetique\/?post_type=product&#038;p=1831"},"modified":"2022-08-17T12:19:47","modified_gmt":"2022-08-17T11:19:47","slug":"masque-mineral-clarifianthimalaya-herbals","status":"publish","type":"product","link":"https:\/\/www.saphy.com\/healthcare-cosmetique\/produit\/masque-mineral-clarifianthimalaya-herbals\/","title":{"rendered":"Masque min\u00e9ral clarifiant Himalaya Herbals"},"content":{"rendered":"<h1>Masque min\u00e9ral clarifiant Himalaya Herbals<\/h1>\n<p>Masque min\u00e9ral clarifiant Himalaya Herbals est\u00a0 riche en min\u00e9raux qui absorbe l&rsquo;exc\u00e8s de s\u00e9bum , d\u00e9sobstrue les pores et enl\u00e8ve les com\u00e9dons et les impuret\u00e9s en profondeur.<br \/>\nIl raffermit la peau , restore son \u00e9lasticit\u00e9 naturelle et am\u00e9liore le grain de peau.<br \/>\nLa terre \u00e0 fuller (Multani Mitti) nettoie profond\u00e9ment la peau ,la rafraichit et clarifie le teint .<br \/>\nLes extraits de noix d\u00e9barassent la peau des com\u00e9dons et des cellules mortes. L&rsquo;argile Min\u00e9rale am\u00e9liore la circulation, laissant votre peau douce et rayonnante.<\/p>\n<p>Principaux composants botaniques<\/p>\n<p>Terre \u00e0 Fuller nettoie,rafraichit et clarifie<br \/>\nNoix action purifiante,nourrissante et antioxydante<br \/>\nArgile min\u00e9ral booste la microcirculation,adoucit et illumine le teint<\/p>\n<p>Ingr\u00e9dients: Aqua, clay minerals, fuller&rsquo;s earth, glycerin, bentonite, kaolin, vetiveria zizanoides root extract, juglans regia shell extract, xanthan gum, methylparaben, propylparaben, isodium EDTA, sodium lauryl sulfate, fragrance<\/p>\n<p><strong>Himalaya herbals mud mask<\/strong><\/p>\n<p>A mineral-rich mask that absorbs excess sebum, unclogs the pores and removes comedones and impurities in depth. It strengthens the skin, restores its natural elasticity and improves skin texture. The earth to fuller (Multani Mitti) deeply cleanses the skin, refreshes it and clarifies the complexion. Nut extracts rid the skin of comedones and dead cells. Mineral clay improves circulation, leaving your skin soft and radiant.<\/p>\n<p>Main botanical components<\/p>\n<p>Terre \u00e0 Fuller cleans, refreshes and clarifies Nut purifying, nourishing and antioxidant action<\/p>\n<p>Mineral clay boosts microcirculation, softens and illuminates the complexion<\/p>\n<p>Ingr\u00e9dients: Aqua, clay minerals, fuller&rsquo;s earth, glycerin, bentonite, kaolin, vetiveria zizanoides root extract, juglans regia shell extract, xanthan gum, methylparaben, propylparaben, isodium EDTA, sodium lauryl sulfate, fragrance<\/p>\n<p>&nbsp;<\/p>\n","protected":false},"excerpt":{"rendered":"<h1>Masque min\u00e9ral clarifiant Himalaya Herbals<\/h1>\n<p>Masque min\u00e9ral clarifiant Himalaya Herbals est\u00a0 riche en min\u00e9raux qui absorbe l&rsquo;exc\u00e8s de s\u00e9bum , d\u00e9sobstrue les pores et enl\u00e8ve les com\u00e9dons et les impuret\u00e9s en profondeur.<br \/>\nIl raffermit la peau , restore son \u00e9lasticit\u00e9 naturelle et am\u00e9liore le grain de peau.<br \/>\nLa terre \u00e0 fuller (Multani Mitti) nettoie profond\u00e9ment la peau ,la rafraichit et clarifie le teint .<br \/>\nLes extraits de noix d\u00e9barassent la peau des com\u00e9dons et des cellules mortes. L&rsquo;argile Min\u00e9rale am\u00e9liore la circulation, laissant votre peau douce et rayonnante.<\/p>\n<p>Principaux composants botaniques<\/p>\n<p>Terre \u00e0 Fuller nettoie,rafraichit et clarifie<br \/>\nNoix action purifiante,nourrissante et antioxydante<br \/>\nArgile min\u00e9ral booste la microcirculation,adoucit et illumine le teint<\/p>\n<p>Ingr\u00e9dients: Aqua, clay minerals, fuller&rsquo;s earth, glycerin, bentonite, kaolin, vetiveria zizanoides root extract, juglans regia shell extract, xanthan gum, methylparaben, propylparaben, isodium EDTA, sodium lauryl sulfate, fragrance<\/p>\n<p><strong>Himalaya herbals mud mask<\/strong><\/p>\n<p>A mineral-rich mask that absorbs excess sebum, unclogs the pores and removes comedones and impurities in depth. It strengthens the skin, restores its natural elasticity and improves skin texture. The earth to fuller (Multani Mitti) deeply cleanses the skin, refreshes it and clarifies the complexion. Nut extracts rid the skin of comedones and dead cells. Mineral clay improves circulation, leaving your skin soft and radiant.<\/p>\n<p>Main botanical components<\/p>\n<p>Terre \u00e0 Fuller cleans, refreshes and clarifies Nut purifying, nourishing and antioxidant action<\/p>\n<p>Mineral clay boosts microcirculation, softens and illuminates the complexion<\/p>\n<p>Ingr\u00e9dients: Aqua, clay minerals, fuller&rsquo;s earth, glycerin, bentonite, kaolin, vetiveria zizanoides root extract, juglans regia shell extract, xanthan gum, methylparaben, propylparaben, isodium EDTA, sodium lauryl sulfate, fragrance<\/p>\n<p>&nbsp;<\/p>\n","protected":false},"featured_media":3987,"comment_status":"open","ping_status":"closed","template":"","meta":[],"_links":{"self":[{"href":"https:\/\/www.saphy.com\/healthcare-cosmetique\/wp-json\/wp\/v2\/product\/1831"}],"collection":[{"href":"https:\/\/www.saphy.com\/healthcare-cosmetique\/wp-json\/wp\/v2\/product"}],"about":[{"href":"https:\/\/www.saphy.com\/healthcare-cosmetique\/wp-json\/wp\/v2\/types\/product"}],"replies":[{"embeddable":true,"href":"https:\/\/www.saphy.com\/healthcare-cosmetique\/wp-json\/wp\/v2\/comments?post=1831"}],"wp:featuredmedia":[{"embeddable":true,"href":"https:\/\/www.saphy.com\/healthcare-cosmetique\/wp-json\/wp\/v2\/media\/3987"}],"wp:attachment":[{"href":"https:\/\/www.saphy.com\/healthcare-cosmetique\/wp-json\/wp\/v2\/media?parent=1831"}],"curies":[{"name":"wp","href":"https:\/\/api.w.org\/{rel}","templated":true}]}}