{"id":1843,"date":"2015-07-23T15:57:42","date_gmt":"2015-07-23T14:57:42","guid":{"rendered":"https:\/\/www.saphy.com\/healthcare-cosmetique\/?post_type=product&#038;p=1843"},"modified":"2023-11-27T11:37:52","modified_gmt":"2023-11-27T10:37:52","slug":"shampooing-proteine-volumehimalaya-herbals","status":"publish","type":"product","link":"https:\/\/www.saphy.com\/healthcare-cosmetique\/produit\/shampooing-proteine-volumehimalaya-herbals\/","title":{"rendered":"Shampoing prot\u00e9in\u00e9 volume et ressort Himalaya Herbals 200ML"},"content":{"rendered":"<p>Shampoing prot\u00e9in\u00e9 volume et ressort Himalaya Herbals<\/p>\n<p>Notre gamme de soins capillaires est formul\u00e9e \u00e0 partir extraits d\u2019herbes naturellement riches en prot\u00e9ines soigneusement s\u00e9lectionn\u00e9es pour offrir \u00e0 vos cheveux les trois bienfaits essentiels dont ils ont besoin \u2013 force, nutrition de la racine aux pointes et protection contre les agressions quotidiennes.<\/p>\n<p>Une formulation unique pour les cheveux plats ou gras qui lave sans alourdir .<br \/>\nIl apporte du volume et du ressort aux cheveux fins ou plats.<\/p>\n<p>Principaux composants botaniques:<\/p>\n<p>Papaye : riche en prot\u00e9ines naturelles.<br \/>\nSoap berry tree :apporte volume et ressort Concombre : d\u00e9toxifiant naturel<br \/>\nR\u00e9glisse : favorise la croissance du cheveu<\/p>\n<p>Conseils d\u2019utilisation\u00a0: Appliquer\u00a0 le shampooing sur cheveux mouill\u00e9s ,masser d\u00e9licatement l&rsquo;ensemble des cheveux et du cuir chevelu et rincer soigneusement.<\/p>\n<p>Ingr\u00e9dients:\u00a0Ammonium Lauryl Sulfate, aqua, Sodium Cocoyl Glycinate, Glycol Distearate, Ammonium Xylenesulfonate, Dimethiconol, TEA Dodecylbenzenesulfonate, Cocamide MEA, Dimethicone, Amodimethicone, Laureth-23, Polyquaternium-10 Laureth-4, Glycerin, Parfum, Glycerin, Guar Hydroxypropyltrimonium Chloride, Sodium Benzoate, Sodium Metabisulfite, Disodium EDTA, Sapindus Mukurossi Fruit Extract, Methylchloroisothiazolinone and Methylisothiazolinone, Xanthan Gum, Cicer Arietinum Seed Extract, Glycyrrhiza Glabra Root Extract, Hexyl Cinnamal, Butylphenyl Methylpropional, Linalool, Citronellol, Limonene, Benzyl Salicylate, Coumarin.<\/p>\n<p>Our hair care range is formulated from herbal extracts naturally rich in proteins carefully selected to offer your hair the three essential benefits they need &#8211; strength, nutrition from root to tips and protection from daily aggressions.<br \/>\nA unique formulation for flat or oily hair that washes without weighing down.<br \/>\nIt brings volume and spring to fine or flat hair.<br \/>\nMain botanical components:<br \/>\nPapaya: rich in natural proteins.<br \/>\nSoap berry tree: brings volume and spring Cucumber: natural detoxifier<br \/>\nLicorice: promotes hair growth<br \/>\nDirections for use: Apply shampoo to wet hair, gently massage the entire hair and scalp and rinse thoroughly.<\/p>\n<p>Ingr\u00e9dients:\u00a0Ammonium Lauryl Sulfate, aqua, Sodium Cocoyl Glycinate, Glycol Distearate, Ammonium Xylenesulfonate, Dimethiconol, TEA Dodecylbenzenesulfonate, Cocamide MEA, Dimethicone, Amodimethicone, Laureth-23, Polyquaternium-10 Laureth-4, Glycerin, Parfum, Glycerin, Guar Hydroxypropyltrimonium Chloride, Sodium Benzoate, Sodium Metabisulfite, Disodium EDTA, Sapindus Mukurossi Fruit Extract, Methylchloroisothiazolinone and Methylisothiazolinone, Xanthan Gum, Cicer Arietinum Seed Extract, Glycyrrhiza Glabra Root Extract, Hexyl Cinnamal, Butylphenyl Methylpropional, Linalool, Citronellol, Limonene, Benzyl Salicylate, Coumarin.<\/p>\n<p>&nbsp;<\/p>\n<p>&nbsp;<\/p>\n","protected":false},"excerpt":{"rendered":"<p>Shampoing prot\u00e9in\u00e9 volume et ressort Himalaya Herbals<\/p>\n<p>Notre gamme de soins capillaires est formul\u00e9e \u00e0 partir extraits d\u2019herbes naturellement riches en prot\u00e9ines soigneusement s\u00e9lectionn\u00e9es pour offrir \u00e0 vos cheveux les trois bienfaits essentiels dont ils ont besoin \u2013 force, nutrition de la racine aux pointes et protection contre les agressions quotidiennes.<\/p>\n<p>Une formulation unique pour les cheveux plats ou gras qui lave sans alourdir .<br \/>\nIl apporte du volume et du ressort aux cheveux fins ou plats.<\/p>\n<p>Principaux composants botaniques:<\/p>\n<p>Papaye : riche en prot\u00e9ines naturelles.<br \/>\nSoap berry tree :apporte volume et ressort Concombre : d\u00e9toxifiant naturel<br \/>\nR\u00e9glisse : favorise la croissance du cheveu<\/p>\n<p>Conseils d\u2019utilisation\u00a0: Appliquer\u00a0 le shampooing sur cheveux mouill\u00e9s ,masser d\u00e9licatement l&rsquo;ensemble des cheveux et du cuir chevelu et rincer soigneusement.<\/p>\n<p>Ingr\u00e9dients:\u00a0Ammonium Lauryl Sulfate, aqua, Sodium Cocoyl Glycinate, Glycol Distearate, Ammonium Xylenesulfonate, Dimethiconol, TEA Dodecylbenzenesulfonate, Cocamide MEA, Dimethicone, Amodimethicone, Laureth-23, Polyquaternium-10 Laureth-4, Glycerin, Parfum, Glycerin, Guar Hydroxypropyltrimonium Chloride, Sodium Benzoate, Sodium Metabisulfite, Disodium EDTA, Sapindus Mukurossi Fruit Extract, Methylchloroisothiazolinone and Methylisothiazolinone, Xanthan Gum, Cicer Arietinum Seed Extract, Glycyrrhiza Glabra Root Extract, Hexyl Cinnamal, Butylphenyl Methylpropional, Linalool, Citronellol, Limonene, Benzyl Salicylate, Coumarin.<\/p>\n<p>Our hair care range is formulated from herbal extracts naturally rich in proteins carefully selected to offer your hair the three essential benefits they need &#8211; strength, nutrition from root to tips and protection from daily aggressions.<br \/>\nA unique formulation for flat or oily hair that washes without weighing down.<br \/>\nIt brings volume and spring to fine or flat hair.<br \/>\nMain botanical components:<br \/>\nPapaya: rich in natural proteins.<br \/>\nSoap berry tree: brings volume and spring Cucumber: natural detoxifier<br \/>\nLicorice: promotes hair growth<br \/>\nDirections for use: Apply shampoo to wet hair, gently massage the entire hair and scalp and rinse thoroughly.<\/p>\n<p>Ingr\u00e9dients:\u00a0Ammonium Lauryl Sulfate, aqua, Sodium Cocoyl Glycinate, Glycol Distearate, Ammonium Xylenesulfonate, Dimethiconol, TEA Dodecylbenzenesulfonate, Cocamide MEA, Dimethicone, Amodimethicone, Laureth-23, Polyquaternium-10 Laureth-4, Glycerin, Parfum, Glycerin, Guar Hydroxypropyltrimonium Chloride, Sodium Benzoate, Sodium Metabisulfite, Disodium EDTA, Sapindus Mukurossi Fruit Extract, Methylchloroisothiazolinone and Methylisothiazolinone, Xanthan Gum, Cicer Arietinum Seed Extract, Glycyrrhiza Glabra Root Extract, Hexyl Cinnamal, Butylphenyl Methylpropional, Linalool, Citronellol, Limonene, Benzyl Salicylate, Coumarin.<\/p>\n<p>&nbsp;<\/p>\n<p>&nbsp;<\/p>\n","protected":false},"featured_media":4252,"comment_status":"open","ping_status":"closed","template":"","meta":[],"_links":{"self":[{"href":"https:\/\/www.saphy.com\/healthcare-cosmetique\/wp-json\/wp\/v2\/product\/1843"}],"collection":[{"href":"https:\/\/www.saphy.com\/healthcare-cosmetique\/wp-json\/wp\/v2\/product"}],"about":[{"href":"https:\/\/www.saphy.com\/healthcare-cosmetique\/wp-json\/wp\/v2\/types\/product"}],"replies":[{"embeddable":true,"href":"https:\/\/www.saphy.com\/healthcare-cosmetique\/wp-json\/wp\/v2\/comments?post=1843"}],"wp:featuredmedia":[{"embeddable":true,"href":"https:\/\/www.saphy.com\/healthcare-cosmetique\/wp-json\/wp\/v2\/media\/4252"}],"wp:attachment":[{"href":"https:\/\/www.saphy.com\/healthcare-cosmetique\/wp-json\/wp\/v2\/media?parent=1843"}],"curies":[{"name":"wp","href":"https:\/\/api.w.org\/{rel}","templated":true}]}}