{"id":1861,"date":"2015-08-09T18:41:27","date_gmt":"2015-08-09T17:41:27","guid":{"rendered":"https:\/\/www.saphy.com\/healthcare-cosmetique\/?post_type=product&#038;p=1861"},"modified":"2025-01-16T13:07:32","modified_gmt":"2025-01-16T12:07:32","slug":"creme-mains-nourrissantehimalaya-herbals","status":"publish","type":"product","link":"https:\/\/www.saphy.com\/healthcare-cosmetique\/produit\/creme-mains-nourrissantehimalaya-herbals\/","title":{"rendered":"Cr\u00e8me nourrissante pour les mains Himalaya Herbals"},"content":{"rendered":"<p>Cr\u00e8me nourrissante pour les mains Himalaya Herbals<\/p>\n<p>Il y a 80 ans lors d&rsquo;une visite en Birmanie le fondateur d&rsquo;Himalaya Mr M. Manal vit une troupe d&rsquo;\u00e9l\u00e9phants agit\u00e9s et parvint \u00e0 les calmer en leur faisant manger la racine d&rsquo;une plante. Cette plante est connue sous le nom de rauwolfia serpentina en fran\u00e7ais la r\u00e9serpine . Fascin\u00e9 par les effets de cette plante il d\u00e9cida de l&rsquo;\u00e9tudier d&rsquo;un point de vue scientifique. Apr\u00e8s des ann\u00e9es d&rsquo;\u00e9tude en 1934 il lan\u00e7a sur le march\u00e9 le premier m\u00e9dicament au monde contre l&rsquo;hypertension qu&rsquo;il appela Serpina.<\/p>\n<p>Prenez soin de\u00a0 vos mains avec la Cr\u00e8me pour les mains Nourrissante, une cr\u00e8me non grasse enrichi en \u00a0huiles d&rsquo;Amande, d&rsquo;Olive et de \u00a0Tournesol qui calme , aide \u00e0 r\u00e9g\u00e9n\u00e9rer la peau s\u00e8che et \u00a0l&rsquo;hydrate durablement. Les extraits de P\u00e9pin de raisin et l&rsquo;Abricot, riche en vitamines et en \u00a0substances nutritives, \u00a0gardent \u00a0vos mains douces, lisses et souples.<\/p>\n<p>Ingr\u00e9dients:\u00a0Aqua, caprylic\/capric triglyceride, isopropyl myristate, glyceryl stearate SE, ricinus communis seed oil and hydrogenated castor oil, cetearyl alcohol, cetyl alcohol, sorbitan stearate &amp; sucrose cocoate, glycerin, sodium cetearyl sulfate, methylisothiozolinone &amp; phenoxyethanol, dimethicone, carbomer, sodium benzoate, parfum, garcinia indica seed butter, tocopheryl acetate, sodium hydroxide, disodium EDTA, lavandula angustifolia oil, geraniol, coumarine, citronellol, methyl 2-octynoate, hexyl cinnamal.<\/p>\n<p>&nbsp;<\/p>\n<p>Himalaya Herbals Nourishing Hand Cream<\/p>\n<p>Eighty years ago, during a visit to Burma, the founder of Himalaya Mr. Manal saw a troop of restless elephants and managed to calm them by making them eat the root of a plant. This plant is known as Rauwolfia serpentina in French Reserpine. Fascinated by the effects of this plant he decided to study it from a scientific point of view. After years of study in 1934 he launched the world&rsquo;s first high blood pressure medicine called Serpina.<\/p>\n<p>Take care of your hands with Nourishing Hand Cream, a non-greasy cream enriched with almond, olive and sunflower oils that calms, helps regenerate dry skin and moisturizes it for a long time. Grape seed extract and Apricot, rich in vitamins and nutrients, keep your hands soft, smooth and supple.<\/p>\n<p>Ingr\u00e9dients:\u00a0Aqua, caprylic\/capric triglyceride, isopropyl myristate, glyceryl stearate SE, ricinus communis seed oil and hydrogenated castor oil, cetearyl alcohol, cetyl alcohol, sorbitan stearate &amp; sucrose cocoate, glycerin, sodium cetearyl sulfate, methylisothiozolinone &amp; phenoxyethanol, dimethicone, carbomer, sodium benzoate, parfum, garcinia indica seed butter, tocopheryl acetate, sodium hydroxide, disodium EDTA, lavandula angustifolia oil, geraniol, coumarine, citronellol, methyl 2-octynoate, hexyl cinnamal.<\/p>\n<p>&nbsp;<\/p>\n","protected":false},"excerpt":{"rendered":"<p>Cr\u00e8me nourrissante pour les mains Himalaya Herbals<\/p>\n<p>Il y a 80 ans lors d&rsquo;une visite en Birmanie le fondateur d&rsquo;Himalaya Mr M. Manal vit une troupe d&rsquo;\u00e9l\u00e9phants agit\u00e9s et parvint \u00e0 les calmer en leur faisant manger la racine d&rsquo;une plante. Cette plante est connue sous le nom de rauwolfia serpentina en fran\u00e7ais la r\u00e9serpine . Fascin\u00e9 par les effets de cette plante il d\u00e9cida de l&rsquo;\u00e9tudier d&rsquo;un point de vue scientifique. Apr\u00e8s des ann\u00e9es d&rsquo;\u00e9tude en 1934 il lan\u00e7a sur le march\u00e9 le premier m\u00e9dicament au monde contre l&rsquo;hypertension qu&rsquo;il appela Serpina.<\/p>\n<p>Prenez soin de\u00a0 vos mains avec la Cr\u00e8me pour les mains Nourrissante, une cr\u00e8me non grasse enrichi en \u00a0huiles d&rsquo;Amande, d&rsquo;Olive et de \u00a0Tournesol qui calme , aide \u00e0 r\u00e9g\u00e9n\u00e9rer la peau s\u00e8che et \u00a0l&rsquo;hydrate durablement. Les extraits de P\u00e9pin de raisin et l&rsquo;Abricot, riche en vitamines et en \u00a0substances nutritives, \u00a0gardent \u00a0vos mains douces, lisses et souples.<\/p>\n<p>Ingr\u00e9dients:\u00a0Aqua, caprylic\/capric triglyceride, isopropyl myristate, glyceryl stearate SE, ricinus communis seed oil and hydrogenated castor oil, cetearyl alcohol, cetyl alcohol, sorbitan stearate &amp; sucrose cocoate, glycerin, sodium cetearyl sulfate, methylisothiozolinone &amp; phenoxyethanol, dimethicone, carbomer, sodium benzoate, parfum, garcinia indica seed butter, tocopheryl acetate, sodium hydroxide, disodium EDTA, lavandula angustifolia oil, geraniol, coumarine, citronellol, methyl 2-octynoate, hexyl cinnamal.<\/p>\n<p>&nbsp;<\/p>\n<p>Himalaya Herbals Nourishing Hand Cream<\/p>\n<p>Eighty years ago, during a visit to Burma, the founder of Himalaya Mr. Manal saw a troop of restless elephants and managed to calm them by making them eat the root of a plant. This plant is known as Rauwolfia serpentina in French Reserpine. Fascinated by the effects of this plant he decided to study it from a scientific point of view. After years of study in 1934 he launched the world&rsquo;s first high blood pressure medicine called Serpina.<\/p>\n<p>Take care of your hands with Nourishing Hand Cream, a non-greasy cream enriched with almond, olive and sunflower oils that calms, helps regenerate dry skin and moisturizes it for a long time. Grape seed extract and Apricot, rich in vitamins and nutrients, keep your hands soft, smooth and supple.<\/p>\n<p>Ingr\u00e9dients:\u00a0Aqua, caprylic\/capric triglyceride, isopropyl myristate, glyceryl stearate SE, ricinus communis seed oil and hydrogenated castor oil, cetearyl alcohol, cetyl alcohol, sorbitan stearate &amp; sucrose cocoate, glycerin, sodium cetearyl sulfate, methylisothiozolinone &amp; phenoxyethanol, dimethicone, carbomer, sodium benzoate, parfum, garcinia indica seed butter, tocopheryl acetate, sodium hydroxide, disodium EDTA, lavandula angustifolia oil, geraniol, coumarine, citronellol, methyl 2-octynoate, hexyl cinnamal.<\/p>\n<p>&nbsp;<\/p>\n","protected":false},"featured_media":4029,"comment_status":"open","ping_status":"closed","template":"","meta":[],"_links":{"self":[{"href":"https:\/\/www.saphy.com\/healthcare-cosmetique\/wp-json\/wp\/v2\/product\/1861"}],"collection":[{"href":"https:\/\/www.saphy.com\/healthcare-cosmetique\/wp-json\/wp\/v2\/product"}],"about":[{"href":"https:\/\/www.saphy.com\/healthcare-cosmetique\/wp-json\/wp\/v2\/types\/product"}],"replies":[{"embeddable":true,"href":"https:\/\/www.saphy.com\/healthcare-cosmetique\/wp-json\/wp\/v2\/comments?post=1861"}],"wp:featuredmedia":[{"embeddable":true,"href":"https:\/\/www.saphy.com\/healthcare-cosmetique\/wp-json\/wp\/v2\/media\/4029"}],"wp:attachment":[{"href":"https:\/\/www.saphy.com\/healthcare-cosmetique\/wp-json\/wp\/v2\/media?parent=1861"}],"curies":[{"name":"wp","href":"https:\/\/api.w.org\/{rel}","templated":true}]}}