{"id":1895,"date":"2015-10-12T08:47:49","date_gmt":"2015-10-12T07:47:49","guid":{"rendered":"https:\/\/www.saphy.com\/healthcare-cosmetique\/?post_type=product&#038;p=1895"},"modified":"2023-08-01T10:08:59","modified_gmt":"2023-08-01T09:08:59","slug":"boswellia-himalaya-herbals","status":"publish","type":"product","link":"https:\/\/www.saphy.com\/healthcare-cosmetique\/produit\/boswellia-himalaya-herbals\/","title":{"rendered":"Boswellia wellness  Himalaya Herbals"},"content":{"rendered":"<h1>Boswellia wellness Himalaya Herbals<\/h1>\n<p>Compl\u00e9ment alimentaire<\/p>\n<p>Himalaya Herbals la science par les plantes depuis 1930<\/p>\n<p>boswellia wellness himalaya-herbals<\/p>\n<p>Le boswellia est un arbre que l&rsquo;on trouve dans les r\u00e9gions montagneuses de l&rsquo;Inde.<br \/>\nOn l&rsquo;utilise depuis des mill\u00e9naires en Inde, en Chine et en Afrique du Nord.<\/p>\n<p>Composition de deux g\u00e9lules : Phosphate dicalcique (\u00e9mulsiant), Microcristalline cellulose (\u00e9mulsiant), 250 mg d\u2019extrait de r\u00e9sine de Boswellia Serrata, \u00c9thylcellulose (stabilisant), St\u00e9arate de magn\u00e9sium (agent d&rsquo;enrobage), Dioxyde de Silicium (anti-agglom\u00e9rant)<\/p>\n<p>Conseil d\u2019utilisation : 2 g\u00e9lules par jour avant les repas<\/p>\n<p>Ne pas d\u00e9passer la dose journali\u00e8re recommand\u00e9e. Les compl\u00e9ments alimentaires ne doivent pas se substituer \u00e0 une alimentation vari\u00e9e et \u00e9quilibr\u00e9e et \u00e0 un mode de vie sain.<br \/>\nNe\u00a0 pas\u00a0 utiliser chez la femme enceinte et\/ou qui allaitent sans avis m\u00e9dical .<br \/>\nNe pas utiliser chez les enfants de moins de 14 ans .<br \/>\nA conserver dans un endroit frais et sec, hors de port\u00e9e des enfants.<\/p>\n<p>Conseil d&rsquo;utilisation\u00a0 : 1 \u00e0 2\u00a0g\u00e9lules par jour<\/p>\n<p>Boite de 60 g\u00e9lules v\u00e9g\u00e9tales<\/p>\n<p>Ne pas d\u00e9passer la dose journali\u00e8re recommand\u00e9e.<br \/>\nIl convient comme pour tout produit\u00a0 de demander un avis m\u00e9dical avant utilisation<\/p>\n<p>Ne\u00a0 pas\u00a0 utiliser chez la femme enceinte et\/ou qui allaitent sans avis m\u00e9dical .<\/p>\n<p>Ne pas utiliser chez les enfants de moins de 14 ans .<\/p>\n<p>A conserver dans un endroit frais et sec, hors de port\u00e9e des enfants.<\/p>\n<p>Les compl\u00e9ments alimentaires ne doivent pas \u00eatre utilis\u00e9s comme substitut d\u2019un r\u00e9gime alimentaire vari\u00e9, \u00e9quilibr\u00e9 et d\u2019un mode de vie sain.<\/p>\n<p>&nbsp;<\/p>\n<p>Boswellia Himalaya Herbals<br \/>\nThe Boswellia is a tree found in the mountainous regions of India.<br \/>\nIt has been used for millennia in India, China and North Africa<\/p>\n<p>Dosage: 1 to 2 capsules per day<br \/>\nBox of 60 capsules<br \/>\nContains no sodium, yeast, sugar, gluten, artificial colors or perfumes.<br \/>\nDo not exceed the recommended daily dose.<br \/>\nAs with any product, it is advisable to seek medical advice before use<br \/>\nDo not use in pregnant and \/ or nursing women without medical advice.<br \/>\nDo not use in children under 14 years of age.<br \/>\nStore in a cool, dry place out of the reach of children.<br \/>\ns<\/p>\n<p>&nbsp;<\/p>\n","protected":false},"excerpt":{"rendered":"<h1>Boswellia wellness Himalaya Herbals<\/h1>\n<p>Compl\u00e9ment alimentaire<\/p>\n<p>La mission des laboratoires Himalaya est\u00a0 que le bien \u00eatre par les plantes soit une part int\u00e9grante de chaque foyer. Notre gamme de compl\u00e9ments alimentaires \u00e0 base de plantes est sp\u00e9cialement formul\u00e9e pour vous aider \u00e0 atteindre le bien-\u00eatre physique et mental et avoir\u00a0 une meilleure qualit\u00e9 de vie. Nous nous effor\u00e7ons de rendre cela possible gr\u00e2ce \u00e0 notre engagement envers la science dans tous nos soins de sant\u00e9 \u00e0 base de plantes<\/p>\n<p>boswellia wellness himalaya-herbals<\/p>\n<p>Le boswellia est un arbre que l&rsquo;on trouve dans les r\u00e9gions montagneuses de l&rsquo;Inde.<br \/>\nOn l&rsquo;utilise depuis des mill\u00e9naires en Inde, en Chine et en Afrique du Nord.<\/p>\n<p>Composition de deux g\u00e9lules : Phosphate dicalcique (\u00e9mulsiant), Microcristalline cellulose (\u00e9mulsiant), 250 mg d\u2019extrait de r\u00e9sine de Boswellia Serrata, \u00c9thylcellulose (stabilisant), St\u00e9arate de magn\u00e9sium (agent d&rsquo;enrobage), Dioxyde de Silicium (anti-agglom\u00e9rant)<\/p>\n<p>Conseil d\u2019utilisation : 2 g\u00e9lules par jour avant les repas<\/p>\n<p>Ne pas d\u00e9passer la dose journali\u00e8re recommand\u00e9e. Les compl\u00e9ments alimentaires ne doivent pas se substituer \u00e0 une alimentation vari\u00e9e et \u00e9quilibr\u00e9e et \u00e0 un mode de vie sain.<br \/>\nNe\u00a0 pas\u00a0 utiliser chez la femme enceinte et\/ou qui allaitent sans avis m\u00e9dical .<br \/>\nNe pas utiliser chez les enfants de moins de 14 ans .<br \/>\nA conserver dans un endroit frais et sec, hors de port\u00e9e des enfants.<\/p>\n<p>Conseil d&rsquo;utilisation\u00a0 : 1 \u00e0 2\u00a0g\u00e9lules par jour<\/p>\n<p>Boite de 60 g\u00e9lules v\u00e9g\u00e9tales<\/p>\n<p>Ne pas d\u00e9passer la dose journali\u00e8re recommand\u00e9e.<br \/>\nIl convient comme pour tout produit\u00a0 de demander un avis m\u00e9dical avant utilisation<\/p>\n<p>Ne\u00a0 pas\u00a0 utiliser chez la femme enceinte et\/ou qui allaitent sans avis m\u00e9dical .<\/p>\n<p>Ne pas utiliser chez les enfants de moins de 14 ans .<\/p>\n<p>A conserver dans un endroit frais et sec, hors de port\u00e9e des enfants.<\/p>\n<p>Les compl\u00e9ments alimentaires ne doivent pas \u00eatre utilis\u00e9s comme substitut d\u2019un r\u00e9gime alimentaire vari\u00e9, \u00e9quilibr\u00e9 et d\u2019un mode de vie sain.<\/p>\n<p>&nbsp;<\/p>\n<p>Boswellia Himalaya Herbals<br \/>\nThe Boswellia is a tree found in the mountainous regions of India.<br \/>\nIt has been used for millennia in India, China and North Africa<\/p>\n<p>Dosage: 1 to 2 capsules per day<br \/>\nBox of 60 capsules<br \/>\nContains no sodium, yeast, sugar, gluten, artificial colors or perfumes.<br \/>\nDo not exceed the recommended daily dose.<br \/>\nAs with any product, it is advisable to seek medical advice before use<br \/>\nDo not use in pregnant and \/ or nursing women without medical advice.<br \/>\nDo not use in children under 14 years of age.<br \/>\nStore in a cool, dry place out of the reach of children.<br \/>\ns<\/p>\n<p>&nbsp;<\/p>\n","protected":false},"featured_media":4045,"comment_status":"open","ping_status":"closed","template":"","meta":[],"_links":{"self":[{"href":"https:\/\/www.saphy.com\/healthcare-cosmetique\/wp-json\/wp\/v2\/product\/1895"}],"collection":[{"href":"https:\/\/www.saphy.com\/healthcare-cosmetique\/wp-json\/wp\/v2\/product"}],"about":[{"href":"https:\/\/www.saphy.com\/healthcare-cosmetique\/wp-json\/wp\/v2\/types\/product"}],"replies":[{"embeddable":true,"href":"https:\/\/www.saphy.com\/healthcare-cosmetique\/wp-json\/wp\/v2\/comments?post=1895"}],"wp:featuredmedia":[{"embeddable":true,"href":"https:\/\/www.saphy.com\/healthcare-cosmetique\/wp-json\/wp\/v2\/media\/4045"}],"wp:attachment":[{"href":"https:\/\/www.saphy.com\/healthcare-cosmetique\/wp-json\/wp\/v2\/media?parent=1895"}],"curies":[{"name":"wp","href":"https:\/\/api.w.org\/{rel}","templated":true}]}}