{"id":1901,"date":"2015-10-12T09:04:11","date_gmt":"2015-10-12T08:04:11","guid":{"rendered":"https:\/\/www.saphy.com\/healthcare-cosmetique\/?post_type=product&#038;p=1901"},"modified":"2024-04-02T09:50:45","modified_gmt":"2024-04-02T08:50:45","slug":"gommage-aux-noix-et-a-la-pommehimalaya-herbals","status":"publish","type":"product","link":"https:\/\/www.saphy.com\/healthcare-cosmetique\/produit\/gommage-aux-noix-et-a-la-pommehimalaya-herbals\/","title":{"rendered":"Gommage aux noix et \u00e0 la pomme Himalaya Herbals"},"content":{"rendered":"<h1>Gommage aux noix et \u00e0 la pomme Himalaya Herbals<\/h1>\n<p>Depuis 1930, Himalaya puise et exploite pour vous les tr\u00e9sors de la m\u00e9decine ayurv\u00e9dique vieille de 5000 ans ! Des recherches approfondies sur les plantes du monde entier ont \u00e9t\u00e9 men\u00e9es par ses experts. Celles-ci ont abouti \u00e0 une s\u00e9lection d\u2019ingr\u00e9dients enti\u00e8rement naturels dont les bienfaits sont av\u00e9r\u00e9s sur la sant\u00e9 et la beaut\u00e9 Himalaya a su combiner cet immense savoir traditionnel avec les techniques modernes afin de cr\u00e9er les combinaisons parfaitement adapt\u00e9es aux besoins de l\u2019homme contemporain. Gr\u00e2ce \u00e0 l&rsquo;engagement de plus de 2000 collaborateurs, dont une \u00e9quipe de 100 chercheurs, Himalaya Herbals est une soci\u00e9t\u00e9 pl\u00e9biscit\u00e9e dans plus de 90 pays \u00e0 travers le monde et de plus de 100.000 m\u00e9decins y prescrivent nos produits.<\/p>\n<p>Le gommage exfoliant aux noix nettoie la peau sans l\u2019agresser et la d\u00e9barrasse des cellules mortes.<\/p>\n<p><u><br \/>\nPrincipaux composants botaniques: <\/u><\/p>\n<ul>\n<li>Pomme sauvage : un agent antiseptique et k\u00e9ratolytique naturel.<\/li>\n<li>r\u00e9duit l&rsquo;inflammation de peau ,riche en vitamines , emp\u00eache la d\u00e9g\u00e9n\u00e9rescence des cellule de la peau et le vieillissement cutan\u00e9 pr\u00e9matur\u00e9.<\/li>\n<li>L&rsquo;huile de Germes de bl\u00e9 : Riche en Vitamine E, avec des prot\u00e9ines et des antioxydants naturels, nourrit et stimule l\u2019\u00e9lasticit\u00e9 de la peau<\/li>\n<\/ul>\n<p>Ingr\u00e9dients:\u00a0Water (aqua),\u00a0stearic acid,\u00a0juglans regia (english walnut) shell powder,\u00a0caprylic\/capric triglyceride,\u00a0cetyl alcohol,\u00a0sorbitan stearate &amp; sucrose cocoate,\u00a0triticum vulgare (wheat) germ oil &amp; malus sylvestris (crab apple) fruit extract, carbomer, phenoxyethanol, flavor, sodium hydroxide, benzyl alcohol, methylchloroisothiazolinone &amp; methylisothiazolinone, fragrance, tocopheryl acetate, disodium edta.<\/p>\n<p>&nbsp;<\/p>\n<p><strong>Himalaya Herbals Apple and Nut Scrub<\/strong><\/p>\n<p>Since 1930, Himalaya draws and exploits for you the treasures of Ayurvedic medicine 5000 years old! Extensive research on plants around the world has been conducted by its experts. These have resulted in a selection of all natural ingredients whose benefits are proven to health and beauty Himalaya has combined this immense traditional knowledge with modern techniques to create combinations perfectly suited to the needs of contemporary man . Thanks to the commitment of more than 2,000 collaborators, including a team of 100 researchers, Himalaya Herbals is a company acclaimed in more than 90 countries around the world and more than 100,000 doctors prescribe our products.<\/p>\n<p>The Walnut exfoliating Scrub cleans the skin without attacking it and removes it from the dead cells.<\/p>\n<p>Main botanical components: Wild Apple: An antiseptic agent and natural keratolytic.<br \/>\nReduces skin inflammation, rich in vitamins, prevents degeneration of the skin cells and premature skin ageing.<br \/>\nWheat germ Oil: Rich in vitamin E, with natural proteins and antioxidants, nourishes and stimulates the elasticity of the skin<\/p>\n<p>Ingr\u00e9dients:\u00a0Water (aqua),\u00a0stearic acid,\u00a0juglans regia (english walnut) shell powder,\u00a0caprylic\/capric triglyceride,\u00a0cetyl alcohol,\u00a0sorbitan stearate &amp; sucrose cocoate,\u00a0triticum vulgare (wheat) germ oil &amp; malus sylvestris (crab apple) fruit extract, carbomer, phenoxyethanol, flavor, sodium hydroxide, benzyl alcohol, methylchloroisothiazolinone &amp; methylisothiazolinone, fragrance, tocopheryl acetate, disodium edta.<\/p>\n<p>&nbsp;<\/p>\n","protected":false},"excerpt":{"rendered":"<h1>Gommage aux noix et \u00e0 la pomme Himalaya Herbals<\/h1>\n<p>Depuis 1930, Himalaya puise et exploite pour vous les tr\u00e9sors de la m\u00e9decine ayurv\u00e9dique vieille de 5000 ans ! Des recherches approfondies sur les plantes du monde entier ont \u00e9t\u00e9 men\u00e9es par ses experts. Celles-ci ont abouti \u00e0 une s\u00e9lection d\u2019ingr\u00e9dients enti\u00e8rement naturels dont les bienfaits sont av\u00e9r\u00e9s sur la sant\u00e9 et la beaut\u00e9 Himalaya a su combiner cet immense savoir traditionnel avec les techniques modernes afin de cr\u00e9er les combinaisons parfaitement adapt\u00e9es aux besoins de l\u2019homme contemporain. Gr\u00e2ce \u00e0 l&rsquo;engagement de plus de 2000 collaborateurs, dont une \u00e9quipe de 100 chercheurs, Himalaya Herbals est une soci\u00e9t\u00e9 pl\u00e9biscit\u00e9e dans plus de 90 pays \u00e0 travers le monde et de plus de 100.000 m\u00e9decins y prescrivent nos produits.<\/p>\n<p>Le gommage exfoliant aux noix nettoie la peau sans l\u2019agresser et la d\u00e9barrasse des cellules mortes.<\/p>\n<p><u><br \/>\nPrincipaux composants botaniques: <\/u><\/p>\n<ul>\n<li>Pomme sauvage : un agent antiseptique et k\u00e9ratolytique naturel.<\/li>\n<li>r\u00e9duit l&rsquo;inflammation de peau ,riche en vitamines , emp\u00eache la d\u00e9g\u00e9n\u00e9rescence des cellule de la peau et le vieillissement cutan\u00e9 pr\u00e9matur\u00e9.<\/li>\n<li>L&rsquo;huile de Germes de bl\u00e9 : Riche en Vitamine E, avec des prot\u00e9ines et des antioxydants naturels, nourrit et stimule l\u2019\u00e9lasticit\u00e9 de la peau<\/li>\n<\/ul>\n<p>Ingr\u00e9dients:\u00a0Water (aqua),\u00a0stearic acid,\u00a0juglans regia (english walnut) shell powder,\u00a0caprylic\/capric triglyceride,\u00a0cetyl alcohol,\u00a0sorbitan stearate &amp; sucrose cocoate,\u00a0triticum vulgare (wheat) germ oil &amp; malus sylvestris (crab apple) fruit extract, carbomer, phenoxyethanol, flavor, sodium hydroxide, benzyl alcohol, methylchloroisothiazolinone &amp; methylisothiazolinone, fragrance, tocopheryl acetate, disodium edta.<\/p>\n<p>&nbsp;<\/p>\n<p><strong>Himalaya Herbals Apple and Nut Scrub<\/strong><\/p>\n<p>Since 1930, Himalaya draws and exploits for you the treasures of Ayurvedic medicine 5000 years old! Extensive research on plants around the world has been conducted by its experts. These have resulted in a selection of all natural ingredients whose benefits are proven to health and beauty Himalaya has combined this immense traditional knowledge with modern techniques to create combinations perfectly suited to the needs of contemporary man . Thanks to the commitment of more than 2,000 collaborators, including a team of 100 researchers, Himalaya Herbals is a company acclaimed in more than 90 countries around the world and more than 100,000 doctors prescribe our products.<\/p>\n<p>The Walnut exfoliating Scrub cleans the skin without attacking it and removes it from the dead cells.<\/p>\n<p>Main botanical components: Wild Apple: An antiseptic agent and natural keratolytic.<br \/>\nReduces skin inflammation, rich in vitamins, prevents degeneration of the skin cells and premature skin ageing.<br \/>\nWheat germ Oil: Rich in vitamin E, with natural proteins and antioxidants, nourishes and stimulates the elasticity of the skin<\/p>\n<p>Ingr\u00e9dients:\u00a0Water (aqua),\u00a0stearic acid,\u00a0juglans regia (english walnut) shell powder,\u00a0caprylic\/capric triglyceride,\u00a0cetyl alcohol,\u00a0sorbitan stearate &amp; sucrose cocoate,\u00a0triticum vulgare (wheat) germ oil &amp; malus sylvestris (crab apple) fruit extract, carbomer, phenoxyethanol, flavor, sodium hydroxide, benzyl alcohol, methylchloroisothiazolinone &amp; methylisothiazolinone, fragrance, tocopheryl acetate, disodium edta.<\/p>\n<p>&nbsp;<\/p>\n","protected":false},"featured_media":3991,"comment_status":"open","ping_status":"closed","template":"","meta":[],"_links":{"self":[{"href":"https:\/\/www.saphy.com\/healthcare-cosmetique\/wp-json\/wp\/v2\/product\/1901"}],"collection":[{"href":"https:\/\/www.saphy.com\/healthcare-cosmetique\/wp-json\/wp\/v2\/product"}],"about":[{"href":"https:\/\/www.saphy.com\/healthcare-cosmetique\/wp-json\/wp\/v2\/types\/product"}],"replies":[{"embeddable":true,"href":"https:\/\/www.saphy.com\/healthcare-cosmetique\/wp-json\/wp\/v2\/comments?post=1901"}],"wp:featuredmedia":[{"embeddable":true,"href":"https:\/\/www.saphy.com\/healthcare-cosmetique\/wp-json\/wp\/v2\/media\/3991"}],"wp:attachment":[{"href":"https:\/\/www.saphy.com\/healthcare-cosmetique\/wp-json\/wp\/v2\/media?parent=1901"}],"curies":[{"name":"wp","href":"https:\/\/api.w.org\/{rel}","templated":true}]}}