{"id":1904,"date":"2015-10-12T09:08:41","date_gmt":"2015-10-12T08:08:41","guid":{"rendered":"https:\/\/www.saphy.com\/healthcare-cosmetique\/?post_type=product&#038;p=1904"},"modified":"2022-10-24T10:42:12","modified_gmt":"2022-10-24T09:42:12","slug":"gel-nettoyant-exfoliant-visagehimalaya-herbals","status":"publish","type":"product","link":"https:\/\/www.saphy.com\/healthcare-cosmetique\/produit\/gel-nettoyant-exfoliant-visagehimalaya-herbals\/","title":{"rendered":"Gel nettoyant exfoliant visage Himalaya Herbals"},"content":{"rendered":"<p>Le Gel nettoyant exfoliant visage Himalaya Herbals<\/p>\n<p>Depuis 1930, Himalaya puise et exploite pour vous les tr\u00e9sors de la m\u00e9decine ayurv\u00e9dique vieille de 5000 ans ! Des recherches approfondies sur les plantes du monde entier ont \u00e9t\u00e9 men\u00e9es par ses experts. Celles-ci ont abouti \u00e0 une s\u00e9lection d\u2019ingr\u00e9dients enti\u00e8rement naturels dont les bienfaits sont av\u00e9r\u00e9s sur la sant\u00e9 et la beaut\u00e9 Himalaya a su combiner cet immense savoir traditionnel avec les techniques modernes afin de cr\u00e9er les combinaisons parfaitement adapt\u00e9es aux besoins de l\u2019homme contemporain. Gr\u00e2ce \u00e0 l&rsquo;engagement de plus de 2000 collaborateurs, dont une \u00e9quipe de 100 chercheurs, Himalaya Herbals est une soci\u00e9t\u00e9 pl\u00e9biscit\u00e9e dans plus de 90 pays \u00e0 travers le monde et de plus de 100.000 m\u00e9decins y prescrivent nos produits.<\/p>\n<p>Un gel tr\u00e8s doux sans savon \u00e0 utiliser quotidiennement sur le visage qui nettoie et exfolie d\u00e9licatement.<\/p>\n<p>Les granules d&rsquo;abricot exfolie en douceur les cellules mortes, stimulent la croissance cellulaire fra\u00eeche et emp\u00eache la formation de com\u00e9dons. Le Neem et le Citron nettoient profond\u00e9ment et enl\u00e8vent l&rsquo;exc\u00e8s de s\u00e9bum tandis que l\u2019 AloeVera nourrit et adoucit votre peau et maintient une hydratation optimale .<\/p>\n<p><strong><span style=\"text-decoration: underline;\"><br \/>\nPrincipaux composants botaniques: <\/span><\/strong><\/p>\n<p><b>Abricot: <\/b>exfolie et booste la croissance cellulaire<br \/>\n<b>Neem : <\/b>d\u00e9toxifie,antiseptique naturel,absorbe le s\u00e9bum<br \/>\n<b>Citron : <\/b>purifie<br \/>\n<b>Aloe vera : <\/b>nourrit et hydrate<\/p>\n<p>Conseil d&rsquo;utilisation: Appliquer en petites quantit\u00e9s sur le visage ,humidifiez et masser en mouvement circulaire .Rincer soigneusement et s\u00e9cher d\u00e9licatement votre visage.<\/p>\n<p>&nbsp;<\/p>\n<p>Himalaya Herbals Exfoliating Facial Cleansing Gel<\/p>\n<p>Since 1930, Himalaya draws and exploits for you the treasures of Ayurvedic medicine 5000 years old! Extensive research on plants around the world has been conducted by its experts. These have resulted in a selection of all natural ingredients whose benefits are proven to health and beauty Himalaya has combined this immense traditional knowledge with modern techniques to create combinations perfectly suited to the needs of contemporary man . Thanks to the commitment of more than 2,000 collaborators, including a team of 100 researchers, Himalaya Herbals is a company acclaimed in more than 90 countries around the world and more than 100,000 doctors prescribe our products.<\/p>\n<p>A very mild soap-free gel to be used daily on the face that gently cleanses and exfoliates. Apricot granules gently exfoliate dead cells, stimulate fresh cell growth and prevent the formation of comedones. Neem and Lemon cleanse deeply and remove excess oil while AloeVera nourishes and softens your skin and maintains optimal hydration.<\/p>\n<p>Main botanical components: Apricot: exfoliates and boosts cell growth Neem: detoxifies, natural antiseptic, absorbs sebum Lemon: purifies Aloe vera: nourishes and moisturizes<\/p>\n<p>Use: Apply small amounts on the face, moisten and massage in circular motion. Rinse thoroughly and gently dry your face.<\/p>\n<p>&nbsp;<\/p>\n<hr \/>\n","protected":false},"excerpt":{"rendered":"<p>Le Gel nettoyant exfoliant visage Himalaya Herbals<\/p>\n<p>Depuis 1930, Himalaya puise et exploite pour vous les tr\u00e9sors de la m\u00e9decine ayurv\u00e9dique vieille de 5000 ans ! Des recherches approfondies sur les plantes du monde entier ont \u00e9t\u00e9 men\u00e9es par ses experts. Celles-ci ont abouti \u00e0 une s\u00e9lection d\u2019ingr\u00e9dients enti\u00e8rement naturels dont les bienfaits sont av\u00e9r\u00e9s sur la sant\u00e9 et la beaut\u00e9 Himalaya a su combiner cet immense savoir traditionnel avec les techniques modernes afin de cr\u00e9er les combinaisons parfaitement adapt\u00e9es aux besoins de l\u2019homme contemporain. Gr\u00e2ce \u00e0 l&rsquo;engagement de plus de 2000 collaborateurs, dont une \u00e9quipe de 100 chercheurs, Himalaya Herbals est une soci\u00e9t\u00e9 pl\u00e9biscit\u00e9e dans plus de 90 pays \u00e0 travers le monde et de plus de 100.000 m\u00e9decins y prescrivent nos produits.<\/p>\n<p>Un gel tr\u00e8s doux sans savon \u00e0 utiliser quotidiennement sur le visage qui nettoie et exfolie d\u00e9licatement.<\/p>\n<p>Les granules d&rsquo;abricot exfolie en douceur les cellules mortes, stimulent la croissance cellulaire fra\u00eeche et emp\u00eache la formation de com\u00e9dons. Le Neem et le Citron nettoient profond\u00e9ment et enl\u00e8vent l&rsquo;exc\u00e8s de s\u00e9bum tandis que l\u2019 AloeVera nourrit et adoucit votre peau et maintient une hydratation optimale .<\/p>\n<p><strong><span style=\"text-decoration: underline;\"><br \/>\nPrincipaux composants botaniques: <\/span><\/strong><\/p>\n<p><b>Abricot: <\/b>exfolie et booste la croissance cellulaire<br \/>\n<b>Neem : <\/b>d\u00e9toxifie,antiseptique naturel,absorbe le s\u00e9bum<br \/>\n<b>Citron : <\/b>purifie<br \/>\n<b>Aloe vera : <\/b>nourrit et hydrate<\/p>\n<p>Conseil d&rsquo;utilisation: Appliquer en petites quantit\u00e9s sur le visage ,humidifiez et masser en mouvement circulaire .Rincer soigneusement et s\u00e9cher d\u00e9licatement votre visage.<\/p>\n<p>&nbsp;<\/p>\n<p>Himalaya Herbals Exfoliating Facial Cleansing Gel<\/p>\n<p>Since 1930, Himalaya draws and exploits for you the treasures of Ayurvedic medicine 5000 years old! Extensive research on plants around the world has been conducted by its experts. These have resulted in a selection of all natural ingredients whose benefits are proven to health and beauty Himalaya has combined this immense traditional knowledge with modern techniques to create combinations perfectly suited to the needs of contemporary man . Thanks to the commitment of more than 2,000 collaborators, including a team of 100 researchers, Himalaya Herbals is a company acclaimed in more than 90 countries around the world and more than 100,000 doctors prescribe our products.<\/p>\n<p>A very mild soap-free gel to be used daily on the face that gently cleanses and exfoliates. Apricot granules gently exfoliate dead cells, stimulate fresh cell growth and prevent the formation of comedones. Neem and Lemon cleanse deeply and remove excess oil while AloeVera nourishes and softens your skin and maintains optimal hydration.<\/p>\n<p>Main botanical components: Apricot: exfoliates and boosts cell growth Neem: detoxifies, natural antiseptic, absorbs sebum Lemon: purifies Aloe vera: nourishes and moisturizes<\/p>\n<p>Use: Apply small amounts on the face, moisten and massage in circular motion. Rinse thoroughly and gently dry your face.<\/p>\n<p>&nbsp;<\/p>\n<hr \/>\n","protected":false},"featured_media":2143,"comment_status":"open","ping_status":"closed","template":"","meta":[],"_links":{"self":[{"href":"https:\/\/www.saphy.com\/healthcare-cosmetique\/wp-json\/wp\/v2\/product\/1904"}],"collection":[{"href":"https:\/\/www.saphy.com\/healthcare-cosmetique\/wp-json\/wp\/v2\/product"}],"about":[{"href":"https:\/\/www.saphy.com\/healthcare-cosmetique\/wp-json\/wp\/v2\/types\/product"}],"replies":[{"embeddable":true,"href":"https:\/\/www.saphy.com\/healthcare-cosmetique\/wp-json\/wp\/v2\/comments?post=1904"}],"wp:featuredmedia":[{"embeddable":true,"href":"https:\/\/www.saphy.com\/healthcare-cosmetique\/wp-json\/wp\/v2\/media\/2143"}],"wp:attachment":[{"href":"https:\/\/www.saphy.com\/healthcare-cosmetique\/wp-json\/wp\/v2\/media?parent=1904"}],"curies":[{"name":"wp","href":"https:\/\/api.w.org\/{rel}","templated":true}]}}