{"id":1906,"date":"2015-10-12T09:10:35","date_gmt":"2015-10-12T08:10:35","guid":{"rendered":"https:\/\/www.saphy.com\/healthcare-cosmetique\/?post_type=product&#038;p=1906"},"modified":"2022-11-30T16:31:47","modified_gmt":"2022-11-30T15:31:47","slug":"baume-a-levres-eclat-de-fraisehimalaya-herbals","status":"publish","type":"product","link":"https:\/\/www.saphy.com\/healthcare-cosmetique\/produit\/baume-a-levres-eclat-de-fraisehimalaya-herbals\/","title":{"rendered":"Baume \u00e0 l\u00e8vres \u00e9clat de Fraises Himalaya Herbals"},"content":{"rendered":"<section id=\"content\" class=\"container clearfix\">\n<article class=\"single-project\">\n<section id=\"main\">\n<div class=\"one-half\">\n<p>Baume \u00e0 l\u00e8vres \u00e9clat de Fraises Himalaya Herbals<\/p>\n<p>Le baume \u00e0 l\u00e8vres d&rsquo;\u00c9clat de Fraises d&rsquo;Himalaya est le premier baume \u00e0 l\u00e8vres qui est formul\u00e9 avec une couleur 100% naturelle en Inde. L&rsquo;huile de Graine de Fraises et l&rsquo;Huile de noyau d&rsquo;abricot sont d\u2019 excellents \u00e9mollients qui prot\u00e8gent vos l\u00e8vres du dess\u00e8chement.<\/p>\n<p><u><br \/>\nPrincipaux composants botaniques:<\/u><\/p>\n<p>L&rsquo;huile de Graine de Fraises est une source riche d&rsquo;acides gras essentiels, agit comme un \u00e9mollient excellent et aide \u00e0 maintenir une bonne hydratation<br \/>\nL&rsquo;huile de noyau d&rsquo;abricot est une source riche de Vitamine E et un \u00e9mollient qui hydrate efficacement les l\u00e8vres.<\/p>\n<p>Ingr\u00e9dients:\u00a0Ricinus communis seed oil, cera alba, theobroma cacao seed butter, hydrogenated castor oil, stearyl behenate, caprylic\/capric\/coco glycerides, aroma, prunus armeniaca kernel oil, tocopherol, arnebia nobilis root extract, fragaria vesca seed oil.<\/p>\n<p>Himalaya Herbals strawberry shine lip balm<\/p>\n<p>Himalaya Strawberry Lip Balm is the first lip balm that is formulated with a 100% natural color in India. Strawberry Seed Oil and Apricot Kernel Oil are excellent emollients that protect your lips from dryness.<\/p>\n<p>Main botanical components:<br \/>\nStrawberry Seed Oil is a rich source of essential fatty acids, acts as an excellent emollient and helps maintain proper hydration<br \/>\nApricot kernel oil is a rich source of Vitamin E and an emollient that effectively moisturizes the lips.<\/p>\n<p>Ingr\u00e9dients:\u00a0Ricinus communis seed oil, cera alba, theobroma cacao seed butter, hydrogenated castor oil, stearyl behenate, caprylic\/capric\/coco glycerides, aroma, prunus armeniaca kernel oil, tocopherol, arnebia nobilis root extract, fragaria vesca seed oil.<\/p>\n<p>&nbsp;<\/p>\n<p>&nbsp;<\/p>\n<\/div>\n<\/section>\n<\/article>\n<\/section>\n","protected":false},"excerpt":{"rendered":"<section id=\"content\" class=\"container clearfix\">\n<article class=\"single-project\">\n<section id=\"main\">\n<div class=\"one-half\">\n<p>Baume \u00e0 l\u00e8vres \u00e9clat de Fraises Himalaya Herbals<\/p>\n<p>Le baume \u00e0 l\u00e8vres d&rsquo;\u00c9clat de Fraises d&rsquo;Himalaya est le premier baume \u00e0 l\u00e8vres qui est formul\u00e9 avec une couleur 100% naturelle en Inde. L&rsquo;huile de Graine de Fraises et l&rsquo;Huile de noyau d&rsquo;abricot sont d\u2019 excellents \u00e9mollients qui prot\u00e8gent vos l\u00e8vres du dess\u00e8chement.<\/p>\n<p><u><br \/>\nPrincipaux composants botaniques:<\/u><\/p>\n<p>L&rsquo;huile de Graine de Fraises est une source riche d&rsquo;acides gras essentiels, agit comme un \u00e9mollient excellent et aide \u00e0 maintenir une bonne hydratation<br \/>\nL&rsquo;huile de noyau d&rsquo;abricot est une source riche de Vitamine E et un \u00e9mollient qui hydrate efficacement les l\u00e8vres.<\/p>\n<p>Ingr\u00e9dients:\u00a0Ricinus communis seed oil, cera alba, theobroma cacao seed butter, hydrogenated castor oil, stearyl behenate, caprylic\/capric\/coco glycerides, aroma, prunus armeniaca kernel oil, tocopherol, arnebia nobilis root extract, fragaria vesca seed oil.<\/p>\n<p>Himalaya Herbals strawberry shine lip balm<\/p>\n<p>Himalaya Strawberry Lip Balm is the first lip balm that is formulated with a 100% natural color in India. Strawberry Seed Oil and Apricot Kernel Oil are excellent emollients that protect your lips from dryness.<\/p>\n<p>Main botanical components:<br \/>\nStrawberry Seed Oil is a rich source of essential fatty acids, acts as an excellent emollient and helps maintain proper hydration<br \/>\nApricot kernel oil is a rich source of Vitamin E and an emollient that effectively moisturizes the lips.<\/p>\n<p>Ingr\u00e9dients:\u00a0Ricinus communis seed oil, cera alba, theobroma cacao seed butter, hydrogenated castor oil, stearyl behenate, caprylic\/capric\/coco glycerides, aroma, prunus armeniaca kernel oil, tocopherol, arnebia nobilis root extract, fragaria vesca seed oil.<\/p>\n<p>&nbsp;<\/p>\n<p>&nbsp;<\/p>\n<\/div>\n<\/section>\n<\/article>\n<\/section>\n","protected":false},"featured_media":4038,"comment_status":"open","ping_status":"closed","template":"","meta":[],"_links":{"self":[{"href":"https:\/\/www.saphy.com\/healthcare-cosmetique\/wp-json\/wp\/v2\/product\/1906"}],"collection":[{"href":"https:\/\/www.saphy.com\/healthcare-cosmetique\/wp-json\/wp\/v2\/product"}],"about":[{"href":"https:\/\/www.saphy.com\/healthcare-cosmetique\/wp-json\/wp\/v2\/types\/product"}],"replies":[{"embeddable":true,"href":"https:\/\/www.saphy.com\/healthcare-cosmetique\/wp-json\/wp\/v2\/comments?post=1906"}],"wp:featuredmedia":[{"embeddable":true,"href":"https:\/\/www.saphy.com\/healthcare-cosmetique\/wp-json\/wp\/v2\/media\/4038"}],"wp:attachment":[{"href":"https:\/\/www.saphy.com\/healthcare-cosmetique\/wp-json\/wp\/v2\/media?parent=1906"}],"curies":[{"name":"wp","href":"https:\/\/api.w.org\/{rel}","templated":true}]}}