{"id":1911,"date":"2015-10-13T14:33:30","date_gmt":"2015-10-13T13:33:30","guid":{"rendered":"https:\/\/www.saphy.com\/healthcare-cosmetique\/?post_type=product&#038;p=1911"},"modified":"2018-10-10T10:47:52","modified_gmt":"2018-10-10T09:47:52","slug":"emulsion-collagene-bioactif-yellowrosecosmetics","status":"publish","type":"product","link":"https:\/\/www.saphy.com\/healthcare-cosmetique\/produit\/emulsion-collagene-bioactif-yellowrosecosmetics\/","title":{"rendered":"Ampoule de  collag\u00e8ne  Bioactif Yellow Rose cosmetique"},"content":{"rendered":"<h1>Ampoule de collag\u00e8ne Bioactif Yellow Rose cosm\u00e9tique<\/h1>\n<p><span id=\"result_box\" lang=\"fr\"><span title=\"Moisturizing, anti-wrinkle, firming and brightening emulsion for intensive face care treatments with natural, soluble marine Collagen. \">Un traitement intensif\u00a0\u00a0antirides au collag\u00e8ne marin naturel\u00a0 associ\u00e9\u00a0 \u00e0 un cocktail d&rsquo;actifs hydratant ,antirides et antitaches sous forme d&rsquo;ampoules .Une cure d&rsquo;attaque sur 12 jours qui booste le renouvellement cellulaire\u00a0.<br \/>\n<\/span><span title=\"Use \u00a0\u00a0\u00a0\u00a0\"><br \/>\n<\/span><\/span><\/p>\n<p><span title=\"Main Ingredients \">Les principaux actifs:<\/span><\/p>\n<p><span title=\"Soluble Collagen \u00a0\u00a0\u00a0\u00a0\">Collag\u00e8ne Soluble<br \/>\n<\/span><span title=\"Collagen is the main constituent of young and healthy skin.\">Le collag\u00e8ne est le principal constituant de peau jeune et saine gr\u00e2ce \u00e0 ses propri\u00e9tes hydratantes ,antirides et raffermissantes. <\/span><span title=\"Has anti-wrinkle, firming and moisturizing properties. \"><br \/>\n<\/span><span title=\"Phytosterols \u00a0\u00a0\u00a0\u00a0\">Les phytost\u00e9rols<br \/>\n<\/span><span title=\"With soothing, moisturizing and regenerating properties.\">\u00a0<\/span><span title=\"They prevent skin aging by improving skin metabolism and by reducing sensitivity to UV radiation and inflammation. \">Ils permettent d&rsquo;\u00e9viter le vieillissement de la peau, en am\u00e9liorant le m\u00e9tabolisme de la peau et en r\u00e9duisant la sensibilit\u00e9 au rayonnement UV et l&rsquo;inflammation.\u00a0 Ils poss\u00e8dent des propri\u00e9t\u00e9s apaisantes<span title=\"With soothing, moisturizing and regenerating properties.\">, hydratantes et r\u00e9g\u00e9n\u00e9rantes.<\/span><br \/>\n<\/span><span title=\"Chamomile extract \u00a0\u00a0\u00a0\u00a0\">Extrait de camomille<br \/>\nElle poss\u00e8de\u00a0<\/span><span title=\"Used for its skin conditioning, soothing and anti-inflammatory properties. \"> des propri\u00e9t\u00e9s apaisantes et anti-inflammatoires.<br \/>\n<\/span><span title=\"Avocado oil \u00a0\u00a0\u00a0\u00a0\">L&rsquo;huile d&rsquo;avocat<br \/>\n<\/span><span title=\"Pressed from the fruit of the Persea gratissima, avocado oil is a great source of monounsaturated fats, Omegas-3, Vitamin E and has high content in sterolins (reduce the occurrence of age spots and help to soften the skin).\">L&rsquo;huile d&rsquo;avocat est une grande source d&rsquo;acides gras monoinsatur\u00e9s, d&rsquo;om\u00e9ga-3, de vitamine E et a une teneur \u00e9lev\u00e9e en st\u00e9rolines (r\u00e9duisent\u00a0 l&rsquo;apparition de taches de vieillesse et aide \u00e0 adoucir la peau). <\/span><span title=\"Increases the moisture retention levels of the skin and leaves it smooth and soft. \"><br \/>\n<\/span><span title=\"Olive oil \u00a0\u00a0\u00a0\u00a0\">Huile d&rsquo;olive<br \/>\n<\/span><span title=\"Rich in mixed triglyceride esters of essential monounsaturated fatty acids (oleic, palmitic and linoleic), squalene and natural phenols with potent antioxidant properties, it is used for centuries in topical natural health remedies. \">Riche en esters de triglyc\u00e9rides mixtes d&rsquo;acides essentiels gras monoinsatur\u00e9s (acide ol\u00e9ique, palmitique et linol\u00e9ique), en\u00a0 squal\u00e8ne et en\u00a0 ph\u00e9nols naturels aux propri\u00e9t\u00e9s antioxydantes, elle est utilis\u00e9 depuis des si\u00e8cles dans les rem\u00e8des de sant\u00e9 naturels topiques.<br \/>\n<\/span><span title=\"Soy Lecithin \u00a0\u00a0\u00a0\u00a0\">L\u00e9cithine de soja<br \/>\n<\/span><span title=\"Emollient, softens and improves skin texture.\">\u00c9molliente, adoucit et am\u00e9liore la texture de la peau<\/span><\/p>\n<p><span id=\"result_box\" lang=\"fr\"><span title=\"Apply to clean skin and massage gently until absorbed.\">Appliquer sur une peau propre et masser doucement jusqu&rsquo;\u00e0 absorption. <\/span><span title=\"Can be used daily, morningand evening.\">Peut \u00eatre utilis\u00e9 quotidiennement ou en cure. <\/span><\/span><\/p>\n<p>12 ampoules de 3 ml<\/p>\n<p>Ingr\u00e9dients:\u00a0 Aqua (Water), Dicaprylyl Carbonate, Glycerin, Propanediol, Propylene Glycol, PEG-8 Stearate, Steareth-7, Soluble Collagen, Chamomilla Recutita (Matricaria) Flower Extract, Phytosterols, Persea Gratissima (Avocado) Oil, Olea Europaea (Olive) Fruit Oil, Lanolin Oil, Squalane, Lecithin, Caprylic\/Capric Triglyceride, Stearyl Alcohol, 1.2-Hexanediol, Caprylhydroxamic Acid, Hydroxyethyl Acrylate\/Sodium Acryloyldimethyl Taurate Copolymer, Polysorbate 60<\/p>\n<p>&nbsp;<\/p>\n<p>COLLAGENE EMULSION BIO-ACTIVE yellow rose cosmetics<\/p>\n<p>Moisturizing, anti-wrinkle, firming and brightening emulsion for intensive face care treatments with natural, soluble marine Collagen.<\/p>\n<p>Suitable for all skin types.<br \/>\nUse<br \/>\nApply to clean skin and massage gently until absorbed. Can be used daily, morningand evening. Can be used alone as a 24 hour serum orbefore a Yellow Rose cream or mask.<br \/>\nCan also be used together with professional beauty equipment.<br \/>\nMain Ingredients<br \/>\nSoluble Collagen<br \/>\nCollagen is the main constituent of young and healthy skin. Soluble Collagen helps the skin to retrieve its shine and radiance. Has anti-wrinkle, firming and moisturizing properties.<br \/>\nPhytosterols<br \/>\nWith soothing, moisturizing and regenerating properties. They prevent skin aging by improving skin metabolism and by reducing sensitivity to UV radiation and inflammation.<br \/>\nChamomile extract<br \/>\nUsed for its skin conditioning, soothing and anti-inflammatory properties.<br \/>\nAvocado oil<br \/>\nPressed from the fruit of the Persea gratissima, avocado oil is a great source of monounsaturated fats, Omegas-3, Vitamin E and has high content in sterolins (reduce the occurrence of age spots and help to soften the skin). Increases the moisture retention levels of the skin and leaves it smooth and soft.<br \/>\nOlive oil<br \/>\nSuperior natural skin conditioning oil that moisturizes, soothes and softens skin tissue. Rich in mixed triglyceride esters of essential monounsaturated fatty acids (oleic, palmitic and linoleic), squalene and natural phenols with potent antioxidant properties, it is used for centuries in topical natural health remedies.<br \/>\nSoy Lecithin<br \/>\nEmollient, softens and improves skin texture.<\/p>\n<p>Ingredients: Aqua (Water), Dicaprylyl Carbonate, Glycerin, Propanediol, Propylene Glycol, PEG-8 Stearate, Steareth-7, Soluble Collagen, Chamomilla Recutita (Matricaria) Flower Extract, Phytosterols, Persea Gratissima (Avocado) Oil, Olea Europaea (Olive ) Fruit Oil, Lanolin Oil, Squalane, Lecithin, Caprylic \/ Capric Triglyceride, Stearyl Alcohol, 1.2-Hexanediol, Caprylhydroxamic Acid, Hydroxyethyl Acrylate \/ Sodium Acryloyldimethyl Taurate Copolymer, Polysorbate 60<\/p>\n","protected":false},"excerpt":{"rendered":"<h1>Ampoule de collag\u00e8ne Bioactif Yellow Rose cosm\u00e9tique<\/h1>\n<p><span id=\"result_box\" lang=\"fr\"><span title=\"Moisturizing, anti-wrinkle, firming and brightening emulsion for intensive face care treatments with natural, soluble marine Collagen. \">Un traitement intensif\u00a0\u00a0antirides au collag\u00e8ne marin naturel\u00a0 associ\u00e9\u00a0 \u00e0 un cocktail d&rsquo;actifs hydratant ,antirides et antitaches sous forme d&rsquo;ampoules .Une cure d&rsquo;attaque sur 12 jours qui booste le renouvellement cellulaire\u00a0.<br \/>\n<\/span><span title=\"Use \u00a0\u00a0\u00a0\u00a0\"><br \/>\n<\/span><\/span><\/p>\n<p><span title=\"Main Ingredients \">Les principaux actifs:<\/span><\/p>\n<p><span title=\"Soluble Collagen \u00a0\u00a0\u00a0\u00a0\">Collag\u00e8ne Soluble<br \/>\n<\/span><span title=\"Collagen is the main constituent of young and healthy skin.\">Le collag\u00e8ne est le principal constituant de peau jeune et saine gr\u00e2ce \u00e0 ses propri\u00e9tes hydratantes ,antirides et raffermissantes. <\/span><span title=\"Has anti-wrinkle, firming and moisturizing properties. \"><br \/>\n<\/span><span title=\"Phytosterols \u00a0\u00a0\u00a0\u00a0\">Les phytost\u00e9rols<br \/>\n<\/span><span title=\"With soothing, moisturizing and regenerating properties.\">\u00a0<\/span><span title=\"They prevent skin aging by improving skin metabolism and by reducing sensitivity to UV radiation and inflammation. \">Ils permettent d&rsquo;\u00e9viter le vieillissement de la peau, en am\u00e9liorant le m\u00e9tabolisme de la peau et en r\u00e9duisant la sensibilit\u00e9 au rayonnement UV et l&rsquo;inflammation.\u00a0 Ils poss\u00e8dent des propri\u00e9t\u00e9s apaisantes<span title=\"With soothing, moisturizing and regenerating properties.\">, hydratantes et r\u00e9g\u00e9n\u00e9rantes.<\/span><br \/>\n<\/span><span title=\"Chamomile extract \u00a0\u00a0\u00a0\u00a0\">Extrait de camomille<br \/>\nElle poss\u00e8de\u00a0<\/span><span title=\"Used for its skin conditioning, soothing and anti-inflammatory properties. \"> des propri\u00e9t\u00e9s apaisantes et anti-inflammatoires.<br \/>\n<\/span><span title=\"Avocado oil \u00a0\u00a0\u00a0\u00a0\">L&rsquo;huile d&rsquo;avocat<br \/>\n<\/span><span title=\"Pressed from the fruit of the Persea gratissima, avocado oil is a great source of monounsaturated fats, Omegas-3, Vitamin E and has high content in sterolins (reduce the occurrence of age spots and help to soften the skin).\">L&rsquo;huile d&rsquo;avocat est une grande source d&rsquo;acides gras monoinsatur\u00e9s, d&rsquo;om\u00e9ga-3, de vitamine E et a une teneur \u00e9lev\u00e9e en st\u00e9rolines (r\u00e9duisent\u00a0 l&rsquo;apparition de taches de vieillesse et aide \u00e0 adoucir la peau). <\/span><span title=\"Increases the moisture retention levels of the skin and leaves it smooth and soft. \"><br \/>\n<\/span><span title=\"Olive oil \u00a0\u00a0\u00a0\u00a0\">Huile d&rsquo;olive<br \/>\n<\/span><span title=\"Rich in mixed triglyceride esters of essential monounsaturated fatty acids (oleic, palmitic and linoleic), squalene and natural phenols with potent antioxidant properties, it is used for centuries in topical natural health remedies. \">Riche en esters de triglyc\u00e9rides mixtes d&rsquo;acides essentiels gras monoinsatur\u00e9s (acide ol\u00e9ique, palmitique et linol\u00e9ique), en\u00a0 squal\u00e8ne et en\u00a0 ph\u00e9nols naturels aux propri\u00e9t\u00e9s antioxydantes, elle est utilis\u00e9 depuis des si\u00e8cles dans les rem\u00e8des de sant\u00e9 naturels topiques.<br \/>\n<\/span><span title=\"Soy Lecithin \u00a0\u00a0\u00a0\u00a0\">L\u00e9cithine de soja<br \/>\n<\/span><span title=\"Emollient, softens and improves skin texture.\">\u00c9molliente, adoucit et am\u00e9liore la texture de la peau<\/span><\/p>\n<p><span id=\"result_box\" lang=\"fr\"><span title=\"Apply to clean skin and massage gently until absorbed.\">Appliquer sur une peau propre et masser doucement jusqu&rsquo;\u00e0 absorption. <\/span><span title=\"Can be used daily, morningand evening.\">Peut \u00eatre utilis\u00e9 quotidiennement ou en cure. <\/span><\/span><\/p>\n<p>12 ampoules de 3 ml<\/p>\n<p>Ingr\u00e9dients:\u00a0 Aqua (Water), Dicaprylyl Carbonate, Glycerin, Propanediol, Propylene Glycol, PEG-8 Stearate, Steareth-7, Soluble Collagen, Chamomilla Recutita (Matricaria) Flower Extract, Phytosterols, Persea Gratissima (Avocado) Oil, Olea Europaea (Olive) Fruit Oil, Lanolin Oil, Squalane, Lecithin, Caprylic\/Capric Triglyceride, Stearyl Alcohol, 1.2-Hexanediol, Caprylhydroxamic Acid, Hydroxyethyl Acrylate\/Sodium Acryloyldimethyl Taurate Copolymer, Polysorbate 60<\/p>\n<p>&nbsp;<\/p>\n<p>COLLAGENE EMULSION BIO-ACTIVE yellow rose cosmetics<\/p>\n<p>Moisturizing, anti-wrinkle, firming and brightening emulsion for intensive face care treatments with natural, soluble marine Collagen.<\/p>\n<p>Suitable for all skin types.<br \/>\nUse<br \/>\nApply to clean skin and massage gently until absorbed. Can be used daily, morningand evening. Can be used alone as a 24 hour serum orbefore a Yellow Rose cream or mask.<br \/>\nCan also be used together with professional beauty equipment.<br \/>\nMain Ingredients<br \/>\nSoluble Collagen<br \/>\nCollagen is the main constituent of young and healthy skin. Soluble Collagen helps the skin to retrieve its shine and radiance. Has anti-wrinkle, firming and moisturizing properties.<br \/>\nPhytosterols<br \/>\nWith soothing, moisturizing and regenerating properties. They prevent skin aging by improving skin metabolism and by reducing sensitivity to UV radiation and inflammation.<br \/>\nChamomile extract<br \/>\nUsed for its skin conditioning, soothing and anti-inflammatory properties.<br \/>\nAvocado oil<br \/>\nPressed from the fruit of the Persea gratissima, avocado oil is a great source of monounsaturated fats, Omegas-3, Vitamin E and has high content in sterolins (reduce the occurrence of age spots and help to soften the skin). Increases the moisture retention levels of the skin and leaves it smooth and soft.<br \/>\nOlive oil<br \/>\nSuperior natural skin conditioning oil that moisturizes, soothes and softens skin tissue. Rich in mixed triglyceride esters of essential monounsaturated fatty acids (oleic, palmitic and linoleic), squalene and natural phenols with potent antioxidant properties, it is used for centuries in topical natural health remedies.<br \/>\nSoy Lecithin<br \/>\nEmollient, softens and improves skin texture.<\/p>\n<p>Ingredients: Aqua (Water), Dicaprylyl Carbonate, Glycerin, Propanediol, Propylene Glycol, PEG-8 Stearate, Steareth-7, Soluble Collagen, Chamomilla Recutita (Matricaria) Flower Extract, Phytosterols, Persea Gratissima (Avocado) Oil, Olea Europaea (Olive ) Fruit Oil, Lanolin Oil, Squalane, Lecithin, Caprylic \/ Capric Triglyceride, Stearyl Alcohol, 1.2-Hexanediol, Caprylhydroxamic Acid, Hydroxyethyl Acrylate \/ Sodium Acryloyldimethyl Taurate Copolymer, Polysorbate 60<\/p>\n","protected":false},"featured_media":3502,"comment_status":"open","ping_status":"closed","template":"","meta":[],"_links":{"self":[{"href":"https:\/\/www.saphy.com\/healthcare-cosmetique\/wp-json\/wp\/v2\/product\/1911"}],"collection":[{"href":"https:\/\/www.saphy.com\/healthcare-cosmetique\/wp-json\/wp\/v2\/product"}],"about":[{"href":"https:\/\/www.saphy.com\/healthcare-cosmetique\/wp-json\/wp\/v2\/types\/product"}],"replies":[{"embeddable":true,"href":"https:\/\/www.saphy.com\/healthcare-cosmetique\/wp-json\/wp\/v2\/comments?post=1911"}],"wp:featuredmedia":[{"embeddable":true,"href":"https:\/\/www.saphy.com\/healthcare-cosmetique\/wp-json\/wp\/v2\/media\/3502"}],"wp:attachment":[{"href":"https:\/\/www.saphy.com\/healthcare-cosmetique\/wp-json\/wp\/v2\/media?parent=1911"}],"curies":[{"name":"wp","href":"https:\/\/api.w.org\/{rel}","templated":true}]}}