{"id":1935,"date":"2015-11-16T16:06:32","date_gmt":"2015-11-16T15:06:32","guid":{"rendered":"https:\/\/www.saphy.com\/healthcare-cosmetique\/?post_type=product&#038;p=1935"},"modified":"2022-10-24T10:41:59","modified_gmt":"2022-10-24T09:41:59","slug":"creme-nourrissante-pour-les-piedshimalaya-herbalsfoot-cream","status":"publish","type":"product","link":"https:\/\/www.saphy.com\/healthcare-cosmetique\/produit\/creme-nourrissante-pour-les-piedshimalaya-herbalsfoot-cream\/","title":{"rendered":"Cr\u00e8me nourrissante pour les pieds Himalaya Herbals"},"content":{"rendered":"<p>Cr\u00e8me nourrissante pour les pieds Himalaya Herbals<\/p>\n<p>Depuis 1930, Himalaya puise et exploite pour vous les tr\u00e9sors de la m\u00e9decine ayurv\u00e9dique vieille de 5000 ans ! Des recherches approfondies sur les plantes du monde entier ont \u00e9t\u00e9 men\u00e9es par ses experts. Celles-ci ont abouti \u00e0 une s\u00e9lection d\u2019ingr\u00e9dients enti\u00e8rement naturels dont les bienfaits sont av\u00e9r\u00e9s sur la sant\u00e9 et la beaut\u00e9 Himalaya a su combiner cet immense savoir traditionnel avec les techniques modernes afin de cr\u00e9er les combinaisons parfaitement adapt\u00e9es aux besoins de l\u2019homme contemporain. Gr\u00e2ce \u00e0 l&rsquo;engagement de plus de 2000 collaborateurs, dont une \u00e9quipe de 100 chercheurs, Himalaya Herbals est une soci\u00e9t\u00e9 pl\u00e9biscit\u00e9e dans plus de 90 pays \u00e0 travers le monde et de plus de 100.000 m\u00e9decins y prescrivent nos produits.<\/p>\n<p>La cr\u00e8me nourrissante pour les pieds est formul\u00e9 \u00e0 base d\u2019herbes sp\u00e9cifiques qui lutte contre la k\u00e9ratose, apaise et rafraichit les inflammations, lutte contre les champignons ,adoucit er nourrit la peau.<\/p>\n<p>Principaux composants botaniques: miel, Sal tree, Gingembre, Fenugrec, Curcuma<br \/>\n75ml<\/p>\n<p>Ingr\u00e9dients: Aqua, paraffinum liquidum, petrolatum, cetyl alcohol, microcrystalline wax, stearic acid, lanolin, glycerin, glyceryl stearate SE, triethanolamine, polysorbate 60, honey, curcuma longa root extract, cetearyl alcohol, shorea robusta resin, zingiber officinale root extract, trigonella foenum-graeceum seed extract, parfum, glyceryl, ethylhexanoate, phenoxyethanol, methylparaben, propylparaben, citronellol, hexyl cinnamal, butylphenyl methylpropional, geraniol, limonene, linalool, alpha isomethyl ionone, citral.<\/p>\n<p data-placeholder=\"Traduction\">The nourishing cream for the feet is formulated with specific herbs that fight against keratosis, soothes and refreshes inflammations, fights mushrooms, softens and nourishes the skin.<\/p>\n<p data-placeholder=\"Traduction\">Main botanical components: honey Sal tree Ginger Fenugreek Turmeric<br \/>\n75ml<\/p>\n<p data-placeholder=\"Traduction\">Ingr\u00e9dients: Aqua, paraffinum liquidum, petrolatum, cetyl alcohol, microcrystalline wax, stearic acid, lanolin, glycerin, glyceryl stearate SE, triethanolamine, polysorbate 60, honey, curcuma longa root extract, cetearyl alcohol, shorea robusta resin, zingiber officinale root extract, trigonella foenum-graeceum seed extract, parfum, glyceryl, ethylhexanoate, phenoxyethanol, methylparaben, propylparaben, citronellol, hexyl cinnamal, butylphenyl methylpropional, geraniol, limonene, linalool, alpha isomethyl ionone, citral.<\/p>\n<p data-placeholder=\"Traduction\">Nourishing foot cream Himalaya Herbals<\/p>\n<p data-placeholder=\"Traduction\">Since 1930, Himalaya draws and exploits for you the treasures of Ayurvedic medicine 5000 years old! Extensive research on plants around the world has been conducted by its experts. These have resulted in a selection of all natural ingredients whose benefits are proven to health and beauty Himalaya has combined this immense traditional knowledge with modern techniques to create combinations perfectly suited to the needs of contemporary man . Thanks to the commitment of more than 2,000 collaborators, including a team of 100 researchers, Himalaya Herbals is a company acclaimed in more than 90 countries around the world and more than 100,000 doctors prescribe our products.<\/p>\n<p data-placeholder=\"Traduction\">The nourishing cream for the feet is formulated with specific herbs that fight against keratosis, soothes and refreshes inflammations, fights mushrooms, softens and nourishes the skin.<\/p>\n<p data-placeholder=\"Traduction\">Main botanical components: Honey, Sal tree, Ginger, Fenugreek, Turmeric 75ml<\/p>\n<p data-placeholder=\"Traduction\">Ingredients: Aqua, paraffinum liquidum, petrolatum, cetyl alcohol, microcrystalline wax, stearic acid, lanolin, glycerin, glyceryl stearate SE, triethanolamine, polysorbate 60, honey, turmeric longa root extract, cetearyl alcohol, shorea robusta resin, zingiber officinale root extract, trigonella foenum-graeceum seed extract, perfume, glyceryl, ethylhexanoate, phenoxyethanol, methylparaben, propylparaben, citronellol, hexyl cinnamal, butylphenyl methylpropional, geraniol, limonene, linalool, alpha isomethyl ionone, citral.<\/p>\n<p>&nbsp;<\/p>\n<p>&nbsp;<\/p>\n","protected":false},"excerpt":{"rendered":"<p>Cr\u00e8me nourrissante pour les pieds Himalaya Herbals<\/p>\n<p>Depuis 1930, Himalaya puise et exploite pour vous les tr\u00e9sors de la m\u00e9decine ayurv\u00e9dique vieille de 5000 ans ! Des recherches approfondies sur les plantes du monde entier ont \u00e9t\u00e9 men\u00e9es par ses experts. Celles-ci ont abouti \u00e0 une s\u00e9lection d\u2019ingr\u00e9dients enti\u00e8rement naturels dont les bienfaits sont av\u00e9r\u00e9s sur la sant\u00e9 et la beaut\u00e9 Himalaya a su combiner cet immense savoir traditionnel avec les techniques modernes afin de cr\u00e9er les combinaisons parfaitement adapt\u00e9es aux besoins de l\u2019homme contemporain. Gr\u00e2ce \u00e0 l&rsquo;engagement de plus de 2000 collaborateurs, dont une \u00e9quipe de 100 chercheurs, Himalaya Herbals est une soci\u00e9t\u00e9 pl\u00e9biscit\u00e9e dans plus de 90 pays \u00e0 travers le monde et de plus de 100.000 m\u00e9decins y prescrivent nos produits.<\/p>\n<p>La cr\u00e8me nourrissante pour les pieds est formul\u00e9 \u00e0 base d\u2019herbes sp\u00e9cifiques qui lutte contre la k\u00e9ratose, apaise et rafraichit les inflammations, lutte contre les champignons ,adoucit er nourrit la peau.<\/p>\n<p>Principaux composants botaniques: miel, Sal tree, Gingembre, Fenugrec, Curcuma<br \/>\n75ml<\/p>\n<p>Ingr\u00e9dients: Aqua, paraffinum liquidum, petrolatum, cetyl alcohol, microcrystalline wax, stearic acid, lanolin, glycerin, glyceryl stearate SE, triethanolamine, polysorbate 60, honey, curcuma longa root extract, cetearyl alcohol, shorea robusta resin, zingiber officinale root extract, trigonella foenum-graeceum seed extract, parfum, glyceryl, ethylhexanoate, phenoxyethanol, methylparaben, propylparaben, citronellol, hexyl cinnamal, butylphenyl methylpropional, geraniol, limonene, linalool, alpha isomethyl ionone, citral.<\/p>\n<p data-placeholder=\"Traduction\">The nourishing cream for the feet is formulated with specific herbs that fight against keratosis, soothes and refreshes inflammations, fights mushrooms, softens and nourishes the skin.<\/p>\n<p data-placeholder=\"Traduction\">Main botanical components: honey Sal tree Ginger Fenugreek Turmeric<br \/>\n75ml<\/p>\n<p data-placeholder=\"Traduction\">Ingr\u00e9dients: Aqua, paraffinum liquidum, petrolatum, cetyl alcohol, microcrystalline wax, stearic acid, lanolin, glycerin, glyceryl stearate SE, triethanolamine, polysorbate 60, honey, curcuma longa root extract, cetearyl alcohol, shorea robusta resin, zingiber officinale root extract, trigonella foenum-graeceum seed extract, parfum, glyceryl, ethylhexanoate, phenoxyethanol, methylparaben, propylparaben, citronellol, hexyl cinnamal, butylphenyl methylpropional, geraniol, limonene, linalool, alpha isomethyl ionone, citral.<\/p>\n<p data-placeholder=\"Traduction\">Nourishing foot cream Himalaya Herbals<\/p>\n<p data-placeholder=\"Traduction\">Since 1930, Himalaya draws and exploits for you the treasures of Ayurvedic medicine 5000 years old! Extensive research on plants around the world has been conducted by its experts. These have resulted in a selection of all natural ingredients whose benefits are proven to health and beauty Himalaya has combined this immense traditional knowledge with modern techniques to create combinations perfectly suited to the needs of contemporary man . Thanks to the commitment of more than 2,000 collaborators, including a team of 100 researchers, Himalaya Herbals is a company acclaimed in more than 90 countries around the world and more than 100,000 doctors prescribe our products.<\/p>\n<p data-placeholder=\"Traduction\">The nourishing cream for the feet is formulated with specific herbs that fight against keratosis, soothes and refreshes inflammations, fights mushrooms, softens and nourishes the skin.<\/p>\n<p data-placeholder=\"Traduction\">Main botanical components: Honey, Sal tree, Ginger, Fenugreek, Turmeric 75ml<\/p>\n<p data-placeholder=\"Traduction\">Ingredients: Aqua, paraffinum liquidum, petrolatum, cetyl alcohol, microcrystalline wax, stearic acid, lanolin, glycerin, glyceryl stearate SE, triethanolamine, polysorbate 60, honey, turmeric longa root extract, cetearyl alcohol, shorea robusta resin, zingiber officinale root extract, trigonella foenum-graeceum seed extract, perfume, glyceryl, ethylhexanoate, phenoxyethanol, methylparaben, propylparaben, citronellol, hexyl cinnamal, butylphenyl methylpropional, geraniol, limonene, linalool, alpha isomethyl ionone, citral.<\/p>\n","protected":false},"featured_media":4022,"comment_status":"open","ping_status":"closed","template":"","meta":[],"_links":{"self":[{"href":"https:\/\/www.saphy.com\/healthcare-cosmetique\/wp-json\/wp\/v2\/product\/1935"}],"collection":[{"href":"https:\/\/www.saphy.com\/healthcare-cosmetique\/wp-json\/wp\/v2\/product"}],"about":[{"href":"https:\/\/www.saphy.com\/healthcare-cosmetique\/wp-json\/wp\/v2\/types\/product"}],"replies":[{"embeddable":true,"href":"https:\/\/www.saphy.com\/healthcare-cosmetique\/wp-json\/wp\/v2\/comments?post=1935"}],"wp:featuredmedia":[{"embeddable":true,"href":"https:\/\/www.saphy.com\/healthcare-cosmetique\/wp-json\/wp\/v2\/media\/4022"}],"wp:attachment":[{"href":"https:\/\/www.saphy.com\/healthcare-cosmetique\/wp-json\/wp\/v2\/media?parent=1935"}],"curies":[{"name":"wp","href":"https:\/\/api.w.org\/{rel}","templated":true}]}}