{"id":1938,"date":"2015-11-16T16:13:05","date_gmt":"2015-11-16T15:13:05","guid":{"rendered":"https:\/\/www.saphy.com\/healthcare-cosmetique\/?post_type=product&#038;p=1938"},"modified":"2024-09-30T11:06:30","modified_gmt":"2024-09-30T10:06:30","slug":"dentifrice-organique-neem-et-grenade-150ml-certifie-ecocerthimalaya-herbalsneem-toothpaste","status":"publish","type":"product","link":"https:\/\/www.saphy.com\/healthcare-cosmetique\/produit\/dentifrice-organique-neem-et-grenade-150ml-certifie-ecocerthimalaya-herbalsneem-toothpaste\/","title":{"rendered":"Dentifrice organique  Neem et Grenade   Himalaya Herbals"},"content":{"rendered":"<p>Dentifrice organique Neem et Grenade Himalaya Herbals<\/p>\n<p>Il y a 80 ans lors d&rsquo;une visite en Birmanie le fondateur d&rsquo;Himalaya Mr M. Manal vit une troupe d&rsquo;\u00e9l\u00e9phants agit\u00e9s et parvint \u00e0 les calmer en leur faisant manger la racine d&rsquo;une plante. Cette plante est connue sous le nom de rauwolfia serpentina en fran\u00e7ais la r\u00e9serpine . Fascin\u00e9 par les effets de cette plante il d\u00e9cida de l&rsquo;\u00e9tudier d&rsquo;un point de vue scientifique. Apr\u00e8s des ann\u00e9es d&rsquo;\u00e9tude en 1934 il lan\u00e7a sur le march\u00e9 le premier m\u00e9dicament au monde contre l&rsquo;hypertension qu&rsquo;il appela Serpina.<\/p>\n<p>Un m\u00e9lange unique de Neem Biologique(Organique), de Grenade Biologique(Organique) et d&rsquo;autres extraits Biologiques(Organiques) efficaces d&rsquo;herbes qui nettoient vos dents, prot\u00e8gent vos gencives ,rendent vos dents plus blanches et procurent une haleine fraiche.<\/p>\n<p>Principaux composants botaniques:<\/p>\n<p>Extrait de Grenade &#8211; antioxydant efficace qui prot\u00e8ge les gencives<br \/>\nExtrait de feuille de Neem est utilis\u00e9 depuis des si\u00e8cles pour nettoyer les dents et purifier la bouche<br \/>\nChebulic Myrobalan \u2013 blanchit les dents et renforce l\u2019email et les gencive<br \/>\nExtrait d&rsquo;arabe d&rsquo;Acacia &#8211; Utilis\u00e9 pour ses propri\u00e9t\u00e9s calmantes<\/p>\n<p>Sans fluor, Sans sucre,Sans Sodium Lauryl Sulfate (SLS) Free.<\/p>\n<p>Non test\u00e9 sur les animaux.<\/p>\n<p>Huile de premi\u00e8re pression \u00e0 froid .<\/p>\n<p>Extraction \u00e0 froid<\/p>\n<p>CERTIFIE ECOCERT<\/p>\n<p>&nbsp;<\/p>\n<p>&nbsp;<\/p>\n<p data-placeholder=\"Traduction\">Neem and Grenada Himalaya Herbals Organic Toothpaste<\/p>\n<p data-placeholder=\"Traduction\">Eighty years ago, during a visit to Burma, the founder of Himalaya Mr. Manal saw a troop of restless elephants and managed to calm them by making them eat the root of a plant. This plant is known as Rauwolfia serpentina in French Reserpine. Fascinated by the effects of this plant he decided to study it from a scientific point of view. After years of study in 1934 he launched the world&rsquo;s first high blood pressure medicine called Serpina.<\/p>\n<p data-placeholder=\"Traduction\">A unique blend of Neem Organic (Organic), Organic Pomegranate (Organic) and other effective Organic (Organic) extracts of herbs that clean your teeth, protect your gums, make your teeth whiter and provide fresh breath.<\/p>\n<p data-placeholder=\"Traduction\">Main botanical components:<\/p>\n<p data-placeholder=\"Traduction\">Pomegranate extract &#8211; effective antioxidant that protects the gums Neem leaf extract is used for centuries to clean the teeth and purify the mouth Chebulic Myrobalan &#8211; whitens the teeth and strengthens the enamel and gums Acacia Arabic Extract &#8211; Used for its soothing properties<\/p>\n<p data-placeholder=\"Traduction\">Fluorine Free, No Sugar, No Sodium Lauryl Sulfate (SLS) Free.<\/p>\n<p data-placeholder=\"Traduction\">Not tested on animals.<\/p>\n<p data-placeholder=\"Traduction\">Oil of first cold pressure.<\/p>\n<p data-placeholder=\"Traduction\">Cold extraction<\/p>\n<p>&nbsp;<\/p>\n<p>&nbsp;<\/p>\n","protected":false},"excerpt":{"rendered":"<p>Dentifrice organique Neem et Grenade Himalaya Herbals<\/p>\n<p>Il y a 80 ans lors d&rsquo;une visite en Birmanie le fondateur d&rsquo;Himalaya Mr M. Manal vit une troupe d&rsquo;\u00e9l\u00e9phants agit\u00e9s et parvint \u00e0 les calmer en leur faisant manger la racine d&rsquo;une plante. Cette plante est connue sous le nom de rauwolfia serpentina en fran\u00e7ais la r\u00e9serpine . Fascin\u00e9 par les effets de cette plante il d\u00e9cida de l&rsquo;\u00e9tudier d&rsquo;un point de vue scientifique. Apr\u00e8s des ann\u00e9es d&rsquo;\u00e9tude en 1934 il lan\u00e7a sur le march\u00e9 le premier m\u00e9dicament au monde contre l&rsquo;hypertension qu&rsquo;il appela Serpina.<\/p>\n<p>Un m\u00e9lange unique de Neem Biologique(Organique), de Grenade Biologique(Organique) et d&rsquo;autres extraits Biologiques(Organiques) efficaces d&rsquo;herbes qui nettoient vos dents, prot\u00e8gent vos gencives ,rendent vos dents plus blanches et procurent une haleine fraiche.<\/p>\n<p>Principaux composants botaniques:<\/p>\n<p>Extrait de Grenade &#8211; antioxydant efficace qui prot\u00e8ge les gencives<br \/>\nExtrait de feuille de Neem est utilis\u00e9 depuis des si\u00e8cles pour nettoyer les dents et purifier la bouche<br \/>\nChebulic Myrobalan \u2013 blanchit les dents et renforce l\u2019email et les gencive<br \/>\nExtrait d&rsquo;arabe d&rsquo;Acacia &#8211; Utilis\u00e9 pour ses propri\u00e9t\u00e9s calmantes<\/p>\n<p>Sans fluor, Sans sucre,Sans Sodium Lauryl Sulfate (SLS) Free.<\/p>\n<p>Non test\u00e9 sur les animaux.<\/p>\n<p>Huile de premi\u00e8re pression \u00e0 froid .<\/p>\n<p>Extraction \u00e0 froid<\/p>\n<p>&nbsp;<\/p>\n<p>&nbsp;<\/p>\n<p data-placeholder=\"Traduction\">Neem and Grenada Himalaya Herbals Organic Toothpaste<\/p>\n<p data-placeholder=\"Traduction\">Eighty years ago, during a visit to Burma, the founder of Himalaya Mr. Manal saw a troop of restless elephants and managed to calm them by making them eat the root of a plant. This plant is known as Rauwolfia serpentina in French Reserpine. Fascinated by the effects of this plant he decided to study it from a scientific point of view. After years of study in 1934 he launched the world&rsquo;s first high blood pressure medicine called Serpina.<\/p>\n<p data-placeholder=\"Traduction\">A unique blend of Neem Organic (Organic), Organic Pomegranate (Organic) and other effective Organic (Organic) extracts of herbs that clean your teeth, protect your gums, make your teeth whiter and provide fresh breath.<\/p>\n<p data-placeholder=\"Traduction\">Main botanical components:<\/p>\n<p data-placeholder=\"Traduction\">Pomegranate extract &#8211; effective antioxidant that protects the gums Neem leaf extract is used for centuries to clean the teeth and purify the mouth Chebulic Myrobalan &#8211; whitens the teeth and strengthens the enamel and gums Acacia Arabic Extract &#8211; Used for its soothing properties<\/p>\n<p data-placeholder=\"Traduction\">Fluorine Free, No Sugar, No Sodium Lauryl Sulfate (SLS) Free.<\/p>\n<p data-placeholder=\"Traduction\">Not tested on animals.<\/p>\n<p data-placeholder=\"Traduction\">Oil of first cold pressure.<\/p>\n<p data-placeholder=\"Traduction\">Cold extraction<\/p>\n<p>&nbsp;<\/p>\n<p>&nbsp;<\/p>\n","protected":false},"featured_media":4034,"comment_status":"open","ping_status":"closed","template":"","meta":[],"_links":{"self":[{"href":"https:\/\/www.saphy.com\/healthcare-cosmetique\/wp-json\/wp\/v2\/product\/1938"}],"collection":[{"href":"https:\/\/www.saphy.com\/healthcare-cosmetique\/wp-json\/wp\/v2\/product"}],"about":[{"href":"https:\/\/www.saphy.com\/healthcare-cosmetique\/wp-json\/wp\/v2\/types\/product"}],"replies":[{"embeddable":true,"href":"https:\/\/www.saphy.com\/healthcare-cosmetique\/wp-json\/wp\/v2\/comments?post=1938"}],"wp:featuredmedia":[{"embeddable":true,"href":"https:\/\/www.saphy.com\/healthcare-cosmetique\/wp-json\/wp\/v2\/media\/4034"}],"wp:attachment":[{"href":"https:\/\/www.saphy.com\/healthcare-cosmetique\/wp-json\/wp\/v2\/media?parent=1938"}],"curies":[{"name":"wp","href":"https:\/\/api.w.org\/{rel}","templated":true}]}}