{"id":1947,"date":"2015-11-16T17:19:25","date_gmt":"2015-11-16T16:19:25","guid":{"rendered":"https:\/\/www.saphy.com\/healthcare-cosmetique\/?post_type=product&#038;p=1947"},"modified":"2022-10-24T10:41:51","modified_gmt":"2022-10-24T09:41:51","slug":"creme-sos-multiusagehimalaya-herbals","status":"publish","type":"product","link":"https:\/\/www.saphy.com\/healthcare-cosmetique\/produit\/creme-sos-multiusagehimalaya-herbals\/","title":{"rendered":"Cr\u00e8me SOS Multiusage Himalaya Herbals"},"content":{"rendered":"<p>Depuis 1930, Himalaya puise et exploite pour vous les tr\u00e9sors de la m\u00e9decine ayurv\u00e9dique vieille de 5000 ans ! Des recherches approfondies sur les plantes du monde entier ont \u00e9t\u00e9 men\u00e9es par ses experts. Celles-ci ont abouti \u00e0 une s\u00e9lection d\u2019ingr\u00e9dients enti\u00e8rement naturels dont les bienfaits sont av\u00e9r\u00e9s sur la sant\u00e9 et la beaut\u00e9 Himalaya a su combiner cet immense savoir traditionnel avec les techniques modernes afin de cr\u00e9er les combinaisons parfaitement adapt\u00e9es aux besoins de l\u2019homme contemporain. Gr\u00e2ce \u00e0 l&rsquo;engagement de plus de 2000 collaborateurs, dont une \u00e9quipe de 100 chercheurs, Himalaya Herbals est une soci\u00e9t\u00e9 pl\u00e9biscit\u00e9e dans plus de 90 pays \u00e0 travers le monde et de plus de 100.000 m\u00e9decins y prescrivent nos produits.<\/p>\n<p>CREME SOS MULTI USAGE HIMALAYA HERBALS<\/p>\n<p>Une cr\u00e8me multi usage qui prot\u00e8ge ,r\u00e9pare ,apaise et soulage les peaux fragilis\u00e9es.<\/p>\n<p>Indications:<br \/>\n\u2022 S\u00e9cheresse<br \/>\n\u2022 Gercures<br \/>\n\u2022 Egratignures<br \/>\n\u2022 Coupures<br \/>\n\u2022 Brulures<br \/>\n\u2022 Boutons<\/p>\n<p>Conseil d\u2019utilisation : Appliquer sur la zone touch\u00e9e 2-3 fois par jour.<\/p>\n<p>Principaux composants botaniques::<br \/>\n\u2022 Indian Aloe<br \/>\n\u2022 Gatillier<br \/>\n\u2022 Amandes<br \/>\n\u2022 Indian Madder<br \/>\n\u2022 Borax anhydre<br \/>\n\u2022 Zinc Calx<br \/>\n________________________________________<br \/>\nIngr\u00e9dients:<br \/>\nAqua, aloe barbadensis leaf extract, propylene glycol, glyceryl stearate SE, cetyl palmitate, paraffinium liquidum, cetyl alcohol, stearic acid, ceteareth-20, sodium borate, zinc oxide, dimethicone, prunus amygdalus dulcis seed extract, vitex negundo extract, rubia cordifolia root extract, glyceryl stearate &amp; PEG-100 stearate, parfum, methylparaben, 2-bromo-2-nitropropane-1,3-diol, propylparaben, benzyl salicylate, alpha-isomethyl ionone, hydroxycitronnellal, linalool, benzyl benzoate, coumarin, lilial, limonene, geraniol, citronellol.<br \/>\nSince 1930, Himalaya draws and exploits for you the treasures of Ayurvedic medicine 5000 years old! Extensive research on plants around the world has been conducted by its experts. These have resulted in a selection of all natural ingredients whose benefits are proven to health and beauty Himalaya has combined this immense traditional knowledge with modern techniques to create combinations perfectly suited to the needs of contemporary man . Thanks to the commitment of more than 2,000 collaborators, including a team of 100 researchers, Himalaya Herbals is a company acclaimed in more than 90 countries around the world and more than 100,000 doctors prescribe our products.<br \/>\nSOS Multiusage Cream Himalaya Herbals<\/p>\n<p>A multi-purpose cream that protects, repairs, soothes and relieves skin lesions.<br \/>\nEnriched with Aloe Vera with recognized antifungal bactericidal properties, Zinc Calx with antiseptic properties, Indian Madder and Chasteberry leaves with anti-infectious properties for wounds and skin infections.<br \/>\nindications:<br \/>\nDrought<br \/>\nchapped<br \/>\nScratches<br \/>\ncuts<br \/>\nburns<br \/>\nButtons<br \/>\nDosage:<br \/>\nApply to the affected area 2-3 times a day.<br \/>\nMain botanical components:<br \/>\nIndian Aloe<br \/>\nGatillier<br \/>\nAlmonds<br \/>\nIndian Madder<br \/>\nBorax anhydrous<br \/>\nZinc Calx.<br \/>\nIngr\u00e9dients: Aqua, aloe barbadensis leaf extract, propylene glycol, glyceryl stearate SE, cetyl palmitate, paraffinium liquidum, cetyl alcohol, stearic acid, ceteareth-20, sodium borate, zinc oxide, dimethicone, prunus amygdalus dulcis seed extract, vitex negundo extract, rubia cordifolia root extract, glyceryl stearate &amp; PEG-100 stearate, parfum, methylparaben, 2-bromo-2-nitropropane-1,3-diol, propylparaben, benzyl salicylate, alpha-isomethyl ionone, hydroxycitronnellal, linalool, benzyl benzoate, coumarin, lilial, limonene, geraniol, citronellol<\/p>\n<p>&nbsp;<\/p>\n<p>&nbsp;<\/p>\n","protected":false},"excerpt":{"rendered":"<p>Depuis 1930, Himalaya puise et exploite pour vous les tr\u00e9sors de la m\u00e9decine ayurv\u00e9dique vieille de 5000 ans ! Des recherches approfondies sur les plantes du monde entier ont \u00e9t\u00e9 men\u00e9es par ses experts. Celles-ci ont abouti \u00e0 une s\u00e9lection d\u2019ingr\u00e9dients enti\u00e8rement naturels dont les bienfaits sont av\u00e9r\u00e9s sur la sant\u00e9 et la beaut\u00e9 Himalaya a su combiner cet immense savoir traditionnel avec les techniques modernes afin de cr\u00e9er les combinaisons parfaitement adapt\u00e9es aux besoins de l\u2019homme contemporain. Gr\u00e2ce \u00e0 l&rsquo;engagement de plus de 2000 collaborateurs, dont une \u00e9quipe de 100 chercheurs, Himalaya Herbals est une soci\u00e9t\u00e9 pl\u00e9biscit\u00e9e dans plus de 90 pays \u00e0 travers le monde et de plus de 100.000 m\u00e9decins y prescrivent nos produits.<br \/>\nCREME SOS MULTI USAGE HIMALAYA HERBALS<br \/>\nUne cr\u00e8me multi usage qui prot\u00e8ge ,r\u00e9pare ,apaise et soulage les peaux fragilis\u00e9es.<br \/>\nIndications:<br \/>\n\u2022 S\u00e9cheresse<br \/>\n\u2022 Gercures<br \/>\n\u2022 Egratignures<br \/>\n\u2022 Coupures<br \/>\n\u2022 Brulures<br \/>\n\u2022 Boutons<br \/>\nConseil d\u2019utilisation : Appliquer sur la zone touch\u00e9e 2-3 fois par jour.<br \/>\nPrincipaux composants botaniques::<br \/>\n\u2022 Indian Aloe<br \/>\n\u2022 Gatillier<br \/>\n\u2022 Amandes<br \/>\n\u2022 Indian Madder<br \/>\n\u2022 Borax anhydre<br \/>\n\u2022 Zinc Calx<br \/>\n________________________________________<br \/>\nIngr\u00e9dients:<br \/>\nAqua, aloe barbadensis leaf extract, propylene glycol, glyceryl stearate SE, cetyl palmitate, paraffinium liquidum, cetyl alcohol, stearic acid, ceteareth-20, sodium borate, zinc oxide, dimethicone, prunus amygdalus dulcis seed extract, vitex negundo extract, rubia cordifolia root extract, glyceryl stearate &amp; PEG-100 stearate, parfum, methylparaben, 2-bromo-2-nitropropane-1,3-diol, propylparaben, benzyl salicylate, alpha-isomethyl ionone, hydroxycitronnellal, linalool, benzyl benzoate, coumarin, lilial, limonene, geraniol, citronellol.<br \/>\nSince 1930, Himalaya draws and exploits for you the treasures of Ayurvedic medicine 5000 years old! Extensive research on plants around the world has been conducted by its experts. These have resulted in a selection of all natural ingredients whose benefits are proven to health and beauty Himalaya has combined this immense traditional knowledge with modern techniques to create combinations perfectly suited to the needs of contemporary man . Thanks to the commitment of more than 2,000 collaborators, including a team of 100 researchers, Himalaya Herbals is a company acclaimed in more than 90 countries around the world and more than 100,000 doctors prescribe our products.<br \/>\nSOS Multiusage Cream Himalaya Herbals<\/p>\n<p>A multi-purpose cream that protects, repairs, soothes and relieves skin lesions.<br \/>\nEnriched with Aloe Vera with recognized antifungal bactericidal properties, Zinc Calx with antiseptic properties, Indian Madder and Chasteberry leaves with anti-infectious properties for wounds and skin infections.<br \/>\nindications:<br \/>\nDrought<br \/>\nchapped<br \/>\nScratches<br \/>\ncuts<br \/>\nburns<br \/>\nButtons<br \/>\nDosage:<br \/>\nApply to the affected area 2-3 times a day.<br \/>\nMain botanical components:<br \/>\nIndian Aloe<br \/>\nGatillier<br \/>\nAlmonds<br \/>\nIndian Madder<br \/>\nBorax anhydrous<br \/>\nZinc Calx.<br \/>\nIngr\u00e9dients: Aqua, aloe barbadensis leaf extract, propylene glycol, glyceryl stearate SE, cetyl palmitate, paraffinium liquidum, cetyl alcohol, stearic acid, ceteareth-20, sodium borate, zinc oxide, dimethicone, prunus amygdalus dulcis seed extract, vitex negundo extract, rubia cordifolia root extract, glyceryl stearate &amp; PEG-100 stearate, parfum, methylparaben, 2-bromo-2-nitropropane-1,3-diol, propylparaben, benzyl salicylate, alpha-isomethyl ionone, hydroxycitronnellal, linalool, benzyl benzoate, coumarin, lilial, limonene, geraniol, citronellol<\/p>\n","protected":false},"featured_media":4020,"comment_status":"open","ping_status":"closed","template":"","meta":[],"_links":{"self":[{"href":"https:\/\/www.saphy.com\/healthcare-cosmetique\/wp-json\/wp\/v2\/product\/1947"}],"collection":[{"href":"https:\/\/www.saphy.com\/healthcare-cosmetique\/wp-json\/wp\/v2\/product"}],"about":[{"href":"https:\/\/www.saphy.com\/healthcare-cosmetique\/wp-json\/wp\/v2\/types\/product"}],"replies":[{"embeddable":true,"href":"https:\/\/www.saphy.com\/healthcare-cosmetique\/wp-json\/wp\/v2\/comments?post=1947"}],"wp:featuredmedia":[{"embeddable":true,"href":"https:\/\/www.saphy.com\/healthcare-cosmetique\/wp-json\/wp\/v2\/media\/4020"}],"wp:attachment":[{"href":"https:\/\/www.saphy.com\/healthcare-cosmetique\/wp-json\/wp\/v2\/media?parent=1947"}],"curies":[{"name":"wp","href":"https:\/\/api.w.org\/{rel}","templated":true}]}}